{"id":7445,"date":"2025-10-10T09:11:40","date_gmt":"2025-10-10T09:11:40","guid":{"rendered":"https:\/\/erru.al\/?page_id=7445"},"modified":"2025-10-10T09:13:29","modified_gmt":"2025-10-10T09:13:29","slug":"hermon-bonati","status":"publish","type":"page","link":"https:\/\/erru.al\/an\/hermon-bonati\/","title":{"rendered":"Hermon Bonati"},"content":{"rendered":"<div data-elementor-type=\"wp-page\" data-elementor-id=\"7445\" class=\"elementor elementor-7445\">\n\t\t\t\t\t\t<section class=\"elementor-section elementor-top-section elementor-element elementor-element-d202ae7 elementor-section-boxed elementor-section-height-default elementor-section-height-default\" data-id=\"d202ae7\" data-element_type=\"section\">\n\t\t\t\t\t\t<div class=\"elementor-container elementor-column-gap-default\">\n\t\t\t\t\t<div class=\"elementor-column elementor-col-100 elementor-top-column elementor-element elementor-element-0d8bf25 ot-flex-column-vertical\" data-id=\"0d8bf25\" data-element_type=\"column\">\n\t\t\t<div class=\"elementor-widget-wrap\">\n\t\t\t\t\t\t\t<\/div>\n\t\t<\/div>\n\t\t\t\t\t<\/div>\n\t\t<\/section>\n\t\t\t\t<section class=\"elementor-section elementor-top-section elementor-element elementor-element-0f750f3 elementor-section-boxed elementor-section-height-default elementor-section-height-default\" data-id=\"0f750f3\" data-element_type=\"section\">\n\t\t\t\t\t\t<div class=\"elementor-container elementor-column-gap-default\">\n\t\t\t\t\t<div class=\"elementor-column elementor-col-50 elementor-top-column elementor-element elementor-element-11ccae5 ot-flex-column-vertical\" data-id=\"11ccae5\" data-element_type=\"column\">\n\t\t\t<div class=\"elementor-widget-wrap elementor-element-populated\">\n\t\t\t\t\t\t<div class=\"elementor-element elementor-element-cf30e1b elementor-widget elementor-widget-image\" data-id=\"cf30e1b\" data-element_type=\"widget\" data-widget_type=\"image.default\">\n\t\t\t\t<div class=\"elementor-widget-container\">\n\t\t\t\t\t\t\t\t\t\t\t\t\t\t\t<img fetchpriority=\"high\" decoding=\"async\" width=\"300\" height=\"376\" src=\"https:\/\/erru.al\/wp-content\/uploads\/2025\/08\/Hermon-Bonati.jpg\" class=\"attachment-large size-large wp-image-7323\" alt=\"\" srcset=\"https:\/\/erru.al\/wp-content\/uploads\/2025\/08\/Hermon-Bonati.jpg 300w, https:\/\/erru.al\/wp-content\/uploads\/2025\/08\/Hermon-Bonati-239x300.jpg 239w, https:\/\/erru.al\/wp-content\/uploads\/2025\/08\/Hermon-Bonati-10x12.jpg 10w\" sizes=\"(max-width: 300px) 100vw, 300px\" \/>\t\t\t\t\t\t\t\t\t\t\t\t\t\t\t<\/div>\n\t\t\t\t<\/div>\n\t\t\t\t\t<\/div>\n\t\t<\/div>\n\t\t\t\t<div class=\"elementor-column elementor-col-50 elementor-top-column elementor-element elementor-element-3ceaa03 ot-flex-column-vertical\" data-id=\"3ceaa03\" data-element_type=\"column\">\n\t\t\t<div class=\"elementor-widget-wrap elementor-element-populated\">\n\t\t\t\t\t\t<div class=\"elementor-element elementor-element-c8b5afd elementor-widget elementor-widget-text-editor\" data-id=\"c8b5afd\" data-element_type=\"widget\" data-widget_type=\"text-editor.default\">\n\t\t\t\t<div class=\"elementor-widget-container\">\n\t\t\t\t\t\t\t\t\t<h4>Z. Hermon Bonati<\/h4><h6>Member of the National Regulatory Commission<\/h6><p>Z. Bonati \u00ebsht\u00eb em\u00ebruar An\u00ebtar i Komisionit Rregullator t\u00eb Entit Rregullator t\u00eb Ujit n\u00eb Shqip\u00ebri, me vendimin nr.436, dat\u00eb 31.7.2025 t\u00eb K\u00ebshillit t\u00eb Ministrave. Ai \u00ebsht\u00eb diplomuar n\u00eb vitin 1995 n\u00eb Fakultetin e Inxhinieris\u00eb s\u00eb Nd\u00ebrtimit, n\u00eb profilin Nd\u00ebrtime Civile dhe Industriale dhe prej at\u00ebher\u00eb ka qen\u00eb pjes\u00eb e administrat\u00ebs shtet\u00ebrore duke ushtruar funksione t\u00eb ndryshme. Fillimisht n\u00eb Ministrin\u00eb e Pushtetit Lokal e m\u00eb pas n\u00eb Ministrin\u00eb e Rregullimit t\u00eb Territorit dhe Turizmit, Ministrin\u00eb e Pun\u00ebve Publike dhe Transportit, Ministrin\u00eb e Zhvillimit Urban dhe n\u00eb Agjencin\u00eb e Prokurimit Publik. N\u00eb periudh\u00ebn 2019 \u2013 2025 ka ushtruar detyr\u00ebn e drejtorit t\u00eb Performanc\u00ebs pran\u00eb Agjencis\u00eb s\u00eb Menaxhimit t\u00eb Burimeve Ujore duke organizuar, udh\u00ebhequr dhe mbik\u00ebqyrur pun\u00ebn p\u00ebr p\u00ebrpunimin dhe analizimin e t\u00eb dh\u00ebnave p\u00ebr burimet ujore dhe p\u00ebrdorimin e tyre, si dhe menaxhimin e risqeve q\u00eb vijn\u00eb nga uji apo mungesa e tij. Z. Bonati ka qen\u00eb Pik\u00eb Fokale p\u00ebr disa nga projektet q\u00eb kan\u00eb asistuar Agjencin\u00eb Menaxhimit t\u00eb Burimeve Ujore, kryesisht n\u00eb fush\u00ebn e menaxhimit t\u00eb riskut nga p\u00ebrmbytjet, si edhe ka kontribuuar si pjes\u00eb e Grupit Negociator p\u00ebr Aderimin e Shqip\u00ebris\u00eb n\u00eb BE, p\u00ebr Kapitullin 27 p\u00ebr Mjedisin dhe Ndryshimet Klimatike, n\u00eb procesin \u201cScreening\u201d.<\/p>\t\t\t\t\t\t\t\t<\/div>\n\t\t\t\t<\/div>\n\t\t\t\t\t<\/div>\n\t\t<\/div>\n\t\t\t\t\t<\/div>\n\t\t<\/section>\n\t\t\t\t<section class=\"elementor-section elementor-top-section elementor-element elementor-element-2cef405 elementor-section-boxed elementor-section-height-default elementor-section-height-default\" data-id=\"2cef405\" data-element_type=\"section\">\n\t\t\t\t\t\t<div class=\"elementor-container elementor-column-gap-default\">\n\t\t\t\t\t<div class=\"elementor-column elementor-col-100 elementor-top-column elementor-element elementor-element-ef1c139 ot-flex-column-vertical\" data-id=\"ef1c139\" data-element_type=\"column\">\n\t\t\t<div class=\"elementor-widget-wrap\">\n\t\t\t\t\t\t\t<\/div>\n\t\t<\/div>\n\t\t\t\t\t<\/div>\n\t\t<\/section>\n\t\t\t\t<\/div>","protected":false},"excerpt":{"rendered":"<p>Z. Hermon Bonati An\u00ebtar i Komisionit Komb\u00ebtar Rregullator Z. Bonati \u00ebsht\u00eb em\u00ebruar An\u00ebtar i Komisionit Rregullator t\u00eb Entit Rregullator t\u00eb Ujit n\u00eb Shqip\u00ebri, me vendimin nr.436, dat\u00eb 31.7.2025 t\u00eb K\u00ebshillit t\u00eb Ministrave. Ai \u00ebsht\u00eb diplomuar n\u00eb vitin 1995 n\u00eb Fakultetin e Inxhinieris\u00eb s\u00eb Nd\u00ebrtimit, n\u00eb profilin Nd\u00ebrtime Civile dhe Industriale dhe prej at\u00ebher\u00eb ka qen\u00eb [&hellip;]<\/p>\n","protected":false},"author":1,"featured_media":0,"parent":0,"menu_order":0,"comment_status":"closed","ping_status":"closed","template":"","meta":{"footnotes":""},"class_list":["post-7445","page","type-page","status-publish","hentry"],"_links":{"self":[{"href":"https:\/\/erru.al\/an\/wp-json\/wp\/v2\/pages\/7445","targetHints":{"allow":["GET"]}}],"collection":[{"href":"https:\/\/erru.al\/an\/wp-json\/wp\/v2\/pages"}],"about":[{"href":"https:\/\/erru.al\/an\/wp-json\/wp\/v2\/types\/page"}],"author":[{"embeddable":true,"href":"https:\/\/erru.al\/an\/wp-json\/wp\/v2\/users\/1"}],"replies":[{"embeddable":true,"href":"https:\/\/erru.al\/an\/wp-json\/wp\/v2\/comments?post=7445"}],"version-history":[{"count":4,"href":"https:\/\/erru.al\/an\/wp-json\/wp\/v2\/pages\/7445\/revisions"}],"predecessor-version":[{"id":7449,"href":"https:\/\/erru.al\/an\/wp-json\/wp\/v2\/pages\/7445\/revisions\/7449"}],"wp:attachment":[{"href":"https:\/\/erru.al\/an\/wp-json\/wp\/v2\/media?parent=7445"}],"curies":[{"name":"wp","href":"https:\/\/api.w.org\/{rel}","templated":true}]}}