{"id":7041,"date":"2025-03-18T08:48:04","date_gmt":"2025-03-18T08:48:04","guid":{"rendered":"https:\/\/erru.al\/?page_id=7041"},"modified":"2025-03-18T08:48:57","modified_gmt":"2025-03-18T08:48:57","slug":"gerta-lubonja","status":"publish","type":"page","link":"https:\/\/erru.al\/an\/gerta-lubonja\/","title":{"rendered":"Gerta Lubonja"},"content":{"rendered":"<div data-elementor-type=\"wp-page\" data-elementor-id=\"7041\" class=\"elementor elementor-7041\">\n\t\t\t\t\t\t<section class=\"elementor-section elementor-top-section elementor-element elementor-element-d202ae7 elementor-section-boxed elementor-section-height-default elementor-section-height-default\" data-id=\"d202ae7\" data-element_type=\"section\">\n\t\t\t\t\t\t<div class=\"elementor-container elementor-column-gap-default\">\n\t\t\t\t\t<div class=\"elementor-column elementor-col-100 elementor-top-column elementor-element elementor-element-0d8bf25 ot-flex-column-vertical\" data-id=\"0d8bf25\" data-element_type=\"column\">\n\t\t\t<div class=\"elementor-widget-wrap\">\n\t\t\t\t\t\t\t<\/div>\n\t\t<\/div>\n\t\t\t\t\t<\/div>\n\t\t<\/section>\n\t\t\t\t<section class=\"elementor-section elementor-top-section elementor-element elementor-element-0f750f3 elementor-section-boxed elementor-section-height-default elementor-section-height-default\" data-id=\"0f750f3\" data-element_type=\"section\">\n\t\t\t\t\t\t<div class=\"elementor-container elementor-column-gap-default\">\n\t\t\t\t\t<div class=\"elementor-column elementor-col-50 elementor-top-column elementor-element elementor-element-11ccae5 ot-flex-column-vertical\" data-id=\"11ccae5\" data-element_type=\"column\">\n\t\t\t<div class=\"elementor-widget-wrap elementor-element-populated\">\n\t\t\t\t\t\t<div class=\"elementor-element elementor-element-cf30e1b elementor-widget elementor-widget-image\" data-id=\"cf30e1b\" data-element_type=\"widget\" data-widget_type=\"image.default\">\n\t\t\t\t<div class=\"elementor-widget-container\">\n\t\t\t\t\t\t\t\t\t\t\t\t\t\t\t<img decoding=\"async\" width=\"200\" height=\"200\" src=\"https:\/\/erru.al\/wp-content\/uploads\/2025\/03\/Gerta-Lubonja-foto-1.png\" class=\"attachment-large size-large wp-image-7032\" alt=\"\" srcset=\"https:\/\/erru.al\/wp-content\/uploads\/2025\/03\/Gerta-Lubonja-foto-1.png 200w, https:\/\/erru.al\/wp-content\/uploads\/2025\/03\/Gerta-Lubonja-foto-1-80x80.png 80w, https:\/\/erru.al\/wp-content\/uploads\/2025\/03\/Gerta-Lubonja-foto-1-12x12.png 12w\" sizes=\"(max-width: 200px) 100vw, 200px\" \/>\t\t\t\t\t\t\t\t\t\t\t\t\t\t\t<\/div>\n\t\t\t\t<\/div>\n\t\t\t\t\t<\/div>\n\t\t<\/div>\n\t\t\t\t<div class=\"elementor-column elementor-col-50 elementor-top-column elementor-element elementor-element-3ceaa03 ot-flex-column-vertical\" data-id=\"3ceaa03\" data-element_type=\"column\">\n\t\t\t<div class=\"elementor-widget-wrap elementor-element-populated\">\n\t\t\t\t\t\t<div class=\"elementor-element elementor-element-c8b5afd elementor-widget elementor-widget-text-editor\" data-id=\"c8b5afd\" data-element_type=\"widget\" data-widget_type=\"text-editor.default\">\n\t\t\t\t<div class=\"elementor-widget-container\">\n\t\t\t\t\t\t\t\t\t<h4 id=\"StaffEmri\">Znj. Gerta Lubonja<\/h4><h6 id=\"StaffOfiqi\">Chairman of the National Regulatory Commission<\/h6><p>Znj. Lubonja, aktualisht Kryetare e Komisionit Komb\u00ebtar Rregullator t\u00eb Entit Rregullator t\u00eb Ujit n\u00eb Shqip\u00ebri ka mbi 20 vjet p\u00ebrvoj\u00eb n\u00eb fush\u00ebn inxhinierike, menaxhimin e uj\u00ebrave dhe hartimin e politikave publike n\u00eb k\u00ebt\u00eb fush\u00eb. E diplomuar p\u00ebr Inxhinieri Hidroteknike pran\u00eb Universitetit Politeknik t\u00eb Tiran\u00ebs, ajo ka ndjekur specializime t\u00eb avancuara n\u00eb Japoni, Austri dhe Turqi, duke thelluar ekspertiz\u00ebn e saj jo vet\u00ebm n\u00eb menaxhimin e uj\u00ebrave, por edhe n\u00eb fusha t\u00eb tjera t\u00eb lidhura me infrastruktur\u00ebn dhe zhvillimin e q\u00ebndruesh\u00ebm t\u00eb saj. Gjat\u00eb periudh\u00ebs 2004\u20132014, ka qen\u00eb e angazhuar n\u00eb sektorin privat, duke marr\u00eb pjes\u00eb n\u00eb hartimin e nj\u00eb s\u00ebr\u00eb projektesh t\u00eb r\u00ebnd\u00ebsishme infrastrukturore. N\u00eb vitin 2011, u zgjodh an\u00ebtare e K\u00ebshillit Bashkiak t\u00eb Tiran\u00ebs, ku p\u00ebr nj\u00eb mandat 4-vje\u00e7ar drejtoi Komisionin e Rregullimit t\u00eb Territorit, duke kontribuar n\u00eb zhvillimin urban dhe menaxhimin e q\u00ebndruesh\u00ebm dhe t\u00eb integruar t\u00eb kryeqytetit. N\u00eb vitet 2014\u20132024 ka qen\u00eb pjes\u00eb e administrat\u00ebs publike. P\u00ebrgjat\u00eb viteve 2014-2018, pran\u00eb Sekretariatit Teknik t\u00eb K\u00ebshillit Komb\u00ebtar t\u00eb Ujit, ku ka drejtuar fillimisht Drejtorin\u00eb e Menaxhimit t\u00eb Burimeve Ujore dhe m\u00eb pas n\u00eb cil\u00ebsin\u00eb e Sekretarit Komb\u00ebtar t\u00eb Ujit. Nga viti 2017 deri n\u00eb 2024 ka mbajtur pozicionin e Drejtorit t\u00eb P\u00ebrgjithsh\u00ebm t\u00eb Agjencis\u00eb s\u00eb Menaxhimit t\u00eb Burimeve Ujore. Gjat\u00eb angazhimit t\u00eb saj n\u00eb k\u00ebto dy institucione, ka luajtur nj\u00eb rol ky\u00e7 n\u00eb hartimin e legjislacionit komb\u00ebtar p\u00ebr uj\u00ebrat, p\u00ebrafrimin me Aquis e BE, si dhe n\u00eb zbatimin e konventave dhe marr\u00ebveshjeve evropiane dhe nd\u00ebrkomb\u00ebtare. Gjat\u00eb k\u00ebsaj periudhe Znj. Lubonja ka sh\u00ebrbyer si Pik\u00eb Fokale p\u00ebr Shqip\u00ebrin\u00eb n\u00eb Konvent\u00ebn e Ujit pran\u00eb UNECE, duke p\u00ebrfaq\u00ebsuar vendin n\u00eb takimet e pal\u00ebve dhe grupet e pun\u00ebs, si dhe duke ndihmuar n\u00eb zbatimin e angazhimeve nd\u00ebrkomb\u00ebtare t\u00eb Shqip\u00ebris\u00eb. Prej vitit 2019, ajo \u00ebsht\u00eb Kryetare e pal\u00ebs shqiptare n\u00eb Komisionin Shqiptaro-Malazez p\u00ebr Menaxhimin e Uj\u00ebrave me Interes t\u00eb P\u00ebrbashk\u00ebt, duke udh\u00ebhequr bashk\u00ebpunimin nd\u00ebrkufitar n\u00eb k\u00ebt\u00eb fush\u00eb. Gjithashtu, ajo ka marr\u00eb pjes\u00eb dhe ka p\u00ebrfaq\u00ebsuar Shqip\u00ebrin\u00eb n\u00eb aktivitete, takime dhe komisione nd\u00ebrkufitare. P\u00ebrve\u00e7 kontributit t\u00eb saj institucional, Znj. Lubonja \u00ebsht\u00eb autore e nj\u00eb s\u00ebr\u00eb publikimesh dhe kumtesash shkencore, t\u00eb prezantuara n\u00eb konferenca komb\u00ebtare dhe nd\u00ebrkomb\u00ebtare, duke ndar\u00eb k\u00ebshtu p\u00ebrvoj\u00ebn dhe ekspertiz\u00ebn e saj n\u00eb menaxhimin t\u00eb uj\u00ebrave dhe zhvillimin e politikave t\u00eb q\u00ebndrueshme.<\/p>\t\t\t\t\t\t\t\t<\/div>\n\t\t\t\t<\/div>\n\t\t\t\t\t<\/div>\n\t\t<\/div>\n\t\t\t\t\t<\/div>\n\t\t<\/section>\n\t\t\t\t<section class=\"elementor-section elementor-top-section elementor-element elementor-element-2cef405 elementor-section-boxed elementor-section-height-default elementor-section-height-default\" data-id=\"2cef405\" data-element_type=\"section\">\n\t\t\t\t\t\t<div class=\"elementor-container elementor-column-gap-default\">\n\t\t\t\t\t<div class=\"elementor-column elementor-col-100 elementor-top-column elementor-element elementor-element-ef1c139 ot-flex-column-vertical\" data-id=\"ef1c139\" data-element_type=\"column\">\n\t\t\t<div class=\"elementor-widget-wrap\">\n\t\t\t\t\t\t\t<\/div>\n\t\t<\/div>\n\t\t\t\t\t<\/div>\n\t\t<\/section>\n\t\t\t\t<\/div>","protected":false},"excerpt":{"rendered":"<p>Znj. Gerta Lubonja Kryetar i Komisionit Komb\u00ebtar Rregullator Znj. Lubonja, aktualisht Kryetare e Komisionit Komb\u00ebtar Rregullator t\u00eb Entit Rregullator t\u00eb Ujit n\u00eb Shqip\u00ebri ka mbi 20 vjet p\u00ebrvoj\u00eb n\u00eb fush\u00ebn inxhinierike, menaxhimin e uj\u00ebrave dhe hartimin e politikave publike n\u00eb k\u00ebt\u00eb fush\u00eb. E diplomuar p\u00ebr Inxhinieri Hidroteknike pran\u00eb Universitetit Politeknik t\u00eb Tiran\u00ebs, ajo ka ndjekur [&hellip;]<\/p>\n","protected":false},"author":1,"featured_media":0,"parent":0,"menu_order":0,"comment_status":"closed","ping_status":"closed","template":"","meta":{"footnotes":""},"class_list":["post-7041","page","type-page","status-publish","hentry"],"_links":{"self":[{"href":"https:\/\/erru.al\/an\/wp-json\/wp\/v2\/pages\/7041","targetHints":{"allow":["GET"]}}],"collection":[{"href":"https:\/\/erru.al\/an\/wp-json\/wp\/v2\/pages"}],"about":[{"href":"https:\/\/erru.al\/an\/wp-json\/wp\/v2\/types\/page"}],"author":[{"embeddable":true,"href":"https:\/\/erru.al\/an\/wp-json\/wp\/v2\/users\/1"}],"replies":[{"embeddable":true,"href":"https:\/\/erru.al\/an\/wp-json\/wp\/v2\/comments?post=7041"}],"version-history":[{"count":5,"href":"https:\/\/erru.al\/an\/wp-json\/wp\/v2\/pages\/7041\/revisions"}],"predecessor-version":[{"id":7375,"href":"https:\/\/erru.al\/an\/wp-json\/wp\/v2\/pages\/7041\/revisions\/7375"}],"wp:attachment":[{"href":"https:\/\/erru.al\/an\/wp-json\/wp\/v2\/media?parent=7041"}],"curies":[{"name":"wp","href":"https:\/\/api.w.org\/{rel}","templated":true}]}}