{"id":4567,"date":"2023-01-11T10:09:43","date_gmt":"2023-01-11T10:09:43","guid":{"rendered":"https:\/\/erru.al\/?page_id=4567"},"modified":"2023-01-11T10:28:58","modified_gmt":"2023-01-11T10:28:58","slug":"bibloteka","status":"publish","type":"page","link":"https:\/\/erru.al\/an\/bibloteka\/","title":{"rendered":"Bibloteka"},"content":{"rendered":"<div data-elementor-type=\"wp-page\" data-elementor-id=\"4567\" class=\"elementor elementor-4567\">\n\t\t\t\t\t\t<section class=\"elementor-section elementor-top-section elementor-element elementor-element-3ed091c elementor-section-boxed elementor-section-height-default elementor-section-height-default\" data-id=\"3ed091c\" data-element_type=\"section\">\n\t\t\t\t\t\t<div class=\"elementor-container elementor-column-gap-default\">\n\t\t\t\t\t<div class=\"elementor-column elementor-col-100 elementor-top-column elementor-element elementor-element-d58433e ot-flex-column-vertical\" data-id=\"d58433e\" data-element_type=\"column\">\n\t\t\t<div class=\"elementor-widget-wrap\">\n\t\t\t\t\t\t\t<\/div>\n\t\t<\/div>\n\t\t\t\t\t<\/div>\n\t\t<\/section>\n\t\t\t\t<section class=\"elementor-section elementor-top-section elementor-element elementor-element-1afe038 elementor-section-boxed elementor-section-height-default elementor-section-height-default\" data-id=\"1afe038\" data-element_type=\"section\">\n\t\t\t\t\t\t<div class=\"elementor-container elementor-column-gap-default\">\n\t\t\t\t\t<div class=\"elementor-column elementor-col-100 elementor-top-column elementor-element elementor-element-5c525ee ot-flex-column-vertical\" data-id=\"5c525ee\" data-element_type=\"column\">\n\t\t\t<div class=\"elementor-widget-wrap elementor-element-populated\">\n\t\t\t\t\t\t<div class=\"elementor-element elementor-element-ce61e31 elementor-widget elementor-widget-text-editor\" data-id=\"ce61e31\" data-element_type=\"widget\" data-widget_type=\"text-editor.default\">\n\t\t\t\t<div class=\"elementor-widget-container\">\n\t\t\t\t\t\t\t\t\t<ul><li><a href=\"https:\/\/erru.al\/an\/ligje\/\">Laws\u00a0<\/a><\/li><li><a href=\"https:\/\/erru.al\/an\/vkm\/\">Vendime t\u00eb K\u00ebshillit t\u00eb Ministrave\u00a0<\/a><\/li><li><a href=\"https:\/\/erru.al\/an\/rregullore-te-erru\/\">Rregullore<\/a><\/li><li><a href=\"https:\/\/erru.al\/an\/rezoluta-dhe-direktiva\/\">Rezuluta dhe Direktiva<\/a><\/li><li><a href=\"https:\/\/erru.al\/an\/rezoluta-e-kuvendit\/\">Resolutions of the Assembly<\/a><\/li><li><a href=\"https:\/\/erru.al\/an\/vendime-per-tarifa\/\">Vendime p\u00ebr Tarifa<\/a><\/li><li><a href=\"https:\/\/erru.al\/an\/vendime-per-licensa-2\/\">Vendime p\u00ebr Licenca<\/a><\/li><li><a href=\"https:\/\/erru.al\/an\/vendime-te-tjera\/\">Other decisions<\/a><\/li><li><a href=\"https:\/\/erru.al\/an\/raportet\/\">Reports<\/a><\/li><li><a href=\"https:\/\/erru.al\/an\/analiza\/\">Analysis<\/a><\/li><li><a href=\"https:\/\/erru.al\/doc\/Consumers_Contract.pdf\">Kontrata Model e Sh\u00ebrbimeve<\/a><\/li><\/ul>\t\t\t\t\t\t\t\t<\/div>\n\t\t\t\t<\/div>\n\t\t\t\t\t<\/div>\n\t\t<\/div>\n\t\t\t\t\t<\/div>\n\t\t<\/section>\n\t\t\t\t<\/div>","protected":false},"excerpt":{"rendered":"<p>Ligje\u00a0 Vendime t\u00eb K\u00ebshillit t\u00eb Ministrave\u00a0 Rregullore Rezuluta dhe Direktiva Rezoluta t\u00eb Kuvendit Vendime p\u00ebr Tarifa Vendime p\u00ebr Licenca Vendime t\u00eb tjera Raporte Analiza Kontrata Model e Sh\u00ebrbimeve<\/p>","protected":false},"author":1,"featured_media":0,"parent":0,"menu_order":0,"comment_status":"closed","ping_status":"closed","template":"","meta":{"footnotes":""},"class_list":["post-4567","page","type-page","status-publish","hentry"],"_links":{"self":[{"href":"https:\/\/erru.al\/an\/wp-json\/wp\/v2\/pages\/4567","targetHints":{"allow":["GET"]}}],"collection":[{"href":"https:\/\/erru.al\/an\/wp-json\/wp\/v2\/pages"}],"about":[{"href":"https:\/\/erru.al\/an\/wp-json\/wp\/v2\/types\/page"}],"author":[{"embeddable":true,"href":"https:\/\/erru.al\/an\/wp-json\/wp\/v2\/users\/1"}],"replies":[{"embeddable":true,"href":"https:\/\/erru.al\/an\/wp-json\/wp\/v2\/comments?post=4567"}],"version-history":[{"count":8,"href":"https:\/\/erru.al\/an\/wp-json\/wp\/v2\/pages\/4567\/revisions"}],"predecessor-version":[{"id":4576,"href":"https:\/\/erru.al\/an\/wp-json\/wp\/v2\/pages\/4567\/revisions\/4576"}],"wp:attachment":[{"href":"https:\/\/erru.al\/an\/wp-json\/wp\/v2\/media?parent=4567"}],"curies":[{"name":"wp","href":"https:\/\/api.w.org\/{rel}","templated":true}]}}