{"id":4433,"date":"2022-12-27T08:26:38","date_gmt":"2022-12-27T08:26:38","guid":{"rendered":"https:\/\/erru.al\/?page_id=4433"},"modified":"2022-12-27T08:29:36","modified_gmt":"2022-12-27T08:29:36","slug":"ediola-braha","status":"publish","type":"page","link":"https:\/\/erru.al\/an\/ediola-braha\/","title":{"rendered":"Ediola Braha"},"content":{"rendered":"<div data-elementor-type=\"wp-page\" data-elementor-id=\"4433\" class=\"elementor elementor-4433\">\n\t\t\t\t\t\t<section class=\"elementor-section elementor-top-section elementor-element elementor-element-82513f2 elementor-section-boxed elementor-section-height-default elementor-section-height-default\" data-id=\"82513f2\" data-element_type=\"section\">\n\t\t\t\t\t\t<div class=\"elementor-container elementor-column-gap-default\">\n\t\t\t\t\t<div class=\"elementor-column elementor-col-100 elementor-top-column elementor-element elementor-element-02afaee ot-flex-column-vertical\" data-id=\"02afaee\" data-element_type=\"column\">\n\t\t\t<div class=\"elementor-widget-wrap\">\n\t\t\t\t\t\t\t<\/div>\n\t\t<\/div>\n\t\t\t\t\t<\/div>\n\t\t<\/section>\n\t\t\t\t<section class=\"elementor-section elementor-top-section elementor-element elementor-element-febad5f elementor-section-boxed elementor-section-height-default elementor-section-height-default\" data-id=\"febad5f\" data-element_type=\"section\">\n\t\t\t\t\t\t<div class=\"elementor-container elementor-column-gap-default\">\n\t\t\t\t\t<div class=\"elementor-column elementor-col-50 elementor-top-column elementor-element elementor-element-76ed32a ot-flex-column-vertical\" data-id=\"76ed32a\" data-element_type=\"column\">\n\t\t\t<div class=\"elementor-widget-wrap elementor-element-populated\">\n\t\t\t\t\t\t<div class=\"elementor-element elementor-element-7e08bf2 elementor-widget elementor-widget-image\" data-id=\"7e08bf2\" data-element_type=\"widget\" data-widget_type=\"image.default\">\n\t\t\t\t<div class=\"elementor-widget-container\">\n\t\t\t\t\t\t\t\t\t\t\t\t\t\t\t<img decoding=\"async\" width=\"147\" height=\"200\" src=\"https:\/\/erru.al\/wp-content\/uploads\/2022\/12\/WhatsApp-Image-2022-12-15-at-12.42.04-2.jpeg\" class=\"attachment-large size-large wp-image-4279\" alt=\"\" srcset=\"https:\/\/erru.al\/wp-content\/uploads\/2022\/12\/WhatsApp-Image-2022-12-15-at-12.42.04-2.jpeg 147w, https:\/\/erru.al\/wp-content\/uploads\/2022\/12\/WhatsApp-Image-2022-12-15-at-12.42.04-2-9x12.jpeg 9w\" sizes=\"(max-width: 147px) 100vw, 147px\" \/>\t\t\t\t\t\t\t\t\t\t\t\t\t\t\t<\/div>\n\t\t\t\t<\/div>\n\t\t\t\t\t<\/div>\n\t\t<\/div>\n\t\t\t\t<div class=\"elementor-column elementor-col-50 elementor-top-column elementor-element elementor-element-895cb83 ot-flex-column-vertical\" data-id=\"895cb83\" data-element_type=\"column\">\n\t\t\t<div class=\"elementor-widget-wrap elementor-element-populated\">\n\t\t\t\t\t\t<div class=\"elementor-element elementor-element-a1a1110 elementor-widget elementor-widget-text-editor\" data-id=\"a1a1110\" data-element_type=\"widget\" data-widget_type=\"text-editor.default\">\n\t\t\t\t<div class=\"elementor-widget-container\">\n\t\t\t\t\t\t\t\t\t<div id=\"StaffTxtRub\"><p>Znj. Ediola Braha \u00ebsht\u00eb em\u00ebruar An\u00ebtar i Komisionit Komb\u00ebtar Rregullator pran\u00eb Entit Rregullator t\u00eb Ujit n\u00eb Shqip\u00ebri, n\u00eb 16 N\u00ebntor 2022. Ka p\u00ebrfunduar studimet e larta n\u00eb vitin 2001 pran\u00eb Universitetit \u201cEqerem \u00c7abej\u201d n\u00eb Gjirokast\u00ebr, dega \u201cGjuh\u00eb angleze\u201d e m\u00eb tej p\u00ebr \u201cMenaxhim Biznesi\u201d n\u00eb Fakultetin Administrim Biznesi, pran\u00eb Universitetit Kristal. Znj. Braha e ka nisur karrier\u00ebn e saj n\u00eb vitin 2001 si m\u00ebsues e gjuh\u00ebs angleze n\u00eb shkoll\u00ebn e mesme t\u00eb p\u00ebrgjithshme n\u00eb Levan t\u00eb Fierit, nd\u00ebrsa n\u00eb janar t\u00eb vitit 2010 em\u00ebrohet z\u00ebvend\u00ebs drejtoresh\u00eb n\u00eb Drejtorin\u00eb Spitalore \u201cP\u00ebrparim Tepelena\u201d n\u00eb qytetin e Tepelen\u00ebs, duke marr\u00eb dy vite m\u00eb von\u00eb drejtimin e k\u00ebsaj drejtorie, detyr\u00eb q\u00eb do ta mbaj\u00eb deri n\u00eb vitin 2018. Nd\u00ebrkoh\u00eb, ka punuar edhe si pedagoge e jashtme n\u00eb Universitetin Kristal. Nd\u00ebr vite, ka kryer trajnime e kualifikime t\u00eb shumta n\u00eb aspektin social, menaxherial dhe politik\u00ebb\u00ebr\u00ebs.\u00a0P\u00ebrgjat\u00eb 2015-2019, Znj. Braha ka qen\u00eb k\u00ebshilltare n\u00eb K\u00ebshillin Bashkiak, Tepelen\u00eb, nd\u00ebrsa n\u00eb 2019-2021 deputete n\u00eb Parlamentin e Shqip\u00ebris\u00eb.<\/p><\/div>\t\t\t\t\t\t\t\t<\/div>\n\t\t\t\t<\/div>\n\t\t\t\t\t<\/div>\n\t\t<\/div>\n\t\t\t\t\t<\/div>\n\t\t<\/section>\n\t\t\t\t<section class=\"elementor-section elementor-top-section elementor-element elementor-element-9c45d57 elementor-section-boxed elementor-section-height-default elementor-section-height-default\" data-id=\"9c45d57\" data-element_type=\"section\">\n\t\t\t\t\t\t<div class=\"elementor-container elementor-column-gap-default\">\n\t\t\t\t\t<div class=\"elementor-column elementor-col-100 elementor-top-column elementor-element elementor-element-e674f80 ot-flex-column-vertical\" data-id=\"e674f80\" data-element_type=\"column\">\n\t\t\t<div class=\"elementor-widget-wrap\">\n\t\t\t\t\t\t\t<\/div>\n\t\t<\/div>\n\t\t\t\t\t<\/div>\n\t\t<\/section>\n\t\t\t\t<\/div>","protected":false},"excerpt":{"rendered":"<p>Znj. Ediola Braha \u00ebsht\u00eb em\u00ebruar An\u00ebtar i Komisionit Komb\u00ebtar Rregullator pran\u00eb Entit Rregullator t\u00eb Ujit n\u00eb Shqip\u00ebri, n\u00eb 16 N\u00ebntor 2022. Ka p\u00ebrfunduar studimet e larta n\u00eb vitin 2001 pran\u00eb Universitetit \u201cEqerem \u00c7abej\u201d n\u00eb Gjirokast\u00ebr, dega \u201cGjuh\u00eb angleze\u201d e m\u00eb tej p\u00ebr \u201cMenaxhim Biznesi\u201d n\u00eb Fakultetin Administrim Biznesi, pran\u00eb Universitetit Kristal. Znj. Braha e ka [&hellip;]<\/p>\n","protected":false},"author":1,"featured_media":0,"parent":0,"menu_order":0,"comment_status":"closed","ping_status":"closed","template":"","meta":{"footnotes":""},"class_list":["post-4433","page","type-page","status-publish","hentry"],"_links":{"self":[{"href":"https:\/\/erru.al\/an\/wp-json\/wp\/v2\/pages\/4433","targetHints":{"allow":["GET"]}}],"collection":[{"href":"https:\/\/erru.al\/an\/wp-json\/wp\/v2\/pages"}],"about":[{"href":"https:\/\/erru.al\/an\/wp-json\/wp\/v2\/types\/page"}],"author":[{"embeddable":true,"href":"https:\/\/erru.al\/an\/wp-json\/wp\/v2\/users\/1"}],"replies":[{"embeddable":true,"href":"https:\/\/erru.al\/an\/wp-json\/wp\/v2\/comments?post=4433"}],"version-history":[{"count":4,"href":"https:\/\/erru.al\/an\/wp-json\/wp\/v2\/pages\/4433\/revisions"}],"predecessor-version":[{"id":4437,"href":"https:\/\/erru.al\/an\/wp-json\/wp\/v2\/pages\/4433\/revisions\/4437"}],"wp:attachment":[{"href":"https:\/\/erru.al\/an\/wp-json\/wp\/v2\/media?parent=4433"}],"curies":[{"name":"wp","href":"https:\/\/api.w.org\/{rel}","templated":true}]}}