{"id":4415,"date":"2022-12-23T10:29:07","date_gmt":"2022-12-23T10:29:07","guid":{"rendered":"https:\/\/erru.al\/?page_id=4415"},"modified":"2023-05-02T07:45:12","modified_gmt":"2023-05-02T07:45:12","slug":"njoftimet","status":"publish","type":"page","link":"https:\/\/erru.al\/an\/njoftimet\/","title":{"rendered":"Njoftimet"},"content":{"rendered":"<div data-elementor-type=\"wp-page\" data-elementor-id=\"4415\" class=\"elementor elementor-4415\">\n\t\t\t\t\t\t<section class=\"elementor-section elementor-top-section elementor-element elementor-element-1103059 elementor-section-boxed elementor-section-height-default elementor-section-height-default\" data-id=\"1103059\" data-element_type=\"section\">\n\t\t\t\t\t\t<div class=\"elementor-container elementor-column-gap-default\">\n\t\t\t\t\t<div class=\"elementor-column elementor-col-100 elementor-top-column elementor-element elementor-element-1eea869 ot-flex-column-vertical\" data-id=\"1eea869\" data-element_type=\"column\">\n\t\t\t<div class=\"elementor-widget-wrap\">\n\t\t\t\t\t\t\t<\/div>\n\t\t<\/div>\n\t\t\t\t\t<\/div>\n\t\t<\/section>\n\t\t\t\t<section class=\"elementor-section elementor-top-section elementor-element elementor-element-c24a15c elementor-section-boxed elementor-section-height-default elementor-section-height-default\" data-id=\"c24a15c\" data-element_type=\"section\">\n\t\t\t\t\t\t<div class=\"elementor-container elementor-column-gap-default\">\n\t\t\t\t\t<div class=\"elementor-column elementor-col-100 elementor-top-column elementor-element elementor-element-7e0ec68 ot-flex-column-vertical\" data-id=\"7e0ec68\" data-element_type=\"column\">\n\t\t\t<div class=\"elementor-widget-wrap elementor-element-populated\">\n\t\t\t\t\t\t<div class=\"elementor-element elementor-element-46d5482 elementor-grid-1 elementor-posts__hover-none elementor-grid-tablet-2 elementor-grid-mobile-1 elementor-posts--thumbnail-top elementor-card-shadow-yes elementor-widget elementor-widget-posts\" data-id=\"46d5482\" data-element_type=\"widget\" data-settings=\"{&quot;cards_columns&quot;:&quot;1&quot;,&quot;cards_columns_tablet&quot;:&quot;2&quot;,&quot;cards_columns_mobile&quot;:&quot;1&quot;,&quot;cards_row_gap&quot;:{&quot;unit&quot;:&quot;px&quot;,&quot;size&quot;:35,&quot;sizes&quot;:[]},&quot;cards_row_gap_tablet&quot;:{&quot;unit&quot;:&quot;px&quot;,&quot;size&quot;:&quot;&quot;,&quot;sizes&quot;:[]},&quot;cards_row_gap_mobile&quot;:{&quot;unit&quot;:&quot;px&quot;,&quot;size&quot;:&quot;&quot;,&quot;sizes&quot;:[]}}\" data-widget_type=\"posts.cards\">\n\t\t\t\t<div class=\"elementor-widget-container\">\n\t\t\t\t\t\t\t<div class=\"elementor-posts-container elementor-posts elementor-posts--skin-cards elementor-grid\">\n\t\t\t\t<article class=\"elementor-post elementor-grid-item post-7829 post type-post status-publish format-standard hentry category-vendime\">\n\t\t\t<div class=\"elementor-post__card\">\n\t\t\t\t<div class=\"elementor-post__text\">\n\t\t\t\t<h3 class=\"elementor-post__title\">\n\t\t\t<a href=\"https:\/\/erru.al\/an\/2026\/03\/11\/vendim-nr-8-date-04-03-2026-per-licencimin-e-shoqerise-ujesjelles-kanalizime-kamez-sh-a\/\" >\n\t\t\t\tVendim nr. 8, dat\u00eb 04.03.2026 \u201cP\u00ebr licencimin e Shoq\u00ebris\u00eb Uj\u00ebsjell\u00ebs Kanalizime Kam\u00ebz sh.a\u201d\t\t\t<\/a>\n\t\t<\/h3>\n\t\t\t\t<div class=\"elementor-post__excerpt\">\n\t\t\t<p>Klikoni k\u00ebtu p\u00ebr t\u00eb par\u00eb dokumentin e plot\u00eb.<\/p>\n\t\t<\/div>\n\t\t\t\t<\/div>\n\t\t\t\t<div class=\"elementor-post__meta-data\">\n\t\t\t\t\t<span class=\"elementor-post-date\">\n\t\t\t11 Mars, 2026\t\t<\/span>\n\t\t\t\t<\/div>\n\t\t\t\t\t<\/div>\n\t\t<\/article>\n\t\t\t\t<article class=\"elementor-post elementor-grid-item post-7802 post type-post status-publish format-standard has-post-thumbnail hentry category-njoftime\">\n\t\t\t<div class=\"elementor-post__card\">\n\t\t\t\t<a class=\"elementor-post__thumbnail__link\" href=\"https:\/\/erru.al\/an\/2026\/03\/06\/mbikeqyrja-parlamentare\/\" ><div class=\"elementor-post__thumbnail\"><img fetchpriority=\"high\" decoding=\"async\" width=\"1280\" height=\"960\" src=\"https:\/\/erru.al\/wp-content\/uploads\/2026\/03\/takimi-me-deputetet-Copy.jpg\" class=\"attachment-full size-full wp-image-7803\" alt=\"\" srcset=\"https:\/\/erru.al\/wp-content\/uploads\/2026\/03\/takimi-me-deputetet-Copy.jpg 1280w, https:\/\/erru.al\/wp-content\/uploads\/2026\/03\/takimi-me-deputetet-Copy-300x225.jpg 300w, https:\/\/erru.al\/wp-content\/uploads\/2026\/03\/takimi-me-deputetet-Copy-1030x773.jpg 1030w, https:\/\/erru.al\/wp-content\/uploads\/2026\/03\/takimi-me-deputetet-Copy-768x576.jpg 768w, https:\/\/erru.al\/wp-content\/uploads\/2026\/03\/takimi-me-deputetet-Copy-16x12.jpg 16w\" sizes=\"(max-width: 1280px) 100vw, 1280px\" \/><\/div><\/a>\n\t\t\t\t<div class=\"elementor-post__text\">\n\t\t\t\t<h3 class=\"elementor-post__title\">\n\t\t\t<a href=\"https:\/\/erru.al\/an\/2026\/03\/06\/mbikeqyrja-parlamentare\/\" >\n\t\t\t\tMbik\u00ebqyrja parlamentare\t\t\t<\/a>\n\t\t<\/h3>\n\t\t\t\t<div class=\"elementor-post__excerpt\">\n\t\t\t<p>ERRU zhvilloi nj\u00eb takim pune me Komisionin p\u00ebr Burimet Natyrore, Infrastruktur\u00ebn dhe Zhvillimin e Q\u00ebndruesh\u00ebm t\u00eb Kuvendit t\u00eb Shqip\u00ebris\u00eb. N\u00eb fokus ishte zbatimi i modelit<\/p>\n\t\t<\/div>\n\t\t\t\t<\/div>\n\t\t\t\t<div class=\"elementor-post__meta-data\">\n\t\t\t\t\t<span class=\"elementor-post-date\">\n\t\t\t6 Mars, 2026\t\t<\/span>\n\t\t\t\t<\/div>\n\t\t\t\t\t<\/div>\n\t\t<\/article>\n\t\t\t\t<article class=\"elementor-post elementor-grid-item post-7793 post type-post status-publish format-standard has-post-thumbnail hentry category-njoftime\">\n\t\t\t<div class=\"elementor-post__card\">\n\t\t\t\t<a class=\"elementor-post__thumbnail__link\" href=\"https:\/\/erru.al\/an\/2026\/02\/26\/londer-rregullimi-perballe-revolucionit-teknologjik-ne-world-water-tech-innovation-summit\/\" ><div class=\"elementor-post__thumbnail\"><img decoding=\"async\" width=\"1280\" height=\"808\" src=\"https:\/\/erru.al\/wp-content\/uploads\/2026\/02\/Londer.jpeg\" class=\"attachment-full size-full wp-image-7794\" alt=\"\" srcset=\"https:\/\/erru.al\/wp-content\/uploads\/2026\/02\/Londer.jpeg 1280w, https:\/\/erru.al\/wp-content\/uploads\/2026\/02\/Londer-300x189.jpeg 300w, https:\/\/erru.al\/wp-content\/uploads\/2026\/02\/Londer-1030x650.jpeg 1030w, https:\/\/erru.al\/wp-content\/uploads\/2026\/02\/Londer-768x485.jpeg 768w, https:\/\/erru.al\/wp-content\/uploads\/2026\/02\/Londer-18x12.jpeg 18w\" sizes=\"(max-width: 1280px) 100vw, 1280px\" \/><\/div><\/a>\n\t\t\t\t<div class=\"elementor-post__text\">\n\t\t\t\t<h3 class=\"elementor-post__title\">\n\t\t\t<a href=\"https:\/\/erru.al\/an\/2026\/02\/26\/londer-rregullimi-perballe-revolucionit-teknologjik-ne-world-water-tech-innovation-summit\/\" >\n\t\t\t\tLond\u00ebr, rregullimi p\u00ebrball\u00eb revolucionit teknologjik n\u00eb World Water &#8211; Tech Summit\t\t\t<\/a>\n\t\t<\/h3>\n\t\t\t\t<div class=\"elementor-post__excerpt\">\n\t\t\t<p>N\u00eb datat 24\u201325 shkurt, World Water-Tech Innovation Summit 2026 n\u00eb Lond\u00ebr solli n\u00eb qend\u00ebr t\u00eb v\u00ebmendjes nj\u00eb nga sfidat m\u00eb aktuale t\u00eb koh\u00ebs: Si t\u00eb<\/p>\n\t\t<\/div>\n\t\t\t\t<\/div>\n\t\t\t\t<div class=\"elementor-post__meta-data\">\n\t\t\t\t\t<span class=\"elementor-post-date\">\n\t\t\t26 Shkurt, 2026\t\t<\/span>\n\t\t\t\t<\/div>\n\t\t\t\t\t<\/div>\n\t\t<\/article>\n\t\t\t\t<article class=\"elementor-post elementor-grid-item post-7790 post type-post status-publish format-standard has-post-thumbnail hentry category-njoftime\">\n\t\t\t<div class=\"elementor-post__card\">\n\t\t\t\t<a class=\"elementor-post__thumbnail__link\" href=\"https:\/\/erru.al\/an\/2026\/02\/25\/ekspertiza-globale-mbi-ujin-erru-ne-iwa-wwtac-2026\/\" ><div class=\"elementor-post__thumbnail\"><img decoding=\"async\" width=\"1210\" height=\"613\" src=\"https:\/\/erru.al\/wp-content\/uploads\/2026\/02\/WhatsApp-Image-2026-02-25-at-2.26.56-PM.jpeg\" class=\"attachment-full size-full wp-image-7791\" alt=\"\" srcset=\"https:\/\/erru.al\/wp-content\/uploads\/2026\/02\/WhatsApp-Image-2026-02-25-at-2.26.56-PM.jpeg 1210w, https:\/\/erru.al\/wp-content\/uploads\/2026\/02\/WhatsApp-Image-2026-02-25-at-2.26.56-PM-300x152.jpeg 300w, https:\/\/erru.al\/wp-content\/uploads\/2026\/02\/WhatsApp-Image-2026-02-25-at-2.26.56-PM-1030x522.jpeg 1030w, https:\/\/erru.al\/wp-content\/uploads\/2026\/02\/WhatsApp-Image-2026-02-25-at-2.26.56-PM-768x389.jpeg 768w, https:\/\/erru.al\/wp-content\/uploads\/2026\/02\/WhatsApp-Image-2026-02-25-at-2.26.56-PM-18x9.jpeg 18w\" sizes=\"(max-width: 1210px) 100vw, 1210px\" \/><\/div><\/a>\n\t\t\t\t<div class=\"elementor-post__text\">\n\t\t\t\t<h3 class=\"elementor-post__title\">\n\t\t\t<a href=\"https:\/\/erru.al\/an\/2026\/02\/25\/ekspertiza-globale-mbi-ujin-erru-ne-iwa-wwtac-2026\/\" >\n\t\t\t\tEkspertiza globale mbi ujin, ERRU n\u00eb IWA WWTAC 2026\t\t\t<\/a>\n\t\t<\/h3>\n\t\t\t\t<div class=\"elementor-post__excerpt\">\n\t\t\t<p>U p\u00ebrmbyll me sukses Simpoziumi Nd\u00ebrkomb\u00ebtar IWA WWTAC 2026, i zhvilluar n\u00eb Napoli, nj\u00eb forum i r\u00ebnd\u00ebsish\u00ebm q\u00eb mblodhi ekspert\u00eb, studiues dhe p\u00ebrfaq\u00ebsues t\u00eb institucioneve<\/p>\n\t\t<\/div>\n\t\t\t\t<\/div>\n\t\t\t\t<div class=\"elementor-post__meta-data\">\n\t\t\t\t\t<span class=\"elementor-post-date\">\n\t\t\t25 Shkurt, 2026\t\t<\/span>\n\t\t\t\t<\/div>\n\t\t\t\t\t<\/div>\n\t\t<\/article>\n\t\t\t\t<article class=\"elementor-post elementor-grid-item post-7822 post type-post status-publish format-standard has-post-thumbnail hentry category-njoftime\">\n\t\t\t<div class=\"elementor-post__card\">\n\t\t\t\t<a class=\"elementor-post__thumbnail__link\" href=\"https:\/\/erru.al\/an\/2026\/02\/24\/takim-bilateral-erru-mekh-per-forcimin-e-bashkepunimit-rregullator\/\" ><div class=\"elementor-post__thumbnail\"><img loading=\"lazy\" decoding=\"async\" width=\"686\" height=\"438\" src=\"https:\/\/erru.al\/wp-content\/uploads\/2026\/03\/ERRU-MEKH.jpg\" class=\"attachment-full size-full wp-image-7823\" alt=\"\" srcset=\"https:\/\/erru.al\/wp-content\/uploads\/2026\/03\/ERRU-MEKH.jpg 686w, https:\/\/erru.al\/wp-content\/uploads\/2026\/03\/ERRU-MEKH-300x192.jpg 300w, https:\/\/erru.al\/wp-content\/uploads\/2026\/03\/ERRU-MEKH-18x12.jpg 18w\" sizes=\"(max-width: 686px) 100vw, 686px\" \/><\/div><\/a>\n\t\t\t\t<div class=\"elementor-post__text\">\n\t\t\t\t<h3 class=\"elementor-post__title\">\n\t\t\t<a href=\"https:\/\/erru.al\/an\/2026\/02\/24\/takim-bilateral-erru-mekh-per-forcimin-e-bashkepunimit-rregullator\/\" >\n\t\t\t\tTakim bilateral ERRU &amp;MEKH p\u00ebr forcimin e bashk\u00ebpunimit rregullator\t\t\t<\/a>\n\t\t<\/h3>\n\t\t\t\t<div class=\"elementor-post__excerpt\">\n\t\t\t<p>N\u00eb kuad\u00ebr t\u00eb Marr\u00ebveshjes s\u00eb Bashk\u00ebpunimit me Rregullatorin Hungarez p\u00ebr Sh\u00ebrbimet e Ujit, Kanalizimeve dhe Energjin\u00eb (MEKH), Enti Rregullator i Ujit zhvilloi nj\u00eb takim bilateral<\/p>\n\t\t<\/div>\n\t\t\t\t<\/div>\n\t\t\t\t<div class=\"elementor-post__meta-data\">\n\t\t\t\t\t<span class=\"elementor-post-date\">\n\t\t\t24 Shkurt, 2026\t\t<\/span>\n\t\t\t\t<\/div>\n\t\t\t\t\t<\/div>\n\t\t<\/article>\n\t\t\t\t<article class=\"elementor-post elementor-grid-item post-7763 post type-post status-publish format-standard has-post-thumbnail hentry category-njoftime\">\n\t\t\t<div class=\"elementor-post__card\">\n\t\t\t\t<a class=\"elementor-post__thumbnail__link\" href=\"https:\/\/erru.al\/an\/2026\/02\/06\/zbatimi-i-modelit-te-planit-te-biznesit-erru-mbledh-aktoret-e-sektorit\/\" ><div class=\"elementor-post__thumbnail\"><img loading=\"lazy\" decoding=\"async\" width=\"2560\" height=\"1920\" src=\"https:\/\/erru.al\/wp-content\/uploads\/2026\/02\/WhatsApp-Image-2026-02-06-at-1.57.56-PM-scaled.jpeg\" class=\"attachment-full size-full wp-image-7764\" alt=\"\" srcset=\"https:\/\/erru.al\/wp-content\/uploads\/2026\/02\/WhatsApp-Image-2026-02-06-at-1.57.56-PM-scaled.jpeg 2560w, https:\/\/erru.al\/wp-content\/uploads\/2026\/02\/WhatsApp-Image-2026-02-06-at-1.57.56-PM-300x225.jpeg 300w, https:\/\/erru.al\/wp-content\/uploads\/2026\/02\/WhatsApp-Image-2026-02-06-at-1.57.56-PM-1030x773.jpeg 1030w, https:\/\/erru.al\/wp-content\/uploads\/2026\/02\/WhatsApp-Image-2026-02-06-at-1.57.56-PM-768x576.jpeg 768w, https:\/\/erru.al\/wp-content\/uploads\/2026\/02\/WhatsApp-Image-2026-02-06-at-1.57.56-PM-1536x1152.jpeg 1536w, https:\/\/erru.al\/wp-content\/uploads\/2026\/02\/WhatsApp-Image-2026-02-06-at-1.57.56-PM-2048x1536.jpeg 2048w, https:\/\/erru.al\/wp-content\/uploads\/2026\/02\/WhatsApp-Image-2026-02-06-at-1.57.56-PM-16x12.jpeg 16w\" sizes=\"(max-width: 2560px) 100vw, 2560px\" \/><\/div><\/a>\n\t\t\t\t<div class=\"elementor-post__text\">\n\t\t\t\t<h3 class=\"elementor-post__title\">\n\t\t\t<a href=\"https:\/\/erru.al\/an\/2026\/02\/06\/zbatimi-i-modelit-te-planit-te-biznesit-erru-mbledh-aktoret-e-sektorit\/\" >\n\t\t\t\tZbatimi i Modelit t\u00eb Planit t\u00eb Biznesit, ERRU mbledh aktor\u00ebt e sektorit n\u00eb nj\u00eb Takim Koordinues\t\t\t<\/a>\n\t\t<\/h3>\n\t\t\t\t<div class=\"elementor-post__excerpt\">\n\t\t\t<p>\ud83d\udca7 ERRU zhvilloi n\u00eb Tiran\u00eb Takimin Koordinues p\u00ebr zbatimin e Modelit t\u00eb Planit t\u00eb Biznesit n\u00eb sektorin uj\u00ebsjell\u00ebs-kanalizime. Takimi, i bashk\u00eborganizuar me \ud83c\udf0d Bank\u00ebn Bot\u00ebrore,<\/p>\n\t\t<\/div>\n\t\t\t\t<\/div>\n\t\t\t\t<div class=\"elementor-post__meta-data\">\n\t\t\t\t\t<span class=\"elementor-post-date\">\n\t\t\t6 Shkurt, 2026\t\t<\/span>\n\t\t\t\t<\/div>\n\t\t\t\t\t<\/div>\n\t\t<\/article>\n\t\t\t\t<article class=\"elementor-post elementor-grid-item post-7724 post type-post status-publish format-standard hentry category-vendime\">\n\t\t\t<div class=\"elementor-post__card\">\n\t\t\t\t<div class=\"elementor-post__text\">\n\t\t\t\t<h3 class=\"elementor-post__title\">\n\t\t\t<a href=\"https:\/\/erru.al\/an\/2026\/02\/04\/vendim-nr-2-date-28-01-2026-per-disa-ndryshime-ne-vendimin-e-komisionit-kombetar-rregullator-nr-5-date-22-02-2023-per-licencimin-e-shoqerise-ujesjelles-kanalizime-tirane-sh-a\/\" >\n\t\t\t\tVendim nr. 2, dat\u00eb 28.01.2026 \u201cP\u00ebr disa ndryshime n\u00eb Vendimin e Komisionit Komb\u00ebtar Rregullator nr. 5, dat\u00eb 22.02.2023 \u2018P\u00ebr Licencimin e Shoq\u00ebris\u00eb Uj\u00ebsjell\u00ebs Kanalizime Tiran\u00eb sh.a.\u2019\u201d\t\t\t<\/a>\n\t\t<\/h3>\n\t\t\t\t<div class=\"elementor-post__excerpt\">\n\t\t\t<p>Klikoni k\u00ebtu\u00a0p\u00ebr t\u00eb par\u00eb dokumentin e plot\u00eb.<\/p>\n\t\t<\/div>\n\t\t\t\t<\/div>\n\t\t\t\t<div class=\"elementor-post__meta-data\">\n\t\t\t\t\t<span class=\"elementor-post-date\">\n\t\t\t4 Shkurt, 2026\t\t<\/span>\n\t\t\t\t<\/div>\n\t\t\t\t\t<\/div>\n\t\t<\/article>\n\t\t\t\t<article class=\"elementor-post elementor-grid-item post-7722 post type-post status-publish format-standard hentry category-vendime\">\n\t\t\t<div class=\"elementor-post__card\">\n\t\t\t\t<div class=\"elementor-post__text\">\n\t\t\t\t<h3 class=\"elementor-post__title\">\n\t\t\t<a href=\"https:\/\/erru.al\/an\/2026\/02\/04\/vendim-nr-3-date-28-01-2026-per-nje-ndryshim-ne-vendimin-e-komisionit-kombetar-rregullator-nr-12-date-03-03-2023-per-licencimin-e-shoqerise-rajonale-ujesjelles-kanalizime-lushnje\/\" >\n\t\t\t\tVendim nr. 3, dat\u00eb 28.01.2026 \u201cP\u00ebr nj\u00eb ndryshim n\u00eb Vendimin e Komisionit Komb\u00ebtar Rregullator nr. 12, dat\u00eb 03.03.2023 \u2018P\u00ebr Licencimin e Shoq\u00ebris\u00eb Rajonale Uj\u00ebsjell\u00ebs Kanalizime Lushnje sh.a\u2019\u201d\t\t\t<\/a>\n\t\t<\/h3>\n\t\t\t\t<div class=\"elementor-post__excerpt\">\n\t\t\t<p>Klikoni k\u00ebtu\u00a0p\u00ebr t\u00eb par\u00eb dokumentin e plot\u00eb.<\/p>\n\t\t<\/div>\n\t\t\t\t<\/div>\n\t\t\t\t<div class=\"elementor-post__meta-data\">\n\t\t\t\t\t<span class=\"elementor-post-date\">\n\t\t\t4 Shkurt, 2026\t\t<\/span>\n\t\t\t\t<\/div>\n\t\t\t\t\t<\/div>\n\t\t<\/article>\n\t\t\t\t<article class=\"elementor-post elementor-grid-item post-7706 post type-post status-publish format-standard has-post-thumbnail hentry category-njoftime\">\n\t\t\t<div class=\"elementor-post__card\">\n\t\t\t\t<a class=\"elementor-post__thumbnail__link\" href=\"https:\/\/erru.al\/an\/2026\/01\/30\/erru-ne-tryezen-nderinstitucionale-per-ujerat-e-ndotura-urbane\/\" ><div class=\"elementor-post__thumbnail\"><img loading=\"lazy\" decoding=\"async\" width=\"1423\" height=\"640\" src=\"https:\/\/erru.al\/wp-content\/uploads\/2026\/01\/tryeza-AMBU-AKUK.jpg\" class=\"attachment-full size-full wp-image-7707\" alt=\"\" srcset=\"https:\/\/erru.al\/wp-content\/uploads\/2026\/01\/tryeza-AMBU-AKUK.jpg 1423w, https:\/\/erru.al\/wp-content\/uploads\/2026\/01\/tryeza-AMBU-AKUK-300x135.jpg 300w, https:\/\/erru.al\/wp-content\/uploads\/2026\/01\/tryeza-AMBU-AKUK-1030x463.jpg 1030w, https:\/\/erru.al\/wp-content\/uploads\/2026\/01\/tryeza-AMBU-AKUK-768x345.jpg 768w, https:\/\/erru.al\/wp-content\/uploads\/2026\/01\/tryeza-AMBU-AKUK-18x8.jpg 18w\" sizes=\"(max-width: 1423px) 100vw, 1423px\" \/><\/div><\/a>\n\t\t\t\t<div class=\"elementor-post__text\">\n\t\t\t\t<h3 class=\"elementor-post__title\">\n\t\t\t<a href=\"https:\/\/erru.al\/an\/2026\/01\/30\/erru-ne-tryezen-nderinstitucionale-per-ujerat-e-ndotura-urbane\/\" >\n\t\t\t\tERRU n\u00eb tryez\u00ebn nd\u00ebrinstitucionale p\u00ebr uj\u00ebrat e ndotura urbane\t\t\t<\/a>\n\t\t<\/h3>\n\t\t\t\t<div class=\"elementor-post__excerpt\">\n\t\t\t<p>N\u00eb kuad\u00ebr t\u00eb procesit t\u00eb p\u00ebrafrimit me legjislacionin e Bashkimit Evropian, ERRU mori pjes\u00eb n\u00eb takimin e Grupit Nd\u00ebrinstitucional t\u00eb Pun\u00ebs, t\u00eb organizuar nga Agjencia<\/p>\n\t\t<\/div>\n\t\t\t\t<\/div>\n\t\t\t\t<div class=\"elementor-post__meta-data\">\n\t\t\t\t\t<span class=\"elementor-post-date\">\n\t\t\t30 Janar, 2026\t\t<\/span>\n\t\t\t\t<\/div>\n\t\t\t\t\t<\/div>\n\t\t<\/article>\n\t\t\t\t<article class=\"elementor-post elementor-grid-item post-7666 post type-post status-publish format-standard hentry category-vendime\">\n\t\t\t<div class=\"elementor-post__card\">\n\t\t\t\t<div class=\"elementor-post__text\">\n\t\t\t\t<h3 class=\"elementor-post__title\">\n\t\t\t<a href=\"https:\/\/erru.al\/an\/2026\/01\/27\/vendimnr-47-date-29-12-2025-per-fillimin-e-procedures-per-shqyrtimin-e-aplikimit-per-ndryshimin-e-nivelit-tarifor-te-shoqerise-rajonale-ujesjelles-kanalizimelezhe-sh-a\/\" >\n\t\t\t\tVendimNr.47, dat\u00eb 29.12.2025 \u201cP\u00ebr fillimin e procedur\u00ebs p\u00ebr shqyrtimin e aplikimit p\u00ebr ndryshimin e nivelit tarifor t\u00eb Shoq\u00ebris\u00eb Rajonale Uj\u00ebsjell\u00ebs Kanalizime Lezh\u00eb Sh.a\u201d\t\t\t<\/a>\n\t\t<\/h3>\n\t\t\t\t<div class=\"elementor-post__excerpt\">\n\t\t\t<p>Klikoni\u00a0k\u00ebtu\u00a0p\u00ebr t\u00eb par\u00eb dokumentin e plot\u00eb<\/p>\n\t\t<\/div>\n\t\t\t\t<\/div>\n\t\t\t\t<div class=\"elementor-post__meta-data\">\n\t\t\t\t\t<span class=\"elementor-post-date\">\n\t\t\t27 Janar, 2026\t\t<\/span>\n\t\t\t\t<\/div>\n\t\t\t\t\t<\/div>\n\t\t<\/article>\n\t\t\t\t<article class=\"elementor-post elementor-grid-item post-7664 post type-post status-publish format-standard hentry category-vendime\">\n\t\t\t<div class=\"elementor-post__card\">\n\t\t\t\t<div class=\"elementor-post__text\">\n\t\t\t\t<h3 class=\"elementor-post__title\">\n\t\t\t<a href=\"https:\/\/erru.al\/an\/2026\/01\/27\/vendim-nr-42-date-22-12-2025-per-nje-ndryshim-ne-vendimin-nr-37-date-20-11-2025-per-licencimin-e-shoqerise-rajonale-ujesjelles-kanalizime-fier-sh-a\/\" >\n\t\t\t\tVendim Nr.42 dat\u00eb 22.12.2025 \u201cP\u00ebr nj\u00eb ndryshim n\u00eb vendimin nr.37, dat\u00eb 20.11.2025 \u201cP\u00ebr Licencimin e Shoq\u00ebris\u00eb Rajonale Uj\u00ebsjell\u00ebs Kanalizime Fier Sh.a&#8221;\t\t\t<\/a>\n\t\t<\/h3>\n\t\t\t\t<div class=\"elementor-post__excerpt\">\n\t\t\t<p>Klikoni\u00a0k\u00ebtu\u00a0p\u00ebr t\u00eb par\u00eb dokumentin e plot\u00eb<\/p>\n\t\t<\/div>\n\t\t\t\t<\/div>\n\t\t\t\t<div class=\"elementor-post__meta-data\">\n\t\t\t\t\t<span class=\"elementor-post-date\">\n\t\t\t27 Janar, 2026\t\t<\/span>\n\t\t\t\t<\/div>\n\t\t\t\t\t<\/div>\n\t\t<\/article>\n\t\t\t\t<article class=\"elementor-post elementor-grid-item post-7609 post type-post status-publish format-standard has-post-thumbnail hentry category-njoftime\">\n\t\t\t<div class=\"elementor-post__card\">\n\t\t\t\t<a class=\"elementor-post__thumbnail__link\" href=\"https:\/\/erru.al\/an\/2025\/12\/24\/erru-pjese-e-workshop-it-shkencor-mbi-vleresimin-e-burimeve-ujore-nderkufitare-ne-rajon\/\" ><div class=\"elementor-post__thumbnail\"><img loading=\"lazy\" decoding=\"async\" width=\"1280\" height=\"873\" src=\"https:\/\/erru.al\/wp-content\/uploads\/2025\/12\/WhatsApp-Image-2025-12-24-at-12.34.16-PM.jpeg\" class=\"attachment-full size-full wp-image-7610\" alt=\"\" srcset=\"https:\/\/erru.al\/wp-content\/uploads\/2025\/12\/WhatsApp-Image-2025-12-24-at-12.34.16-PM.jpeg 1280w, https:\/\/erru.al\/wp-content\/uploads\/2025\/12\/WhatsApp-Image-2025-12-24-at-12.34.16-PM-300x205.jpeg 300w, https:\/\/erru.al\/wp-content\/uploads\/2025\/12\/WhatsApp-Image-2025-12-24-at-12.34.16-PM-1030x702.jpeg 1030w, https:\/\/erru.al\/wp-content\/uploads\/2025\/12\/WhatsApp-Image-2025-12-24-at-12.34.16-PM-768x524.jpeg 768w, https:\/\/erru.al\/wp-content\/uploads\/2025\/12\/WhatsApp-Image-2025-12-24-at-12.34.16-PM-18x12.jpeg 18w\" sizes=\"(max-width: 1280px) 100vw, 1280px\" \/><\/div><\/a>\n\t\t\t\t<div class=\"elementor-post__text\">\n\t\t\t\t<h3 class=\"elementor-post__title\">\n\t\t\t<a href=\"https:\/\/erru.al\/an\/2025\/12\/24\/erru-pjese-e-workshop-it-shkencor-mbi-vleresimin-e-burimeve-ujore-nderkufitare-ne-rajon\/\" >\n\t\t\t\tERRU pjes\u00eb e workshop-it shkencor mbi vler\u00ebsimin e burimeve ujore nd\u00ebrkufitare n\u00eb rajon\t\t\t<\/a>\n\t\t<\/h3>\n\t\t\t\t<div class=\"elementor-post__excerpt\">\n\t\t\t<p>Enti Rregullator i Ujit (ERRU) mori pjes\u00eb n\u00eb workshop-in shkencor t\u00eb organizuar nga Akademia e Shkencave e Shqip\u00ebris\u00eb, p\u00ebrmes Nj\u00ebsis\u00eb K\u00ebrkimore t\u00eb Gjeoshkencave dhe Gjeoinxhinieris\u00eb,<\/p>\n\t\t<\/div>\n\t\t\t\t<\/div>\n\t\t\t\t<div class=\"elementor-post__meta-data\">\n\t\t\t\t\t<span class=\"elementor-post-date\">\n\t\t\t24 Dhjetor, 2025\t\t<\/span>\n\t\t\t\t<\/div>\n\t\t\t\t\t<\/div>\n\t\t<\/article>\n\t\t\t\t<article class=\"elementor-post elementor-grid-item post-7599 post type-post status-publish format-standard hentry category-vendime\">\n\t\t\t<div class=\"elementor-post__card\">\n\t\t\t\t<div class=\"elementor-post__text\">\n\t\t\t\t<h3 class=\"elementor-post__title\">\n\t\t\t<a href=\"https:\/\/erru.al\/an\/2025\/12\/16\/vendim-nr-37-date-20-11-2025-per-licencimin-e-shoqerise-rajonale-ujesjelles-kanalizime-fier-sh-a\/\" >\n\t\t\t\tVendim Nr.37, dat\u00eb 20.11.2025 \u201cP\u00ebr Licencimin e Shoq\u00ebris\u00eb Rajonale Uj\u00ebsjell\u00ebs Kanalizime Fier sh.a\u201d \u00a0\t\t\t<\/a>\n\t\t<\/h3>\n\t\t\t\t<div class=\"elementor-post__excerpt\">\n\t\t\t<p>Klikoni k\u00ebtu p\u00ebr t\u00eb par\u00eb dokumentin e plot\u00eb<\/p>\n\t\t<\/div>\n\t\t\t\t<\/div>\n\t\t\t\t<div class=\"elementor-post__meta-data\">\n\t\t\t\t\t<span class=\"elementor-post-date\">\n\t\t\t16 Dhjetor, 2025\t\t<\/span>\n\t\t\t\t<\/div>\n\t\t\t\t\t<\/div>\n\t\t<\/article>\n\t\t\t\t<article class=\"elementor-post elementor-grid-item post-7594 post type-post status-publish format-standard hentry category-vendime\">\n\t\t\t<div class=\"elementor-post__card\">\n\t\t\t\t<div class=\"elementor-post__text\">\n\t\t\t\t<h3 class=\"elementor-post__title\">\n\t\t\t<a href=\"https:\/\/erru.al\/an\/2025\/12\/16\/vendim-nr-33-date-14-11-2025-per-miratimin-e-modelit-dhe-udhezuesit-te-planit-te-biznesit-5-vjecar-per-shoqerite-ujesjelles-kanalizime\/\" >\n\t\t\t\tVendim Nr.33, dat\u00eb 14.11.2025 \u201cP\u00ebr miratimin e Modelit dhe Udh\u00ebzuesit t\u00eb Planit t\u00eb Biznesit 5-vje\u00e7ar p\u00ebr Shoq\u00ebrit\u00eb Uj\u00ebsjell\u00ebs Kanalizime\u201d\t\t\t<\/a>\n\t\t<\/h3>\n\t\t\t\t<div class=\"elementor-post__excerpt\">\n\t\t\t<p>Klikoni k\u00ebtu p\u00ebr t\u00eb par\u00eb dokumentin e plot\u00eb<\/p>\n\t\t<\/div>\n\t\t\t\t<\/div>\n\t\t\t\t<div class=\"elementor-post__meta-data\">\n\t\t\t\t\t<span class=\"elementor-post-date\">\n\t\t\t16 Dhjetor, 2025\t\t<\/span>\n\t\t\t\t<\/div>\n\t\t\t\t\t<\/div>\n\t\t<\/article>\n\t\t\t\t<article class=\"elementor-post elementor-grid-item post-7601 post type-post status-publish format-standard hentry category-vendime\">\n\t\t\t<div class=\"elementor-post__card\">\n\t\t\t\t<div class=\"elementor-post__text\">\n\t\t\t\t<h3 class=\"elementor-post__title\">\n\t\t\t<a href=\"https:\/\/erru.al\/an\/2025\/12\/15\/vendim-nr-36-date-20-11-2025-per-disa-ndryshime-ne-vendimin-e-komisionit-kombetar-rregullator-nr-6-date-22-02-2023-per-licencimin-e-shoqerise-rajonale-ujesjelles-kanalizime-durres\/\" >\n\t\t\t\tVendim Nr.36, dat\u00eb 20.11.2025 \u201cP\u00ebr disa ndryshime n\u00eb Vendimin e Komisionit Komb\u00ebtar Rregullator Nr. 6, dat\u00eb 22.02.2023 \u2018P\u00ebr Licencimin E Shoq\u00ebris\u00eb Rajonale Uj\u00ebsjell\u00ebs Kanalizime Durr\u00ebs sh.a\u2019, i ndryshuar\u201d\t\t\t<\/a>\n\t\t<\/h3>\n\t\t\t\t<div class=\"elementor-post__excerpt\">\n\t\t\t<p>Klikoni k\u00ebtu p\u00ebr t\u00eb par\u00eb dokumentin e plot\u00eb<\/p>\n\t\t<\/div>\n\t\t\t\t<\/div>\n\t\t\t\t<div class=\"elementor-post__meta-data\">\n\t\t\t\t\t<span class=\"elementor-post-date\">\n\t\t\t15 Dhjetor, 2025\t\t<\/span>\n\t\t\t\t<\/div>\n\t\t\t\t\t<\/div>\n\t\t<\/article>\n\t\t\t\t<\/div>\n\n\n\t\t\n\t\t\t\t\t\t<\/div>\n\t\t\t\t<\/div>\n\t\t\t\t\t<\/div>\n\t\t<\/div>\n\t\t\t\t\t<\/div>\n\t\t<\/section>\n\t\t\t\t<\/div>","protected":false},"excerpt":{"rendered":"","protected":false},"author":1,"featured_media":0,"parent":0,"menu_order":0,"comment_status":"closed","ping_status":"closed","template":"","meta":{"footnotes":""},"class_list":["post-4415","page","type-page","status-publish","hentry"],"_links":{"self":[{"href":"https:\/\/erru.al\/an\/wp-json\/wp\/v2\/pages\/4415","targetHints":{"allow":["GET"]}}],"collection":[{"href":"https:\/\/erru.al\/an\/wp-json\/wp\/v2\/pages"}],"about":[{"href":"https:\/\/erru.al\/an\/wp-json\/wp\/v2\/types\/page"}],"author":[{"embeddable":true,"href":"https:\/\/erru.al\/an\/wp-json\/wp\/v2\/users\/1"}],"replies":[{"embeddable":true,"href":"https:\/\/erru.al\/an\/wp-json\/wp\/v2\/comments?post=4415"}],"version-history":[{"count":14,"href":"https:\/\/erru.al\/an\/wp-json\/wp\/v2\/pages\/4415\/revisions"}],"predecessor-version":[{"id":4905,"href":"https:\/\/erru.al\/an\/wp-json\/wp\/v2\/pages\/4415\/revisions\/4905"}],"wp:attachment":[{"href":"https:\/\/erru.al\/an\/wp-json\/wp\/v2\/media?parent=4415"}],"curies":[{"name":"wp","href":"https:\/\/api.w.org\/{rel}","templated":true}]}}