{"id":4227,"date":"2022-12-14T14:02:35","date_gmt":"2022-12-14T14:02:35","guid":{"rendered":"https:\/\/erru.al\/?page_id=4227"},"modified":"2022-12-14T14:42:44","modified_gmt":"2022-12-14T14:42:44","slug":"zgjidhje-alternative-e-mosmarreveshjes","status":"publish","type":"page","link":"https:\/\/erru.al\/an\/zgjidhje-alternative-e-mosmarreveshjes\/","title":{"rendered":"Alternative dispute resolution"},"content":{"rendered":"<div data-elementor-type=\"wp-page\" data-elementor-id=\"4227\" class=\"elementor elementor-4227\">\n\t\t\t\t\t\t<section class=\"elementor-section elementor-top-section elementor-element elementor-element-f4e7a21 elementor-section-boxed elementor-section-height-default elementor-section-height-default\" data-id=\"f4e7a21\" data-element_type=\"section\">\n\t\t\t\t\t\t<div class=\"elementor-container elementor-column-gap-default\">\n\t\t\t\t\t<div class=\"elementor-column elementor-col-100 elementor-top-column elementor-element elementor-element-38d6244 ot-flex-column-vertical\" data-id=\"38d6244\" data-element_type=\"column\">\n\t\t\t<div class=\"elementor-widget-wrap\">\n\t\t\t\t\t\t\t<\/div>\n\t\t<\/div>\n\t\t\t\t\t<\/div>\n\t\t<\/section>\n\t\t\t\t<section class=\"elementor-section elementor-top-section elementor-element elementor-element-556faeb elementor-section-boxed elementor-section-height-default elementor-section-height-default\" data-id=\"556faeb\" data-element_type=\"section\">\n\t\t\t\t\t\t<div class=\"elementor-container elementor-column-gap-default\">\n\t\t\t\t\t<div class=\"elementor-column elementor-col-100 elementor-top-column elementor-element elementor-element-164bfa2 ot-flex-column-vertical\" data-id=\"164bfa2\" data-element_type=\"column\">\n\t\t\t<div class=\"elementor-widget-wrap elementor-element-populated\">\n\t\t\t\t\t\t<div class=\"elementor-element elementor-element-b8e8832 elementor-widget elementor-widget-text-editor\" data-id=\"b8e8832\" data-element_type=\"widget\" data-widget_type=\"text-editor.default\">\n\t\t\t\t<div class=\"elementor-widget-container\">\n\t\t\t\t\t\t\t\t\t<p class=\"translation-block\">Any consumer can submit a complaint to the Structure for Alternative Dispute Resolution (SZAM), to the Water Regulatory Authority, if he is of the opinion that the UK operator does not fulfill its legal and\/or contractual obligations.<\/p>\n<p class=\"translation-block\">Regulation on alternative dispute resolution procedures between the consumer and the water and sewerage operator from the alternative dispute resolution structure defines the procedure and mechanisms for the operation of the structure responsible for alternative dispute resolution (ADM) according to the provisions of Law No. 9902, dated 17.04.2008 \" For consumer protection\" amended and VKM No. 1089, dated 24.12.2020.<\/p>\t\t\t\t\t\t\t\t<\/div>\n\t\t\t\t<\/div>\n\t\t\t\t\t<\/div>\n\t\t<\/div>\n\t\t\t\t\t<\/div>\n\t\t<\/section>\n\t\t\t\t<section class=\"elementor-section elementor-top-section elementor-element elementor-element-eef1f4b elementor-section-boxed elementor-section-height-default elementor-section-height-default\" data-id=\"eef1f4b\" data-element_type=\"section\">\n\t\t\t\t\t\t<div class=\"elementor-container elementor-column-gap-default\">\n\t\t\t\t\t<div class=\"elementor-column elementor-col-100 elementor-top-column elementor-element elementor-element-a663b6f ot-flex-column-vertical\" data-id=\"a663b6f\" data-element_type=\"column\">\n\t\t\t<div class=\"elementor-widget-wrap elementor-element-populated\">\n\t\t\t\t\t\t<div class=\"elementor-element elementor-element-fb3e81f elementor-widget elementor-widget-spacer\" data-id=\"fb3e81f\" data-element_type=\"widget\" data-widget_type=\"spacer.default\">\n\t\t\t\t<div class=\"elementor-widget-container\">\n\t\t\t\t\t\t\t<div class=\"elementor-spacer\">\n\t\t\t<div class=\"elementor-spacer-inner\"><\/div>\n\t\t<\/div>\n\t\t\t\t\t\t<\/div>\n\t\t\t\t<\/div>\n\t\t\t\t\t<\/div>\n\t\t<\/div>\n\t\t\t\t\t<\/div>\n\t\t<\/section>\n\t\t\t\t<\/div>","protected":false},"excerpt":{"rendered":"<p>\u00c7do konsumator mund t\u00eb paraqes\u00eb nj\u00eb ankes\u00eb pran\u00eb Struktur\u00ebs p\u00ebr Zgjidhjen Alternative t\u00eb Mosmarr\u00ebveshjeve (SZAM), tek Enti Rregullator i Ujit, n\u00ebs\u00eb \u00ebsht\u00eb i mendimit q\u00eb operatori UK nuk p\u00ebrmbush detyrimet ligjore ose\/dhe kontraktuale. Rregullore p\u00ebr procedurat e zgjidhjes alternative t\u00eb mosmarr\u00ebveshjes midis konsumatorit dhe operatorit uj\u00ebsjell\u00ebs kanalizime nga struktura zgjidhjes alternative t\u00eb mosmarr\u00ebveshjes p\u00ebrcakton procedur\u00ebn [&hellip;]<\/p>\n","protected":false},"author":1,"featured_media":0,"parent":0,"menu_order":0,"comment_status":"closed","ping_status":"closed","template":"","meta":{"footnotes":""},"class_list":["post-4227","page","type-page","status-publish","hentry"],"_links":{"self":[{"href":"https:\/\/erru.al\/an\/wp-json\/wp\/v2\/pages\/4227","targetHints":{"allow":["GET"]}}],"collection":[{"href":"https:\/\/erru.al\/an\/wp-json\/wp\/v2\/pages"}],"about":[{"href":"https:\/\/erru.al\/an\/wp-json\/wp\/v2\/types\/page"}],"author":[{"embeddable":true,"href":"https:\/\/erru.al\/an\/wp-json\/wp\/v2\/users\/1"}],"replies":[{"embeddable":true,"href":"https:\/\/erru.al\/an\/wp-json\/wp\/v2\/comments?post=4227"}],"version-history":[{"count":14,"href":"https:\/\/erru.al\/an\/wp-json\/wp\/v2\/pages\/4227\/revisions"}],"predecessor-version":[{"id":4243,"href":"https:\/\/erru.al\/an\/wp-json\/wp\/v2\/pages\/4227\/revisions\/4243"}],"wp:attachment":[{"href":"https:\/\/erru.al\/an\/wp-json\/wp\/v2\/media?parent=4227"}],"curies":[{"name":"wp","href":"https:\/\/api.w.org\/{rel}","templated":true}]}}