{"id":3899,"date":"2022-10-24T06:35:47","date_gmt":"2022-10-24T06:35:47","guid":{"rendered":"https:\/\/erru.al\/?page_id=3899"},"modified":"2022-10-24T06:38:07","modified_gmt":"2022-10-24T06:38:07","slug":"fatime-imeraj","status":"publish","type":"page","link":"https:\/\/erru.al\/an\/fatime-imeraj\/","title":{"rendered":"Fatime Imeraj"},"content":{"rendered":"<div data-elementor-type=\"wp-page\" data-elementor-id=\"3899\" class=\"elementor elementor-3899\">\n\t\t\t\t\t\t<section class=\"elementor-section elementor-top-section elementor-element elementor-element-f33485e elementor-section-boxed elementor-section-height-default elementor-section-height-default\" data-id=\"f33485e\" data-element_type=\"section\">\n\t\t\t\t\t\t<div class=\"elementor-container elementor-column-gap-default\">\n\t\t\t\t\t<div class=\"elementor-column elementor-col-100 elementor-top-column elementor-element elementor-element-1dee6a5 ot-flex-column-vertical\" data-id=\"1dee6a5\" data-element_type=\"column\">\n\t\t\t<div class=\"elementor-widget-wrap\">\n\t\t\t\t\t\t\t<\/div>\n\t\t<\/div>\n\t\t\t\t\t<\/div>\n\t\t<\/section>\n\t\t\t\t<section class=\"elementor-section elementor-top-section elementor-element elementor-element-035e245 elementor-section-boxed elementor-section-height-default elementor-section-height-default\" data-id=\"035e245\" data-element_type=\"section\">\n\t\t\t\t\t\t<div class=\"elementor-container elementor-column-gap-default\">\n\t\t\t\t\t<div class=\"elementor-column elementor-col-50 elementor-top-column elementor-element elementor-element-16ed1c9 ot-flex-column-vertical\" data-id=\"16ed1c9\" data-element_type=\"column\">\n\t\t\t<div class=\"elementor-widget-wrap elementor-element-populated\">\n\t\t\t\t\t\t<div class=\"elementor-element elementor-element-382ae05 elementor-widget elementor-widget-image\" data-id=\"382ae05\" data-element_type=\"widget\" data-widget_type=\"image.default\">\n\t\t\t\t<div class=\"elementor-widget-container\">\n\t\t\t\t\t\t\t\t\t\t\t\t\t\t\t<img decoding=\"async\" width=\"160\" height=\"200\" src=\"https:\/\/erru.al\/wp-content\/uploads\/2022\/02\/20141126145052_staff.jpg\" class=\"attachment-large size-large wp-image-2724\" alt=\"\" srcset=\"https:\/\/erru.al\/wp-content\/uploads\/2022\/02\/20141126145052_staff.jpg 160w, https:\/\/erru.al\/wp-content\/uploads\/2022\/02\/20141126145052_staff-10x12.jpg 10w\" sizes=\"(max-width: 160px) 100vw, 160px\" \/>\t\t\t\t\t\t\t\t\t\t\t\t\t\t\t<\/div>\n\t\t\t\t<\/div>\n\t\t\t\t\t<\/div>\n\t\t<\/div>\n\t\t\t\t<div class=\"elementor-column elementor-col-50 elementor-top-column elementor-element elementor-element-9a73102 ot-flex-column-vertical\" data-id=\"9a73102\" data-element_type=\"column\">\n\t\t\t<div class=\"elementor-widget-wrap elementor-element-populated\">\n\t\t\t\t\t\t<div class=\"elementor-element elementor-element-334af16 elementor-widget elementor-widget-text-editor\" data-id=\"334af16\" data-element_type=\"widget\" data-widget_type=\"text-editor.default\">\n\t\t\t\t<div class=\"elementor-widget-container\">\n\t\t\t\t\t\t\t\t\t<p>Znj Fatime Imeraj \u00ebsht\u00eb em\u00ebruar n\u00eb pozicionin Sekretar i P\u00ebrgjithsh\u00ebm pran\u00eb Entit Rregullator t\u00eb Ujit n\u00eb dat\u00eb 05 Korrik 2022 pas nj\u00eb p\u00ebrvoje 8 (tet\u00eb) vje\u00e7are si An\u00ebtar i Komisionit Komb\u00ebtar Rregullator pran\u00eb ERRU.<br \/>Ajo \u00ebsht\u00eb diplomuar n\u00eb Universitetin e Prishtin\u00ebs (SHLT, Mitrovic\u00eb ) Dega Ing. Mekanike. Znj. Imeraj \u00ebsht\u00eb e diplomuar n\u00eb Shkencat Juridike pran\u00eb Universitetit Nd\u00ebrkomb\u00ebtar n\u00eb Strug\u00eb-Maqedoni. Ajo ka p\u00ebrfunduar studimet Master n\u00eb Shkenca Politike dhe Administrative me profil Administrat\u00eb Publike dhe aktualisht mban titullin Master i Shkencave n\u00eb Shkenca Politike pran\u00eb ShLP Mesdhetar e Shqip\u00ebris\u00eb. Znj. Imeraj ka mbi 20 vjet p\u00ebrvoje pune si n\u00eb sektorin publik ashtu edhe n\u00eb at\u00eb privat. Ka kryer kualifikime t\u00eb shumta brenda e jasht\u00eb vendit p\u00ebr \u00e7\u00ebshtje t\u00eb ndryshme t\u00eb sektorit publik. Ka punuar n\u00eb projekte t\u00eb ndryshme me donator\u00eb t\u00eb huaj si Banka Bot\u00ebrore,\u00a0UNEP\u00a0etj.<\/p>\t\t\t\t\t\t\t\t<\/div>\n\t\t\t\t<\/div>\n\t\t\t\t\t<\/div>\n\t\t<\/div>\n\t\t\t\t\t<\/div>\n\t\t<\/section>\n\t\t\t\t<section class=\"elementor-section elementor-top-section elementor-element elementor-element-2b1afae elementor-section-boxed elementor-section-height-default elementor-section-height-default\" data-id=\"2b1afae\" data-element_type=\"section\">\n\t\t\t\t\t\t<div class=\"elementor-container elementor-column-gap-default\">\n\t\t\t\t\t<div class=\"elementor-column elementor-col-100 elementor-top-column elementor-element elementor-element-5826391 ot-flex-column-vertical\" data-id=\"5826391\" data-element_type=\"column\">\n\t\t\t<div class=\"elementor-widget-wrap\">\n\t\t\t\t\t\t\t<\/div>\n\t\t<\/div>\n\t\t\t\t\t<\/div>\n\t\t<\/section>\n\t\t\t\t<\/div>","protected":false},"excerpt":{"rendered":"<p>Znj Fatime Imeraj \u00ebsht\u00eb em\u00ebruar n\u00eb pozicionin Sekretar i P\u00ebrgjithsh\u00ebm pran\u00eb Entit Rregullator t\u00eb Ujit n\u00eb dat\u00eb 05 Korrik 2022 pas nj\u00eb p\u00ebrvoje 8 (tet\u00eb) vje\u00e7are si An\u00ebtar i Komisionit Komb\u00ebtar Rregullator pran\u00eb ERRU.Ajo \u00ebsht\u00eb diplomuar n\u00eb Universitetin e Prishtin\u00ebs (SHLT, Mitrovic\u00eb ) Dega Ing. Mekanike. Znj. Imeraj \u00ebsht\u00eb e diplomuar n\u00eb Shkencat Juridike pran\u00eb [&hellip;]<\/p>\n","protected":false},"author":1,"featured_media":0,"parent":0,"menu_order":0,"comment_status":"closed","ping_status":"closed","template":"","meta":{"footnotes":""},"class_list":["post-3899","page","type-page","status-publish","hentry"],"_links":{"self":[{"href":"https:\/\/erru.al\/an\/wp-json\/wp\/v2\/pages\/3899","targetHints":{"allow":["GET"]}}],"collection":[{"href":"https:\/\/erru.al\/an\/wp-json\/wp\/v2\/pages"}],"about":[{"href":"https:\/\/erru.al\/an\/wp-json\/wp\/v2\/types\/page"}],"author":[{"embeddable":true,"href":"https:\/\/erru.al\/an\/wp-json\/wp\/v2\/users\/1"}],"replies":[{"embeddable":true,"href":"https:\/\/erru.al\/an\/wp-json\/wp\/v2\/comments?post=3899"}],"version-history":[{"count":7,"href":"https:\/\/erru.al\/an\/wp-json\/wp\/v2\/pages\/3899\/revisions"}],"predecessor-version":[{"id":3907,"href":"https:\/\/erru.al\/an\/wp-json\/wp\/v2\/pages\/3899\/revisions\/3907"}],"wp:attachment":[{"href":"https:\/\/erru.al\/an\/wp-json\/wp\/v2\/media?parent=3899"}],"curies":[{"name":"wp","href":"https:\/\/api.w.org\/{rel}","templated":true}]}}