{"id":3887,"date":"2022-10-24T06:31:57","date_gmt":"2022-10-24T06:31:57","guid":{"rendered":"https:\/\/erru.al\/?page_id=3887"},"modified":"2022-12-27T08:45:22","modified_gmt":"2022-12-27T08:45:22","slug":"genci-gjeci","status":"publish","type":"page","link":"https:\/\/erru.al\/an\/genci-gjeci\/","title":{"rendered":"Genci Gjeci"},"content":{"rendered":"<div data-elementor-type=\"wp-page\" data-elementor-id=\"3887\" class=\"elementor elementor-3887\">\n\t\t\t\t\t\t<section class=\"elementor-section elementor-top-section elementor-element elementor-element-82513f2 elementor-section-boxed elementor-section-height-default elementor-section-height-default\" data-id=\"82513f2\" data-element_type=\"section\">\n\t\t\t\t\t\t<div class=\"elementor-container elementor-column-gap-default\">\n\t\t\t\t\t<div class=\"elementor-column elementor-col-100 elementor-top-column elementor-element elementor-element-02afaee ot-flex-column-vertical\" data-id=\"02afaee\" data-element_type=\"column\">\n\t\t\t<div class=\"elementor-widget-wrap\">\n\t\t\t\t\t\t\t<\/div>\n\t\t<\/div>\n\t\t\t\t\t<\/div>\n\t\t<\/section>\n\t\t\t\t<section class=\"elementor-section elementor-top-section elementor-element elementor-element-febad5f elementor-section-boxed elementor-section-height-default elementor-section-height-default\" data-id=\"febad5f\" data-element_type=\"section\">\n\t\t\t\t\t\t<div class=\"elementor-container elementor-column-gap-default\">\n\t\t\t\t\t<div class=\"elementor-column elementor-col-50 elementor-top-column elementor-element elementor-element-76ed32a ot-flex-column-vertical\" data-id=\"76ed32a\" data-element_type=\"column\">\n\t\t\t<div class=\"elementor-widget-wrap elementor-element-populated\">\n\t\t\t\t\t\t<div class=\"elementor-element elementor-element-7e08bf2 elementor-widget elementor-widget-image\" data-id=\"7e08bf2\" data-element_type=\"widget\" data-widget_type=\"image.default\">\n\t\t\t\t<div class=\"elementor-widget-container\">\n\t\t\t\t\t\t\t\t\t\t\t\t\t\t\t<img fetchpriority=\"high\" decoding=\"async\" width=\"251\" height=\"256\" src=\"https:\/\/erru.al\/wp-content\/uploads\/2022\/10\/sff-251x300-Edited.png\" class=\"attachment-large size-large wp-image-3825\" alt=\"\" srcset=\"https:\/\/erru.al\/wp-content\/uploads\/2022\/10\/sff-251x300-Edited.png 251w, https:\/\/erru.al\/wp-content\/uploads\/2022\/10\/sff-251x300-Edited-12x12.png 12w\" sizes=\"(max-width: 251px) 100vw, 251px\" \/>\t\t\t\t\t\t\t\t\t\t\t\t\t\t\t<\/div>\n\t\t\t\t<\/div>\n\t\t\t\t\t<\/div>\n\t\t<\/div>\n\t\t\t\t<div class=\"elementor-column elementor-col-50 elementor-top-column elementor-element elementor-element-895cb83 ot-flex-column-vertical\" data-id=\"895cb83\" data-element_type=\"column\">\n\t\t\t<div class=\"elementor-widget-wrap elementor-element-populated\">\n\t\t\t\t\t\t<div class=\"elementor-element elementor-element-a1a1110 elementor-widget elementor-widget-text-editor\" data-id=\"a1a1110\" data-element_type=\"widget\" data-widget_type=\"text-editor.default\">\n\t\t\t\t<div class=\"elementor-widget-container\">\n\t\t\t\t\t\t\t\t\t<p>Mr. Genci Gjeci was appointed a Member of the National Regulatory Commission of the Water Regulatory Body in Albania, on May 26, 2022. He graduated in 1987 from the University of Tirana, Faculty of Civil Engineering, Hydrotechnical branch. In the years 1990-1993, he completed advanced studies at the \"Carolo Wilhelmina\" Technical University, in Braunschweig, Germany, where he obtained an engineer's degree and a master's degree in advanced studies in the field of hydrotechnical works. For a period of 3 years he worked in Germany as an engineer in the field of water supply, sewage and gas pipelines. Mr. Gjeci has several years of experience as an advisor of foreign projects in the Ministry of Infrastructure, director of the project implementation unit, financed by the World Bank and other donors. In addition, he has also worked in the position of coordinator of the German Development Bank (KfW) for water supply and sewerage projects, as well as technical director in the construction works of the Ashta Hydropower Plant, financed by the Austrian government. Mr. Gjeci has long experience in the private sector, contributing to the design and implementation of hydrotechnical works.<\/p>\t\t\t\t\t\t\t\t<\/div>\n\t\t\t\t<\/div>\n\t\t\t\t\t<\/div>\n\t\t<\/div>\n\t\t\t\t\t<\/div>\n\t\t<\/section>\n\t\t\t\t<section class=\"elementor-section elementor-top-section elementor-element elementor-element-9c45d57 elementor-section-boxed elementor-section-height-default elementor-section-height-default\" data-id=\"9c45d57\" data-element_type=\"section\">\n\t\t\t\t\t\t<div class=\"elementor-container elementor-column-gap-default\">\n\t\t\t\t\t<div class=\"elementor-column elementor-col-100 elementor-top-column elementor-element elementor-element-e674f80 ot-flex-column-vertical\" data-id=\"e674f80\" data-element_type=\"column\">\n\t\t\t<div class=\"elementor-widget-wrap\">\n\t\t\t\t\t\t\t<\/div>\n\t\t<\/div>\n\t\t\t\t\t<\/div>\n\t\t<\/section>\n\t\t\t\t<\/div>","protected":false},"excerpt":{"rendered":"<p>Z. Genci Gjeci \u00ebsht\u00eb em\u00ebruar An\u00ebtar i Komisionit Komb\u00ebtar Rregullator t\u00eb Entit Rregullator t\u00eb Ujit n\u00eb Shqip\u00ebri, n\u00eb 26 Maj 2022. Ai \u00ebsht\u00eb diplomuar n\u00eb vitin 1987 n\u00eb Universitetin e Tiran\u00ebs, Fakulteti i Inxhinieris\u00eb s\u00eb Nd\u00ebrtimit, dega Hidroteknik\u00eb. N\u00eb vitet 1990-1993 ka kryer studimet e thelluara n\u00eb Universitetin Teknik \u201cCarolo Wilhelmina\u201d, n\u00eb Braunschweig, Gjermani ku [&hellip;]<\/p>\n","protected":false},"author":1,"featured_media":0,"parent":0,"menu_order":0,"comment_status":"closed","ping_status":"closed","template":"","meta":{"footnotes":""},"class_list":["post-3887","page","type-page","status-publish","hentry"],"_links":{"self":[{"href":"https:\/\/erru.al\/an\/wp-json\/wp\/v2\/pages\/3887","targetHints":{"allow":["GET"]}}],"collection":[{"href":"https:\/\/erru.al\/an\/wp-json\/wp\/v2\/pages"}],"about":[{"href":"https:\/\/erru.al\/an\/wp-json\/wp\/v2\/types\/page"}],"author":[{"embeddable":true,"href":"https:\/\/erru.al\/an\/wp-json\/wp\/v2\/users\/1"}],"replies":[{"embeddable":true,"href":"https:\/\/erru.al\/an\/wp-json\/wp\/v2\/comments?post=3887"}],"version-history":[{"count":10,"href":"https:\/\/erru.al\/an\/wp-json\/wp\/v2\/pages\/3887\/revisions"}],"predecessor-version":[{"id":4449,"href":"https:\/\/erru.al\/an\/wp-json\/wp\/v2\/pages\/3887\/revisions\/4449"}],"wp:attachment":[{"href":"https:\/\/erru.al\/an\/wp-json\/wp\/v2\/media?parent=3887"}],"curies":[{"name":"wp","href":"https:\/\/api.w.org\/{rel}","templated":true}]}}