{"id":3875,"date":"2022-10-24T06:28:37","date_gmt":"2022-10-24T06:28:37","guid":{"rendered":"https:\/\/erru.al\/?page_id=3875"},"modified":"2022-12-27T08:44:31","modified_gmt":"2022-12-27T08:44:31","slug":"evis-shurdha","status":"publish","type":"page","link":"https:\/\/erru.al\/an\/evis-shurdha\/","title":{"rendered":"Evis Shurdha"},"content":{"rendered":"<div data-elementor-type=\"wp-page\" data-elementor-id=\"3875\" class=\"elementor elementor-3875\">\n\t\t\t\t\t\t<section class=\"elementor-section elementor-top-section elementor-element elementor-element-d202ae7 elementor-section-boxed elementor-section-height-default elementor-section-height-default\" data-id=\"d202ae7\" data-element_type=\"section\">\n\t\t\t\t\t\t<div class=\"elementor-container elementor-column-gap-default\">\n\t\t\t\t\t<div class=\"elementor-column elementor-col-100 elementor-top-column elementor-element elementor-element-0d8bf25 ot-flex-column-vertical\" data-id=\"0d8bf25\" data-element_type=\"column\">\n\t\t\t<div class=\"elementor-widget-wrap\">\n\t\t\t\t\t\t\t<\/div>\n\t\t<\/div>\n\t\t\t\t\t<\/div>\n\t\t<\/section>\n\t\t\t\t<section class=\"elementor-section elementor-top-section elementor-element elementor-element-0f750f3 elementor-section-boxed elementor-section-height-default elementor-section-height-default\" data-id=\"0f750f3\" data-element_type=\"section\">\n\t\t\t\t\t\t<div class=\"elementor-container elementor-column-gap-default\">\n\t\t\t\t\t<div class=\"elementor-column elementor-col-50 elementor-top-column elementor-element elementor-element-11ccae5 ot-flex-column-vertical\" data-id=\"11ccae5\" data-element_type=\"column\">\n\t\t\t<div class=\"elementor-widget-wrap elementor-element-populated\">\n\t\t\t\t\t\t<div class=\"elementor-element elementor-element-cf30e1b elementor-widget elementor-widget-image\" data-id=\"cf30e1b\" data-element_type=\"widget\" data-widget_type=\"image.default\">\n\t\t\t\t<div class=\"elementor-widget-container\">\n\t\t\t\t\t\t\t\t\t\t\t\t\t\t\t<img fetchpriority=\"high\" decoding=\"async\" width=\"1009\" height=\"1030\" src=\"https:\/\/erru.al\/wp-content\/uploads\/2022\/02\/foto_Evis_Shurdha-1009x1030.jpg\" class=\"attachment-large size-large wp-image-2725\" alt=\"\" srcset=\"https:\/\/erru.al\/wp-content\/uploads\/2022\/02\/foto_Evis_Shurdha-1009x1030.jpg 1009w, https:\/\/erru.al\/wp-content\/uploads\/2022\/02\/foto_Evis_Shurdha-294x300.jpg 294w, https:\/\/erru.al\/wp-content\/uploads\/2022\/02\/foto_Evis_Shurdha-768x784.jpg 768w, https:\/\/erru.al\/wp-content\/uploads\/2022\/02\/foto_Evis_Shurdha-1505x1536.jpg 1505w, https:\/\/erru.al\/wp-content\/uploads\/2022\/02\/foto_Evis_Shurdha-12x12.jpg 12w, https:\/\/erru.al\/wp-content\/uploads\/2022\/02\/foto_Evis_Shurdha.jpg 1761w\" sizes=\"(max-width: 1009px) 100vw, 1009px\" \/>\t\t\t\t\t\t\t\t\t\t\t\t\t\t\t<\/div>\n\t\t\t\t<\/div>\n\t\t\t\t\t<\/div>\n\t\t<\/div>\n\t\t\t\t<div class=\"elementor-column elementor-col-50 elementor-top-column elementor-element elementor-element-3ceaa03 ot-flex-column-vertical\" data-id=\"3ceaa03\" data-element_type=\"column\">\n\t\t\t<div class=\"elementor-widget-wrap elementor-element-populated\">\n\t\t\t\t\t\t<div class=\"elementor-element elementor-element-c8b5afd elementor-widget elementor-widget-text-editor\" data-id=\"c8b5afd\" data-element_type=\"widget\" data-widget_type=\"text-editor.default\">\n\t\t\t\t<div class=\"elementor-widget-container\">\n\t\t\t\t\t\t\t\t\t<p>Znj. Evis Shurdha \u00ebsht\u00eb em\u00ebruar An\u00ebtare e Komisionit Komb\u00ebtar Rregullator t\u00eb Entit Rregullator t\u00eb Ujit n\u00eb Shqip\u00ebri n\u00eb 14 prill 2021. Ajo \u00ebsht\u00eb diplomuar n\u00eb Drejt\u00ebsi dhe Shkenca Politike. Ka p\u00ebrfunduar studimet Master i Shkencave n\u00eb t\u00eb Drejt\u00eb Private, pran\u00eb Universitetit Europian t\u00eb Tiran\u00ebs si dhe Master Profesional n\u00eb Qeverisje t\u00eb Korporatave, n\u00eb Fakultetin Ekonomik, t\u00eb po k\u00ebtij universiteti. Ka eksperienc\u00eb shum\u00eb vje\u00e7are n\u00eb sektorin privat dhe publik. N\u00eb sektorin publik ka mbajtur pozicione t\u00eb r\u00ebnd\u00ebsishme si Drejtore e Departamentit t\u00eb Administrat\u00ebs n\u00eb Kryeministri dhe Kryetare e Komisionit t\u00eb Prokurimit Publik. Ka kryer kualifikime t\u00eb shumta brenda dhe jasht\u00eb vendit n\u00eb \u00e7\u00ebshtje t\u00eb ndryshme t\u00eb mir\u00eb administrimit t\u00eb sektorit publik.<\/p>\t\t\t\t\t\t\t\t<\/div>\n\t\t\t\t<\/div>\n\t\t\t\t\t<\/div>\n\t\t<\/div>\n\t\t\t\t\t<\/div>\n\t\t<\/section>\n\t\t\t\t<section class=\"elementor-section elementor-top-section elementor-element elementor-element-2cef405 elementor-section-boxed elementor-section-height-default elementor-section-height-default\" data-id=\"2cef405\" data-element_type=\"section\">\n\t\t\t\t\t\t<div class=\"elementor-container elementor-column-gap-default\">\n\t\t\t\t\t<div class=\"elementor-column elementor-col-100 elementor-top-column elementor-element elementor-element-ef1c139 ot-flex-column-vertical\" data-id=\"ef1c139\" data-element_type=\"column\">\n\t\t\t<div class=\"elementor-widget-wrap\">\n\t\t\t\t\t\t\t<\/div>\n\t\t<\/div>\n\t\t\t\t\t<\/div>\n\t\t<\/section>\n\t\t\t\t<\/div>","protected":false},"excerpt":{"rendered":"<p>Znj. Evis Shurdha \u00ebsht\u00eb em\u00ebruar An\u00ebtare e Komisionit Komb\u00ebtar Rregullator t\u00eb Entit Rregullator t\u00eb Ujit n\u00eb Shqip\u00ebri n\u00eb 14 prill 2021. Ajo \u00ebsht\u00eb diplomuar n\u00eb Drejt\u00ebsi dhe Shkenca Politike. Ka p\u00ebrfunduar studimet Master i Shkencave n\u00eb t\u00eb Drejt\u00eb Private, pran\u00eb Universitetit Europian t\u00eb Tiran\u00ebs si dhe Master Profesional n\u00eb Qeverisje t\u00eb Korporatave, n\u00eb Fakultetin Ekonomik, [&hellip;]<\/p>\n","protected":false},"author":1,"featured_media":0,"parent":0,"menu_order":0,"comment_status":"closed","ping_status":"closed","template":"","meta":{"footnotes":""},"class_list":["post-3875","page","type-page","status-publish","hentry"],"_links":{"self":[{"href":"https:\/\/erru.al\/an\/wp-json\/wp\/v2\/pages\/3875","targetHints":{"allow":["GET"]}}],"collection":[{"href":"https:\/\/erru.al\/an\/wp-json\/wp\/v2\/pages"}],"about":[{"href":"https:\/\/erru.al\/an\/wp-json\/wp\/v2\/types\/page"}],"author":[{"embeddable":true,"href":"https:\/\/erru.al\/an\/wp-json\/wp\/v2\/users\/1"}],"replies":[{"embeddable":true,"href":"https:\/\/erru.al\/an\/wp-json\/wp\/v2\/comments?post=3875"}],"version-history":[{"count":10,"href":"https:\/\/erru.al\/an\/wp-json\/wp\/v2\/pages\/3875\/revisions"}],"predecessor-version":[{"id":4446,"href":"https:\/\/erru.al\/an\/wp-json\/wp\/v2\/pages\/3875\/revisions\/4446"}],"wp:attachment":[{"href":"https:\/\/erru.al\/an\/wp-json\/wp\/v2\/media?parent=3875"}],"curies":[{"name":"wp","href":"https:\/\/api.w.org\/{rel}","templated":true}]}}