{"id":3858,"date":"2022-10-24T06:22:54","date_gmt":"2022-10-24T06:22:54","guid":{"rendered":"https:\/\/erru.al\/?page_id=3858"},"modified":"2022-10-24T06:24:37","modified_gmt":"2022-10-24T06:24:37","slug":"ndricim-shani","status":"publish","type":"page","link":"https:\/\/erru.al\/an\/ndricim-shani\/","title":{"rendered":"Ndricim Shani"},"content":{"rendered":"<div data-elementor-type=\"wp-page\" data-elementor-id=\"3858\" class=\"elementor elementor-3858\">\n\t\t\t\t\t\t<section class=\"elementor-section elementor-top-section elementor-element elementor-element-8c66e9d elementor-section-boxed elementor-section-height-default elementor-section-height-default\" data-id=\"8c66e9d\" data-element_type=\"section\">\n\t\t\t\t\t\t<div class=\"elementor-container elementor-column-gap-default\">\n\t\t\t\t\t<div class=\"elementor-column elementor-col-100 elementor-top-column elementor-element elementor-element-5833380 ot-flex-column-vertical\" data-id=\"5833380\" data-element_type=\"column\">\n\t\t\t<div class=\"elementor-widget-wrap\">\n\t\t\t\t\t\t\t<\/div>\n\t\t<\/div>\n\t\t\t\t\t<\/div>\n\t\t<\/section>\n\t\t\t\t<section class=\"elementor-section elementor-top-section elementor-element elementor-element-40cd663 elementor-section-boxed elementor-section-height-default elementor-section-height-default\" data-id=\"40cd663\" data-element_type=\"section\">\n\t\t\t\t\t\t<div class=\"elementor-container elementor-column-gap-default\">\n\t\t\t\t\t<div class=\"elementor-column elementor-col-50 elementor-top-column elementor-element elementor-element-d379a69 ot-flex-column-vertical\" data-id=\"d379a69\" data-element_type=\"column\">\n\t\t\t<div class=\"elementor-widget-wrap elementor-element-populated\">\n\t\t\t\t\t\t<div class=\"elementor-element elementor-element-a031d30 elementor-widget elementor-widget-image\" data-id=\"a031d30\" data-element_type=\"widget\" data-widget_type=\"image.default\">\n\t\t\t\t<div class=\"elementor-widget-container\">\n\t\t\t\t\t\t\t\t\t\t\t\t\t\t\t<img decoding=\"async\" width=\"160\" height=\"200\" src=\"https:\/\/erru.al\/wp-content\/uploads\/2022\/02\/20180104133722_staff.jpg\" class=\"attachment-large size-large wp-image-2723\" alt=\"\" srcset=\"https:\/\/erru.al\/wp-content\/uploads\/2022\/02\/20180104133722_staff.jpg 160w, https:\/\/erru.al\/wp-content\/uploads\/2022\/02\/20180104133722_staff-10x12.jpg 10w\" sizes=\"(max-width: 160px) 100vw, 160px\" \/>\t\t\t\t\t\t\t\t\t\t\t\t\t\t\t<\/div>\n\t\t\t\t<\/div>\n\t\t\t\t\t<\/div>\n\t\t<\/div>\n\t\t\t\t<div class=\"elementor-column elementor-col-50 elementor-top-column elementor-element elementor-element-51e079b ot-flex-column-vertical\" data-id=\"51e079b\" data-element_type=\"column\">\n\t\t\t<div class=\"elementor-widget-wrap elementor-element-populated\">\n\t\t\t\t\t\t<div class=\"elementor-element elementor-element-cb4872c elementor-widget elementor-widget-text-editor\" data-id=\"cb4872c\" data-element_type=\"widget\" data-widget_type=\"text-editor.default\">\n\t\t\t\t<div class=\"elementor-widget-container\">\n\t\t\t\t\t\t\t\t\t<p>Z. Ndri\u00e7im Shani \u00ebsht\u00eb em\u00ebruar Kryetari i Komisionit Komb\u00ebtar Rregullator t\u00eb Entit Rregullator t\u00eb Ujit n\u00eb Shqip\u00ebri n\u00eb maj 2016. Ai \u00ebsht\u00eb diplomuar m\u00eb 1982 n\u00eb Universitetin e Tiran\u00ebs, Fakulteti i Inxhinieris\u00eb s\u00eb Nd\u00ebrtimit, dega Hidroteknike. N\u00eb vitin 1991 merr titullin \u201cMaster n\u00eb hidrologji, analiza, cil\u00ebsia dhe trajtimi i uj\u00ebrave\u201d n\u00eb Universitetin e Montpellier II, Franc\u00eb. Ai ka nj\u00eb eksperienc\u00eb mbi 34 vje\u00e7are n\u00eb fush\u00ebn e furnizimit me uj\u00eb, kanalizimeve dhe t\u00eb ambientit, si lektor n\u00eb universitet dhe senior inxhinier projektues. Z. Shani ka nj\u00eb eksperienc\u00eb t\u00eb thell\u00eb n\u00eb sektorin privat dhe publik n\u00eb b\u00ebrjen e politikave publike n\u00eb nivelin e Qeverisjes Komb\u00ebtare, si dhe n\u00eb planifikimin dhe menaxhimin e projekteve t\u00eb furnizimit me uj\u00eb, kanalizimeve dhe mjedisore n\u00eb shkall\u00eb t\u00eb madhe t\u00eb financuara nga donator\u00ebt e huaj dhe Qeveria Shqiptare. Zot\u00ebron tre gjuh\u00eb t\u00eb huaja dhe ka kryer disa kualifikime kryesisht afatgjata jasht\u00eb vendit. Ai \u00ebsht\u00eb autor i disa teksteve dhe manualeve t\u00eb ndryshme n\u00eb fush\u00ebn e ujit.<\/p>\t\t\t\t\t\t\t\t<\/div>\n\t\t\t\t<\/div>\n\t\t\t\t\t<\/div>\n\t\t<\/div>\n\t\t\t\t\t<\/div>\n\t\t<\/section>\n\t\t\t\t<section class=\"elementor-section elementor-top-section elementor-element elementor-element-358a4ef elementor-section-boxed elementor-section-height-default elementor-section-height-default\" data-id=\"358a4ef\" data-element_type=\"section\">\n\t\t\t\t\t\t<div class=\"elementor-container elementor-column-gap-default\">\n\t\t\t\t\t<div class=\"elementor-column elementor-col-100 elementor-top-column elementor-element elementor-element-5c35050 ot-flex-column-vertical\" data-id=\"5c35050\" data-element_type=\"column\">\n\t\t\t<div class=\"elementor-widget-wrap\">\n\t\t\t\t\t\t\t<\/div>\n\t\t<\/div>\n\t\t\t\t\t<\/div>\n\t\t<\/section>\n\t\t\t\t<\/div>","protected":false},"excerpt":{"rendered":"<p>Z. Ndri\u00e7im Shani \u00ebsht\u00eb em\u00ebruar Kryetari i Komisionit Komb\u00ebtar Rregullator t\u00eb Entit Rregullator t\u00eb Ujit n\u00eb Shqip\u00ebri n\u00eb maj 2016. Ai \u00ebsht\u00eb diplomuar m\u00eb 1982 n\u00eb Universitetin e Tiran\u00ebs, Fakulteti i Inxhinieris\u00eb s\u00eb Nd\u00ebrtimit, dega Hidroteknike. N\u00eb vitin 1991 merr titullin \u201cMaster n\u00eb hidrologji, analiza, cil\u00ebsia dhe trajtimi i uj\u00ebrave\u201d n\u00eb Universitetin e Montpellier II, [&hellip;]<\/p>\n","protected":false},"author":1,"featured_media":0,"parent":0,"menu_order":0,"comment_status":"closed","ping_status":"closed","template":"","meta":{"footnotes":""},"class_list":["post-3858","page","type-page","status-publish","hentry"],"_links":{"self":[{"href":"https:\/\/erru.al\/an\/wp-json\/wp\/v2\/pages\/3858","targetHints":{"allow":["GET"]}}],"collection":[{"href":"https:\/\/erru.al\/an\/wp-json\/wp\/v2\/pages"}],"about":[{"href":"https:\/\/erru.al\/an\/wp-json\/wp\/v2\/types\/page"}],"author":[{"embeddable":true,"href":"https:\/\/erru.al\/an\/wp-json\/wp\/v2\/users\/1"}],"replies":[{"embeddable":true,"href":"https:\/\/erru.al\/an\/wp-json\/wp\/v2\/comments?post=3858"}],"version-history":[{"count":7,"href":"https:\/\/erru.al\/an\/wp-json\/wp\/v2\/pages\/3858\/revisions"}],"predecessor-version":[{"id":3865,"href":"https:\/\/erru.al\/an\/wp-json\/wp\/v2\/pages\/3858\/revisions\/3865"}],"wp:attachment":[{"href":"https:\/\/erru.al\/an\/wp-json\/wp\/v2\/media?parent=3858"}],"curies":[{"name":"wp","href":"https:\/\/api.w.org\/{rel}","templated":true}]}}