{"id":3646,"date":"2022-09-23T11:43:17","date_gmt":"2022-09-23T11:43:17","guid":{"rendered":"https:\/\/erru.al\/?page_id=3646"},"modified":"2024-05-27T08:24:20","modified_gmt":"2024-05-27T08:24:20","slug":"analiza","status":"publish","type":"page","link":"https:\/\/erru.al\/an\/analiza\/","title":{"rendered":"Analysis"},"content":{"rendered":"<div data-elementor-type=\"wp-page\" data-elementor-id=\"3646\" class=\"elementor elementor-3646\">\n\t\t\t\t\t\t<section class=\"elementor-section elementor-top-section elementor-element elementor-element-13ed241 elementor-section-boxed elementor-section-height-default elementor-section-height-default\" data-id=\"13ed241\" data-element_type=\"section\">\n\t\t\t\t\t\t<div class=\"elementor-container elementor-column-gap-default\">\n\t\t\t\t\t<div class=\"elementor-column elementor-col-100 elementor-top-column elementor-element elementor-element-04cd23e ot-flex-column-vertical\" data-id=\"04cd23e\" data-element_type=\"column\">\n\t\t\t<div class=\"elementor-widget-wrap\">\n\t\t\t\t\t\t\t<\/div>\n\t\t<\/div>\n\t\t\t\t\t<\/div>\n\t\t<\/section>\n\t\t\t\t<section class=\"elementor-section elementor-top-section elementor-element elementor-element-6eedfec elementor-section-boxed elementor-section-height-default elementor-section-height-default\" data-id=\"6eedfec\" data-element_type=\"section\">\n\t\t\t\t\t\t<div class=\"elementor-container elementor-column-gap-default\">\n\t\t\t\t\t<div class=\"elementor-column elementor-col-100 elementor-top-column elementor-element elementor-element-2c37c43 ot-flex-column-vertical\" data-id=\"2c37c43\" data-element_type=\"column\">\n\t\t\t<div class=\"elementor-widget-wrap elementor-element-populated\">\n\t\t\t\t\t\t<div class=\"elementor-element elementor-element-fcdc520 elementor-widget elementor-widget-text-editor\" data-id=\"fcdc520\" data-element_type=\"widget\" data-widget_type=\"text-editor.default\">\n\t\t\t\t<div class=\"elementor-widget-container\">\n\t\t\t\t\t\t\t\t\t<ul><li><a href=\"https:\/\/www.erru.al\/doc\/Artikull_janar_2018.pdf\" target=\"_blank\" rel=\"noopener\">Tirana, The price that must be paid to have water supply 24 hours\/day<\/a><\/li><li><a href=\"https:\/\/www.erru.al\/doc\/Artikull_dhjetor_2017.pdf\" target=\"_blank\" rel=\"noopener\">Cost and Affordability of Wastewater Removal and Treatment Services<\/a><\/li><li><a href=\"https:\/\/www.erru.al\/doc\/Artikull_gusht_2017.pdf\" target=\"_blank\" rel=\"noopener\">Should Water Price Increases Proposed by UK Utilities Be Prejudiced?<\/a><\/li><li><a href=\"https:\/\/www.erru.al\/doc\/The_Role_of_Economic_Regulator_in_the_Water_and_Wastewater_Sector.pdf\" target=\"_blank\" rel=\"noopener\">The role of the Economic Regulator in the UK Sector in Albania<br \/><\/a><\/li><li><a href=\"https:\/\/www.erru.al\/doc\/Alternativat_e_agregimit_Eng.pdf\" target=\"_blank\" rel=\"noopener\">Alternatives to the aggregation of the water and sewerage sector<\/a><\/li><li><a href=\"https:\/\/erru.al\/wp-content\/uploads\/2023\/10\/Tarif-setting-principles-Analiza-Shani.pdf\">Tariff Setting Principles in Europe and Albania\u00a0<\/a><\/li><li><a href=\"https:\/\/shukalb.al\/?p=7484&amp;lang=en\">Asset Depreciation in Water Tariff Calculations: A Case Study from Albania<\/a><\/li><li><a href=\"https:\/\/erru.al\/wp-content\/uploads\/2024\/02\/Eng_Artikulli-i-Digitalizimit__7.2.2024-revised-Shani.pdf\">Digital Transformation in the Water Supply and Sewerage Sector<\/a><\/li><li><a href=\"https:\/\/erru.al\/wp-content\/uploads\/2024\/05\/Artikulli-Menaxhimi-i-Burimeve-Ujore_Eng.pdf\">Water Resources Sustainable Management\nand the Role of Water Regulatory Authority<\/a><\/li><\/ul>\t\t\t\t\t\t\t\t<\/div>\n\t\t\t\t<\/div>\n\t\t\t\t\t<\/div>\n\t\t<\/div>\n\t\t\t\t\t<\/div>\n\t\t<\/section>\n\t\t\t\t<section class=\"elementor-section elementor-top-section elementor-element elementor-element-b8ae556 elementor-section-boxed elementor-section-height-default elementor-section-height-default\" data-id=\"b8ae556\" data-element_type=\"section\">\n\t\t\t\t\t\t<div class=\"elementor-container elementor-column-gap-default\">\n\t\t\t\t\t<div class=\"elementor-column elementor-col-100 elementor-top-column elementor-element elementor-element-84f7eb3 ot-flex-column-vertical\" data-id=\"84f7eb3\" data-element_type=\"column\">\n\t\t\t<div class=\"elementor-widget-wrap elementor-element-populated\">\n\t\t\t\t\t\t<div class=\"elementor-element elementor-element-200b1ac elementor-widget elementor-widget-spacer\" data-id=\"200b1ac\" data-element_type=\"widget\" data-widget_type=\"spacer.default\">\n\t\t\t\t<div class=\"elementor-widget-container\">\n\t\t\t\t\t\t\t<div class=\"elementor-spacer\">\n\t\t\t<div class=\"elementor-spacer-inner\"><\/div>\n\t\t<\/div>\n\t\t\t\t\t\t<\/div>\n\t\t\t\t<\/div>\n\t\t\t\t\t<\/div>\n\t\t<\/div>\n\t\t\t\t\t<\/div>\n\t\t<\/section>\n\t\t\t\t<\/div>","protected":false},"excerpt":{"rendered":"<p>Tirana, \u00c7mimi q\u00eb duhet paguar p\u00ebr t\u00eb pasur furnizim me uj\u00eb 24 or\u00eb\/dit\u00eb \u00c7mimi dhe P\u00ebrballueshm\u00ebria e Sh\u00ebrbimit t\u00eb Largimit dhe Trajtimit t\u00eb Uj\u00ebrave t\u00eb Ndotura A Duhet Paragjykuar Rritja e \u00c7mimit t\u00eb Ujit t\u00eb Propozuar nga Shoq\u00ebrit\u00eb e UK? Roli i Rregullatorit Ekonomik n\u00eb Sektorin UK n\u00eb Shqip\u00ebri Alternativat e agregimit t\u00eb sektorit t\u00eb [&hellip;]<\/p>\n","protected":false},"author":1,"featured_media":0,"parent":0,"menu_order":0,"comment_status":"closed","ping_status":"closed","template":"","meta":{"footnotes":""},"class_list":["post-3646","page","type-page","status-publish","hentry"],"_links":{"self":[{"href":"https:\/\/erru.al\/an\/wp-json\/wp\/v2\/pages\/3646","targetHints":{"allow":["GET"]}}],"collection":[{"href":"https:\/\/erru.al\/an\/wp-json\/wp\/v2\/pages"}],"about":[{"href":"https:\/\/erru.al\/an\/wp-json\/wp\/v2\/types\/page"}],"author":[{"embeddable":true,"href":"https:\/\/erru.al\/an\/wp-json\/wp\/v2\/users\/1"}],"replies":[{"embeddable":true,"href":"https:\/\/erru.al\/an\/wp-json\/wp\/v2\/comments?post=3646"}],"version-history":[{"count":34,"href":"https:\/\/erru.al\/an\/wp-json\/wp\/v2\/pages\/3646\/revisions"}],"predecessor-version":[{"id":6076,"href":"https:\/\/erru.al\/an\/wp-json\/wp\/v2\/pages\/3646\/revisions\/6076"}],"wp:attachment":[{"href":"https:\/\/erru.al\/an\/wp-json\/wp\/v2\/media?parent=3646"}],"curies":[{"name":"wp","href":"https:\/\/api.w.org\/{rel}","templated":true}]}}