{"id":3436,"date":"2022-06-02T05:15:54","date_gmt":"2022-06-02T05:15:54","guid":{"rendered":"https:\/\/erru.al\/?page_id=3436"},"modified":"2022-06-02T05:18:18","modified_gmt":"2022-06-02T05:18:18","slug":"kontakto","status":"publish","type":"page","link":"https:\/\/erru.al\/an\/kontakto\/","title":{"rendered":"Kontakto"},"content":{"rendered":"<div data-elementor-type=\"wp-page\" data-elementor-id=\"3436\" class=\"elementor elementor-3436\">\n\t\t\t\t\t\t<section class=\"elementor-section elementor-top-section elementor-element elementor-element-fbbf97c elementor-section-boxed elementor-section-height-default elementor-section-height-default\" data-id=\"fbbf97c\" data-element_type=\"section\">\n\t\t\t\t\t\t<div class=\"elementor-container elementor-column-gap-default\">\n\t\t\t\t\t<div class=\"elementor-column elementor-col-100 elementor-top-column elementor-element elementor-element-9580e8c ot-flex-column-vertical\" data-id=\"9580e8c\" data-element_type=\"column\">\n\t\t\t<div class=\"elementor-widget-wrap\">\n\t\t\t\t\t\t\t<\/div>\n\t\t<\/div>\n\t\t\t\t\t<\/div>\n\t\t<\/section>\n\t\t\t\t<section class=\"elementor-section elementor-top-section elementor-element elementor-element-800f93c elementor-section-boxed elementor-section-height-default elementor-section-height-default\" data-id=\"800f93c\" data-element_type=\"section\">\n\t\t\t\t\t\t<div class=\"elementor-container elementor-column-gap-default\">\n\t\t\t\t\t<div class=\"elementor-column elementor-col-100 elementor-top-column elementor-element elementor-element-1ce449c ot-flex-column-vertical\" data-id=\"1ce449c\" data-element_type=\"column\">\n\t\t\t<div class=\"elementor-widget-wrap elementor-element-populated\">\n\t\t\t\t\t\t<div class=\"elementor-element elementor-element-95f9bf8 elementor-widget elementor-widget-text-editor\" data-id=\"95f9bf8\" data-element_type=\"widget\" data-widget_type=\"text-editor.default\">\n\t\t\t\t<div class=\"elementor-widget-container\">\n\t\t\t\t\t\t\t\t\t<p>Water Regulatory Authority<br \/>Rr: &#8220;Viktor Eftimiu&#8221;,<br \/>Building 1, Floor IV<br \/>Administrative Unit No. 5, 1022,<br \/>Tiran\u00eb, Shqip\u00ebri<br \/>+355 42 258 046<br \/><a href=\"mailto:public@erru.al\">public@erru.al<\/a><\/p>\t\t\t\t\t\t\t\t<\/div>\n\t\t\t\t<\/div>\n\t\t\t\t\t<\/div>\n\t\t<\/div>\n\t\t\t\t\t<\/div>\n\t\t<\/section>\n\t\t\t\t<section class=\"elementor-section elementor-top-section elementor-element elementor-element-1a0ec57 elementor-section-boxed elementor-section-height-default elementor-section-height-default\" data-id=\"1a0ec57\" data-element_type=\"section\">\n\t\t\t\t\t\t<div class=\"elementor-container elementor-column-gap-default\">\n\t\t\t\t\t<div class=\"elementor-column elementor-col-100 elementor-top-column elementor-element elementor-element-1cf1f8b ot-flex-column-vertical\" data-id=\"1cf1f8b\" data-element_type=\"column\">\n\t\t\t<div class=\"elementor-widget-wrap elementor-element-populated\">\n\t\t\t\t\t\t<div class=\"elementor-element elementor-element-2368662 elementor-widget elementor-widget-spacer\" data-id=\"2368662\" data-element_type=\"widget\" data-widget_type=\"spacer.default\">\n\t\t\t\t<div class=\"elementor-widget-container\">\n\t\t\t\t\t\t\t<div class=\"elementor-spacer\">\n\t\t\t<div class=\"elementor-spacer-inner\"><\/div>\n\t\t<\/div>\n\t\t\t\t\t\t<\/div>\n\t\t\t\t<\/div>\n\t\t\t\t\t<\/div>\n\t\t<\/div>\n\t\t\t\t\t<\/div>\n\t\t<\/section>\n\t\t\t\t<\/div>","protected":false},"excerpt":{"rendered":"<p>Enti Rregullator i UjitRr: &#8220;Viktor Eftimiu&#8221;,Nd\u00ebrtesa 1, Kati IVNj\u00ebsia Administrative Nr. 5, 1022,Tiran\u00eb, Shqip\u00ebri+355 42 258 046public@erru.al<\/p>","protected":false},"author":1,"featured_media":0,"parent":0,"menu_order":0,"comment_status":"closed","ping_status":"closed","template":"","meta":{"footnotes":""},"class_list":["post-3436","page","type-page","status-publish","hentry"],"_links":{"self":[{"href":"https:\/\/erru.al\/an\/wp-json\/wp\/v2\/pages\/3436","targetHints":{"allow":["GET"]}}],"collection":[{"href":"https:\/\/erru.al\/an\/wp-json\/wp\/v2\/pages"}],"about":[{"href":"https:\/\/erru.al\/an\/wp-json\/wp\/v2\/types\/page"}],"author":[{"embeddable":true,"href":"https:\/\/erru.al\/an\/wp-json\/wp\/v2\/users\/1"}],"replies":[{"embeddable":true,"href":"https:\/\/erru.al\/an\/wp-json\/wp\/v2\/comments?post=3436"}],"version-history":[{"count":7,"href":"https:\/\/erru.al\/an\/wp-json\/wp\/v2\/pages\/3436\/revisions"}],"predecessor-version":[{"id":3443,"href":"https:\/\/erru.al\/an\/wp-json\/wp\/v2\/pages\/3436\/revisions\/3443"}],"wp:attachment":[{"href":"https:\/\/erru.al\/an\/wp-json\/wp\/v2\/media?parent=3436"}],"curies":[{"name":"wp","href":"https:\/\/api.w.org\/{rel}","templated":true}]}}