{"id":3396,"date":"2022-05-08T21:21:00","date_gmt":"2022-05-08T21:21:00","guid":{"rendered":"https:\/\/erru.al\/?page_id=3396"},"modified":"2023-10-23T13:07:07","modified_gmt":"2023-10-23T13:07:07","slug":"raporte-publikime","status":"publish","type":"page","link":"https:\/\/erru.al\/an\/raporte-publikime\/","title":{"rendered":"Raporte publikime"},"content":{"rendered":"<div data-elementor-type=\"wp-page\" data-elementor-id=\"3396\" class=\"elementor elementor-3396\">\n\t\t\t\t\t\t<section class=\"elementor-section elementor-top-section elementor-element elementor-element-585a3d2 elementor-section-boxed elementor-section-height-default elementor-section-height-default\" data-id=\"585a3d2\" data-element_type=\"section\">\n\t\t\t\t\t\t<div class=\"elementor-container elementor-column-gap-default\">\n\t\t\t\t\t<div class=\"elementor-column elementor-col-100 elementor-top-column elementor-element elementor-element-874006b ot-flex-column-vertical\" data-id=\"874006b\" data-element_type=\"column\">\n\t\t\t<div class=\"elementor-widget-wrap\">\n\t\t\t\t\t\t\t<\/div>\n\t\t<\/div>\n\t\t\t\t\t<\/div>\n\t\t<\/section>\n\t\t\t\t<section class=\"elementor-section elementor-top-section elementor-element elementor-element-d3edd09 elementor-section-boxed elementor-section-height-default elementor-section-height-default\" data-id=\"d3edd09\" data-element_type=\"section\">\n\t\t\t\t\t\t<div class=\"elementor-container elementor-column-gap-default\">\n\t\t\t\t\t<div class=\"elementor-column elementor-col-100 elementor-top-column elementor-element elementor-element-7af7642 ot-flex-column-vertical\" data-id=\"7af7642\" data-element_type=\"column\">\n\t\t\t<div class=\"elementor-widget-wrap elementor-element-populated\">\n\t\t\t\t\t\t<div class=\"elementor-element elementor-element-23d1810 elementor-widget elementor-widget-text-editor\" data-id=\"23d1810\" data-element_type=\"widget\" data-widget_type=\"text-editor.default\">\n\t\t\t\t<div class=\"elementor-widget-container\">\n\t\t\t\t\t\t\t\t\t<p>Reporting is not only a legal obligation to ensure that ERRU is accountable for the decisions we make on behalf of Albanian society. Reporting to the Assembly of Albania and the Council of Ministers also gives us the opportunity to comment on developments and policies in the sector as well as give recommendations. Furthermore, we consider reporting essential to achieving our objective of creating a transparent regulatory environment and keeping the public informed. We believe that placing operators under public scrutiny is a strong incentive for them to provide better services.<\/p><p>P\u00ebr t\u00eb par\u00eb raportet mund t\u00eb klikoni <a href=\"https:\/\/erru.al\/an\/raportet\/\">k\u00ebtu.<\/a><\/p>\t\t\t\t\t\t\t\t<\/div>\n\t\t\t\t<\/div>\n\t\t\t\t<div class=\"elementor-element elementor-element-4a8167c elementor-widget elementor-widget-spacer\" data-id=\"4a8167c\" data-element_type=\"widget\" data-widget_type=\"spacer.default\">\n\t\t\t\t<div class=\"elementor-widget-container\">\n\t\t\t\t\t\t\t<div class=\"elementor-spacer\">\n\t\t\t<div class=\"elementor-spacer-inner\"><\/div>\n\t\t<\/div>\n\t\t\t\t\t\t<\/div>\n\t\t\t\t<\/div>\n\t\t\t\t\t<\/div>\n\t\t<\/div>\n\t\t\t\t\t<\/div>\n\t\t<\/section>\n\t\t\t\t<\/div>","protected":false},"excerpt":{"rendered":"<p>Raportimi nuk \u00ebsht\u00eb vet\u00ebm nj\u00eb detyrim ligjor p\u00ebr t\u00eb siguruar q\u00eb ERRU \u00ebsht\u00eb i p\u00ebrgjegjsh\u00ebm p\u00ebr vendimet q\u00eb ne marrim n\u00eb em\u00ebr t\u00eb shoq\u00ebris\u00eb shqiptare. Raportimi ndaj Kuvendit t\u00eb Shqip\u00ebris\u00eb dhe K\u00ebshillit t\u00eb Ministrave na jep ne gjithashtu mund\u00ebsin\u00eb t\u00eb japim komente mbi zhvillimet dhe politikat n\u00eb sektor si dhe t\u00eb japim rekomandime. P\u00ebr m\u00eb [&hellip;]<\/p>\n","protected":false},"author":1,"featured_media":0,"parent":0,"menu_order":0,"comment_status":"closed","ping_status":"closed","template":"","meta":{"footnotes":""},"class_list":["post-3396","page","type-page","status-publish","hentry"],"_links":{"self":[{"href":"https:\/\/erru.al\/an\/wp-json\/wp\/v2\/pages\/3396","targetHints":{"allow":["GET"]}}],"collection":[{"href":"https:\/\/erru.al\/an\/wp-json\/wp\/v2\/pages"}],"about":[{"href":"https:\/\/erru.al\/an\/wp-json\/wp\/v2\/types\/page"}],"author":[{"embeddable":true,"href":"https:\/\/erru.al\/an\/wp-json\/wp\/v2\/users\/1"}],"replies":[{"embeddable":true,"href":"https:\/\/erru.al\/an\/wp-json\/wp\/v2\/comments?post=3396"}],"version-history":[{"count":11,"href":"https:\/\/erru.al\/an\/wp-json\/wp\/v2\/pages\/3396\/revisions"}],"predecessor-version":[{"id":5473,"href":"https:\/\/erru.al\/an\/wp-json\/wp\/v2\/pages\/3396\/revisions\/5473"}],"wp:attachment":[{"href":"https:\/\/erru.al\/an\/wp-json\/wp\/v2\/media?parent=3396"}],"curies":[{"name":"wp","href":"https:\/\/api.w.org\/{rel}","templated":true}]}}