{"id":3386,"date":"2022-05-08T21:16:42","date_gmt":"2022-05-08T21:16:42","guid":{"rendered":"https:\/\/erru.al\/?page_id=3386"},"modified":"2023-10-23T13:23:35","modified_gmt":"2023-10-23T13:23:35","slug":"ndihma-dhe-subvencione","status":"publish","type":"page","link":"https:\/\/erru.al\/an\/ndihma-dhe-subvencione\/","title":{"rendered":"Ndihma dhe subvencione"},"content":{"rendered":"<div data-elementor-type=\"wp-page\" data-elementor-id=\"3386\" class=\"elementor elementor-3386\">\n\t\t\t\t\t\t<section class=\"elementor-section elementor-top-section elementor-element elementor-element-fd4bd0f elementor-section-boxed elementor-section-height-default elementor-section-height-default\" data-id=\"fd4bd0f\" data-element_type=\"section\">\n\t\t\t\t\t\t<div class=\"elementor-container elementor-column-gap-default\">\n\t\t\t\t\t<div class=\"elementor-column elementor-col-100 elementor-top-column elementor-element elementor-element-90c03ff ot-flex-column-vertical\" data-id=\"90c03ff\" data-element_type=\"column\">\n\t\t\t<div class=\"elementor-widget-wrap\">\n\t\t\t\t\t\t\t<\/div>\n\t\t<\/div>\n\t\t\t\t\t<\/div>\n\t\t<\/section>\n\t\t\t\t<section class=\"elementor-section elementor-top-section elementor-element elementor-element-a0dcb4c elementor-section-boxed elementor-section-height-default elementor-section-height-default\" data-id=\"a0dcb4c\" data-element_type=\"section\">\n\t\t\t\t\t\t<div class=\"elementor-container elementor-column-gap-default\">\n\t\t\t\t\t<div class=\"elementor-column elementor-col-100 elementor-top-column elementor-element elementor-element-3259f78 ot-flex-column-vertical\" data-id=\"3259f78\" data-element_type=\"column\">\n\t\t\t<div class=\"elementor-widget-wrap elementor-element-populated\">\n\t\t\t\t\t\t<div class=\"elementor-element elementor-element-fecef81 elementor-widget elementor-widget-text-editor\" data-id=\"fecef81\" data-element_type=\"widget\" data-widget_type=\"text-editor.default\">\n\t\t\t\t<div class=\"elementor-widget-container\">\n\t\t\t\t\t\t\t\t\t<ul>\n<li>Ndihma shoq\u00ebrore\/subvencione t\u00eb dh\u00ebna nga AP*<\/li>\n<li>Kategorit\u00eb dhe format e ndihm\u00ebs shoq\u00ebrore\/subvencione*<\/li>\n<li>Procedura p\u00ebr t\u00eb p\u00ebrfituar ndihm\u00ebn shoq\u00ebrore\/subvencionet dhe dokumentacionin p\u00ebrkat\u00ebs p\u00ebr aplikim*<\/li>\n<li>Procedura e ankimimit*<p>*Sh\u00ebnim: Enti Rregullator i Ujit nuk e ofron k\u00ebt\u00eb sh\u00ebrbim<\/p><\/li>\n<\/ul>\t\t\t\t\t\t\t\t<\/div>\n\t\t\t\t<\/div>\n\t\t\t\t<div class=\"elementor-element elementor-element-97475e4 elementor-widget elementor-widget-spacer\" data-id=\"97475e4\" data-element_type=\"widget\" data-widget_type=\"spacer.default\">\n\t\t\t\t<div class=\"elementor-widget-container\">\n\t\t\t\t\t\t\t<div class=\"elementor-spacer\">\n\t\t\t<div class=\"elementor-spacer-inner\"><\/div>\n\t\t<\/div>\n\t\t\t\t\t\t<\/div>\n\t\t\t\t<\/div>\n\t\t\t\t\t<\/div>\n\t\t<\/div>\n\t\t\t\t\t<\/div>\n\t\t<\/section>\n\t\t\t\t<\/div>","protected":false},"excerpt":{"rendered":"<p>Ndihma shoq\u00ebrore\/subvencione t\u00eb dh\u00ebna nga AP* Kategorit\u00eb dhe format e ndihm\u00ebs shoq\u00ebrore\/subvencione* Procedura p\u00ebr t\u00eb p\u00ebrfituar ndihm\u00ebn shoq\u00ebrore\/subvencionet dhe dokumentacionin p\u00ebrkat\u00ebs p\u00ebr aplikim* Procedura e ankimimit* *Sh\u00ebnim: Enti Rregullator i Ujit nuk e ofron k\u00ebt\u00eb sh\u00ebrbim<\/p>","protected":false},"author":1,"featured_media":0,"parent":0,"menu_order":0,"comment_status":"closed","ping_status":"closed","template":"","meta":{"footnotes":""},"class_list":["post-3386","page","type-page","status-publish","hentry"],"_links":{"self":[{"href":"https:\/\/erru.al\/an\/wp-json\/wp\/v2\/pages\/3386","targetHints":{"allow":["GET"]}}],"collection":[{"href":"https:\/\/erru.al\/an\/wp-json\/wp\/v2\/pages"}],"about":[{"href":"https:\/\/erru.al\/an\/wp-json\/wp\/v2\/types\/page"}],"author":[{"embeddable":true,"href":"https:\/\/erru.al\/an\/wp-json\/wp\/v2\/users\/1"}],"replies":[{"embeddable":true,"href":"https:\/\/erru.al\/an\/wp-json\/wp\/v2\/comments?post=3386"}],"version-history":[{"count":7,"href":"https:\/\/erru.al\/an\/wp-json\/wp\/v2\/pages\/3386\/revisions"}],"predecessor-version":[{"id":5488,"href":"https:\/\/erru.al\/an\/wp-json\/wp\/v2\/pages\/3386\/revisions\/5488"}],"wp:attachment":[{"href":"https:\/\/erru.al\/an\/wp-json\/wp\/v2\/media?parent=3386"}],"curies":[{"name":"wp","href":"https:\/\/api.w.org\/{rel}","templated":true}]}}