{"id":3356,"date":"2022-05-08T21:10:02","date_gmt":"2022-05-08T21:10:02","guid":{"rendered":"https:\/\/erru.al\/?page_id=3356"},"modified":"2022-05-08T21:10:33","modified_gmt":"2022-05-08T21:10:33","slug":"njof-keshillim-publik","status":"publish","type":"page","link":"https:\/\/erru.al\/an\/njof-keshillim-publik\/","title":{"rendered":"Njof keshillim publik"},"content":{"rendered":"<div data-elementor-type=\"wp-page\" data-elementor-id=\"3356\" class=\"elementor elementor-3356\">\n\t\t\t\t\t\t<section class=\"elementor-section elementor-top-section elementor-element elementor-element-1ae2391 elementor-section-boxed elementor-section-height-default elementor-section-height-default\" data-id=\"1ae2391\" data-element_type=\"section\">\n\t\t\t\t\t\t<div class=\"elementor-container elementor-column-gap-default\">\n\t\t\t\t\t<div class=\"elementor-column elementor-col-100 elementor-top-column elementor-element elementor-element-23b0590 ot-flex-column-vertical\" data-id=\"23b0590\" data-element_type=\"column\">\n\t\t\t<div class=\"elementor-widget-wrap\">\n\t\t\t\t\t\t\t<\/div>\n\t\t<\/div>\n\t\t\t\t\t<\/div>\n\t\t<\/section>\n\t\t\t\t<section class=\"elementor-section elementor-top-section elementor-element elementor-element-b01a278 elementor-section-boxed elementor-section-height-default elementor-section-height-default\" data-id=\"b01a278\" data-element_type=\"section\">\n\t\t\t\t\t\t<div class=\"elementor-container elementor-column-gap-default\">\n\t\t\t\t\t<div class=\"elementor-column elementor-col-100 elementor-top-column elementor-element elementor-element-f683dae ot-flex-column-vertical\" data-id=\"f683dae\" data-element_type=\"column\">\n\t\t\t<div class=\"elementor-widget-wrap elementor-element-populated\">\n\t\t\t\t\t\t<div class=\"elementor-element elementor-element-2f53920 elementor-widget elementor-widget-text-editor\" data-id=\"2f53920\" data-element_type=\"widget\" data-widget_type=\"text-editor.default\">\n\t\t\t\t<div class=\"elementor-widget-container\">\n\t\t\t\t\t\t\t\t\t<div id=\"Titulli\">Njoftim p\u00ebr K\u00ebshillim Publik<\/div><div id=\"Teksti\">K\u00ebshillim Publik mbi Draft Rregulloren p\u00ebr procedurat e zgjidhjes alternative t\u00eb mosmarr\u00ebveshjes (ZAM) midis konsumatorit dhe operatorit uj\u00ebsjell\u00ebs kanalizime nga struktura zgjidhjes alternative t\u00eb mosmarr\u00ebveshjes .<br \/><br \/>Enti Rregullator i Ujit mb\u00ebshtetur n\u00eb nenin 13, pika (1) i) t\u00eb nenit 14, nenit 28, nenit 29 t\u00eb ligjit nr. 8102, dat\u00eb 28.03.1996 \u201cP\u00ebr kuadrin rregullator t\u00eb sektorit me uj\u00eb dhe t\u00eb largimit dhe p\u00ebrpunimit t\u00eb uj\u00ebrave t\u00eb ndotura\u201d i ndryshuar, n\u00eb nenin 52\/2, t\u00eb ligjit Nr. 9902, dat\u00eb 17.04.2008 \u201cP\u00ebr mbrojtjen e konsumator\u00ebve\u201d i ndryshuar, ka hartuar Draft rregulloren p\u00ebr procedurat e zgjidhjes alternative t\u00eb mosmarr\u00ebveshjes (ZAM) midis konsumatorit dhe operatorit uj\u00ebsjell\u00ebs kanalizime nga struktura zgjidhjes alternative t\u00eb mosmarr\u00ebveshjes.<br \/><br \/><a href=\"https:\/\/www.erru.al\/doc\/Draft_Rregullore_per_procedurat_e_zgjidhjes_alternative_te_mosmarreveshjes.pdf\" target=\"_blank\" rel=\"noopener\">Draft Rregullore &#8220;P\u00ebr procedurat e zgjidhjes alternative t\u00eb mosmarr\u00ebveshjes midis konsumatorit dhe operatorit uj\u00ebsjell\u00ebs kanalizime nga struktura zgjidhjes alternative t\u00eb mosmarr\u00ebveshjes&#8221;<\/a><br \/><br \/>Relacion mbi projektaktin normativ administrativ:\u00a0<a href=\"https:\/\/www.erru.al\/doc\/Draft_Relacioni.pdf\" target=\"_blank\" rel=\"noopener\">Rregullore &#8220;P\u00ebr procedurat e zgjidhjes alternative t\u00eb mosmarr\u00ebveshjes midis konsumatorit dhe operatorit uj\u00ebsjell\u00ebs kanalizime nga struktura zgjidhjes alternative t\u00eb mosmarr\u00ebveshjes&#8221;dokument p\u00ebr k\u00ebshillim publik\u201d<\/a><br \/><br \/>Ftojm\u00eb t\u00eb gjitha pal\u00ebt e interesuara t\u00eb shprehin komentet\/mendimet e tyre me shkrim brenda dat\u00ebs\u00a0<strong>03.12.2021<\/strong>\u00a0dhe t&#8217;i d\u00ebrgojn\u00eb me e mail n\u00eb adres\u00ebn\u00a0<a href=\"mailto:public@erru.al?subject=Koment\/mendim%20mbi%20rregulloren\/relacionin\">public@erru.al<\/a>\u00a0ose n\u00eb adres\u00ebn zyrtare t\u00eb ERRU-s\u00eb<br \/><br \/>Water Regulatory Authority<br \/>Rr: &#8220;Viktor Eftimiu&#8221;,<br \/>Ish Godina e KESH nr. 1, Kati IV,<br \/>Tiran\u00eb, Shqip\u00ebri<\/div>\t\t\t\t\t\t\t\t<\/div>\n\t\t\t\t<\/div>\n\t\t\t\t<div class=\"elementor-element elementor-element-86a5a79 elementor-widget elementor-widget-spacer\" data-id=\"86a5a79\" data-element_type=\"widget\" data-widget_type=\"spacer.default\">\n\t\t\t\t<div class=\"elementor-widget-container\">\n\t\t\t\t\t\t\t<div class=\"elementor-spacer\">\n\t\t\t<div class=\"elementor-spacer-inner\"><\/div>\n\t\t<\/div>\n\t\t\t\t\t\t<\/div>\n\t\t\t\t<\/div>\n\t\t\t\t\t<\/div>\n\t\t<\/div>\n\t\t\t\t\t<\/div>\n\t\t<\/section>\n\t\t\t\t<\/div>","protected":false},"excerpt":{"rendered":"<p>Njoftim p\u00ebr K\u00ebshillim PublikK\u00ebshillim Publik mbi Draft Rregulloren p\u00ebr procedurat e zgjidhjes alternative t\u00eb mosmarr\u00ebveshjes (ZAM) midis konsumatorit dhe operatorit uj\u00ebsjell\u00ebs kanalizime nga struktura zgjidhjes alternative t\u00eb mosmarr\u00ebveshjes . Enti Rregullator i Ujit mb\u00ebshtetur n\u00eb nenin 13, pika (1) i) t\u00eb nenit 14, nenit 28, nenit 29 t\u00eb ligjit nr. 8102, dat\u00eb 28.03.1996 \u201cP\u00ebr kuadrin [&hellip;]<\/p>\n","protected":false},"author":1,"featured_media":0,"parent":0,"menu_order":0,"comment_status":"closed","ping_status":"closed","template":"","meta":{"footnotes":""},"class_list":["post-3356","page","type-page","status-publish","hentry"],"_links":{"self":[{"href":"https:\/\/erru.al\/an\/wp-json\/wp\/v2\/pages\/3356","targetHints":{"allow":["GET"]}}],"collection":[{"href":"https:\/\/erru.al\/an\/wp-json\/wp\/v2\/pages"}],"about":[{"href":"https:\/\/erru.al\/an\/wp-json\/wp\/v2\/types\/page"}],"author":[{"embeddable":true,"href":"https:\/\/erru.al\/an\/wp-json\/wp\/v2\/users\/1"}],"replies":[{"embeddable":true,"href":"https:\/\/erru.al\/an\/wp-json\/wp\/v2\/comments?post=3356"}],"version-history":[{"count":4,"href":"https:\/\/erru.al\/an\/wp-json\/wp\/v2\/pages\/3356\/revisions"}],"predecessor-version":[{"id":3360,"href":"https:\/\/erru.al\/an\/wp-json\/wp\/v2\/pages\/3356\/revisions\/3360"}],"wp:attachment":[{"href":"https:\/\/erru.al\/an\/wp-json\/wp\/v2\/media?parent=3356"}],"curies":[{"name":"wp","href":"https:\/\/api.w.org\/{rel}","templated":true}]}}