{"id":3354,"date":"2022-05-08T21:10:27","date_gmt":"2022-05-08T21:10:27","guid":{"rendered":"https:\/\/erru.al\/?page_id=3354"},"modified":"2023-10-23T13:21:49","modified_gmt":"2023-10-23T13:21:49","slug":"procedurat-dhe-mekanizmat","status":"publish","type":"page","link":"https:\/\/erru.al\/an\/procedurat-dhe-mekanizmat\/","title":{"rendered":"Procedurat dhe mekanizmat"},"content":{"rendered":"<div data-elementor-type=\"wp-page\" data-elementor-id=\"3354\" class=\"elementor elementor-3354\">\n\t\t\t\t\t\t<section class=\"elementor-section elementor-top-section elementor-element elementor-element-c7039ef elementor-section-boxed elementor-section-height-default elementor-section-height-default\" data-id=\"c7039ef\" data-element_type=\"section\">\n\t\t\t\t\t\t<div class=\"elementor-container elementor-column-gap-default\">\n\t\t\t\t\t<div class=\"elementor-column elementor-col-100 elementor-top-column elementor-element elementor-element-d362e40 ot-flex-column-vertical\" data-id=\"d362e40\" data-element_type=\"column\">\n\t\t\t<div class=\"elementor-widget-wrap\">\n\t\t\t\t\t\t\t<\/div>\n\t\t<\/div>\n\t\t\t\t\t<\/div>\n\t\t<\/section>\n\t\t\t\t<section class=\"elementor-section elementor-top-section elementor-element elementor-element-06367b8 elementor-section-boxed elementor-section-height-default elementor-section-height-default\" data-id=\"06367b8\" data-element_type=\"section\">\n\t\t\t\t\t\t<div class=\"elementor-container elementor-column-gap-default\">\n\t\t\t\t\t<div class=\"elementor-column elementor-col-100 elementor-top-column elementor-element elementor-element-13bacb0 ot-flex-column-vertical\" data-id=\"13bacb0\" data-element_type=\"column\">\n\t\t\t<div class=\"elementor-widget-wrap elementor-element-populated\">\n\t\t\t\t\t\t<div class=\"elementor-element elementor-element-e40451e elementor-widget elementor-widget-text-editor\" data-id=\"e40451e\" data-element_type=\"widget\" data-widget_type=\"text-editor.default\">\n\t\t\t\t<div class=\"elementor-widget-container\">\n\t\t\t\t\t\t\t\t\t<ul>\n<li>Njoftimi dhe konsultimi publik*<\/li>\n<li>Komente\/Rekomandime. opinione t\u00eb pal\u00ebve t\u00eb interesuara\/grupe interesi*<\/li>\n<li>Shqyrtimi i komenteve dhe rekomandimeve*<\/li>\n<li>Raporti vjetor p\u00ebr transparenc\u00ebn n\u00eb procesin e vendimmarrjes*<\/li>\n<li>Procedura\/mekanizma p\u00ebr t\u00eb dh\u00ebn\u00eb mendime lidhur me hartimin e politikave publike apo\u00a0 ushtrimin e funksioneve*<\/li>\n<li><a href=\"\/an\/koordinatori\/\">Em\u00ebr mbiem\u00ebr t\u00eb koordinatorit p\u00ebr konsultimin publik, adres\u00eb postare\/elektronike<\/a><\/li>\n<\/ul>\n<div><font color=\"#828987\">*Enti Rregullator i Ujit nuk ka inciativ<\/font><span style=\"color: rgb(130, 137, 135); font-weight: var( --e-global-typography-text-font-weight );\">\u00eb<\/span><span style=\"color: rgb(130, 137, 135); font-weight: var( --e-global-typography-text-font-weight );\">\u00a0p<\/span><span style=\"color: rgb(130, 137, 135); font-weight: var( --e-global-typography-text-font-weight );\">\u00eb<\/span><span style=\"color: rgb(130, 137, 135); font-weight: var( --e-global-typography-text-font-weight );\">r propozimin e akteve ligjore.<\/span><\/div>\t\t\t\t\t\t\t\t<\/div>\n\t\t\t\t<\/div>\n\t\t\t\t<div class=\"elementor-element elementor-element-23e0746 elementor-widget elementor-widget-spacer\" data-id=\"23e0746\" data-element_type=\"widget\" data-widget_type=\"spacer.default\">\n\t\t\t\t<div class=\"elementor-widget-container\">\n\t\t\t\t\t\t\t<div class=\"elementor-spacer\">\n\t\t\t<div class=\"elementor-spacer-inner\"><\/div>\n\t\t<\/div>\n\t\t\t\t\t\t<\/div>\n\t\t\t\t<\/div>\n\t\t\t\t\t<\/div>\n\t\t<\/div>\n\t\t\t\t\t<\/div>\n\t\t<\/section>\n\t\t\t\t<\/div>","protected":false},"excerpt":{"rendered":"<p>Njoftimi dhe konsultimi publik* Komente\/Rekomandime. opinione t\u00eb pal\u00ebve t\u00eb interesuara\/grupe interesi* Shqyrtimi i komenteve dhe rekomandimeve* Raporti vjetor p\u00ebr transparenc\u00ebn n\u00eb procesin e vendimmarrjes* Procedura\/mekanizma p\u00ebr t\u00eb dh\u00ebn\u00eb mendime lidhur me hartimin e politikave publike apo\u00a0 ushtrimin e funksioneve* Em\u00ebr mbiem\u00ebr t\u00eb koordinatorit p\u00ebr konsultimin publik, adres\u00eb postare\/elektronike *Enti Rregullator i Ujit nuk ka inciativ\u00eb\u00a0p\u00ebr [&hellip;]<\/p>\n","protected":false},"author":1,"featured_media":0,"parent":0,"menu_order":0,"comment_status":"closed","ping_status":"closed","template":"","meta":{"footnotes":""},"class_list":["post-3354","page","type-page","status-publish","hentry"],"_links":{"self":[{"href":"https:\/\/erru.al\/an\/wp-json\/wp\/v2\/pages\/3354","targetHints":{"allow":["GET"]}}],"collection":[{"href":"https:\/\/erru.al\/an\/wp-json\/wp\/v2\/pages"}],"about":[{"href":"https:\/\/erru.al\/an\/wp-json\/wp\/v2\/types\/page"}],"author":[{"embeddable":true,"href":"https:\/\/erru.al\/an\/wp-json\/wp\/v2\/users\/1"}],"replies":[{"embeddable":true,"href":"https:\/\/erru.al\/an\/wp-json\/wp\/v2\/comments?post=3354"}],"version-history":[{"count":17,"href":"https:\/\/erru.al\/an\/wp-json\/wp\/v2\/pages\/3354\/revisions"}],"predecessor-version":[{"id":5485,"href":"https:\/\/erru.al\/an\/wp-json\/wp\/v2\/pages\/3354\/revisions\/5485"}],"wp:attachment":[{"href":"https:\/\/erru.al\/an\/wp-json\/wp\/v2\/media?parent=3354"}],"curies":[{"name":"wp","href":"https:\/\/api.w.org\/{rel}","templated":true}]}}