{"id":3343,"date":"2022-05-08T21:06:41","date_gmt":"2022-05-08T21:06:41","guid":{"rendered":"https:\/\/erru.al\/?page_id=3343"},"modified":"2023-03-13T13:57:11","modified_gmt":"2023-03-13T13:57:11","slug":"formular-applikimi","status":"publish","type":"page","link":"https:\/\/erru.al\/an\/formular-applikimi\/","title":{"rendered":"Formular applikimi"},"content":{"rendered":"<div data-elementor-type=\"wp-page\" data-elementor-id=\"3343\" class=\"elementor elementor-3343\">\n\t\t\t\t\t\t<section class=\"elementor-section elementor-top-section elementor-element elementor-element-1e0427e elementor-section-boxed elementor-section-height-default elementor-section-height-default\" data-id=\"1e0427e\" data-element_type=\"section\">\n\t\t\t\t\t\t<div class=\"elementor-container elementor-column-gap-default\">\n\t\t\t\t\t<div class=\"elementor-column elementor-col-100 elementor-top-column elementor-element elementor-element-0af3512 ot-flex-column-vertical\" data-id=\"0af3512\" data-element_type=\"column\">\n\t\t\t<div class=\"elementor-widget-wrap\">\n\t\t\t\t\t\t\t<\/div>\n\t\t<\/div>\n\t\t\t\t\t<\/div>\n\t\t<\/section>\n\t\t\t\t<section class=\"elementor-section elementor-top-section elementor-element elementor-element-1d7ef0e elementor-section-boxed elementor-section-height-default elementor-section-height-default\" data-id=\"1d7ef0e\" data-element_type=\"section\">\n\t\t\t\t\t\t<div class=\"elementor-container elementor-column-gap-default\">\n\t\t\t\t\t<div class=\"elementor-column elementor-col-100 elementor-top-column elementor-element elementor-element-de9c39f ot-flex-column-vertical\" data-id=\"de9c39f\" data-element_type=\"column\">\n\t\t\t<div class=\"elementor-widget-wrap elementor-element-populated\">\n\t\t\t\t\t\t<div class=\"elementor-element elementor-element-283e651 elementor-widget elementor-widget-text-editor\" data-id=\"283e651\" data-element_type=\"widget\" data-widget_type=\"text-editor.default\">\n\t\t\t\t<div class=\"elementor-widget-container\">\n\t\t\t\t\t\t\t\t\t<ul><li><a href=\"https:\/\/erru.al\/wp-content\/uploads\/2023\/03\/Formular_aplikimi_licencim-13.03.2023.pdf\" target=\"_blank\" rel=\"noopener\">Formular aplikimi p\u00ebr licencim<\/a><\/li><li><a href=\"https:\/\/www.erru.al\/doc\/00 - E - Dokumentet Tip 13.03.2023.rar\" target=\"_blank\" rel=\"noopener\" data-wplink-url-error=\"true\">Modeli i dokumenteve p\u00ebr propozimin e miratimit t\u00eb tarifave<\/a><\/li><\/ul>\t\t\t\t\t\t\t\t<\/div>\n\t\t\t\t<\/div>\n\t\t\t\t<div class=\"elementor-element elementor-element-162e2fb elementor-widget elementor-widget-spacer\" data-id=\"162e2fb\" data-element_type=\"widget\" data-widget_type=\"spacer.default\">\n\t\t\t\t<div class=\"elementor-widget-container\">\n\t\t\t\t\t\t\t<div class=\"elementor-spacer\">\n\t\t\t<div class=\"elementor-spacer-inner\"><\/div>\n\t\t<\/div>\n\t\t\t\t\t\t<\/div>\n\t\t\t\t<\/div>\n\t\t\t\t\t<\/div>\n\t\t<\/div>\n\t\t\t\t\t<\/div>\n\t\t<\/section>\n\t\t\t\t<\/div>","protected":false},"excerpt":{"rendered":"<p>Formular aplikimi p\u00ebr licencim Modeli i dokumenteve p\u00ebr propozimin e miratimit t\u00eb tarifave<\/p>","protected":false},"author":1,"featured_media":0,"parent":0,"menu_order":0,"comment_status":"closed","ping_status":"closed","template":"","meta":{"footnotes":""},"class_list":["post-3343","page","type-page","status-publish","hentry"],"_links":{"self":[{"href":"https:\/\/erru.al\/an\/wp-json\/wp\/v2\/pages\/3343","targetHints":{"allow":["GET"]}}],"collection":[{"href":"https:\/\/erru.al\/an\/wp-json\/wp\/v2\/pages"}],"about":[{"href":"https:\/\/erru.al\/an\/wp-json\/wp\/v2\/types\/page"}],"author":[{"embeddable":true,"href":"https:\/\/erru.al\/an\/wp-json\/wp\/v2\/users\/1"}],"replies":[{"embeddable":true,"href":"https:\/\/erru.al\/an\/wp-json\/wp\/v2\/comments?post=3343"}],"version-history":[{"count":10,"href":"https:\/\/erru.al\/an\/wp-json\/wp\/v2\/pages\/3343\/revisions"}],"predecessor-version":[{"id":4793,"href":"https:\/\/erru.al\/an\/wp-json\/wp\/v2\/pages\/3343\/revisions\/4793"}],"wp:attachment":[{"href":"https:\/\/erru.al\/an\/wp-json\/wp\/v2\/media?parent=3343"}],"curies":[{"name":"wp","href":"https:\/\/api.w.org\/{rel}","templated":true}]}}