{"id":3341,"date":"2022-05-08T21:06:59","date_gmt":"2022-05-08T21:06:59","guid":{"rendered":"https:\/\/erru.al\/?page_id=3341"},"modified":"2023-03-13T09:49:52","modified_gmt":"2023-03-13T09:49:52","slug":"sherbimet-nga-erru","status":"publish","type":"page","link":"https:\/\/erru.al\/an\/sherbimet-nga-erru\/","title":{"rendered":"Sherbimet nga erru"},"content":{"rendered":"<div data-elementor-type=\"wp-page\" data-elementor-id=\"3341\" class=\"elementor elementor-3341\">\n\t\t\t\t\t\t<section class=\"elementor-section elementor-top-section elementor-element elementor-element-41004e9 elementor-section-boxed elementor-section-height-default elementor-section-height-default\" data-id=\"41004e9\" data-element_type=\"section\">\n\t\t\t\t\t\t<div class=\"elementor-container elementor-column-gap-default\">\n\t\t\t\t\t<div class=\"elementor-column elementor-col-100 elementor-top-column elementor-element elementor-element-3ea0c90 ot-flex-column-vertical\" data-id=\"3ea0c90\" data-element_type=\"column\">\n\t\t\t<div class=\"elementor-widget-wrap\">\n\t\t\t\t\t\t\t<\/div>\n\t\t<\/div>\n\t\t\t\t\t<\/div>\n\t\t<\/section>\n\t\t\t\t<section class=\"elementor-section elementor-top-section elementor-element elementor-element-4de9daa elementor-section-boxed elementor-section-height-default elementor-section-height-default\" data-id=\"4de9daa\" data-element_type=\"section\">\n\t\t\t\t\t\t<div class=\"elementor-container elementor-column-gap-default\">\n\t\t\t\t\t<div class=\"elementor-column elementor-col-100 elementor-top-column elementor-element elementor-element-530d9cf ot-flex-column-vertical\" data-id=\"530d9cf\" data-element_type=\"column\">\n\t\t\t<div class=\"elementor-widget-wrap elementor-element-populated\">\n\t\t\t\t\t\t<div class=\"elementor-element elementor-element-a4f9775 elementor-widget elementor-widget-text-editor\" data-id=\"a4f9775\" data-element_type=\"widget\" data-widget_type=\"text-editor.default\">\n\t\t\t\t<div class=\"elementor-widget-container\">\n\t\t\t\t\t\t\t\t\t<p>Lista e sh\u00ebrbimeve q\u00eb ofron Enti Rregullator i Ujit:<\/p><ol><li>Licenson persona fizik\u00eb apo juridik\u00eb, q\u00eb ofrojn\u00eb sh\u00ebrbimin uj\u00ebsjell\u00ebs-kanalizime p\u00ebr p\u00ebrfitim publik<\/li><li>P\u00ebrcakton tarifat e sh\u00ebrbimeve uj\u00ebsjell\u00ebs-kanalizime<\/li><\/ol><ul><li><a href=\"https:\/\/erru.al\/wp-content\/uploads\/2023\/03\/Pagesat_per_licencim-1.pdf-1.pdf\">Tarifa p\u00ebrkat\u00ebse<\/a><\/li><li><a href=\"\/an\/formular-applikimi\/\">Formular aplikimi<\/a><\/li><li>Afati kohor<\/li><li><a href=\"https:\/\/www.erru.al\/doc\/Vendim_18_2019_Rregullorja_per_Proceduren_e_Ankimimit.pdf\" target=\"_blank\" rel=\"noopener\">Procedur\u00eb ankimimi<\/a><\/li><li>Standardet p\u00ebr cil\u00ebsin\u00eb e sh\u00ebrbimit<\/li><\/ul>\t\t\t\t\t\t\t\t<\/div>\n\t\t\t\t<\/div>\n\t\t\t\t<div class=\"elementor-element elementor-element-63371dd elementor-widget elementor-widget-spacer\" data-id=\"63371dd\" data-element_type=\"widget\" data-widget_type=\"spacer.default\">\n\t\t\t\t<div class=\"elementor-widget-container\">\n\t\t\t\t\t\t\t<div class=\"elementor-spacer\">\n\t\t\t<div class=\"elementor-spacer-inner\"><\/div>\n\t\t<\/div>\n\t\t\t\t\t\t<\/div>\n\t\t\t\t<\/div>\n\t\t\t\t\t<\/div>\n\t\t<\/div>\n\t\t\t\t\t<\/div>\n\t\t<\/section>\n\t\t\t\t<\/div>","protected":false},"excerpt":{"rendered":"<p>Lista e sh\u00ebrbimeve q\u00eb ofron Enti Rregullator i Ujit: Licenson persona fizik\u00eb apo juridik\u00eb, q\u00eb ofrojn\u00eb sh\u00ebrbimin uj\u00ebsjell\u00ebs-kanalizime p\u00ebr p\u00ebrfitim publik P\u00ebrcakton tarifat e sh\u00ebrbimeve uj\u00ebsjell\u00ebs-kanalizime Tarifa p\u00ebrkat\u00ebse Formular aplikimi Afati kohor Procedur\u00eb ankimimi Standardet p\u00ebr cil\u00ebsin\u00eb e sh\u00ebrbimit<\/p>","protected":false},"author":1,"featured_media":0,"parent":0,"menu_order":0,"comment_status":"closed","ping_status":"closed","template":"","meta":{"footnotes":""},"class_list":["post-3341","page","type-page","status-publish","hentry"],"_links":{"self":[{"href":"https:\/\/erru.al\/an\/wp-json\/wp\/v2\/pages\/3341","targetHints":{"allow":["GET"]}}],"collection":[{"href":"https:\/\/erru.al\/an\/wp-json\/wp\/v2\/pages"}],"about":[{"href":"https:\/\/erru.al\/an\/wp-json\/wp\/v2\/types\/page"}],"author":[{"embeddable":true,"href":"https:\/\/erru.al\/an\/wp-json\/wp\/v2\/users\/1"}],"replies":[{"embeddable":true,"href":"https:\/\/erru.al\/an\/wp-json\/wp\/v2\/comments?post=3341"}],"version-history":[{"count":7,"href":"https:\/\/erru.al\/an\/wp-json\/wp\/v2\/pages\/3341\/revisions"}],"predecessor-version":[{"id":4786,"href":"https:\/\/erru.al\/an\/wp-json\/wp\/v2\/pages\/3341\/revisions\/4786"}],"wp:attachment":[{"href":"https:\/\/erru.al\/an\/wp-json\/wp\/v2\/media?parent=3341"}],"curies":[{"name":"wp","href":"https:\/\/api.w.org\/{rel}","templated":true}]}}