{"id":3333,"date":"2022-05-08T20:56:41","date_gmt":"2022-05-08T20:56:41","guid":{"rendered":"https:\/\/erru.al\/?page_id=3333"},"modified":"2023-08-07T08:45:33","modified_gmt":"2023-08-07T08:45:33","slug":"informacion-mbi-procedurat","status":"publish","type":"page","link":"https:\/\/erru.al\/an\/informacion-mbi-procedurat\/","title":{"rendered":"Informacion mbi procedurat"},"content":{"rendered":"<div data-elementor-type=\"wp-page\" data-elementor-id=\"3333\" class=\"elementor elementor-3333\">\n\t\t\t\t\t\t<section class=\"elementor-section elementor-top-section elementor-element elementor-element-e5243a4 elementor-section-boxed elementor-section-height-default elementor-section-height-default\" data-id=\"e5243a4\" data-element_type=\"section\">\n\t\t\t\t\t\t<div class=\"elementor-container elementor-column-gap-default\">\n\t\t\t\t\t<div class=\"elementor-column elementor-col-100 elementor-top-column elementor-element elementor-element-c93342b ot-flex-column-vertical\" data-id=\"c93342b\" data-element_type=\"column\">\n\t\t\t<div class=\"elementor-widget-wrap\">\n\t\t\t\t\t\t\t<\/div>\n\t\t<\/div>\n\t\t\t\t\t<\/div>\n\t\t<\/section>\n\t\t\t\t<section class=\"elementor-section elementor-top-section elementor-element elementor-element-7f3ab83 elementor-section-boxed elementor-section-height-default elementor-section-height-default\" data-id=\"7f3ab83\" data-element_type=\"section\">\n\t\t\t\t\t\t<div class=\"elementor-container elementor-column-gap-default\">\n\t\t\t\t\t<div class=\"elementor-column elementor-col-100 elementor-top-column elementor-element elementor-element-2f9566b ot-flex-column-vertical\" data-id=\"2f9566b\" data-element_type=\"column\">\n\t\t\t<div class=\"elementor-widget-wrap elementor-element-populated\">\n\t\t\t\t\t\t<div class=\"elementor-element elementor-element-b49846a elementor-widget elementor-widget-text-editor\" data-id=\"b49846a\" data-element_type=\"widget\" data-widget_type=\"text-editor.default\">\n\t\t\t\t<div class=\"elementor-widget-container\">\n\t\t\t\t\t\t\t\t\t<ul><li><a href=\"https:\/\/erru.al\/an\/buxheti\/\">Lista e kontratave t\u00eb lidhura (p\u00ebrfshir\u00eb shum\u00ebn e kontraktuar, pal\u00ebt kontraktuese dhe p\u00ebrshkrimin e sh\u00ebrbimeve)<\/a><\/li><li><a href=\"https:\/\/erru.al\/an\/buxheti\/\">Regjistri i parashikimeve t\u00eb prokurimeve publike<\/a><\/li><li><a href=\"https:\/\/erru.al\/an\/buxheti\/\">Regjistri i realizimit t\u00eb prokurimeve publike<\/a><\/li><li><a href=\"https:\/\/erru.al\/an\/buxheti\/\">Informacion mbi zbatimin dhe monitorimin e kontratave, si dhe udh\u00ebzues dhe politika t\u00eb ndryshme<\/a><\/li><\/ul>\t\t\t\t\t\t\t\t<\/div>\n\t\t\t\t<\/div>\n\t\t\t\t<div class=\"elementor-element elementor-element-ce4ce54 elementor-widget elementor-widget-spacer\" data-id=\"ce4ce54\" data-element_type=\"widget\" data-widget_type=\"spacer.default\">\n\t\t\t\t<div class=\"elementor-widget-container\">\n\t\t\t\t\t\t\t<div class=\"elementor-spacer\">\n\t\t\t<div class=\"elementor-spacer-inner\"><\/div>\n\t\t<\/div>\n\t\t\t\t\t\t<\/div>\n\t\t\t\t<\/div>\n\t\t\t\t\t<\/div>\n\t\t<\/div>\n\t\t\t\t\t<\/div>\n\t\t<\/section>\n\t\t\t\t<\/div>","protected":false},"excerpt":{"rendered":"<p>Lista e kontratave t\u00eb lidhura (p\u00ebrfshir\u00eb shum\u00ebn e kontraktuar, pal\u00ebt kontraktuese dhe p\u00ebrshkrimin e sh\u00ebrbimeve) Regjistri i parashikimeve t\u00eb prokurimeve publike Regjistri i realizimit t\u00eb prokurimeve publike Informacion mbi zbatimin dhe monitorimin e kontratave, si dhe udh\u00ebzues dhe politika t\u00eb ndryshme<\/p>","protected":false},"author":1,"featured_media":0,"parent":0,"menu_order":0,"comment_status":"closed","ping_status":"closed","template":"","meta":{"footnotes":""},"class_list":["post-3333","page","type-page","status-publish","hentry"],"_links":{"self":[{"href":"https:\/\/erru.al\/an\/wp-json\/wp\/v2\/pages\/3333","targetHints":{"allow":["GET"]}}],"collection":[{"href":"https:\/\/erru.al\/an\/wp-json\/wp\/v2\/pages"}],"about":[{"href":"https:\/\/erru.al\/an\/wp-json\/wp\/v2\/types\/page"}],"author":[{"embeddable":true,"href":"https:\/\/erru.al\/an\/wp-json\/wp\/v2\/users\/1"}],"replies":[{"embeddable":true,"href":"https:\/\/erru.al\/an\/wp-json\/wp\/v2\/comments?post=3333"}],"version-history":[{"count":11,"href":"https:\/\/erru.al\/an\/wp-json\/wp\/v2\/pages\/3333\/revisions"}],"predecessor-version":[{"id":5188,"href":"https:\/\/erru.al\/an\/wp-json\/wp\/v2\/pages\/3333\/revisions\/5188"}],"wp:attachment":[{"href":"https:\/\/erru.al\/an\/wp-json\/wp\/v2\/media?parent=3333"}],"curies":[{"name":"wp","href":"https:\/\/api.w.org\/{rel}","templated":true}]}}