{"id":3320,"date":"2022-05-08T20:46:42","date_gmt":"2022-05-08T20:46:42","guid":{"rendered":"https:\/\/erru.al\/?page_id=3320"},"modified":"2023-08-07T08:41:34","modified_gmt":"2023-08-07T08:41:34","slug":"informacion-mbi-buxhetin","status":"publish","type":"page","link":"https:\/\/erru.al\/an\/informacion-mbi-buxhetin\/","title":{"rendered":"Informacion mbi buxhetin"},"content":{"rendered":"<div data-elementor-type=\"wp-page\" data-elementor-id=\"3320\" class=\"elementor elementor-3320\">\n\t\t\t\t\t\t<section class=\"elementor-section elementor-top-section elementor-element elementor-element-3997a75 elementor-section-boxed elementor-section-height-default elementor-section-height-default\" data-id=\"3997a75\" data-element_type=\"section\">\n\t\t\t\t\t\t<div class=\"elementor-container elementor-column-gap-default\">\n\t\t\t\t\t<div class=\"elementor-column elementor-col-100 elementor-top-column elementor-element elementor-element-37734fc ot-flex-column-vertical\" data-id=\"37734fc\" data-element_type=\"column\">\n\t\t\t<div class=\"elementor-widget-wrap\">\n\t\t\t\t\t\t\t<\/div>\n\t\t<\/div>\n\t\t\t\t\t<\/div>\n\t\t<\/section>\n\t\t\t\t<section class=\"elementor-section elementor-top-section elementor-element elementor-element-396d00c elementor-section-boxed elementor-section-height-default elementor-section-height-default\" data-id=\"396d00c\" data-element_type=\"section\">\n\t\t\t\t\t\t<div class=\"elementor-container elementor-column-gap-default\">\n\t\t\t\t\t<div class=\"elementor-column elementor-col-100 elementor-top-column elementor-element elementor-element-1dbaefd ot-flex-column-vertical\" data-id=\"1dbaefd\" data-element_type=\"column\">\n\t\t\t<div class=\"elementor-widget-wrap elementor-element-populated\">\n\t\t\t\t\t\t<div class=\"elementor-element elementor-element-0614815 elementor-widget elementor-widget-text-editor\" data-id=\"0614815\" data-element_type=\"widget\" data-widget_type=\"text-editor.default\">\n\t\t\t\t<div class=\"elementor-widget-container\">\n\t\t\t\t\t\t\t\t\t<ul><li><a href=\"https:\/\/erru.al\/an\/buxheti\/\">Buxheti, plani i shpenzimeve p\u00ebr vitin financiar n\u00eb vijim dhe vitet e kaluara<\/a><\/li><li><a href=\"https:\/\/erru.al\/an\/buxheti\/\">Raporti vjetor p\u00ebr zbatimin e buxhetit dhe anekset<\/a><\/li><li>Donacione\/ sponsorizime<\/li><li><a href=\"\/an\/doc-shlyerje\/\">Dokumente q\u00eb tregojn\u00eb gjendjen e shlyerjes s\u00eb detyrimeve nga subjektet e licencuara<\/a><\/li><\/ul>\t\t\t\t\t\t\t\t<\/div>\n\t\t\t\t<\/div>\n\t\t\t\t<div class=\"elementor-element elementor-element-c978ec9 elementor-widget elementor-widget-spacer\" data-id=\"c978ec9\" data-element_type=\"widget\" data-widget_type=\"spacer.default\">\n\t\t\t\t<div class=\"elementor-widget-container\">\n\t\t\t\t\t\t\t<div class=\"elementor-spacer\">\n\t\t\t<div class=\"elementor-spacer-inner\"><\/div>\n\t\t<\/div>\n\t\t\t\t\t\t<\/div>\n\t\t\t\t<\/div>\n\t\t\t\t\t<\/div>\n\t\t<\/div>\n\t\t\t\t\t<\/div>\n\t\t<\/section>\n\t\t\t\t<\/div>","protected":false},"excerpt":{"rendered":"<p>Buxheti, plani i shpenzimeve p\u00ebr vitin financiar n\u00eb vijim dhe vitet e kaluara Raporti vjetor p\u00ebr zbatimin e buxhetit dhe anekset Donacione\/ sponsorizime Dokumente q\u00eb tregojn\u00eb gjendjen e shlyerjes s\u00eb detyrimeve nga subjektet e licencuara<\/p>","protected":false},"author":1,"featured_media":0,"parent":0,"menu_order":0,"comment_status":"closed","ping_status":"closed","template":"","meta":{"footnotes":""},"class_list":["post-3320","page","type-page","status-publish","hentry"],"_links":{"self":[{"href":"https:\/\/erru.al\/an\/wp-json\/wp\/v2\/pages\/3320","targetHints":{"allow":["GET"]}}],"collection":[{"href":"https:\/\/erru.al\/an\/wp-json\/wp\/v2\/pages"}],"about":[{"href":"https:\/\/erru.al\/an\/wp-json\/wp\/v2\/types\/page"}],"author":[{"embeddable":true,"href":"https:\/\/erru.al\/an\/wp-json\/wp\/v2\/users\/1"}],"replies":[{"embeddable":true,"href":"https:\/\/erru.al\/an\/wp-json\/wp\/v2\/comments?post=3320"}],"version-history":[{"count":8,"href":"https:\/\/erru.al\/an\/wp-json\/wp\/v2\/pages\/3320\/revisions"}],"predecessor-version":[{"id":5182,"href":"https:\/\/erru.al\/an\/wp-json\/wp\/v2\/pages\/3320\/revisions\/5182"}],"wp:attachment":[{"href":"https:\/\/erru.al\/an\/wp-json\/wp\/v2\/media?parent=3320"}],"curies":[{"name":"wp","href":"https:\/\/api.w.org\/{rel}","templated":true}]}}