{"id":3304,"date":"2022-05-08T20:38:30","date_gmt":"2022-05-08T20:38:30","guid":{"rendered":"https:\/\/erru.al\/?page_id=3304"},"modified":"2022-05-08T20:39:33","modified_gmt":"2022-05-08T20:39:33","slug":"rezolute-e-kuvendit","status":"publish","type":"page","link":"https:\/\/erru.al\/an\/rezolute-e-kuvendit\/","title":{"rendered":"Rezolute e kuvendit"},"content":{"rendered":"<div data-elementor-type=\"wp-page\" data-elementor-id=\"3304\" class=\"elementor elementor-3304\">\n\t\t\t\t\t\t<section class=\"elementor-section elementor-top-section elementor-element elementor-element-0b46168 elementor-section-boxed elementor-section-height-default elementor-section-height-default\" data-id=\"0b46168\" data-element_type=\"section\">\n\t\t\t\t\t\t<div class=\"elementor-container elementor-column-gap-default\">\n\t\t\t\t\t<div class=\"elementor-column elementor-col-100 elementor-top-column elementor-element elementor-element-f37bf1a ot-flex-column-vertical\" data-id=\"f37bf1a\" data-element_type=\"column\">\n\t\t\t<div class=\"elementor-widget-wrap\">\n\t\t\t\t\t\t\t<\/div>\n\t\t<\/div>\n\t\t\t\t\t<\/div>\n\t\t<\/section>\n\t\t\t\t<section class=\"elementor-section elementor-top-section elementor-element elementor-element-60d55f2 elementor-section-boxed elementor-section-height-default elementor-section-height-default\" data-id=\"60d55f2\" data-element_type=\"section\">\n\t\t\t\t\t\t<div class=\"elementor-container elementor-column-gap-default\">\n\t\t\t\t\t<div class=\"elementor-column elementor-col-100 elementor-top-column elementor-element elementor-element-cdb5f00 ot-flex-column-vertical\" data-id=\"cdb5f00\" data-element_type=\"column\">\n\t\t\t<div class=\"elementor-widget-wrap elementor-element-populated\">\n\t\t\t\t\t\t<div class=\"elementor-element elementor-element-9105093 elementor-widget elementor-widget-text-editor\" data-id=\"9105093\" data-element_type=\"widget\" data-widget_type=\"text-editor.default\">\n\t\t\t\t<div class=\"elementor-widget-container\">\n\t\t\t\t\t\t\t\t\t<ul><li><br \/>N\u00eb baz\u00eb t\u00eb ligjit nr. 8102, dat\u00eb 28.03.1996, \u201cP\u00ebr kuadrin rregullator t\u00eb sektorit t\u00eb furnizimit me uj\u00eb dhe t\u00eb largimit dhe p\u00ebrpunimit te uj\u00ebrave t\u00eb ndotura\u201d, i ndryshuar, Enti Rregullator i Ujit raporton \u00e7do vit n\u00eb Kuvendin e Shqip\u00ebris\u00eb mbi veprimtarin\u00eb nj\u00eb vje\u00e7are t\u00eb institucionit, si dhe gjendjen e sektorit t\u00eb furnizimit me uj\u00eb dhe kanalizime. M\u00eb posht\u00eb do t\u00eb gjeni Rezolutat e Kuvendit p\u00ebr miratimin e veprimtaris\u00eb s\u00eb Entit Rregullator t\u00eb Ujit n\u00eb vite.<br \/><br \/><ul><li><a href=\"https:\/\/www.erru.al\/doc\/Rezoluta_mbi_Raportin_Vjetor_2021.pdf\" target=\"_blank\" rel=\"noopener\">RESOLUTION FOR THE EVALUATION OF THE ACTIVITY OF THE WATER REGULATORY ENTITY (ERRU) FOR THE YEAR 2021<\/a><\/li><\/ul><ul><li><a href=\"https:\/\/www.erru.al\/doc\/Rezoluta_mbi_Raportin_Vjetor_2020.pdf\" target=\"_blank\" rel=\"noopener\">RESOLUTION FOR THE EVALUATION OF THE ACTIVITY OF THE WATER REGULATORY ENTITY (ERRU) FOR THE YEAR 2020<\/a><\/li><\/ul><ul><li><a href=\"https:\/\/www.erru.al\/doc\/Rezoluta_e_ERRU-se_2020.pdf\" target=\"_blank\" rel=\"noopener\">RESOLUTION FOR THE EVALUATION OF THE ACTIVITY OF THE WATER REGULATORY ENTITY (ERRU) FOR THE YEAR 2019<\/a><\/li><\/ul><ul><li><a href=\"https:\/\/www.erru.al\/doc\/Rezoluta_e_ERRU-se_dt_21.3.2019.pdf\" target=\"_blank\" rel=\"noopener\">RESOLUTION FOR THE EVALUATION OF THE ACTIVITY OF THE WATER REGULATORY ENTITY (ERRU) FOR THE YEAR 2018<\/a><\/li><\/ul><ul><li><a href=\"https:\/\/www.erru.al\/doc\/Rezoluta-e-ERRU-se-dt.-19.4.2018.pdf\" target=\"_blank\" rel=\"noopener\">RESOLUTION FOR THE EVALUATION OF THE ACTIVITY OF THE WATER REGULATORY ENTITY (ERRU) FOR THE YEAR 2017<\/a><\/li><\/ul><ul><li><a href=\"https:\/\/www.erru.al\/doc\/Rezoluta-e-ERRU-se-dt-9-3-2017.pdf\" target=\"_blank\" rel=\"noopener\">RESOLUTION FOR THE EVALUATION OF THE ACTIVITY OF THE WATER REGULATORY ENTITY (ERRU) FOR THE YEAR 2016<\/a><\/li><\/ul><ul><li><a href=\"https:\/\/www.erru.al\/doc\/Rezoluta_e_Kuvendit_per_vleresimin_e_ERRU_2015.pdf\" target=\"_blank\" rel=\"noopener\">RESOLUTION FOR THE EVALUATION OF THE ACTIVITY OF THE WATER REGULATORY ENTITY (ERRU) FOR THE YEAR 2015<\/a><\/li><\/ul><ul><li><a href=\"https:\/\/www.erru.al\/doc\/Rezoluta_e_Kuvendit_per_vleresimin_e_ERRU_2014.pdf\" target=\"_blank\" rel=\"noopener\">RESOLUTION FOR THE EVALUATION OF THE ACTIVITY OF THE WATER REGULATORY ENTITY (ERRU) FOR THE YEAR 2014<\/a><\/li><\/ul><ul><li><a href=\"https:\/\/www.erru.al\/doc\/Rezoluta_e_Kuvendit_per_vleresimin_e_ERRU_2013.pdf\" target=\"_blank\" rel=\"noopener\">RESOLUTION FOR THE EVALUATION OF THE ACTIVITY OF THE WATER REGULATORY ENTITY (ERRU) FOR THE YEAR 2013<\/a><\/li><\/ul><\/li><\/ul>\t\t\t\t\t\t\t\t<\/div>\n\t\t\t\t<\/div>\n\t\t\t\t<div class=\"elementor-element elementor-element-efcce4c elementor-widget elementor-widget-spacer\" data-id=\"efcce4c\" data-element_type=\"widget\" data-widget_type=\"spacer.default\">\n\t\t\t\t<div class=\"elementor-widget-container\">\n\t\t\t\t\t\t\t<div class=\"elementor-spacer\">\n\t\t\t<div class=\"elementor-spacer-inner\"><\/div>\n\t\t<\/div>\n\t\t\t\t\t\t<\/div>\n\t\t\t\t<\/div>\n\t\t\t\t\t<\/div>\n\t\t<\/div>\n\t\t\t\t\t<\/div>\n\t\t<\/section>\n\t\t\t\t<\/div>","protected":false},"excerpt":{"rendered":"<p>N\u00eb baz\u00eb t\u00eb ligjit nr. 8102, dat\u00eb 28.03.1996, \u201cP\u00ebr kuadrin rregullator t\u00eb sektorit t\u00eb furnizimit me uj\u00eb dhe t\u00eb largimit dhe p\u00ebrpunimit te uj\u00ebrave t\u00eb ndotura\u201d, i ndryshuar, Enti Rregullator i Ujit raporton \u00e7do vit n\u00eb Kuvendin e Shqip\u00ebris\u00eb mbi veprimtarin\u00eb nj\u00eb vje\u00e7are t\u00eb institucionit, si dhe gjendjen e sektorit t\u00eb furnizimit me uj\u00eb dhe [&hellip;]<\/p>\n","protected":false},"author":1,"featured_media":0,"parent":0,"menu_order":0,"comment_status":"closed","ping_status":"closed","template":"","meta":{"footnotes":""},"class_list":["post-3304","page","type-page","status-publish","hentry"],"_links":{"self":[{"href":"https:\/\/erru.al\/an\/wp-json\/wp\/v2\/pages\/3304","targetHints":{"allow":["GET"]}}],"collection":[{"href":"https:\/\/erru.al\/an\/wp-json\/wp\/v2\/pages"}],"about":[{"href":"https:\/\/erru.al\/an\/wp-json\/wp\/v2\/types\/page"}],"author":[{"embeddable":true,"href":"https:\/\/erru.al\/an\/wp-json\/wp\/v2\/users\/1"}],"replies":[{"embeddable":true,"href":"https:\/\/erru.al\/an\/wp-json\/wp\/v2\/comments?post=3304"}],"version-history":[{"count":4,"href":"https:\/\/erru.al\/an\/wp-json\/wp\/v2\/pages\/3304\/revisions"}],"predecessor-version":[{"id":3308,"href":"https:\/\/erru.al\/an\/wp-json\/wp\/v2\/pages\/3304\/revisions\/3308"}],"wp:attachment":[{"href":"https:\/\/erru.al\/an\/wp-json\/wp\/v2\/media?parent=3304"}],"curies":[{"name":"wp","href":"https:\/\/api.w.org\/{rel}","templated":true}]}}