{"id":3302,"date":"2022-05-08T20:41:40","date_gmt":"2022-05-08T20:41:40","guid":{"rendered":"https:\/\/erru.al\/?page_id=3302"},"modified":"2025-01-27T12:11:34","modified_gmt":"2025-01-27T12:11:34","slug":"mekanizmat-monitorues","status":"publish","type":"page","link":"https:\/\/erru.al\/an\/mekanizmat-monitorues\/","title":{"rendered":"Mekanizmat monitorues"},"content":{"rendered":"<div data-elementor-type=\"wp-page\" data-elementor-id=\"3302\" class=\"elementor elementor-3302\">\n\t\t\t\t\t\t<section class=\"elementor-section elementor-top-section elementor-element elementor-element-d900a89 elementor-section-boxed elementor-section-height-default elementor-section-height-default\" data-id=\"d900a89\" data-element_type=\"section\">\n\t\t\t\t\t\t<div class=\"elementor-container elementor-column-gap-default\">\n\t\t\t\t\t<div class=\"elementor-column elementor-col-100 elementor-top-column elementor-element elementor-element-96e1dfe ot-flex-column-vertical\" data-id=\"96e1dfe\" data-element_type=\"column\">\n\t\t\t<div class=\"elementor-widget-wrap\">\n\t\t\t\t\t\t\t<\/div>\n\t\t<\/div>\n\t\t\t\t\t<\/div>\n\t\t<\/section>\n\t\t\t\t<section class=\"elementor-section elementor-top-section elementor-element elementor-element-43c54e3 elementor-section-boxed elementor-section-height-default elementor-section-height-default\" data-id=\"43c54e3\" data-element_type=\"section\">\n\t\t\t\t\t\t<div class=\"elementor-container elementor-column-gap-default\">\n\t\t\t\t\t<div class=\"elementor-column elementor-col-100 elementor-top-column elementor-element elementor-element-bad156f ot-flex-column-vertical\" data-id=\"bad156f\" data-element_type=\"column\">\n\t\t\t<div class=\"elementor-widget-wrap elementor-element-populated\">\n\t\t\t\t\t\t<div class=\"elementor-element elementor-element-3777fc9 elementor-widget elementor-widget-text-editor\" data-id=\"3777fc9\" data-element_type=\"widget\" data-widget_type=\"text-editor.default\">\n\t\t\t\t<div class=\"elementor-widget-container\">\n\t\t\t\t\t\t\t\t\t<ul><li><a href=\"https:\/\/erru.al\/an\/rezoluta-e-kuvendit\/\">Rezolut\u00eb e Kuvendit t\u00eb Shqip\u00ebris\u00eb<\/a><\/li><li><a href=\"https:\/\/erru.al\/wp-content\/uploads\/2024\/09\/Strategjia-Institucionale_21.09.2024.pdf\">Planet strategjike t\u00eb pun\u00ebs<\/a><\/li><li><a href=\"https:\/\/www.erru.al\/doc\/Raport_KLSH_2020.pdf\">Raporte monitorimi\/auditimi<\/a><\/li><li><a href=\"https:\/\/erru.al\/an\/raport-monitorimit-financiar\/\">Dokumente t\u00eb tjera q\u00eb p\u00ebrmbajn\u00eb elemente t\u00eb performanc\u00ebs<\/a><\/li><\/ul>\t\t\t\t\t\t\t\t<\/div>\n\t\t\t\t<\/div>\n\t\t\t\t<div class=\"elementor-element elementor-element-3414125 elementor-widget elementor-widget-spacer\" data-id=\"3414125\" data-element_type=\"widget\" data-widget_type=\"spacer.default\">\n\t\t\t\t<div class=\"elementor-widget-container\">\n\t\t\t\t\t\t\t<div class=\"elementor-spacer\">\n\t\t\t<div class=\"elementor-spacer-inner\"><\/div>\n\t\t<\/div>\n\t\t\t\t\t\t<\/div>\n\t\t\t\t<\/div>\n\t\t\t\t\t<\/div>\n\t\t<\/div>\n\t\t\t\t\t<\/div>\n\t\t<\/section>\n\t\t\t\t<\/div>","protected":false},"excerpt":{"rendered":"<p>Rezolut\u00eb e Kuvendit t\u00eb Shqip\u00ebris\u00eb Planet strategjike t\u00eb pun\u00ebs Raporte monitorimi\/auditimi Dokumente t\u00eb tjera q\u00eb p\u00ebrmbajn\u00eb elemente t\u00eb performanc\u00ebs<\/p>","protected":false},"author":1,"featured_media":0,"parent":0,"menu_order":0,"comment_status":"closed","ping_status":"closed","template":"","meta":{"footnotes":""},"class_list":["post-3302","page","type-page","status-publish","hentry"],"_links":{"self":[{"href":"https:\/\/erru.al\/an\/wp-json\/wp\/v2\/pages\/3302","targetHints":{"allow":["GET"]}}],"collection":[{"href":"https:\/\/erru.al\/an\/wp-json\/wp\/v2\/pages"}],"about":[{"href":"https:\/\/erru.al\/an\/wp-json\/wp\/v2\/types\/page"}],"author":[{"embeddable":true,"href":"https:\/\/erru.al\/an\/wp-json\/wp\/v2\/users\/1"}],"replies":[{"embeddable":true,"href":"https:\/\/erru.al\/an\/wp-json\/wp\/v2\/comments?post=3302"}],"version-history":[{"count":14,"href":"https:\/\/erru.al\/an\/wp-json\/wp\/v2\/pages\/3302\/revisions"}],"predecessor-version":[{"id":6877,"href":"https:\/\/erru.al\/an\/wp-json\/wp\/v2\/pages\/3302\/revisions\/6877"}],"wp:attachment":[{"href":"https:\/\/erru.al\/an\/wp-json\/wp\/v2\/media?parent=3302"}],"curies":[{"name":"wp","href":"https:\/\/api.w.org\/{rel}","templated":true}]}}