{"id":3291,"date":"2022-05-08T20:34:55","date_gmt":"2022-05-08T20:34:55","guid":{"rendered":"https:\/\/erru.al\/?page_id=3291"},"modified":"2022-05-08T20:35:51","modified_gmt":"2022-05-08T20:35:51","slug":"format-ankes","status":"publish","type":"page","link":"https:\/\/erru.al\/an\/format-ankes\/","title":{"rendered":"Format ankes"},"content":{"rendered":"<div data-elementor-type=\"wp-page\" data-elementor-id=\"3291\" class=\"elementor elementor-3291\">\n\t\t\t\t\t\t<section class=\"elementor-section elementor-top-section elementor-element elementor-element-d45995a elementor-section-boxed elementor-section-height-default elementor-section-height-default\" data-id=\"d45995a\" data-element_type=\"section\">\n\t\t\t\t\t\t<div class=\"elementor-container elementor-column-gap-default\">\n\t\t\t\t\t<div class=\"elementor-column elementor-col-100 elementor-top-column elementor-element elementor-element-ae036b5 ot-flex-column-vertical\" data-id=\"ae036b5\" data-element_type=\"column\">\n\t\t\t<div class=\"elementor-widget-wrap\">\n\t\t\t\t\t\t\t<\/div>\n\t\t<\/div>\n\t\t\t\t\t<\/div>\n\t\t<\/section>\n\t\t\t\t<section class=\"elementor-section elementor-top-section elementor-element elementor-element-d56a801 elementor-section-boxed elementor-section-height-default elementor-section-height-default\" data-id=\"d56a801\" data-element_type=\"section\">\n\t\t\t\t\t\t<div class=\"elementor-container elementor-column-gap-default\">\n\t\t\t\t\t<div class=\"elementor-column elementor-col-100 elementor-top-column elementor-element elementor-element-b7e99f7 ot-flex-column-vertical\" data-id=\"b7e99f7\" data-element_type=\"column\">\n\t\t\t<div class=\"elementor-widget-wrap elementor-element-populated\">\n\t\t\t\t\t\t<div class=\"elementor-element elementor-element-891cc50 elementor-widget elementor-widget-text-editor\" data-id=\"891cc50\" data-element_type=\"widget\" data-widget_type=\"text-editor.default\">\n\t\t\t\t<div class=\"elementor-widget-container\">\n\t\t\t\t\t\t\t\t\t<p><a href=\"https:\/\/www.erru.al\/doc\/Model_Format_Ankese_Komisioneri.pdf\" target=\"_blank\" rel=\"noopener\">Format ankes\u00eb<\/a><br \/><br \/>Formularin e plot\u00ebsuar, mund ta d\u00ebrgoni pran\u00eb Zyr\u00ebs s\u00eb Komisionerit n\u00eb adres\u00ebn e-mail info@idp.al, dorazi ose n\u00ebp\u00ebrmjet post\u00ebs n\u00eb adres\u00ebn: Rr. Abdi Toptani, Tiran\u00eb,<br \/><br \/><br \/>Ligji nr. 119\/2014 \u201cP\u00ebr t\u00eb drejt\u00ebn e informimit\u201d<br \/>Neni 24<br \/>Procedurat p\u00ebr shqyrtimin e ankesave<\/p><ol><li>\u00c7do person, kur \u00e7mon se i jan\u00eb shkelur t\u00eb drejtat e parashikuara nga ky ligj, ka t\u00eb drejt\u00eb t\u00eb ankohet n\u00eb rrug\u00eb administrative pran\u00eb Komisionerit p\u00ebr t\u00eb Drejt\u00ebn e Informimit dhe Mbrojtjen e t\u00eb Dh\u00ebnave Personale, n\u00eb p\u00ebrputhje me k\u00ebt\u00eb ligj dhe Kodin e Procedurave Administrative.<br \/><br \/><\/li><li>Ankimi administrativ pran\u00eb Zyr\u00ebs s\u00eb Komisionerit p\u00ebr t\u00eb Drejt\u00ebn e Informimit dhe Mbrojtjen e t\u00eb Dh\u00ebnave Personale b\u00ebhet brenda 30 dit\u00ebve pune nga dita kur:<br \/>a) ankuesi ka marr\u00eb njoftim p\u00ebr refuzimin e informacionit;<br \/>b) ka kaluar afati i parashikuar n\u00eb k\u00ebt\u00eb ligj p\u00ebr dh\u00ebnien e informacionit.<br \/><br \/><\/li><li>Me marrjen e ankes\u00ebs, Komisioneri p\u00ebr t\u00eb Drejt\u00ebn e Informimit dhe Mbrojtjen e t\u00eb Dh\u00ebnave Personale ia kalon at\u00eb struktur\u00ebs q\u00eb merret me t\u00eb drejt\u00ebn e informimit, e cila verifikon faktet dhe baz\u00ebn ligjore t\u00eb ankes\u00ebs. P\u00ebr k\u00ebt\u00eb q\u00ebllim, ai mund t\u2019u k\u00ebrkoj\u00eb ankuesit dhe Autoritetit Publik, kund\u00ebr t\u00eb cilit \u00ebsht\u00eb b\u00ebr\u00eb ankesa, t\u00eb paraqesin parashtrime me shkrim, si dhe t\u00eb informohet nga \u00e7do person dhe burim tjet\u00ebr. Kur e sheh t\u00eb nevojshme, Komisioneri zhvillon nj\u00eb seanc\u00eb d\u00ebgjimore publike me pjes\u00ebmarrjen e pal\u00ebve.<br \/><br \/><\/li><li>Komisioneri p\u00ebr t\u00eb Drejt\u00ebn e Informimit dhe Mbrojtjen e t\u00eb Dh\u00ebnave Personale merr vendim p\u00ebr ankes\u00ebn brenda 15 dit\u00ebve pune nga dita kur \u00ebsht\u00eb dor\u00ebzuar ankimi.<br \/><br \/><\/li><li>Komisioneri p\u00ebr t\u00eb Drejt\u00ebn e Informimit dhe Mbrojtjen e t\u00eb Dh\u00ebnave Personale vendos:<br \/><br \/>a) mospranimin e ankes\u00ebs kur:<br \/>i) ka kaluar afati i parashikuar n\u00eb pik\u00ebn 2 t\u00eb k\u00ebtij neni;<br \/>ii) ankimi nuk paraqitet n\u00eb form\u00eb shkresore;<br \/>iii) nuk tregohet emri dhe adresa e ankuesit;<br \/>b) pranimin e ankes\u00ebs dhe urdh\u00ebrimin e autoritetit publik p\u00ebr t\u00eb dh\u00ebn\u00eb informacionin e k\u00ebrkuar, n\u00eb m\u00ebnyr\u00eb t\u00eb plot\u00eb ose t\u00eb pjesshme;<br \/>c) rr\u00ebzimin e ankes\u00ebs, pjes\u00ebrisht ose t\u00ebr\u00ebsisht;<br \/>\u00e7) afatin, brenda t\u00eb cilit Autoriteti Publik duhet t\u00eb zbatoj\u00eb urdhrin.<br \/><br \/><\/li><li>N\u00eb qoft\u00eb se Komisioneri p\u00ebr t\u00eb Drejt\u00ebn e Informimit dhe Mbrojtjen e t\u00eb Dh\u00ebnave Personale nuk merr vendim p\u00ebrpara mbarimit t\u00eb afatit t\u00eb parashikuar n\u00eb pik\u00ebn 4, t\u00eb k\u00ebtij neni, ankuesit i lind e drejta p\u00ebr t\u2019iu drejtuar gjykat\u00ebs.<br \/><br \/><\/li><li>Procedura administrative e parashikuar n\u00eb k\u00ebt\u00eb nen nuk c\u00ebnon kompetencat e Avokatit t\u00eb Popullit, lidhur me mbik\u00ebqyrjen dhe zbatimin e t\u00eb drejtave civile, sipas ligjit nr. 8454, dat\u00eb 04\/02\/1999, \u201cP\u00ebr Avokatin e Popullit\u201d.<\/li><\/ol>\t\t\t\t\t\t\t\t<\/div>\n\t\t\t\t<\/div>\n\t\t\t\t<div class=\"elementor-element elementor-element-414dcb2 elementor-widget elementor-widget-spacer\" data-id=\"414dcb2\" data-element_type=\"widget\" data-widget_type=\"spacer.default\">\n\t\t\t\t<div class=\"elementor-widget-container\">\n\t\t\t\t\t\t\t<div class=\"elementor-spacer\">\n\t\t\t<div class=\"elementor-spacer-inner\"><\/div>\n\t\t<\/div>\n\t\t\t\t\t\t<\/div>\n\t\t\t\t<\/div>\n\t\t\t\t\t<\/div>\n\t\t<\/div>\n\t\t\t\t\t<\/div>\n\t\t<\/section>\n\t\t\t\t<\/div>","protected":false},"excerpt":{"rendered":"<p>Format ankes\u00eb Formularin e plot\u00ebsuar, mund ta d\u00ebrgoni pran\u00eb Zyr\u00ebs s\u00eb Komisionerit n\u00eb adres\u00ebn e-mail info@idp.al, dorazi ose n\u00ebp\u00ebrmjet post\u00ebs n\u00eb adres\u00ebn: Rr. Abdi Toptani, Tiran\u00eb, Ligji nr. 119\/2014 \u201cP\u00ebr t\u00eb drejt\u00ebn e informimit\u201dNeni 24Procedurat p\u00ebr shqyrtimin e ankesave \u00c7do person, kur \u00e7mon se i jan\u00eb shkelur t\u00eb drejtat e parashikuara nga ky ligj, ka [&hellip;]<\/p>\n","protected":false},"author":1,"featured_media":0,"parent":0,"menu_order":0,"comment_status":"closed","ping_status":"closed","template":"","meta":{"footnotes":""},"class_list":["post-3291","page","type-page","status-publish","hentry"],"_links":{"self":[{"href":"https:\/\/erru.al\/an\/wp-json\/wp\/v2\/pages\/3291","targetHints":{"allow":["GET"]}}],"collection":[{"href":"https:\/\/erru.al\/an\/wp-json\/wp\/v2\/pages"}],"about":[{"href":"https:\/\/erru.al\/an\/wp-json\/wp\/v2\/types\/page"}],"author":[{"embeddable":true,"href":"https:\/\/erru.al\/an\/wp-json\/wp\/v2\/users\/1"}],"replies":[{"embeddable":true,"href":"https:\/\/erru.al\/an\/wp-json\/wp\/v2\/comments?post=3291"}],"version-history":[{"count":4,"href":"https:\/\/erru.al\/an\/wp-json\/wp\/v2\/pages\/3291\/revisions"}],"predecessor-version":[{"id":3295,"href":"https:\/\/erru.al\/an\/wp-json\/wp\/v2\/pages\/3291\/revisions\/3295"}],"wp:attachment":[{"href":"https:\/\/erru.al\/an\/wp-json\/wp\/v2\/media?parent=3291"}],"curies":[{"name":"wp","href":"https:\/\/api.w.org\/{rel}","templated":true}]}}