{"id":3286,"date":"2022-05-08T20:32:59","date_gmt":"2022-05-08T20:32:59","guid":{"rendered":"https:\/\/erru.al\/?page_id=3286"},"modified":"2022-05-08T20:33:35","modified_gmt":"2022-05-08T20:33:35","slug":"format-kerkese","status":"publish","type":"page","link":"https:\/\/erru.al\/an\/format-kerkese\/","title":{"rendered":"Format kerkese"},"content":{"rendered":"<div data-elementor-type=\"wp-page\" data-elementor-id=\"3286\" class=\"elementor elementor-3286\">\n\t\t\t\t\t\t<section class=\"elementor-section elementor-top-section elementor-element elementor-element-263f448 elementor-section-boxed elementor-section-height-default elementor-section-height-default\" data-id=\"263f448\" data-element_type=\"section\">\n\t\t\t\t\t\t<div class=\"elementor-container elementor-column-gap-default\">\n\t\t\t\t\t<div class=\"elementor-column elementor-col-100 elementor-top-column elementor-element elementor-element-39a331e ot-flex-column-vertical\" data-id=\"39a331e\" data-element_type=\"column\">\n\t\t\t<div class=\"elementor-widget-wrap\">\n\t\t\t\t\t\t\t<\/div>\n\t\t<\/div>\n\t\t\t\t\t<\/div>\n\t\t<\/section>\n\t\t\t\t<section class=\"elementor-section elementor-top-section elementor-element elementor-element-e83c0a5 elementor-section-boxed elementor-section-height-default elementor-section-height-default\" data-id=\"e83c0a5\" data-element_type=\"section\">\n\t\t\t\t\t\t<div class=\"elementor-container elementor-column-gap-default\">\n\t\t\t\t\t<div class=\"elementor-column elementor-col-100 elementor-top-column elementor-element elementor-element-ed1dd97 ot-flex-column-vertical\" data-id=\"ed1dd97\" data-element_type=\"column\">\n\t\t\t<div class=\"elementor-widget-wrap elementor-element-populated\">\n\t\t\t\t\t\t<div class=\"elementor-element elementor-element-297f93e elementor-widget elementor-widget-text-editor\" data-id=\"297f93e\" data-element_type=\"widget\" data-widget_type=\"text-editor.default\">\n\t\t\t\t<div class=\"elementor-widget-container\">\n\t\t\t\t\t\t\t\t\t<ul><li><a href=\"https:\/\/www.erru.al\/doc\/Format_Kerkese_per_info.pdf\" target=\"_blank\" rel=\"noopener\">Format k\u00ebrkes\u00eb<\/a><\/li><\/ul><ul><li><strong>\u00c7do person<\/strong>\u00a0g\u00ebzon t\u00eb drejt\u00ebn e njohjes me informacionin publik, pa u detyruar t\u00eb shpjegoj\u00eb motivet.<\/li><\/ul><ul><li><strong>\u00c7do person<\/strong>\u00a0ka t\u00eb drejt\u00eb t\u00eb njihet me informacionin publik, n\u00ebp\u00ebrmjet dokumentit origjinal, ose duke marr\u00eb nj\u00eb kopje t\u00eb tij n\u00eb form\u00ebn ose formatin q\u00eb mund\u00ebson akses t\u00eb plot\u00eb n\u00eb p\u00ebrmbajtjen e dokumentit.<\/li><\/ul><ul><li><strong>K\u00ebrkesa p\u00ebr informim<\/strong>\u00a0b\u00ebhet me shkrim dhe d\u00ebrgohet dorazi, me post\u00eb ose me post\u00eb elektronike, duke paraqitur sakt\u00eb identitetin e k\u00ebrkuesit dhe n\u00ebnshkrimin e tij. K\u00ebrkesa p\u00ebr informim duhet t\u00eb p\u00ebrmbaj\u00eb:<\/li><\/ul><ol><li style=\"list-style-type: none;\"><ol><li>emrin dhe mbiemrin e k\u00ebrkuesit;<\/li><li>adres\u00ebn postare ose elektronike ku k\u00ebrkohet t\u00eb d\u00ebrgohet informacioni;<\/li><li>p\u00ebrshkrimin e informacionit q\u00eb k\u00ebrkohet;<\/li><li>formatin n\u00eb t\u00eb cilin preferohet informacioni;<\/li><li>\u00e7do t\u00eb dh\u00ebn\u00eb q\u00eb k\u00ebrkuesi gjykon se mund t\u00eb ndihmoj\u00eb n\u00eb identifikimin e informacionit t\u00eb k\u00ebrkuar.<\/li><\/ol><\/li><\/ol><ul><li><strong>\u00c7do person<\/strong>, kur \u00e7mon se i jan\u00eb shkelur t\u00eb drejtat e parashikuara nga ky ligj, ka t\u00eb drejt\u00eb t\u00eb ankohet n\u00eb rrug\u00eb administrative pran\u00eb Zyr\u00ebs s\u00eb Komisionerit p\u00ebr t\u00eb Drejt\u00ebn e Informimit dhe Mbrojtjen e t\u00eb Dh\u00ebnave Personale, n\u00eb p\u00ebrputhje me k\u00ebt\u00eb ligj dhe Kodin e Procedurave Administrative.<\/li><\/ul><p>\u00a0<\/p><ul><li><strong>Ankimi administrativ<\/strong>\u00a0pran\u00eb Zyr\u00ebs s\u00eb Komisionerit p\u00ebr t\u00eb Drejt\u00ebn e Informimit dhe Mbrojtjen e t\u00eb Dh\u00ebnave Personale b\u00ebhet brenda 30 dit\u00ebve pune nga dita kur:<\/li><\/ul><ol><li style=\"list-style-type: none;\"><ol><li>ankuesi ka marr\u00eb njoftim p\u00ebr refuzimin e informacionit;<\/li><li>ka kaluar afati i parashikuar n\u00eb k\u00ebt\u00eb ligj p\u00ebr dh\u00ebnien e informacionit.<\/li><\/ol><\/li><\/ol><ul><li><strong>K\u00ebrkesa p\u00ebr informim<\/strong>\u00a0trajtohet nga ana e Autoritetit Publik sa m\u00eb shpejt q\u00eb t\u00eb jet\u00eb e mundur, por jo m\u00eb von\u00eb se 10 dit\u00eb pune nga dita e dor\u00ebzimit t\u00eb saj, p\u00ebrve\u00e7 rasteve kur ligji i posa\u00e7\u00ebm parashikon ndryshe.<\/li><\/ul><ul><li><strong>Kur k\u00ebrkesa \u00ebsht\u00eb e paqart\u00eb<\/strong>\u00a0n\u00eb lidhje me p\u00ebrmbajtjen dhe natyr\u00ebn e saj, Enti Rregullator i Ujit kontakton menj\u00ebher\u00eb personin p\u00ebr t\u00eb b\u00ebr\u00eb sqarimet e nevojshme, por gjithnj\u00eb jo m\u00eb von\u00eb se 48 or\u00eb nga data e paraqitjes s\u00eb k\u00ebrkes\u00ebs.<\/li><\/ul><ul><li><strong>N\u00eb qoft\u00eb se pas shqyrtimit<\/strong>\u00a0t\u00eb k\u00ebrkes\u00ebs Enti Rregullator i Ujit konstaton se nuk e zot\u00ebron informacionin e k\u00ebrkuar, ai, jo m\u00eb von\u00eb se 10 dit\u00eb kalendarike nga data e dor\u00ebzimit t\u00eb k\u00ebrkes\u00ebs, ia d\u00ebrgon at\u00eb Autoritetit kompetent, duke e v\u00ebn\u00eb n\u00eb dijeni edhe k\u00ebrkuesin.<\/li><\/ul><ul><li><strong>Sh\u00ebrbimet e administrat\u00ebs<\/strong>\u00a0publike jan\u00eb pa pages\u00eb. Dh\u00ebnia e informacionit mund t\u00eb b\u00ebhet kundrejt nj\u00eb tarife, t\u00eb p\u00ebrcaktuar m\u00eb par\u00eb dhe t\u00eb b\u00ebr\u00eb publike n\u00eb faqen e internetit dhe n\u00eb mjediset e pritjes s\u00eb publikut.<\/li><\/ul><ul><li><strong>Qytetar\u00ebt e regjistruar<\/strong>\u00a0rregullisht n\u00eb skemat e ndihm\u00ebs shoq\u00ebrore, si dhe subjektet p\u00ebrfituese, sipas ligjit nr. 10039, dat\u00eb 22.12.2008, \u201cP\u00ebr ndihm\u00ebn juridike\u201d, t\u00eb ndryshuar, e p\u00ebrfitojn\u00eb informacionin falas deri n\u00eb nj\u00eb num\u00ebr t\u00eb caktuar faqesh p\u00ebr \u00e7do k\u00ebrkes\u00eb, ose n\u00eb vler\u00ebn ekuivalente kur informacioni jepet n\u00eb nj\u00eb format tjet\u00ebr.<\/li><\/ul><ul><li><strong>E drejta e informimit<\/strong>\u00a0kufizohet vet\u00ebm sipas rasteve t\u00eb parashikuara n\u00eb nenin 17 t\u00eb ligjit nr.119\/2014 \u201cP\u00ebr t\u00eb drejt\u00ebn e informimit\u201d.<\/li><\/ul>\t\t\t\t\t\t\t\t<\/div>\n\t\t\t\t<\/div>\n\t\t\t\t<div class=\"elementor-element elementor-element-35b5847 elementor-widget elementor-widget-spacer\" data-id=\"35b5847\" data-element_type=\"widget\" data-widget_type=\"spacer.default\">\n\t\t\t\t<div class=\"elementor-widget-container\">\n\t\t\t\t\t\t\t<div class=\"elementor-spacer\">\n\t\t\t<div class=\"elementor-spacer-inner\"><\/div>\n\t\t<\/div>\n\t\t\t\t\t\t<\/div>\n\t\t\t\t<\/div>\n\t\t\t\t\t<\/div>\n\t\t<\/div>\n\t\t\t\t\t<\/div>\n\t\t<\/section>\n\t\t\t\t<\/div>","protected":false},"excerpt":{"rendered":"<p>Format k\u00ebrkes\u00eb \u00c7do person\u00a0g\u00ebzon t\u00eb drejt\u00ebn e njohjes me informacionin publik, pa u detyruar t\u00eb shpjegoj\u00eb motivet. \u00c7do person\u00a0ka t\u00eb drejt\u00eb t\u00eb njihet me informacionin publik, n\u00ebp\u00ebrmjet dokumentit origjinal, ose duke marr\u00eb nj\u00eb kopje t\u00eb tij n\u00eb form\u00ebn ose formatin q\u00eb mund\u00ebson akses t\u00eb plot\u00eb n\u00eb p\u00ebrmbajtjen e dokumentit. K\u00ebrkesa p\u00ebr informim\u00a0b\u00ebhet me shkrim dhe [&hellip;]<\/p>\n","protected":false},"author":1,"featured_media":0,"parent":0,"menu_order":0,"comment_status":"closed","ping_status":"closed","template":"","meta":{"footnotes":""},"class_list":["post-3286","page","type-page","status-publish","hentry"],"_links":{"self":[{"href":"https:\/\/erru.al\/an\/wp-json\/wp\/v2\/pages\/3286","targetHints":{"allow":["GET"]}}],"collection":[{"href":"https:\/\/erru.al\/an\/wp-json\/wp\/v2\/pages"}],"about":[{"href":"https:\/\/erru.al\/an\/wp-json\/wp\/v2\/types\/page"}],"author":[{"embeddable":true,"href":"https:\/\/erru.al\/an\/wp-json\/wp\/v2\/users\/1"}],"replies":[{"embeddable":true,"href":"https:\/\/erru.al\/an\/wp-json\/wp\/v2\/comments?post=3286"}],"version-history":[{"count":4,"href":"https:\/\/erru.al\/an\/wp-json\/wp\/v2\/pages\/3286\/revisions"}],"predecessor-version":[{"id":3290,"href":"https:\/\/erru.al\/an\/wp-json\/wp\/v2\/pages\/3286\/revisions\/3290"}],"wp:attachment":[{"href":"https:\/\/erru.al\/an\/wp-json\/wp\/v2\/media?parent=3286"}],"curies":[{"name":"wp","href":"https:\/\/api.w.org\/{rel}","templated":true}]}}