{"id":3284,"date":"2022-05-08T20:35:03","date_gmt":"2022-05-08T20:35:03","guid":{"rendered":"https:\/\/erru.al\/?page_id=3284"},"modified":"2023-08-07T08:00:17","modified_gmt":"2023-08-07T08:00:17","slug":"e-drejta-per-tu-informuar","status":"publish","type":"page","link":"https:\/\/erru.al\/an\/e-drejta-per-tu-informuar\/","title":{"rendered":"E drejta per tu informuar"},"content":{"rendered":"<div data-elementor-type=\"wp-page\" data-elementor-id=\"3284\" class=\"elementor elementor-3284\">\n\t\t\t\t\t\t<section class=\"elementor-section elementor-top-section elementor-element elementor-element-b77b50e elementor-section-boxed elementor-section-height-default elementor-section-height-default\" data-id=\"b77b50e\" data-element_type=\"section\">\n\t\t\t\t\t\t<div class=\"elementor-container elementor-column-gap-default\">\n\t\t\t\t\t<div class=\"elementor-column elementor-col-100 elementor-top-column elementor-element elementor-element-af6fbf4 ot-flex-column-vertical\" data-id=\"af6fbf4\" data-element_type=\"column\">\n\t\t\t<div class=\"elementor-widget-wrap\">\n\t\t\t\t\t\t\t<\/div>\n\t\t<\/div>\n\t\t\t\t\t<\/div>\n\t\t<\/section>\n\t\t\t\t<section class=\"elementor-section elementor-top-section elementor-element elementor-element-c023827 elementor-section-boxed elementor-section-height-default elementor-section-height-default\" data-id=\"c023827\" data-element_type=\"section\">\n\t\t\t\t\t\t<div class=\"elementor-container elementor-column-gap-default\">\n\t\t\t\t\t<div class=\"elementor-column elementor-col-100 elementor-top-column elementor-element elementor-element-f875c56 ot-flex-column-vertical\" data-id=\"f875c56\" data-element_type=\"column\">\n\t\t\t<div class=\"elementor-widget-wrap elementor-element-populated\">\n\t\t\t\t\t\t<div class=\"elementor-element elementor-element-edd70b7 elementor-widget elementor-widget-text-editor\" data-id=\"edd70b7\" data-element_type=\"widget\" data-widget_type=\"text-editor.default\">\n\t\t\t\t<div class=\"elementor-widget-container\">\n\t\t\t\t\t\t\t\t\t<table border=\"1\" width=\"100%\" cellspacing=\"0\" cellpadding=\"3\" bgcolor=\"#ffffff\"><tbody><tr><td valign=\"top\" width=\"30%\"><ul><li>Koordinatori\/Emri Mbiemri<\/li><\/ul><\/td><td valign=\"top\" width=\"50%\">Malvina Zaja<\/td><\/tr><tr><td valign=\"top\" width=\"30%\"><ul><li>Email<\/li><\/ul><\/td><td valign=\"top\" width=\"50%\">malvina.zaja@erru.al<\/td><\/tr><tr><td valign=\"top\" width=\"30%\"><ul><li>Tel.<\/li><\/ul><\/td><td valign=\"top\" width=\"50%\">04 22 58 046<\/td><\/tr><tr><td valign=\"top\" width=\"30%\"><ul><li>Address<\/li><\/ul><\/td><td valign=\"top\" width=\"50%\">Rr: &#8220;Viktor Eftimiu&#8221; Nd. 1 Nj\u00ebsia Administrative Nr.5, 1022 TIRAN\u00cb<\/td><\/tr><tr><td valign=\"top\" width=\"30%\"><ul><li>Orari<\/li><\/ul><\/td><td valign=\"top\" width=\"50%\"><table border=\"1\" width=\"100%\" cellspacing=\"0\" cellpadding=\"3\"><tbody><tr bgcolor=\"#ffffff\"><td valign=\"top\" bgcolor=\"#ffffff\" width=\"20%\">E H\u00ebn\u00eb &#8211; E Enjte<\/td><td valign=\"top\" width=\"50%\">08:00 &#8211; 16:30<\/td><\/tr><tr><td valign=\"top\" width=\"20%\">Friday<\/td><td valign=\"top\" width=\"50%\">08:00 &#8211; 14:00<\/td><\/tr><\/tbody><\/table><\/td><\/tr><\/tbody><\/table><ul><li><a href=\"\/an\/format-kerkese\/\">Format k\u00ebrkes\u00eb\/ Shpjeguese (Hapat shpjegues qe duhen nd\u00ebrmarr\u00eb p\u00ebr t\u00eb b\u00ebr\u00eb nj\u00eb k\u00ebrkes\u00eb)<\/a><\/li><li><a href=\"\/an\/format-ankes\/\">Format ankes\u00eb\/Shpjeguese (Procedurat e ankimit tek Komisioneri)<\/a><\/li><\/ul><p>\u00a0<\/p>\t\t\t\t\t\t\t\t<\/div>\n\t\t\t\t<\/div>\n\t\t\t\t<div class=\"elementor-element elementor-element-0b34ee5 elementor-widget elementor-widget-spacer\" data-id=\"0b34ee5\" data-element_type=\"widget\" data-widget_type=\"spacer.default\">\n\t\t\t\t<div class=\"elementor-widget-container\">\n\t\t\t\t\t\t\t<div class=\"elementor-spacer\">\n\t\t\t<div class=\"elementor-spacer-inner\"><\/div>\n\t\t<\/div>\n\t\t\t\t\t\t<\/div>\n\t\t\t\t<\/div>\n\t\t\t\t\t<\/div>\n\t\t<\/div>\n\t\t\t\t\t<\/div>\n\t\t<\/section>\n\t\t\t\t<\/div>","protected":false},"excerpt":{"rendered":"<p>Koordinatori\/Emri Mbiemri Malvina Zaja Email malvina.zaja@erru.al Tel. 04 22 58 046 Adresa Rr: &#8220;Viktor Eftimiu&#8221; Nd. 1 Nj\u00ebsia Administrative Nr.5, 1022 TIRAN\u00cb Orari E H\u00ebn\u00eb &#8211; E Enjte 08:00 &#8211; 16:30 E Premte 08:00 &#8211; 14:00 Format k\u00ebrkes\u00eb\/ Shpjeguese (Hapat shpjegues qe duhen nd\u00ebrmarr\u00eb p\u00ebr t\u00eb b\u00ebr\u00eb nj\u00eb k\u00ebrkes\u00eb) Format ankes\u00eb\/Shpjeguese (Procedurat e ankimit tek [&hellip;]<\/p>\n","protected":false},"author":1,"featured_media":0,"parent":0,"menu_order":0,"comment_status":"closed","ping_status":"closed","template":"","meta":{"footnotes":""},"class_list":["post-3284","page","type-page","status-publish","hentry"],"_links":{"self":[{"href":"https:\/\/erru.al\/an\/wp-json\/wp\/v2\/pages\/3284","targetHints":{"allow":["GET"]}}],"collection":[{"href":"https:\/\/erru.al\/an\/wp-json\/wp\/v2\/pages"}],"about":[{"href":"https:\/\/erru.al\/an\/wp-json\/wp\/v2\/types\/page"}],"author":[{"embeddable":true,"href":"https:\/\/erru.al\/an\/wp-json\/wp\/v2\/users\/1"}],"replies":[{"embeddable":true,"href":"https:\/\/erru.al\/an\/wp-json\/wp\/v2\/comments?post=3284"}],"version-history":[{"count":5,"href":"https:\/\/erru.al\/an\/wp-json\/wp\/v2\/pages\/3284\/revisions"}],"predecessor-version":[{"id":5150,"href":"https:\/\/erru.al\/an\/wp-json\/wp\/v2\/pages\/3284\/revisions\/5150"}],"wp:attachment":[{"href":"https:\/\/erru.al\/an\/wp-json\/wp\/v2\/media?parent=3284"}],"curies":[{"name":"wp","href":"https:\/\/api.w.org\/{rel}","templated":true}]}}