{"id":3270,"date":"2022-05-08T20:27:30","date_gmt":"2022-05-08T20:27:30","guid":{"rendered":"https:\/\/erru.al\/?page_id=3270"},"modified":"2025-01-27T11:44:44","modified_gmt":"2025-01-27T11:44:44","slug":"akte-nenligjore","status":"publish","type":"page","link":"https:\/\/erru.al\/an\/akte-nenligjore\/","title":{"rendered":"Akte nenligjore"},"content":{"rendered":"<div data-elementor-type=\"wp-page\" data-elementor-id=\"3270\" class=\"elementor elementor-3270\">\n\t\t\t\t\t\t<section class=\"elementor-section elementor-top-section elementor-element elementor-element-f0ac2d6 elementor-section-boxed elementor-section-height-default elementor-section-height-default\" data-id=\"f0ac2d6\" data-element_type=\"section\">\n\t\t\t\t\t\t<div class=\"elementor-container elementor-column-gap-default\">\n\t\t\t\t\t<div class=\"elementor-column elementor-col-100 elementor-top-column elementor-element elementor-element-92f0141 ot-flex-column-vertical\" data-id=\"92f0141\" data-element_type=\"column\">\n\t\t\t<div class=\"elementor-widget-wrap\">\n\t\t\t\t\t\t\t<\/div>\n\t\t<\/div>\n\t\t\t\t\t<\/div>\n\t\t<\/section>\n\t\t\t\t<section class=\"elementor-section elementor-top-section elementor-element elementor-element-f681c1b elementor-section-boxed elementor-section-height-default elementor-section-height-default\" data-id=\"f681c1b\" data-element_type=\"section\">\n\t\t\t\t\t\t<div class=\"elementor-container elementor-column-gap-default\">\n\t\t\t\t\t<div class=\"elementor-column elementor-col-100 elementor-top-column elementor-element elementor-element-f9fb6b5 ot-flex-column-vertical\" data-id=\"f9fb6b5\" data-element_type=\"column\">\n\t\t\t<div class=\"elementor-widget-wrap elementor-element-populated\">\n\t\t\t\t\t\t<div class=\"elementor-element elementor-element-5ad4100 elementor-widget elementor-widget-text-editor\" data-id=\"5ad4100\" data-element_type=\"widget\" data-widget_type=\"text-editor.default\">\n\t\t\t\t<div class=\"elementor-widget-container\">\n\t\t\t\t\t\t\t\t\t<div id=\"Titulli\"><p><strong>Vendime t\u00eb K\u00ebshillit t\u00eb Ministrave<\/strong><\/p><\/div><div id=\"Teksti\"><p>The decisions of the Council of Ministers are the by-laws that complete the legal framework of the water supply and sewerage sector in Albania. Below you can find the relevant links:<\/p><ul><li><a href=\"https:\/\/erru.al\/doc\/DCoM_958,_6_5_2009_On_Licenses.pdf\">VKM nr. 448, dat\u00eb 26.07.2023 &#8220;P\u00ebr Miratimin e Strategjis\u00eb Komb\u00ebtare t\u00eb\u00a0 Sektorit t\u00eb Furnizimit me Uj\u00eb dhe Kanalizimeve 2020 &#8211; 2030&#8221;<\/a><\/li><li><a href=\"https:\/\/www.erru.al\/doc\/Kodi_i_Furnizimit_me_Uje_dhe_Kanalizimeve.pdf\" target=\"_blank\" rel=\"noopener\">Kodi i Furnizimit me Uj\u00eb dhe Kanalizimeve<\/a><\/li><li><a href=\"https:\/\/www.erru.al\/doc\/vkm_958_dt._6.5.2009_per_licensat.pdf\" target=\"_blank\" rel=\"noopener\">VKM nr. 958, dat\u00eb 06.05.2009 &#8220;P\u00ebr Miratimin e Kategorive t\u00eb Licencave dhe t\u00eb Pro\u00e7edurave t\u00eb Aplikimit p\u00ebr Licenc\u00eb t\u00eb Personave Fizik\u00eb dhe Juridik\u00eb, q\u00eb ushtrojn\u00eb Veprimtari n\u00eb Sistemet e Furnizimit me Uj\u00eb dhe t\u00eb Largimit e P\u00ebrpunimit t\u00eb Uj\u00ebrave t\u00eb Ndotura<\/a><\/li><li><a title=\"\" href=\"https:\/\/www.erru.al\/doc\/VKM_63.pdf\" target=\"_blank\" rel=\"noopener\">VKM nr. 63, dat\u00eb 27.01.2016, &#8220;P\u00ebr riorganizimin e operator\u00ebve q\u00eb ofrojn\u00eb sh\u00ebrbimin U<\/a>K<\/li><li><a title=\"\" href=\"https:\/\/www.erru.al\/doc\/Strategjia_Kombetare_e_Menaxhimit_te_Burimeve_Ujore.pdf\" target=\"_blank\" rel=\"noopener\">VKM no. 73, dated 7.2.2018 \"On the approval of the National Strategy for the Integrated Management of Water Resources, 2018 - 2027\"<\/a><\/li><li><a href=\"https:\/\/erru.al\/wp-content\/uploads\/2023\/04\/FZ-2022-70-38-40.pdf\">VKM nr. 302, dat\u00eb 11.5.2022 &#8220;P\u00ebr Politikat Komb\u00ebtare p\u00ebr Riorganizimin e Sektorit t\u00eb Furnizimit me Uj\u00eb dhe t\u00eb Largimit, Trajtimit dhe P\u00ebrpunimit t\u00eb Uj\u00ebrave t\u00eb Ndotura&#8221;<\/a><\/li><li><p><a href=\"https:\/\/erru.al\/wp-content\/uploads\/2025\/01\/Strategjia-per-mbrojtjen-e-konsumatorit.pdf\">Vendim nr. 326, dat\u00eb 29.5.2024 \u201cP\u00ebr Miratimin e Strategjis\u00eb Nd\u00ebrsektoriale p\u00ebr Mbrojtjen \u00a0e Konsumator\u00ebve dhe Mbik\u00ebqyrjen e Tregut 2024\u20132030\u201d<\/a><\/p><\/li><\/ul><ul><li style=\"list-style-type: none;\">\u00a0<\/li><\/ul><\/div>\t\t\t\t\t\t\t\t<\/div>\n\t\t\t\t<\/div>\n\t\t\t\t<div class=\"elementor-element elementor-element-11ec461 elementor-widget elementor-widget-spacer\" data-id=\"11ec461\" data-element_type=\"widget\" data-widget_type=\"spacer.default\">\n\t\t\t\t<div class=\"elementor-widget-container\">\n\t\t\t\t\t\t\t<div class=\"elementor-spacer\">\n\t\t\t<div class=\"elementor-spacer-inner\"><\/div>\n\t\t<\/div>\n\t\t\t\t\t\t<\/div>\n\t\t\t\t<\/div>\n\t\t\t\t\t<\/div>\n\t\t<\/div>\n\t\t\t\t\t<\/div>\n\t\t<\/section>\n\t\t\t\t<\/div>","protected":false},"excerpt":{"rendered":"<p>Vendime t\u00eb K\u00ebshillit t\u00eb Ministrave Vendimet e K\u00ebshillit t\u00eb Ministrave jan\u00eb aktet n\u00ebnligjore q\u00eb plot\u00ebsojn\u00eb kuadrin ligjor t\u00eb sektorit uj\u00ebsjell\u00ebs-kanalizime n\u00eb Shqip\u00ebri . M\u00eb posht\u00eb mund t\u00eb gjeni lingjet p\u00ebrkat\u00ebs: VKM nr. 448, dat\u00eb 26.07.2023 &#8220;P\u00ebr Miratimin e Strategjis\u00eb Komb\u00ebtare t\u00eb\u00a0 Sektorit t\u00eb Furnizimit me Uj\u00eb dhe Kanalizimeve 2020 &#8211; 2030&#8221; Kodi i Furnizimit me [&hellip;]<\/p>\n","protected":false},"author":1,"featured_media":0,"parent":0,"menu_order":0,"comment_status":"closed","ping_status":"closed","template":"","meta":{"footnotes":""},"class_list":["post-3270","page","type-page","status-publish","hentry"],"_links":{"self":[{"href":"https:\/\/erru.al\/an\/wp-json\/wp\/v2\/pages\/3270","targetHints":{"allow":["GET"]}}],"collection":[{"href":"https:\/\/erru.al\/an\/wp-json\/wp\/v2\/pages"}],"about":[{"href":"https:\/\/erru.al\/an\/wp-json\/wp\/v2\/types\/page"}],"author":[{"embeddable":true,"href":"https:\/\/erru.al\/an\/wp-json\/wp\/v2\/users\/1"}],"replies":[{"embeddable":true,"href":"https:\/\/erru.al\/an\/wp-json\/wp\/v2\/comments?post=3270"}],"version-history":[{"count":19,"href":"https:\/\/erru.al\/an\/wp-json\/wp\/v2\/pages\/3270\/revisions"}],"predecessor-version":[{"id":6817,"href":"https:\/\/erru.al\/an\/wp-json\/wp\/v2\/pages\/3270\/revisions\/6817"}],"wp:attachment":[{"href":"https:\/\/erru.al\/an\/wp-json\/wp\/v2\/media?parent=3270"}],"curies":[{"name":"wp","href":"https:\/\/api.w.org\/{rel}","templated":true}]}}