{"id":3265,"date":"2022-05-08T20:25:28","date_gmt":"2022-05-08T20:25:28","guid":{"rendered":"https:\/\/erru.al\/?page_id=3265"},"modified":"2025-01-27T09:49:13","modified_gmt":"2025-01-27T09:49:13","slug":"legjislacion-kombetar","status":"publish","type":"page","link":"https:\/\/erru.al\/an\/legjislacion-kombetar\/","title":{"rendered":"Legjislacion kombetar"},"content":{"rendered":"<div data-elementor-type=\"wp-page\" data-elementor-id=\"3265\" class=\"elementor elementor-3265\">\n\t\t\t\t\t\t<section class=\"elementor-section elementor-top-section elementor-element elementor-element-9624969 elementor-section-boxed elementor-section-height-default elementor-section-height-default\" data-id=\"9624969\" data-element_type=\"section\">\n\t\t\t\t\t\t<div class=\"elementor-container elementor-column-gap-default\">\n\t\t\t\t\t<div class=\"elementor-column elementor-col-100 elementor-top-column elementor-element elementor-element-e1077d9 ot-flex-column-vertical\" data-id=\"e1077d9\" data-element_type=\"column\">\n\t\t\t<div class=\"elementor-widget-wrap\">\n\t\t\t\t\t\t\t<\/div>\n\t\t<\/div>\n\t\t\t\t\t<\/div>\n\t\t<\/section>\n\t\t\t\t<section class=\"elementor-section elementor-top-section elementor-element elementor-element-e77ca76 elementor-section-boxed elementor-section-height-default elementor-section-height-default\" data-id=\"e77ca76\" data-element_type=\"section\">\n\t\t\t\t\t\t<div class=\"elementor-container elementor-column-gap-default\">\n\t\t\t\t\t<div class=\"elementor-column elementor-col-100 elementor-top-column elementor-element elementor-element-49e36c7 ot-flex-column-vertical\" data-id=\"49e36c7\" data-element_type=\"column\">\n\t\t\t<div class=\"elementor-widget-wrap elementor-element-populated\">\n\t\t\t\t\t\t<div class=\"elementor-element elementor-element-91c2ef6 elementor-widget elementor-widget-text-editor\" data-id=\"91c2ef6\" data-element_type=\"widget\" data-widget_type=\"text-editor.default\">\n\t\t\t\t<div class=\"elementor-widget-container\">\n\t\t\t\t\t\t\t\t\t<div id=\"Titulli\"><p><strong>LIGJE<\/strong><\/p><\/div><div id=\"Teksti\"><p>The Water Regulatory Body was created and operates based on law no. 8102, dated 28.03.1996, amended. The powers, procedures and standards under which ERRU operates derive from this law:<\/p><ul><li><a href=\"https:\/\/www.erru.al\/doc\/Ligji_8102_i_ndryshuar.pdf\" target=\"_blank\" rel=\"noopener\">Law no. 8102, dated 28.03.1996, \"On the Regulatory Framework of the Water Supply and Wastewater Removal and Treatment Sector\", amended<br \/><\/a><\/li><\/ul><p>A number of other laws of the Republic of Albania have an impact on the exercise of ERRU's functions, such as the Law on Consumer Protection, the Law on the Functioning of Collegial Bodies of State Administration and Public Entities, etc. These can be found at the following links:<\/p><ul><li><a href=\"https:\/\/www.erru.al\/doc\/Ligji_9902_per_mbrojten_e_konsumatoreve_2018_vf.pdf\" target=\"_blank\" rel=\"noopener\">Law no. 9902, dated 17.04.2008, \"On Consumer Protection\", amended<\/a><\/li><li><a href=\"https:\/\/www.erru.al\/doc\/ligji_per_rregullat_e_etikes_ne_administraten_publike.pdf\" target=\"_blank\" rel=\"noopener\">Law no. 9131, dated 08.09.2003 \"On the Rules of Ethics in Public Administration\"<\/a><\/li><li><a href=\"https:\/\/www.erru.al\/doc\/ligji_per_funksionimin_e_enteve_publike.pdf\" target=\"_blank\" rel=\"noopener\">Law no. 8480, dated 27.05.1999 \"On the Functioning of Collegial Bodies of State Administration and Public Entities\"<\/a><\/li><li><a href=\"https:\/\/erru.al\/wp-content\/uploads\/2025\/01\/Ligji-nr.-29_2024-Per-burimet-ujore.pdf\">Ligji nr. 29\/2024 &#8220;P\u00ebr burimet ujore&#8221;<\/a><\/li><li><a href=\"https:\/\/www.erru.al\/doc\/Kodi_i_Procedurave_Administrative_2015.pdf\" target=\"_blank\" rel=\"noopener\">Law no. 44\/2015 \"Code of Administrative Procedures of the Republic of Albania\"<\/a><\/li><li><a href=\"https:\/\/erru.al\/wp-content\/uploads\/2024\/01\/Ligj_139-2015-Per-vetqeverisjen-vendore-i-ndryshuar.pdf\" target=\"_blank\" rel=\"noopener\">Law no. 139\/2015 \"On Local Self-Government\"<\/a><\/li><li><a href=\"https:\/\/erru.al\/wp-content\/uploads\/2024\/01\/Ligj-nr.-119_2014-Per-te-drejten-e-informimit-i-ndryshuar.pdf\" target=\"_blank\" rel=\"noopener\">Law no. 119\/2014 \"On the right to information\"<\/a><\/li><li><a href=\"https:\/\/www.erru.al\/doc\/Ligji_Nr_126_2020_date_15.10.2020_Per_metrologjine.pdf\" target=\"_blank\" rel=\"noopener\">Law no. 126\/2020, dated 15.10.2020, \"On Metrology\"<\/a><\/li><li><a href=\"https:\/\/erru.al\/wp-content\/uploads\/2023\/10\/Ligj-nr.-9584-date-17.07.2006-Per-pagat-shperblimet-dhe-strukturat-e-instiucioneve-te-pavarura-i-ndryshuar.pdf\" target=\"_blank\" rel=\"noopener\">Law no. 9584, dated 17.07.2006, \"On salaries, rewards and structures of independent institutions and other constitutional institutions\", amended<\/a><\/li><li><a href=\"https:\/\/erru.al\/wp-content\/uploads\/2023\/10\/Ligj-nr.-120_2016-Per-zhvillimin-e-rrjeteve-te-komunikimeve-elektronike-te-shpejtesise-se-larte-dhe-te-drejtes-se-kalimit.pdf\">Ligj nr. 120\/2016, &#8220;P\u00ebr zhvillimin e rrjeteve t\u00eb komunikimeve elektronike t\u00eb shpejt\u00ebsis\u00eb s\u00eb lart\u00eb dhe t\u00eb drejt\u00ebs s\u00eb kalimit&#8221;<\/a><\/li><\/ul><\/div>\t\t\t\t\t\t\t\t<\/div>\n\t\t\t\t<\/div>\n\t\t\t\t<div class=\"elementor-element elementor-element-ba0c325 elementor-widget elementor-widget-spacer\" data-id=\"ba0c325\" data-element_type=\"widget\" data-widget_type=\"spacer.default\">\n\t\t\t\t<div class=\"elementor-widget-container\">\n\t\t\t\t\t\t\t<div class=\"elementor-spacer\">\n\t\t\t<div class=\"elementor-spacer-inner\"><\/div>\n\t\t<\/div>\n\t\t\t\t\t\t<\/div>\n\t\t\t\t<\/div>\n\t\t\t\t\t<\/div>\n\t\t<\/div>\n\t\t\t\t\t<\/div>\n\t\t<\/section>\n\t\t\t\t<\/div>","protected":false},"excerpt":{"rendered":"<p>LIGJE Enti Rregullator i Ujit \u00ebsht\u00eb krijuar dhe funksionon n\u00eb baz\u00eb t\u00eb ligjit nr. 8102, dat\u00eb 28.03.1996, i ndryshuar. Kompetencat, pro\u00e7edurat dhe standartet n\u00ebn t\u00eb cilat ERRU operon burojn\u00eb nga ky ligj: Ligji nr. 8102, dat\u00eb 28.03.1996, &#8220;P\u00ebr Kuadrin Rregullator t\u00eb Sektorit t\u00eb Furnizimit me Uj\u00eb dhe t\u00eb Largimit dhe P\u00ebrpunimit t\u00eb Uj\u00ebrave t\u00eb Ndotura&#8221;, [&hellip;]<\/p>\n","protected":false},"author":1,"featured_media":0,"parent":0,"menu_order":0,"comment_status":"closed","ping_status":"closed","template":"","meta":{"footnotes":""},"class_list":["post-3265","page","type-page","status-publish","hentry"],"_links":{"self":[{"href":"https:\/\/erru.al\/an\/wp-json\/wp\/v2\/pages\/3265","targetHints":{"allow":["GET"]}}],"collection":[{"href":"https:\/\/erru.al\/an\/wp-json\/wp\/v2\/pages"}],"about":[{"href":"https:\/\/erru.al\/an\/wp-json\/wp\/v2\/types\/page"}],"author":[{"embeddable":true,"href":"https:\/\/erru.al\/an\/wp-json\/wp\/v2\/users\/1"}],"replies":[{"embeddable":true,"href":"https:\/\/erru.al\/an\/wp-json\/wp\/v2\/comments?post=3265"}],"version-history":[{"count":25,"href":"https:\/\/erru.al\/an\/wp-json\/wp\/v2\/pages\/3265\/revisions"}],"predecessor-version":[{"id":6794,"href":"https:\/\/erru.al\/an\/wp-json\/wp\/v2\/pages\/3265\/revisions\/6794"}],"wp:attachment":[{"href":"https:\/\/erru.al\/an\/wp-json\/wp\/v2\/media?parent=3265"}],"curies":[{"name":"wp","href":"https:\/\/api.w.org\/{rel}","templated":true}]}}