{"id":3263,"date":"2022-05-08T20:27:20","date_gmt":"2022-05-08T20:27:20","guid":{"rendered":"https:\/\/erru.al\/?page_id=3263"},"modified":"2025-01-27T12:05:10","modified_gmt":"2025-01-27T12:05:10","slug":"kuadri-ligjor","status":"publish","type":"page","link":"https:\/\/erru.al\/an\/kuadri-ligjor\/","title":{"rendered":"Kuadri ligjor"},"content":{"rendered":"<div data-elementor-type=\"wp-page\" data-elementor-id=\"3263\" class=\"elementor elementor-3263\">\n\t\t\t\t\t\t<section class=\"elementor-section elementor-top-section elementor-element elementor-element-8cc6a5e elementor-section-boxed elementor-section-height-default elementor-section-height-default\" data-id=\"8cc6a5e\" data-element_type=\"section\">\n\t\t\t\t\t\t<div class=\"elementor-container elementor-column-gap-default\">\n\t\t\t\t\t<div class=\"elementor-column elementor-col-100 elementor-top-column elementor-element elementor-element-8782377 ot-flex-column-vertical\" data-id=\"8782377\" data-element_type=\"column\">\n\t\t\t<div class=\"elementor-widget-wrap\">\n\t\t\t\t\t\t\t<\/div>\n\t\t<\/div>\n\t\t\t\t\t<\/div>\n\t\t<\/section>\n\t\t\t\t<section class=\"elementor-section elementor-top-section elementor-element elementor-element-d4072ac elementor-section-boxed elementor-section-height-default elementor-section-height-default\" data-id=\"d4072ac\" data-element_type=\"section\">\n\t\t\t\t\t\t<div class=\"elementor-container elementor-column-gap-default\">\n\t\t\t\t\t<div class=\"elementor-column elementor-col-100 elementor-top-column elementor-element elementor-element-bc79c6d ot-flex-column-vertical\" data-id=\"bc79c6d\" data-element_type=\"column\">\n\t\t\t<div class=\"elementor-widget-wrap elementor-element-populated\">\n\t\t\t\t\t\t<div class=\"elementor-element elementor-element-ad945b2 elementor-widget elementor-widget-text-editor\" data-id=\"ad945b2\" data-element_type=\"widget\" data-widget_type=\"text-editor.default\">\n\t\t\t\t<div class=\"elementor-widget-container\">\n\t\t\t\t\t\t\t\t\t<ul><li><a href=\"\/an\/legjislacion\/\">Legjislacion nd\u00ebrkomb\u00ebtar<\/a><\/li><li><a href=\"\/an\/legjislacion-kombetar\/\">Legjislacion komb\u00ebtar<\/a><\/li><li><a href=\"\/an\/akte-nenligjore\/\">Akte n\u00ebnligjore<\/a><\/li><li><a href=\"\/an\/rregullore-te-erru\/\">Rregullore<\/a><\/li><li><a href=\"\/an\/vendime-kkrr\/\">Vendime KKRR<\/a><\/li><li><a href=\"https:\/\/www.erru.al\/doc\/WRA_Integrity_Code.pdf\" target=\"_blank\" rel=\"noopener\">Kodi i sjelljes<\/a><\/li><li>Aktet q\u00eb p\u00ebrmbajn\u00eb rregulla norma apo kufizime t\u00eb t\u00eb drejtave apo lirive themelore t\u00eb individit<\/li><li><a href=\"https:\/\/erru.al\/wp-content\/uploads\/2024\/09\/Strategjia-Institucionale_21.09.2024.pdf\">Strategji<\/a><\/li><li><a href=\"\/an\/raportet\/\">Raport vjetor<\/a><\/li><li>Manuale\/dokumente politikash q\u00eb kan\u00eb lidhje me funksionet e AP dhe prek publikun<\/li><\/ul><p>*Sh\u00ebnim: Enti Rregullator i Ujit nuk miraton rregulla, norma apo kufizime t\u00eb t\u00eb drejtave dhe lirive themelore t\u00eb individit.<\/p>\t\t\t\t\t\t\t\t<\/div>\n\t\t\t\t<\/div>\n\t\t\t\t<div class=\"elementor-element elementor-element-9003838 elementor-widget elementor-widget-spacer\" data-id=\"9003838\" data-element_type=\"widget\" data-widget_type=\"spacer.default\">\n\t\t\t\t<div class=\"elementor-widget-container\">\n\t\t\t\t\t\t\t<div class=\"elementor-spacer\">\n\t\t\t<div class=\"elementor-spacer-inner\"><\/div>\n\t\t<\/div>\n\t\t\t\t\t\t<\/div>\n\t\t\t\t<\/div>\n\t\t\t\t\t<\/div>\n\t\t<\/div>\n\t\t\t\t\t<\/div>\n\t\t<\/section>\n\t\t\t\t<\/div>","protected":false},"excerpt":{"rendered":"<p>Legjislacion nd\u00ebrkomb\u00ebtar Legjislacion komb\u00ebtar Akte n\u00ebnligjore Rregullore Vendime KKRR Kodi i sjelljes Aktet q\u00eb p\u00ebrmbajn\u00eb rregulla norma apo kufizime t\u00eb t\u00eb drejtave apo lirive themelore t\u00eb individit Strategji Raport vjetor Manuale\/dokumente politikash q\u00eb kan\u00eb lidhje me funksionet e AP dhe prek publikun *Sh\u00ebnim: Enti Rregullator i Ujit nuk miraton rregulla, norma apo kufizime t\u00eb t\u00eb [&hellip;]<\/p>\n","protected":false},"author":1,"featured_media":0,"parent":0,"menu_order":0,"comment_status":"closed","ping_status":"closed","template":"","meta":{"footnotes":""},"class_list":["post-3263","page","type-page","status-publish","hentry"],"_links":{"self":[{"href":"https:\/\/erru.al\/an\/wp-json\/wp\/v2\/pages\/3263","targetHints":{"allow":["GET"]}}],"collection":[{"href":"https:\/\/erru.al\/an\/wp-json\/wp\/v2\/pages"}],"about":[{"href":"https:\/\/erru.al\/an\/wp-json\/wp\/v2\/types\/page"}],"author":[{"embeddable":true,"href":"https:\/\/erru.al\/an\/wp-json\/wp\/v2\/users\/1"}],"replies":[{"embeddable":true,"href":"https:\/\/erru.al\/an\/wp-json\/wp\/v2\/comments?post=3263"}],"version-history":[{"count":22,"href":"https:\/\/erru.al\/an\/wp-json\/wp\/v2\/pages\/3263\/revisions"}],"predecessor-version":[{"id":6871,"href":"https:\/\/erru.al\/an\/wp-json\/wp\/v2\/pages\/3263\/revisions\/6871"}],"wp:attachment":[{"href":"https:\/\/erru.al\/an\/wp-json\/wp\/v2\/media?parent=3263"}],"curies":[{"name":"wp","href":"https:\/\/api.w.org\/{rel}","templated":true}]}}