{"id":3257,"date":"2022-05-08T20:21:36","date_gmt":"2022-05-08T20:21:36","guid":{"rendered":"https:\/\/erru.al\/?page_id=3257"},"modified":"2023-08-07T08:53:23","modified_gmt":"2023-08-07T08:53:23","slug":"legjislacion","status":"publish","type":"page","link":"https:\/\/erru.al\/an\/legjislacion\/","title":{"rendered":"legjislacion"},"content":{"rendered":"<div data-elementor-type=\"wp-page\" data-elementor-id=\"3257\" class=\"elementor elementor-3257\">\n\t\t\t\t\t\t<section class=\"elementor-section elementor-top-section elementor-element elementor-element-2246ad2 elementor-section-boxed elementor-section-height-default elementor-section-height-default\" data-id=\"2246ad2\" data-element_type=\"section\">\n\t\t\t\t\t\t<div class=\"elementor-container elementor-column-gap-default\">\n\t\t\t\t\t<div class=\"elementor-column elementor-col-100 elementor-top-column elementor-element elementor-element-4854896 ot-flex-column-vertical\" data-id=\"4854896\" data-element_type=\"column\">\n\t\t\t<div class=\"elementor-widget-wrap\">\n\t\t\t\t\t\t\t<\/div>\n\t\t<\/div>\n\t\t\t\t\t<\/div>\n\t\t<\/section>\n\t\t\t\t<section class=\"elementor-section elementor-top-section elementor-element elementor-element-cf2f9bc elementor-section-boxed elementor-section-height-default elementor-section-height-default\" data-id=\"cf2f9bc\" data-element_type=\"section\">\n\t\t\t\t\t\t<div class=\"elementor-container elementor-column-gap-default\">\n\t\t\t\t\t<div class=\"elementor-column elementor-col-100 elementor-top-column elementor-element elementor-element-f225e98 ot-flex-column-vertical\" data-id=\"f225e98\" data-element_type=\"column\">\n\t\t\t<div class=\"elementor-widget-wrap elementor-element-populated\">\n\t\t\t\t\t\t<div class=\"elementor-element elementor-element-0a347d8 elementor-widget elementor-widget-text-editor\" data-id=\"0a347d8\" data-element_type=\"widget\" data-widget_type=\"text-editor.default\">\n\t\t\t\t<div class=\"elementor-widget-container\">\n\t\t\t\t\t\t\t\t\t<div id=\"Titulli\"><strong>Rezoluta dhe Direktiva Nd\u00ebrkomb\u00ebtare<\/strong><br \/><br \/><\/div><div id=\"Teksti\"><p>P\u00ebrve\u00e7 kuadrit komb\u00ebtar ligjor dhe kuadrit p\u00ebr politikat, puna e ERRU-s\u00eb bazohet dhe n\u00eb disa rezoluta, dokumente dhe direktiva, t\u00eb tilla si Direktiva e Ujit t\u00eb BE-s\u00eb, e Drejta e Njeriut p\u00ebr Uj\u00eb t\u00eb Pijsh\u00ebm t\u00eb Sigurt dhe Higjien\u00eb, si dhe n\u00eb Objektivat e Zhvillimit t\u00eb Mij\u00ebvje\u00e7arit.<br \/><br \/><strong>Direktiva e Ujit t\u00eb Bashkimit Evropian<\/strong><\/p><p>Si vend q\u00eb ka aplikuar p\u00ebr an\u00ebtar\u00ebsim n\u00eb BE, Shqip\u00ebria p\u00ebrpiqet t\u00eb arrij\u00eb p\u00ebrputhshm\u00ebri me\u00a0<a href=\"http:\/\/ec.europa.eu\/environment\/water\/water-framework\/info\/intro_en.htm\" target=\"_blank\" rel=\"noopener\">Direktivat Europiane t\u00eb Ujit\u00a0<\/a>si m\u00eb posht\u00eb:<\/p><ul><li><a href=\"http:\/\/europa.eu\/legislation_summaries\/agriculture\/environment\/l28002b_en.htm\" target=\"_blank\" rel=\"noopener\">Water Framework Directive (2000\/60\/EC), dated 23 October 2000<\/a><\/li><li><a href=\"http:\/\/eur-lex.europa.eu\/LexUriServ\/site\/en\/consleg\/1998\/L\/01998L0083-20031120-en.pdf\" target=\"_blank\" rel=\"noopener\">Drinking Water Directive (98\/83\/EC), dated 3 November 1998<\/a><\/li><li><a href=\"http:\/\/ec.europa.eu\/environment\/water\/water-urbanwaste\/directiv.html\" target=\"_blank\" rel=\"noopener\">Urban Wastewater Treatment Directive (91\/271\/EEC), dated May 21, 1991<\/a><\/li><li>Principles of Full Cost Coverage under KOM (20000) 477<\/li><\/ul><p><strong>The Human Right to Safe Drinking Water and Sanitation<\/strong><\/p><p>N\u00ebp\u00ebrmjet bashk\u00ebfinancimit t\u00eb Rezolut\u00ebs s\u00eb K\u00ebshillit t\u00eb Kombeve t\u00eb Bashkuara p\u00ebr t\u00eb Drejtat e Njeriut \u201cE Drejta e Njeriut p\u00ebr Uj\u00eb t\u00eb Pijsh\u00ebm t\u00eb Sigurt dhe Higjien\u00eb\u201d (miratuar m\u00eb 28 shtator), qeveria shqiptare \u00ebsht\u00eb angazhuar p\u00ebr miratimin e nj\u00eb qasje bazuar n\u00eb t\u00eb drejtat e njeriut p\u00ebr sektorin e ujit.<\/p><ul><li><a title=\"\" href=\"https:\/\/www.erru.al\/doc\/UN_Acess_to_safe_water_and_sanitation_oct_2011_alb.pdf\" target=\"_blank\" rel=\"noopener\">Rezoluta e KDNj 18\/1, e miratuar m\u00eb 28.9.2011, \u201cE Drejta e Njeriut p\u00ebr Uj\u00eb t\u00eb Pijsh\u00ebm t\u00eb Sigurt dhe Higjien\u00eb\u201d<\/a><\/li><\/ul><p><strong>Millennium Development Goals<\/strong><\/p><p>N\u00eb shtator t\u00eb vitit 2000, Shqip\u00ebria, s\u00eb bashku me 180 kombe t\u00eb tjera, miratoi\u00a0<a title=\"\" href=\"https:\/\/www.erru.al\/doc\/Albania_National_MDG_Progress_Report_-_July_2010.pdf\" target=\"_blank\" rel=\"noopener\">Deklarat\u00ebn e Mij\u00ebvje\u00e7arit n\u00eb Samitin e Mij\u00ebvje\u00e7arit<\/a>, duke u angazhuar n\u00eb arritjen e Objektivave t\u00eb Zhvillimit t\u00eb Mij\u00ebvje\u00e7arit deri n\u00eb vitin 2015.<\/p><ul><li><a href=\"https:\/\/www.erru.al\/doc\/ares552e.pdf\" target=\"_blank\" rel=\"noopener\">United Nations General Assembly Resolution 55\/2, adopted on 18 September 2000<\/a><\/li><\/ul><ul><li><a href=\"https:\/\/www.erru.al\/doc\/Objektivat_e_Zhvillimit_te_Qendrueshem_2030.pdf\" target=\"_blank\" rel=\"noopener\">2030 Sustainable Development Goals<\/a><\/li><\/ul><p>In July 2003, the Albanian Parliament adopted the following resolution in support of the Millennium Declaration:<\/p><p>Arritja e Objektivit 7 t\u00eb Zhvillimit t\u00eb Mij\u00ebvje\u00e7arit \u2013 Sigurimi i Zhvillimit t\u00eb Q\u00ebndruesh\u00ebm Mjedisor \u2013 \u00ebsht\u00eb nj\u00eb nd\u00ebr objektivat kryesore t\u00eb politikave p\u00ebr sektorin shqiptar t\u00eb ujit. Strategjia Komb\u00ebtare e Sektorit t\u00eb Sh\u00ebrbimeve t\u00eb Furnizimit me Uj\u00eb dhe Kanalizimeve 2011-2017 reflekton angazhimin e Shqip\u00ebris\u00eb p\u00ebr Synimin 10: p\u00ebr t\u00eb p\u00ebrgjysmuar, deri n\u00eb vitin 2015, p\u00ebrqindjen e njer\u00ebzve q\u00eb nuk marrin sh\u00ebrbimet baz\u00eb t\u00eb furnizimit me uj\u00eb t\u00eb pijsh\u00ebm t\u00eb sigurt dhe me higjien\u00eb.<\/p><p>M\u00eb shum\u00eb informacion n\u00eb lidhje me OZHM 7 mund t\u00eb gjendet n\u00eb\u00a0<a href=\"https:\/\/erru.al\/an\/doc\/Albania%20National%20MDG%20Progress%20Report%20-%20July%202010.pdf\/\" target=\"_blank\" rel=\"noopener\">\u201cRaportin Komb\u00ebtar Shqiptar p\u00ebr Progresin drejt Arritjes s\u00eb Objektivave t\u00eb Zhvillimit t\u00eb Mij\u00ebvje\u00e7arit<\/a>\u00a0(edicion i posa\u00e7\u00ebm, Korrik 2010)\u201d.<\/p><p><strong>THE LISBON CHARTER<\/strong><br \/><a href=\"https:\/\/www.erru.al\/doc\/Lisbon_Regulators_Charter.pdf\" target=\"_blank\" rel=\"noopener\">Deklarata e Lisbon\u00ebs \u2013 Mbi orientimin e politikave publike dhe rregullimit t\u00eb sh\u00ebrbimeve t\u00eb Furnizimit me uj\u00eb, kanalizimeve dhe menaxhimit t\u00eb ujrave t\u00eb ndotura.<\/a><\/p><p>Professionals, policy makers and decision makers for the Water Supply, Sewerage and Wastewater Treatment sector, managers of public and private providers of these services as well as the community of specialists working in this sector gathered at the first Regulators' Forum in Lisbon, in September 2014.<\/p><p>Ata ngarkuan Shoqat\u00ebn Komb\u00ebtare t\u00eb Ujit (IWA) t\u00eb hartoj\u00eb, formuloj\u00eb dhe miratoj\u00eb nj\u00eb Deklarat\u00eb q\u00eb do t\u00eb p\u00ebrcaktonte parimet baz\u00eb t\u00eb politikave publike t\u00eb mira si dhe rregullimit efektiv t\u00eb sh\u00ebrbimeve t\u00eb furnizimit me uj\u00eb, kanalizimeve dhe menaxhimit t\u00eb trajtimit t\u00eb ujrave t\u00eb ndotura (t\u00eb quajtura \u201cSh\u00ebrbimet\u201d), q\u00eb t\u00eb p\u00ebrcaktoj\u00eb t\u00eb drejtat, detyrimet dhe p\u00ebrgjegj\u00ebsit\u00eb p\u00ebrkat\u00ebse t\u00eb qeverive, administrat\u00ebs publike, autoriteteve rregullatore, ofruesve t\u00eb sh\u00ebrbimit dhe konsumator\u00ebve.<\/p><p>The Lisbon Declaration guides the formulation of national and local public policies, the creation of the relevant regulatory framework as well as good practices for the implementation of these policies and rules.<\/p><\/div>\t\t\t\t\t\t\t\t<\/div>\n\t\t\t\t<\/div>\n\t\t\t\t<div class=\"elementor-element elementor-element-18620f8 elementor-widget elementor-widget-spacer\" data-id=\"18620f8\" data-element_type=\"widget\" data-widget_type=\"spacer.default\">\n\t\t\t\t<div class=\"elementor-widget-container\">\n\t\t\t\t\t\t\t<div class=\"elementor-spacer\">\n\t\t\t<div class=\"elementor-spacer-inner\"><\/div>\n\t\t<\/div>\n\t\t\t\t\t\t<\/div>\n\t\t\t\t<\/div>\n\t\t\t\t\t<\/div>\n\t\t<\/div>\n\t\t\t\t\t<\/div>\n\t\t<\/section>\n\t\t\t\t<\/div>","protected":false},"excerpt":{"rendered":"<p>Rezoluta dhe Direktiva Nd\u00ebrkomb\u00ebtare P\u00ebrve\u00e7 kuadrit komb\u00ebtar ligjor dhe kuadrit p\u00ebr politikat, puna e ERRU-s\u00eb bazohet dhe n\u00eb disa rezoluta, dokumente dhe direktiva, t\u00eb tilla si Direktiva e Ujit t\u00eb BE-s\u00eb, e Drejta e Njeriut p\u00ebr Uj\u00eb t\u00eb Pijsh\u00ebm t\u00eb Sigurt dhe Higjien\u00eb, si dhe n\u00eb Objektivat e Zhvillimit t\u00eb Mij\u00ebvje\u00e7arit. Direktiva e Ujit t\u00eb [&hellip;]<\/p>\n","protected":false},"author":1,"featured_media":0,"parent":0,"menu_order":0,"comment_status":"closed","ping_status":"closed","template":"","meta":{"footnotes":""},"class_list":["post-3257","page","type-page","status-publish","hentry"],"_links":{"self":[{"href":"https:\/\/erru.al\/an\/wp-json\/wp\/v2\/pages\/3257","targetHints":{"allow":["GET"]}}],"collection":[{"href":"https:\/\/erru.al\/an\/wp-json\/wp\/v2\/pages"}],"about":[{"href":"https:\/\/erru.al\/an\/wp-json\/wp\/v2\/types\/page"}],"author":[{"embeddable":true,"href":"https:\/\/erru.al\/an\/wp-json\/wp\/v2\/users\/1"}],"replies":[{"embeddable":true,"href":"https:\/\/erru.al\/an\/wp-json\/wp\/v2\/comments?post=3257"}],"version-history":[{"count":7,"href":"https:\/\/erru.al\/an\/wp-json\/wp\/v2\/pages\/3257\/revisions"}],"predecessor-version":[{"id":5195,"href":"https:\/\/erru.al\/an\/wp-json\/wp\/v2\/pages\/3257\/revisions\/5195"}],"wp:attachment":[{"href":"https:\/\/erru.al\/an\/wp-json\/wp\/v2\/media?parent=3257"}],"curies":[{"name":"wp","href":"https:\/\/api.w.org\/{rel}","templated":true}]}}