{"id":3248,"date":"2022-05-08T20:17:32","date_gmt":"2022-05-08T20:17:32","guid":{"rendered":"https:\/\/erru.al\/?page_id=3248"},"modified":"2025-10-02T10:34:04","modified_gmt":"2025-10-02T10:34:04","slug":"cv-nepunseve","status":"publish","type":"page","link":"https:\/\/erru.al\/an\/cv-nepunseve\/","title":{"rendered":"cv nepunseve"},"content":{"rendered":"<div data-elementor-type=\"wp-page\" data-elementor-id=\"3248\" class=\"elementor elementor-3248\">\n\t\t\t\t\t\t<section class=\"elementor-section elementor-top-section elementor-element elementor-element-e6a9dc1 elementor-section-boxed elementor-section-height-default elementor-section-height-default\" data-id=\"e6a9dc1\" data-element_type=\"section\">\n\t\t\t\t\t\t<div class=\"elementor-container elementor-column-gap-default\">\n\t\t\t\t\t<div class=\"elementor-column elementor-col-100 elementor-top-column elementor-element elementor-element-70fcc5b ot-flex-column-vertical\" data-id=\"70fcc5b\" data-element_type=\"column\">\n\t\t\t<div class=\"elementor-widget-wrap\">\n\t\t\t\t\t\t\t<\/div>\n\t\t<\/div>\n\t\t\t\t\t<\/div>\n\t\t<\/section>\n\t\t\t\t<section class=\"elementor-section elementor-top-section elementor-element elementor-element-2b461a7 elementor-section-boxed elementor-section-height-default elementor-section-height-default\" data-id=\"2b461a7\" data-element_type=\"section\">\n\t\t\t\t\t\t<div class=\"elementor-container elementor-column-gap-default\">\n\t\t\t\t\t<div class=\"elementor-column elementor-col-100 elementor-top-column elementor-element elementor-element-f6ec53c ot-flex-column-vertical\" data-id=\"f6ec53c\" data-element_type=\"column\">\n\t\t\t<div class=\"elementor-widget-wrap elementor-element-populated\">\n\t\t\t\t\t\t<div class=\"elementor-element elementor-element-0381b3e elementor-widget elementor-widget-text-editor\" data-id=\"0381b3e\" data-element_type=\"widget\" data-widget_type=\"text-editor.default\">\n\t\t\t\t<div class=\"elementor-widget-container\">\n\t\t\t\t\t\t\t\t\t<div>CV e n\u00ebpun\u00ebsve q\u00eb jan\u00eb subjekt i deklarimit sipas ligjit<\/div><div><table border=\"1\" width=\"100%\" cellspacing=\"0\" cellpadding=\"3\"><tbody><tr><td align=\"center\" valign=\"top\" width=\"5%\"><strong>Nr.<\/strong><\/td><td align=\"center\" valign=\"top\" width=\"28%\"><strong>Pozicioni<\/strong><\/td><td align=\"center\" valign=\"top\" width=\"20%\"><strong>Jet\u00ebshkrimi<\/strong><\/td><\/tr><tr><td align=\"center\" valign=\"top\" width=\"5%\">1<\/td><td valign=\"top\" width=\"28%\">Sekretar i P\u00ebrgjithsh\u00ebm<\/td><td valign=\"top\" width=\"20%\"><a href=\"https:\/\/erru.al\/an\/fatime-imeraj\/\">Fatime Imeraj<\/a><\/td><\/tr><tr><td align=\"center\" valign=\"top\" width=\"5%\">2<\/td><td valign=\"top\" width=\"28%\">Drejtor, Drejtoria Tekniko &#8211; Ekonomike<\/td><td valign=\"top\" width=\"20%\"><a href=\"https:\/\/erru.al\/wp-content\/uploads\/2025\/10\/Bio-Elona-Kuci.pdf\">Elona Ku\u00e7i<\/a><\/td><\/tr><tr><td align=\"center\" valign=\"top\" width=\"5%\">3<\/td><td valign=\"top\" width=\"28%\">Drejtor, Drejtoria e Sh\u00ebrbimeve Mb\u00ebshtet\u00ebse<\/td><td valign=\"top\" width=\"20%\"><a href=\"https:\/\/www.erru.al\/doc\/CV_ERRU_Suela_Cota.pdf\" target=\"_blank\" rel=\"noopener\">Suela \u00c7ota<\/a><\/td><\/tr><tr><td align=\"center\" valign=\"top\" width=\"5%\">4<\/td><td valign=\"top\" width=\"28%\">Drejtor, Drejtoria Juridike dhe Konsumatorit<\/td><td valign=\"top\" width=\"20%\"><a href=\"https:\/\/erru.al\/wp-content\/uploads\/2023\/08\/FJOLA-CV-1.pdf\">Fjola Beqiri<\/a><\/td><\/tr><\/tbody><\/table><\/div>\t\t\t\t\t\t\t\t<\/div>\n\t\t\t\t<\/div>\n\t\t\t\t<div class=\"elementor-element elementor-element-3267cbc elementor-widget elementor-widget-spacer\" data-id=\"3267cbc\" data-element_type=\"widget\" data-widget_type=\"spacer.default\">\n\t\t\t\t<div class=\"elementor-widget-container\">\n\t\t\t\t\t\t\t<div class=\"elementor-spacer\">\n\t\t\t<div class=\"elementor-spacer-inner\"><\/div>\n\t\t<\/div>\n\t\t\t\t\t\t<\/div>\n\t\t\t\t<\/div>\n\t\t\t\t\t<\/div>\n\t\t<\/div>\n\t\t\t\t\t<\/div>\n\t\t<\/section>\n\t\t\t\t<\/div>","protected":false},"excerpt":{"rendered":"<p>CV e n\u00ebpun\u00ebsve q\u00eb jan\u00eb subjekt i deklarimit sipas ligjit Nr. Pozicioni Jet\u00ebshkrimi 1 Sekretar i P\u00ebrgjithsh\u00ebm Fatime Imeraj 2 Drejtor, Drejtoria Tekniko &#8211; Ekonomike Elona Ku\u00e7i 3 Drejtor, Drejtoria e Sh\u00ebrbimeve Mb\u00ebshtet\u00ebse Suela \u00c7ota 4 Drejtor, Drejtoria Juridike dhe Konsumatorit Fjola Beqiri<\/p>","protected":false},"author":1,"featured_media":0,"parent":0,"menu_order":0,"comment_status":"closed","ping_status":"closed","template":"","meta":{"footnotes":""},"class_list":["post-3248","page","type-page","status-publish","hentry"],"_links":{"self":[{"href":"https:\/\/erru.al\/an\/wp-json\/wp\/v2\/pages\/3248","targetHints":{"allow":["GET"]}}],"collection":[{"href":"https:\/\/erru.al\/an\/wp-json\/wp\/v2\/pages"}],"about":[{"href":"https:\/\/erru.al\/an\/wp-json\/wp\/v2\/types\/page"}],"author":[{"embeddable":true,"href":"https:\/\/erru.al\/an\/wp-json\/wp\/v2\/users\/1"}],"replies":[{"embeddable":true,"href":"https:\/\/erru.al\/an\/wp-json\/wp\/v2\/comments?post=3248"}],"version-history":[{"count":22,"href":"https:\/\/erru.al\/an\/wp-json\/wp\/v2\/pages\/3248\/revisions"}],"predecessor-version":[{"id":7415,"href":"https:\/\/erru.al\/an\/wp-json\/wp\/v2\/pages\/3248\/revisions\/7415"}],"wp:attachment":[{"href":"https:\/\/erru.al\/an\/wp-json\/wp\/v2\/media?parent=3248"}],"curies":[{"name":"wp","href":"https:\/\/api.w.org\/{rel}","templated":true}]}}