{"id":3237,"date":"2022-05-08T06:22:50","date_gmt":"2022-05-08T06:22:50","guid":{"rendered":"https:\/\/erru.al\/?page_id=3237"},"modified":"2026-04-21T13:42:55","modified_gmt":"2026-04-21T13:42:55","slug":"rreth-autoritetit","status":"publish","type":"page","link":"https:\/\/erru.al\/an\/rreth-autoritetit\/","title":{"rendered":"About authority"},"content":{"rendered":"<div data-elementor-type=\"wp-page\" data-elementor-id=\"3237\" class=\"elementor elementor-3237\">\n\t\t\t\t\t\t<section class=\"elementor-section elementor-top-section elementor-element elementor-element-524a54b elementor-section-boxed elementor-section-height-default elementor-section-height-default\" data-id=\"524a54b\" data-element_type=\"section\">\n\t\t\t\t\t\t<div class=\"elementor-container elementor-column-gap-default\">\n\t\t\t\t\t<div class=\"elementor-column elementor-col-100 elementor-top-column elementor-element elementor-element-85b2bfd ot-flex-column-vertical\" data-id=\"85b2bfd\" data-element_type=\"column\">\n\t\t\t<div class=\"elementor-widget-wrap\">\n\t\t\t\t\t\t\t<\/div>\n\t\t<\/div>\n\t\t\t\t\t<\/div>\n\t\t<\/section>\n\t\t\t\t<section class=\"elementor-section elementor-top-section elementor-element elementor-element-5b66a3d elementor-section-boxed elementor-section-height-default elementor-section-height-default\" data-id=\"5b66a3d\" data-element_type=\"section\">\n\t\t\t\t\t\t<div class=\"elementor-container elementor-column-gap-default\">\n\t\t\t\t\t<div class=\"elementor-column elementor-col-100 elementor-top-column elementor-element elementor-element-450b680 ot-flex-column-vertical\" data-id=\"450b680\" data-element_type=\"column\">\n\t\t\t<div class=\"elementor-widget-wrap elementor-element-populated\">\n\t\t\t\t\t\t<div class=\"elementor-element elementor-element-8b7bd62 elementor-widget elementor-widget-text-editor\" data-id=\"8b7bd62\" data-element_type=\"widget\" data-widget_type=\"text-editor.default\">\n\t\t\t\t<div class=\"elementor-widget-container\">\n\t\t\t\t\t\t\t\t\t<ul><li><a href=\"https:\/\/www.erru.al\/doc\/Vendimi_i_Kuvendit_per_strukturen_2022.pdf\" target=\"_blank\" rel=\"noopener\">Struktura organizative\/organigrama<\/a><\/li><li><a href=\"https:\/\/www.erru.al\/doc\/Vendimi_i_Kuvendit_per_strukturen_2022.pdf\" target=\"_blank\" rel=\"noopener\">Struktura e pagave<\/a><\/li><li><a href=\"https:\/\/erru.al\/an\/cfare-bejme-ne\/\">Funksionet dhe detyrat e AP<\/a><\/li><li><a href=\"\/an\/cv-nepunseve\/\">CV dhe pagat e n\u00ebpun\u00ebsve q\u00eb jan\u00eb subjekt i deklarimit sipas ligjit\/p\u00ebrshkrim t\u00eb procedur\u00ebs s\u00eb zgjedhjes, kompetencat dhe detyrat e tyre<\/a><\/li><li><a href=\"https:\/\/erru.al\/doc\/RREGULLOR_E_BRENDSHME_FINALE.pdf\" target=\"_blank\" rel=\"noopener\">Procedura q\u00eb ndjekin funksionar\u00ebt e lart\u00eb p\u00ebr t\u00eb marr\u00eb vendime<\/a><\/li><li><a href=\"https:\/\/erru.al\/an\/vendime-te-tjera\/\">Vendimmarrja e AP<\/a><\/li><li><a title=\"\" href=\"\/an\/ankesat\/\">Procedura dhe mekanizmat p\u00ebr t\u00eb b\u00ebr\u00eb k\u00ebrkes\u00eb dhe ankes\u00eb q\u00eb lidhen me veprimet dhe mosveprimet e AP (p\u00ebrfshir\u00eb adres\u00ebn postare dhe elektronike p\u00ebr depozitimin e k\u00ebrkesave dhe ankesave \u2013 Afatet dhe m\u00ebnyr\u00ebn e kthimit t\u00eb p\u00ebrgjigjeve)<\/a><\/li><\/ul>\t\t\t\t\t\t\t\t<\/div>\n\t\t\t\t<\/div>\n\t\t\t\t\t<\/div>\n\t\t<\/div>\n\t\t\t\t\t<\/div>\n\t\t<\/section>\n\t\t\t\t<section class=\"elementor-section elementor-top-section elementor-element elementor-element-b911796 elementor-section-boxed elementor-section-height-default elementor-section-height-default\" data-id=\"b911796\" data-element_type=\"section\">\n\t\t\t\t\t\t<div class=\"elementor-container elementor-column-gap-default\">\n\t\t\t\t\t<div class=\"elementor-column elementor-col-100 elementor-top-column elementor-element elementor-element-cc4c5b2 ot-flex-column-vertical\" data-id=\"cc4c5b2\" data-element_type=\"column\">\n\t\t\t<div class=\"elementor-widget-wrap elementor-element-populated\">\n\t\t\t\t\t\t<div class=\"elementor-element elementor-element-786272d elementor-widget elementor-widget-spacer\" data-id=\"786272d\" data-element_type=\"widget\" data-widget_type=\"spacer.default\">\n\t\t\t\t<div class=\"elementor-widget-container\">\n\t\t\t\t\t\t\t<div class=\"elementor-spacer\">\n\t\t\t<div class=\"elementor-spacer-inner\"><\/div>\n\t\t<\/div>\n\t\t\t\t\t\t<\/div>\n\t\t\t\t<\/div>\n\t\t\t\t\t<\/div>\n\t\t<\/div>\n\t\t\t\t\t<\/div>\n\t\t<\/section>\n\t\t\t\t<\/div>","protected":false},"excerpt":{"rendered":"<p>Struktura organizative\/organigrama Struktura e pagave Funksionet dhe detyrat e AP CV dhe pagat e n\u00ebpun\u00ebsve q\u00eb jan\u00eb subjekt i deklarimit sipas ligjit\/p\u00ebrshkrim t\u00eb procedur\u00ebs s\u00eb zgjedhjes, kompetencat dhe detyrat e tyre Procedura q\u00eb ndjekin funksionar\u00ebt e lart\u00eb p\u00ebr t\u00eb marr\u00eb vendime Vendimmarrja e AP Procedura dhe mekanizmat p\u00ebr t\u00eb b\u00ebr\u00eb k\u00ebrkes\u00eb dhe ankes\u00eb q\u00eb lidhen [&hellip;]<\/p>\n","protected":false},"author":1,"featured_media":0,"parent":0,"menu_order":0,"comment_status":"closed","ping_status":"closed","template":"","meta":{"footnotes":""},"class_list":["post-3237","page","type-page","status-publish","hentry"],"_links":{"self":[{"href":"https:\/\/erru.al\/an\/wp-json\/wp\/v2\/pages\/3237","targetHints":{"allow":["GET"]}}],"collection":[{"href":"https:\/\/erru.al\/an\/wp-json\/wp\/v2\/pages"}],"about":[{"href":"https:\/\/erru.al\/an\/wp-json\/wp\/v2\/types\/page"}],"author":[{"embeddable":true,"href":"https:\/\/erru.al\/an\/wp-json\/wp\/v2\/users\/1"}],"replies":[{"embeddable":true,"href":"https:\/\/erru.al\/an\/wp-json\/wp\/v2\/comments?post=3237"}],"version-history":[{"count":23,"href":"https:\/\/erru.al\/an\/wp-json\/wp\/v2\/pages\/3237\/revisions"}],"predecessor-version":[{"id":7855,"href":"https:\/\/erru.al\/an\/wp-json\/wp\/v2\/pages\/3237\/revisions\/7855"}],"wp:attachment":[{"href":"https:\/\/erru.al\/an\/wp-json\/wp\/v2\/media?parent=3237"}],"curies":[{"name":"wp","href":"https:\/\/api.w.org\/{rel}","templated":true}]}}