{"id":3220,"date":"2022-05-05T13:44:22","date_gmt":"2022-05-05T13:44:22","guid":{"rendered":"https:\/\/erru.al\/?page_id=3220"},"modified":"2023-08-07T07:51:34","modified_gmt":"2023-08-07T07:51:34","slug":"programi-i-transparences-hyrje","status":"publish","type":"page","link":"https:\/\/erru.al\/an\/programi-i-transparences-hyrje\/","title":{"rendered":"Programi i transparences hyrje"},"content":{"rendered":"<div data-elementor-type=\"wp-page\" data-elementor-id=\"3220\" class=\"elementor elementor-3220\">\n\t\t\t\t\t\t<section class=\"elementor-section elementor-top-section elementor-element elementor-element-5bfeecc elementor-section-boxed elementor-section-height-default elementor-section-height-default\" data-id=\"5bfeecc\" data-element_type=\"section\">\n\t\t\t\t\t\t<div class=\"elementor-container elementor-column-gap-default\">\n\t\t\t\t\t<div class=\"elementor-column elementor-col-100 elementor-top-column elementor-element elementor-element-495eb95 ot-flex-column-vertical\" data-id=\"495eb95\" data-element_type=\"column\">\n\t\t\t<div class=\"elementor-widget-wrap\">\n\t\t\t\t\t\t\t<\/div>\n\t\t<\/div>\n\t\t\t\t\t<\/div>\n\t\t<\/section>\n\t\t\t\t<section class=\"elementor-section elementor-top-section elementor-element elementor-element-6a3365d elementor-section-boxed elementor-section-height-default elementor-section-height-default\" data-id=\"6a3365d\" data-element_type=\"section\">\n\t\t\t\t\t\t<div class=\"elementor-container elementor-column-gap-default\">\n\t\t\t\t\t<div class=\"elementor-column elementor-col-100 elementor-top-column elementor-element elementor-element-734542c ot-flex-column-vertical\" data-id=\"734542c\" data-element_type=\"column\">\n\t\t\t<div class=\"elementor-widget-wrap elementor-element-populated\">\n\t\t\t\t\t\t<div class=\"elementor-element elementor-element-598dae2 elementor-widget elementor-widget-text-editor\" data-id=\"598dae2\" data-element_type=\"widget\" data-widget_type=\"text-editor.default\">\n\t\t\t\t<div class=\"elementor-widget-container\">\n\t\t\t\t\t\t\t\t\t<p>Bazuar n\u00eb nenin 7 t\u00eb ligjit nr. 119\/2014 \u201cP\u00ebr t\u00eb Drejt\u00ebn e Informimit\u201d (n\u00eb vijim LDI) autoriteti publik (n\u00eb vijim AP) duhet t\u00eb publikoj\u00eb Programin e Transparenc\u00ebs (n\u00eb vijim PT) t\u00eb miratuar nga Komisioneri p\u00ebr t\u00eb Drejt\u00ebn e Informimit dhe Mbrojtjen e t\u00eb Dh\u00ebnave Personale (n\u00eb vijim Komisioneri). AP duhet t\u00eb publikoj\u00eb informacion sipas veprimtaris\u00eb s\u00eb tij funksionale si dhe t\u00eb rishikoj\u00eb PT n\u00eb \u00e7do rast t\u00eb ndryshimit t\u00eb aktivitetit institucional, kuadrit ligjor rregullator apo \u00e7do elementi tjet\u00ebr q\u00eb ka lidhje me transparenc\u00ebn proaktive.<br \/><br \/>N\u00eb PT jan\u00eb t\u00eb specifikuara kategorit\u00eb e informacionit t\u00eb detyrueshme p\u00ebr tu b\u00ebr\u00eb publik. Informacioni publik pa k\u00ebrkes\u00eb duhet t\u00eb jet\u00eb i plot\u00eb, i sakt\u00eb, i p\u00ebrdit\u00ebsuar, i thjesht\u00eb n\u00eb konsultim, i kuptuesh\u00ebm, leht\u00ebsisht i aksesueshem dhe i pajtuesh\u00ebm me dokumentet origjinale n\u00eb posedim t\u00eb AP. Gjithashtu p\u00ebrpara publikimit AP duhet t\u00eb vler\u00ebsoj\u00eb n\u00ebse ka ndonj\u00eb kufizim ligjor p\u00ebr publikim.<br \/><br \/>Aktet q\u00eb p\u00ebrmbajn\u00eb rregulla norma apo kufizime t\u00eb t\u00eb drejtave dhe lirive themelore t\u00eb individit si dhe me efekt t\u00eb drejtp\u00ebrdrejt\u00eb per ta b\u00ebhen publike me an\u00eb t\u00eb afishimit apo postimit n\u00eb faqen zyrtare t\u00eb internetit brenda 48 or\u00ebve nga miratimi nga AP.<br \/><br \/>N\u00eb PT jan\u00eb t\u00eb publikuara kategorit\u00eb e informacionit q\u00eb jan\u00eb t\u00eb detyrueshme p\u00ebr tu b\u00ebr\u00eb publik, m\u00ebnyra e publikimit si dhe parashikimet ligjore prej t\u00eb cilave lind detyrimi p\u00ebr publikim. N\u00eb publikimin e informacionit AP duhet t\u00eb mbaj\u00eb parasysh interesin e publikut si dhe t\u00eb mund\u00ebsoje aksesimin leht\u00ebsisht n\u00eb informacion publik.<\/p>\t\t\t\t\t\t\t\t<\/div>\n\t\t\t\t<\/div>\n\t\t\t\t\t<\/div>\n\t\t<\/div>\n\t\t\t\t\t<\/div>\n\t\t<\/section>\n\t\t\t\t<section class=\"elementor-section elementor-top-section elementor-element elementor-element-9587725 elementor-section-boxed elementor-section-height-default elementor-section-height-default\" data-id=\"9587725\" data-element_type=\"section\">\n\t\t\t\t\t\t<div class=\"elementor-container elementor-column-gap-default\">\n\t\t\t\t\t<div class=\"elementor-column elementor-col-100 elementor-top-column elementor-element elementor-element-b0f982e ot-flex-column-vertical\" data-id=\"b0f982e\" data-element_type=\"column\">\n\t\t\t<div class=\"elementor-widget-wrap elementor-element-populated\">\n\t\t\t\t\t\t<div class=\"elementor-element elementor-element-a57793b elementor-widget elementor-widget-spacer\" data-id=\"a57793b\" data-element_type=\"widget\" data-widget_type=\"spacer.default\">\n\t\t\t\t<div class=\"elementor-widget-container\">\n\t\t\t\t\t\t\t<div class=\"elementor-spacer\">\n\t\t\t<div class=\"elementor-spacer-inner\"><\/div>\n\t\t<\/div>\n\t\t\t\t\t\t<\/div>\n\t\t\t\t<\/div>\n\t\t\t\t\t<\/div>\n\t\t<\/div>\n\t\t\t\t\t<\/div>\n\t\t<\/section>\n\t\t\t\t<\/div>","protected":false},"excerpt":{"rendered":"<p>Bazuar n\u00eb nenin 7 t\u00eb ligjit nr. 119\/2014 \u201cP\u00ebr t\u00eb Drejt\u00ebn e Informimit\u201d (n\u00eb vijim LDI) autoriteti publik (n\u00eb vijim AP) duhet t\u00eb publikoj\u00eb Programin e Transparenc\u00ebs (n\u00eb vijim PT) t\u00eb miratuar nga Komisioneri p\u00ebr t\u00eb Drejt\u00ebn e Informimit dhe Mbrojtjen e t\u00eb Dh\u00ebnave Personale (n\u00eb vijim Komisioneri). AP duhet t\u00eb publikoj\u00eb informacion sipas veprimtaris\u00eb [&hellip;]<\/p>\n","protected":false},"author":1,"featured_media":0,"parent":0,"menu_order":0,"comment_status":"closed","ping_status":"closed","template":"","meta":{"footnotes":""},"class_list":["post-3220","page","type-page","status-publish","hentry"],"_links":{"self":[{"href":"https:\/\/erru.al\/an\/wp-json\/wp\/v2\/pages\/3220","targetHints":{"allow":["GET"]}}],"collection":[{"href":"https:\/\/erru.al\/an\/wp-json\/wp\/v2\/pages"}],"about":[{"href":"https:\/\/erru.al\/an\/wp-json\/wp\/v2\/types\/page"}],"author":[{"embeddable":true,"href":"https:\/\/erru.al\/an\/wp-json\/wp\/v2\/users\/1"}],"replies":[{"embeddable":true,"href":"https:\/\/erru.al\/an\/wp-json\/wp\/v2\/comments?post=3220"}],"version-history":[{"count":5,"href":"https:\/\/erru.al\/an\/wp-json\/wp\/v2\/pages\/3220\/revisions"}],"predecessor-version":[{"id":5145,"href":"https:\/\/erru.al\/an\/wp-json\/wp\/v2\/pages\/3220\/revisions\/5145"}],"wp:attachment":[{"href":"https:\/\/erru.al\/an\/wp-json\/wp\/v2\/media?parent=3220"}],"curies":[{"name":"wp","href":"https:\/\/api.w.org\/{rel}","templated":true}]}}