{"id":2981,"date":"2022-04-19T05:00:13","date_gmt":"2022-04-19T05:00:13","guid":{"rendered":"https:\/\/erru.al\/?page_id=2981"},"modified":"2023-10-31T08:49:04","modified_gmt":"2023-10-31T08:49:04","slug":"metodologjia-e-tarifave","status":"publish","type":"page","link":"https:\/\/erru.al\/an\/metodologjia-e-tarifave\/","title":{"rendered":"Metodologjia e tarifave"},"content":{"rendered":"<div data-elementor-type=\"wp-page\" data-elementor-id=\"2981\" class=\"elementor elementor-2981\">\n\t\t\t\t\t\t<section class=\"elementor-section elementor-top-section elementor-element elementor-element-9c2c67a elementor-section-boxed elementor-section-height-default elementor-section-height-default\" data-id=\"9c2c67a\" data-element_type=\"section\">\n\t\t\t\t\t\t<div class=\"elementor-container elementor-column-gap-default\">\n\t\t\t\t\t<div class=\"elementor-column elementor-col-100 elementor-top-column elementor-element elementor-element-9f8de1c ot-flex-column-vertical\" data-id=\"9f8de1c\" data-element_type=\"column\">\n\t\t\t<div class=\"elementor-widget-wrap\">\n\t\t\t\t\t\t\t<\/div>\n\t\t<\/div>\n\t\t\t\t\t<\/div>\n\t\t<\/section>\n\t\t\t\t<section class=\"elementor-section elementor-top-section elementor-element elementor-element-a9d99ec elementor-section-boxed elementor-section-height-default elementor-section-height-default\" data-id=\"a9d99ec\" data-element_type=\"section\">\n\t\t\t\t\t\t<div class=\"elementor-container elementor-column-gap-default\">\n\t\t\t\t\t<div class=\"elementor-column elementor-col-100 elementor-top-column elementor-element elementor-element-1877c90 ot-flex-column-vertical\" data-id=\"1877c90\" data-element_type=\"column\">\n\t\t\t<div class=\"elementor-widget-wrap elementor-element-populated\">\n\t\t\t\t\t\t<div class=\"elementor-element elementor-element-ad621ba elementor-widget elementor-widget-text-editor\" data-id=\"ad621ba\" data-element_type=\"widget\" data-widget_type=\"text-editor.default\">\n\t\t\t\t<div class=\"elementor-widget-container\">\n\t\t\t\t\t\t\t\t\t<p>The Methodology for Setting Tariffs for the water supply service and the removal and treatment of polluted water defines the principles and procedures for the tariff structure for these services. This methodology creates a direct link between the change of tariffs and the performance of the companies, in order to increase the efficiency in the provision of services, increase the management efficiency and improve the service to the customer. As a rule, tariffs can be changed only once a year, at the request of the licensed operator, or at the recommendation of ERRU. An operator can apply for a tariff change even for a time interval of 2-5 years, if it has an approved mid-term professional business plan promoting early planning.<\/p>\n<p class=\"translation-block\">In addition, you can download:\nKKRR decision no. 539, dated 12\/30\/2021 \"On the approval of the Methodology and Procedure for the Approval of Water and Sewerage Service Fees\".<\/p>\n<p>P\u00ebr m\u00eb tep\u00ebr, Ju mund t\u00eb shkarkoni:<br><a href=\"https:\/\/www.erru.al\/doc\/Vendim_539_2021_per_metodologjine_e_llogaritjes_se_tarifave.pdf\">Vendimin e KKRR nr. 539, dat\u00eb 30\/12\/2021 \u201cP\u00ebr miratimin e Metodologjis\u00eb dhe Procedur\u00ebs p\u00ebr Miratimin e Tarifave t\u00eb Sh\u00ebrbimeve Uj\u00ebsjell\u00ebs Kanalizime<\/a>&#8220;.<\/p>\t\t\t\t\t\t\t\t<\/div>\n\t\t\t\t<\/div>\n\t\t\t\t\t<\/div>\n\t\t<\/div>\n\t\t\t\t\t<\/div>\n\t\t<\/section>\n\t\t\t\t<section class=\"elementor-section elementor-top-section elementor-element elementor-element-da2e8c8 elementor-section-boxed elementor-section-height-default elementor-section-height-default\" data-id=\"da2e8c8\" data-element_type=\"section\">\n\t\t\t\t\t\t<div class=\"elementor-container elementor-column-gap-default\">\n\t\t\t\t\t<div class=\"elementor-column elementor-col-100 elementor-top-column elementor-element elementor-element-a14a376 ot-flex-column-vertical\" data-id=\"a14a376\" data-element_type=\"column\">\n\t\t\t<div class=\"elementor-widget-wrap elementor-element-populated\">\n\t\t\t\t\t\t<div class=\"elementor-element elementor-element-d8dab7a elementor-widget elementor-widget-spacer\" data-id=\"d8dab7a\" data-element_type=\"widget\" data-widget_type=\"spacer.default\">\n\t\t\t\t<div class=\"elementor-widget-container\">\n\t\t\t\t\t\t\t<div class=\"elementor-spacer\">\n\t\t\t<div class=\"elementor-spacer-inner\"><\/div>\n\t\t<\/div>\n\t\t\t\t\t\t<\/div>\n\t\t\t\t<\/div>\n\t\t\t\t\t<\/div>\n\t\t<\/div>\n\t\t\t\t\t<\/div>\n\t\t<\/section>\n\t\t\t\t<\/div>","protected":false},"excerpt":{"rendered":"<p>Metodologjia p\u00ebr Vendosjen e Tarifave p\u00ebr sh\u00ebrbimin e furnizimit me uj\u00eb dhe largimin e p\u00ebrpunimin e uj\u00ebrave t\u00eb ndotura p\u00ebrcakton parimet dhe procedurat p\u00ebr struktur\u00ebn e tarifave p\u00ebr k\u00ebto sh\u00ebrbime. Kjo metodologji krijon nj\u00eb lidhje direkte nd\u00ebrmjet ndryshimit t\u00eb tarifave dhe performanc\u00ebs s\u00eb shoq\u00ebrive, n\u00eb m\u00ebnyr\u00eb q\u00eb t\u00eb rritet eficenca n\u00eb ofrimin e sh\u00ebrbimeve, rritjen [&hellip;]<\/p>\n","protected":false},"author":1,"featured_media":0,"parent":0,"menu_order":0,"comment_status":"closed","ping_status":"closed","template":"","meta":{"footnotes":""},"class_list":["post-2981","page","type-page","status-publish","hentry"],"_links":{"self":[{"href":"https:\/\/erru.al\/an\/wp-json\/wp\/v2\/pages\/2981","targetHints":{"allow":["GET"]}}],"collection":[{"href":"https:\/\/erru.al\/an\/wp-json\/wp\/v2\/pages"}],"about":[{"href":"https:\/\/erru.al\/an\/wp-json\/wp\/v2\/types\/page"}],"author":[{"embeddable":true,"href":"https:\/\/erru.al\/an\/wp-json\/wp\/v2\/users\/1"}],"replies":[{"embeddable":true,"href":"https:\/\/erru.al\/an\/wp-json\/wp\/v2\/comments?post=2981"}],"version-history":[{"count":16,"href":"https:\/\/erru.al\/an\/wp-json\/wp\/v2\/pages\/2981\/revisions"}],"predecessor-version":[{"id":5558,"href":"https:\/\/erru.al\/an\/wp-json\/wp\/v2\/pages\/2981\/revisions\/5558"}],"wp:attachment":[{"href":"https:\/\/erru.al\/an\/wp-json\/wp\/v2\/media?parent=2981"}],"curies":[{"name":"wp","href":"https:\/\/api.w.org\/{rel}","templated":true}]}}