{"id":2976,"date":"2022-04-19T04:54:25","date_gmt":"2022-04-19T04:54:25","guid":{"rendered":"https:\/\/erru.al\/?page_id=2976"},"modified":"2025-12-16T10:28:10","modified_gmt":"2025-12-16T10:28:10","slug":"vendime-te-tjera","status":"publish","type":"page","link":"https:\/\/erru.al\/an\/vendime-te-tjera\/","title":{"rendered":"Vendime te tjera"},"content":{"rendered":"<div data-elementor-type=\"wp-page\" data-elementor-id=\"2976\" class=\"elementor elementor-2976\">\n\t\t\t\t\t\t<section class=\"elementor-section elementor-top-section elementor-element elementor-element-7b39137 elementor-section-boxed elementor-section-height-default elementor-section-height-default\" data-id=\"7b39137\" data-element_type=\"section\">\n\t\t\t\t\t\t<div class=\"elementor-container elementor-column-gap-default\">\n\t\t\t\t\t<div class=\"elementor-column elementor-col-100 elementor-top-column elementor-element elementor-element-25edd9e ot-flex-column-vertical\" data-id=\"25edd9e\" data-element_type=\"column\">\n\t\t\t<div class=\"elementor-widget-wrap\">\n\t\t\t\t\t\t\t<\/div>\n\t\t<\/div>\n\t\t\t\t\t<\/div>\n\t\t<\/section>\n\t\t\t\t<section class=\"elementor-section elementor-top-section elementor-element elementor-element-40892ab elementor-section-boxed elementor-section-height-default elementor-section-height-default\" data-id=\"40892ab\" data-element_type=\"section\">\n\t\t\t\t\t\t<div class=\"elementor-container elementor-column-gap-default\">\n\t\t\t\t\t<div class=\"elementor-column elementor-col-100 elementor-top-column elementor-element elementor-element-2e3c84c ot-flex-column-vertical\" data-id=\"2e3c84c\" data-element_type=\"column\">\n\t\t\t<div class=\"elementor-widget-wrap elementor-element-populated\">\n\t\t\t\t\t\t<div class=\"elementor-element elementor-element-7da3b65 elementor-widget elementor-widget-text-editor\" data-id=\"7da3b65\" data-element_type=\"widget\" data-widget_type=\"text-editor.default\">\n\t\t\t\t<div class=\"elementor-widget-container\">\n\t\t\t\t\t\t\t\t\t<p><a href=\"https:\/\/erru.al\/wp-content\/uploads\/2025\/12\/Vendimi-dhe-Udhezuesi-per-Planin-5-vjecar-te-Biznesit-1.pdf\">Vendim Nr. 33, dat\u00eb 14.11.2025 \u201cP\u00ebr miratimin e Modelit dhe Udh\u00ebzuesit t\u00eb Planit t\u00eb Biznesit 5-vje\u00e7ar p\u00ebr Shoq\u00ebrit\u00eb Uj\u00ebsjell\u00ebs Kanalizime\u201d<\/a><\/p><p><a href=\"https:\/\/erru.al\/wp-content\/uploads\/2024\/09\/Strategjia-Institucionale_21.09.2024.pdf\">Vendim Nr.30, dat\u00eb 23.09.2024 \u201cP\u00ebr miratimin e Strategjis\u00eb Institucionale t\u00eb Entit Rregullator t\u00eb Ujit 2025 \u2013 2027&#8243;\u00a0 \u00a0<\/a><\/p><p><a href=\"https:\/\/erru.al\/wp-content\/uploads\/2024\/11\/Vendim-per-nje-ndryshim-ne-Metodologjine-per-Vendosjen-e-Tarifave.pdf\">Vendim Nr. 39, dat\u00eb 23.10.2024 \u201cP\u00ebr nj\u00eb shtes\u00eb n\u00eb Metodologjin\u00eb dhe Procedur\u00ebn p\u00ebr Miratimin e Tarifave t\u00eb Sh\u00ebrbimeve Uj\u00ebsjell\u00ebs Kanalizime\u201d\u00a0<\/a><\/p><p><a href=\"https:\/\/erru.al\/wp-content\/uploads\/2024\/12\/Vendim-per-miratimin-e-perqindjes-se-pageses-rregullatore-2024.pdf\">Vendim Nr. 35, dat\u00eb 07.10.2024 \u201cP\u00ebr miratimin e p\u00ebrqindjes s\u00eb pages\u00ebs rregullatore vjetore\u201d<\/a><\/p><p><a href=\"https:\/\/erru.al\/wp-content\/uploads\/2023\/10\/Vendimi-per-miratimin-e-perqindjes-se-pageses-rregullatore.pdf\">Vendim Nr. 38, dat\u00eb 05.10.2023 \u201cP\u00ebr miratimin e p\u00ebrqindjes s\u00eb pages\u00ebs rregullatore\u201d<\/a><\/p><p><a href=\"https:\/\/erru.al\/wp-content\/uploads\/2023\/09\/VENDIM-PER-SHTYRJE-AFATI-APLIKIMI-PER-TARIFAT.pdf\">Vendim Nr.32, dat\u00eb 13.09.2023 \u201cP\u00ebr nj\u00eb ndryshim n\u00eb vendimin e KKRR Nr. 28, dat\u00eb 23.06.2023 P\u00ebr \u2018Shtyrje afati t\u00eb Aplikimit nga shoq\u00ebrit\u00eb Uj\u00ebsjell\u00ebs-Kanalizime p\u00ebr tarifa t\u00eb ujit t\u00eb pijsh\u00ebm dhe uj\u00ebrave t\u00eb ndotura p\u00ebr vitin 2023\u2019\u201d<\/a><\/p><p><a href=\"https:\/\/erru.al\/wp-content\/uploads\/2023\/06\/Shtyrja-e-afatit-per-tarifat.pdf\">Vendim Nr. 28, dat\u00eb 23.06.2023 P\u00ebr \u201cShtyrje afati t\u00eb aplikimit nga Shoq\u00ebrit\u00eb Uj\u00ebsjell\u00ebs-Kanalizime p\u00ebr tarifa t\u00eb ujit t\u00eb pijsh\u00ebm dhe uj\u00ebrave t\u00eb ndotura p\u00ebr vitin 2023\u201d<\/a><\/p><p><a href=\"https:\/\/erru.al\/wp-content\/uploads\/2023\/03\/Vendim-per-nje-shtese-ne-Vendim-Nr.420.pdf\">Vendim Nr.8, dat\u00eb 22.02.2023 &#8220;P\u00ebr nj\u00eb shtes\u00eb n\u00eb Vendimin Nr. 420,\u00a0dat\u00eb 29.09.2022\u00a0 \u201cP\u00ebr licencat dhe tarifat e sh\u00ebrbimit t\u00eb operator\u00ebve UK deri n\u00eb p\u00ebrfundim t\u00eb procedurave t\u00eb riorganizimit dhe transferimit t\u00eb shoq\u00ebrive UK n\u00eb subjekte me kompetenca t\u00eb p\u00ebrbashk\u00ebta\u201d<\/a><\/p><p><a href=\"https:\/\/erru.al\/an\/2022\/12\/14\/per-miratimin-e-perqindjes-se-pageses-rregullatore\/\">Vendim Nr. 485, dat\u00eb 14.10.2022 \u201cP\u00ebr miratimin e p\u00ebrqindjes s\u00eb pages\u00ebs rregullatore\u201d<\/a><\/p><p><a href=\"https:\/\/www.erru.al\/doc\/Vendimi484_2022.pdf\">Vendim Nr. 484, dat\u00eb 14.10.2022 &#8220;P\u00ebr disa ndryshime n\u00eb rregulloren \u201cP\u00ebr procedurat e dh\u00ebnies dhe rinovimit t\u00eb licencave profesionale p\u00ebr subjektet juridike e fizike q\u00eb ushtrojn\u00eb veprimtari n\u00eb sektorin e furnizimit me uj\u00eb dhe largimit e p\u00ebrpunimit t\u00eb uj\u00ebrave t\u00eb ndotura\u201d<\/a><\/p><p><a href=\"https:\/\/www.erru.al\/doc\/Vendim_520_2022.pdf\" target=\"_blank\" rel=\"noreferrer noopener\">Vendim Nr. 510, dat\u00eb 27.10.2022, p\u00ebr nj\u00eb ndryshim n\u00eb vendimin Nr. 420, dat\u00eb 29.09.2022 \u201cP\u00ebr licencat dhe tarifat e sh\u00ebrbimit t\u00eb operator\u00ebve UK deri n\u00eb p\u00ebrfundim t\u00eb procedurave t\u00eb riorganizimit\u201d<\/a><\/p><p><a href=\"https:\/\/www.erru.al\/doc\/Vendim_420_2022.pdf\">Vendim Nr. 420, dat\u00eb 29.09.2022\u00a0 \u201cP\u00ebr licencat dhe tarifat e sh\u00ebrbimit t\u00eb operator\u00ebve UK deri n\u00eb p\u00ebrfundim t\u00eb procedurave t\u00eb riorganizimit dhe transferimit t\u00eb shoq\u00ebrive UK n\u00eb subjekte me kompetenca t\u00eb p\u00ebrbashk\u00ebta\u201d<\/a><\/p><p><a href=\"https:\/\/erru.al\/doc\/Vendim_22_2019_Rezidenca_Studentore.pdf\">Vendim Nr. 22, dat\u00eb 24.04.2019 &#8220;P\u00ebr p\u00ebrcaktimin e kategoris\u00eb s\u00eb klientit p\u00ebr rezidencat studentore publike&#8221;<\/a><\/p><p><a href=\"https:\/\/erru.al\/doc\/Vendim_539_2021_per_metodologjine_e_llogaritjes_se_tarifave.pdf\">Vendim Nr. 539, dat\u00eb 30\/12\/2021 \u201cP\u00ebr miratimin e Metodologjis\u00eb dhe Procedur\u00ebs p\u00ebr Miratimin e Tarifave t\u00eb Sh\u00ebrbimeve Uj\u00ebsjell\u00ebs Kanalizime\u201d.<\/a><\/p><p><a href=\"https:\/\/erru.al\/doc\/Vendim_18_2019_Rregullorja_per_Proceduren_e_Ankimimit.pdf\">Vendim Nr. 18, dat\u00eb 19.04.2019 &#8220;Procedura e ankimit n\u00eb Komisionin Komb\u00ebtar Rregullator t\u00eb sektorit t\u00eb furnizimit me uj\u00eb dhe largimit e p\u00ebrpunimit t\u00eb uj\u00ebrave t\u00eb ndotura, p\u00ebr nj\u00eb t\u00eb licencuar&#8221;<\/a><\/p><p><a href=\"https:\/\/erru.al\/wp-content\/uploads\/2023\/06\/Rregullore-per-Seancen-Degjimore-e-Rishikuar-23-06-2023.pdf\">Vendim Nr. 71, dat\u00eb 21.09.2018 &#8220;Rregulloren p\u00ebr organizimin dhe zhvillimin e seanc\u00ebs d\u00ebgjimore me publikun n\u00eb procesin e miratimit t\u00eb tarifave&#8221;<\/a><\/p><p><a href=\"https:\/\/erru.al\/doc\/Vendim_21_2018_Vendim_per_miratimin_e_tarifave_te_dhenies_se_informacionit.pdf\">Vendim Nr. 21, dat\u00eb 30.03.2018 &#8220;P\u00ebr tarifat e dh\u00ebnies s\u00eb informacionit (dokumentacionit) t\u00eb k\u00ebrkuar&#8221;<\/a><\/p><p><a style=\"background-color: #ffffff; color: #29adf9; outline: 0px;\" href=\"https:\/\/erru.al\/doc\/Vendim_31_2018_Per_nje_ndryshim_ne_vendimin_nr_4_date_29_02_2012.pdf\">Vendim Nr. 31, dat\u00eb 27.04.2018 &#8220;P\u00ebr nj\u00eb ndryshim n\u00eb vendimin e KKRR Nr.4, dat\u00eb 29.02.2012, &#8220;P\u00ebr p\u00ebrcaktimin e kategoris\u00eb s\u00eb konsumator\u00ebve p\u00ebr disa klient\u00eb t\u00eb ve\u00e7ant\u00eb&#8221;<\/a><\/p><p><a href=\"https:\/\/erru.al\/doc\/Vendim_per_periudhen_kalimtare_te_reformes_UK.pdf\">Vendim Nr. 13, dat\u00eb 23.02.2016,&#8221; P\u00ebr licencimin e operatoreve dhe miratimin e tarifave te sherbimit UK deri ne perfundim te procedurave te riorganizimit te shoqerive UK&#8221;<\/a><\/p><p><a href=\"https:\/\/erru.al\/doc\/Vendim_per_ndryshimin_e_kontrates_model_2015_final.pdf\">Vendim Nr. 25, dat\u00eb 08.07.2015 &#8220;P\u00ebr disa shtesa dhe ndryshime n\u00eb kontraten model t\u00eb sh\u00ebrbimeve uj\u00ebsjell\u00ebs kanalizime&#8221;<\/a><\/p><p><a href=\"https:\/\/erru.al\/doc\/Vendim_i_KKRR_nr._22_2014_Per_miratimin_e_perqindjes_se_pagesave_rregullatore.pdf\">Vendim Nr.22, dat\u00eb 14.11.2014 &#8220;P\u00ebr Miratimin e P\u00ebrqindjes s\u00eb Pages\u00ebs Rregullatore p\u00ebr Vitin 2015&#8221;<\/a><\/p><p><a href=\"https:\/\/erru.al\/doc\/Vendim_per_zbatimin_e_kontrates_model_2014.pdf\">Vendim Nr.15, dat\u00eb 09.06.2014 &#8220;P\u00ebr zbatimin e kontrat\u00ebs model&#8221;<\/a><\/p><p><a href=\"https:\/\/erru.al\/doc\/Vendimi__e_pagesave_rregullatore.pdf\">Vendim Nr. 35, dat\u00eb 14.10.2013 \u201cP\u00ebr miratimin e p\u00ebrqindjes s\u00eb pages\u00ebs rregullatore p\u00ebr vitin 2014\u201d<\/a><\/p><p><a href=\"https:\/\/erru.al\/doc\/Vendimi_i_Bilancit_te_Ujit.pdf\">Vendim Nr. 46, dat\u00eb 27.12.2013 \u201cP\u00ebr miratimin e bilancit t\u00eb ujit\u201d<\/a><\/p><p><a href=\"https:\/\/erru.al\/an\/doc\/Vendim_miratimin_e%20kushteve_te_licences.pdf\/\">Vendim Nr. 50, dat\u00eb 30.12.2013 \u201cP\u00ebr miratimin e formatit t\u00eb licenc\u00ebs dhe disa ndryshime n\u00eb rregulloren e licencimit\u201d<\/a><\/p><p><a href=\"https:\/\/erru.al\/doc\/Vendim_per_kategorine_e_disa_konsumatorve_te_vecante.pdf\">Vendim Nr.4, dat\u00eb 29.02.2012 \u201cP\u00ebr p\u00ebrcaktimin e kategoris\u00eb s\u00eb konsumator\u00ebve p\u00ebr disa klient\u00eb t\u00eb ve\u00e7ant\u00eb&#8221;<\/a><\/p><p><a href=\"https:\/\/erru.al\/doc\/Vendim_ujrat_e_ndotura,_i_ndryshuar.pdf\">Vendim Nr. 29, dat\u00eb 28.09.2011 \u201cP\u00ebr p\u00ebrcaktimin e llogaritjes s\u00eb sasis\u00eb s\u00eb uj\u00ebrave t\u00eb ndotura\u201d, i ndryshuar<\/a><\/p><p><a href=\"https:\/\/erru.al\/wp-content\/uploads\/2024\/09\/Strategjia-Institucionale_21.09.2024.pdf\">\u00a0 \u00a0 \u00a0 \u00a0 \u00a0 \u00a0 \u00a0 \u00a0 \u00a0 \u00a0 \u00a0 \u00a0 \u00a0 \u00a0 \u00a0 \u00a0 \u00a0 \u00a0 \u00a0 \u00a0 \u00a0 \u00a0 \u00a0 \u00a0 \u00a0 \u00a0 \u00a0 \u00a0 \u00a0 \u00a0 <\/a><a href=\"https:\/\/erru.al\/wp-content\/uploads\/2024\/09\/Strategjia-Institucionale_21.09.2024.pdf\">\u00a0 <\/a><a href=\"https:\/\/erru.al\/wp-content\/uploads\/2024\/11\/Vendim-per-nje-ndryshim-ne-Metodologjine-per-Vendosjen-e-Tarifave.pdf\">\u00a0 \u00a0 \u00a0\u00a0<\/a><\/p>\t\t\t\t\t\t\t\t<\/div>\n\t\t\t\t<\/div>\n\t\t\t\t\t<\/div>\n\t\t<\/div>\n\t\t\t\t\t<\/div>\n\t\t<\/section>\n\t\t\t\t<section class=\"elementor-section elementor-top-section elementor-element elementor-element-508be22 elementor-section-boxed elementor-section-height-default elementor-section-height-default\" data-id=\"508be22\" data-element_type=\"section\">\n\t\t\t\t\t\t<div class=\"elementor-container elementor-column-gap-default\">\n\t\t\t\t\t<div class=\"elementor-column elementor-col-100 elementor-top-column elementor-element elementor-element-6e27375 ot-flex-column-vertical\" data-id=\"6e27375\" data-element_type=\"column\">\n\t\t\t<div class=\"elementor-widget-wrap elementor-element-populated\">\n\t\t\t\t\t\t<div class=\"elementor-element elementor-element-7454de1 elementor-widget elementor-widget-spacer\" data-id=\"7454de1\" data-element_type=\"widget\" data-widget_type=\"spacer.default\">\n\t\t\t\t<div class=\"elementor-widget-container\">\n\t\t\t\t\t\t\t<div class=\"elementor-spacer\">\n\t\t\t<div class=\"elementor-spacer-inner\"><\/div>\n\t\t<\/div>\n\t\t\t\t\t\t<\/div>\n\t\t\t\t<\/div>\n\t\t\t\t\t<\/div>\n\t\t<\/div>\n\t\t\t\t\t<\/div>\n\t\t<\/section>\n\t\t\t\t<section class=\"elementor-section elementor-top-section elementor-element elementor-element-0ec9e64 elementor-section-boxed elementor-section-height-default elementor-section-height-default\" data-id=\"0ec9e64\" data-element_type=\"section\">\n\t\t\t\t\t\t<div class=\"elementor-container elementor-column-gap-default\">\n\t\t\t\t\t<div class=\"elementor-column elementor-col-100 elementor-top-column elementor-element elementor-element-073e882 ot-flex-column-vertical\" data-id=\"073e882\" data-element_type=\"column\">\n\t\t\t<div class=\"elementor-widget-wrap elementor-element-populated\">\n\t\t\t\t\t\t\t<\/div>\n\t\t<\/div>\n\t\t\t\t\t<\/div>\n\t\t<\/section>\n\t\t\t\t<\/div>","protected":false},"excerpt":{"rendered":"<p>Vendim Nr. 33, dat\u00eb 14.11.2025 \u201cP\u00ebr miratimin e Modelit dhe Udh\u00ebzuesit t\u00eb Planit t\u00eb Biznesit 5-vje\u00e7ar p\u00ebr Shoq\u00ebrit\u00eb Uj\u00ebsjell\u00ebs Kanalizime\u201d Vendim Nr.30, dat\u00eb 23.09.2024 \u201cP\u00ebr miratimin e Strategjis\u00eb Institucionale t\u00eb Entit Rregullator t\u00eb Ujit 2025 \u2013 2027&#8243;\u00a0 \u00a0 Vendim Nr. 39, dat\u00eb 23.10.2024 \u201cP\u00ebr nj\u00eb shtes\u00eb n\u00eb Metodologjin\u00eb dhe Procedur\u00ebn p\u00ebr Miratimin e Tarifave t\u00eb [&hellip;]<\/p>\n","protected":false},"author":1,"featured_media":0,"parent":0,"menu_order":0,"comment_status":"closed","ping_status":"closed","template":"","meta":{"footnotes":""},"class_list":["post-2976","page","type-page","status-publish","hentry"],"_links":{"self":[{"href":"https:\/\/erru.al\/an\/wp-json\/wp\/v2\/pages\/2976","targetHints":{"allow":["GET"]}}],"collection":[{"href":"https:\/\/erru.al\/an\/wp-json\/wp\/v2\/pages"}],"about":[{"href":"https:\/\/erru.al\/an\/wp-json\/wp\/v2\/types\/page"}],"author":[{"embeddable":true,"href":"https:\/\/erru.al\/an\/wp-json\/wp\/v2\/users\/1"}],"replies":[{"embeddable":true,"href":"https:\/\/erru.al\/an\/wp-json\/wp\/v2\/comments?post=2976"}],"version-history":[{"count":130,"href":"https:\/\/erru.al\/an\/wp-json\/wp\/v2\/pages\/2976\/revisions"}],"predecessor-version":[{"id":7573,"href":"https:\/\/erru.al\/an\/wp-json\/wp\/v2\/pages\/2976\/revisions\/7573"}],"wp:attachment":[{"href":"https:\/\/erru.al\/an\/wp-json\/wp\/v2\/media?parent=2976"}],"curies":[{"name":"wp","href":"https:\/\/api.w.org\/{rel}","templated":true}]}}