{"id":2966,"date":"2022-04-19T04:38:41","date_gmt":"2022-04-19T04:38:41","guid":{"rendered":"https:\/\/erru.al\/?page_id=2966"},"modified":"2026-03-09T10:58:34","modified_gmt":"2026-03-09T10:58:34","slug":"vendime-per-licensa-2","status":"publish","type":"page","link":"https:\/\/erru.al\/an\/vendime-per-licensa-2\/","title":{"rendered":"Decisions on licenses"},"content":{"rendered":"<div data-elementor-type=\"wp-page\" data-elementor-id=\"2966\" class=\"elementor elementor-2966\">\n\t\t\t\t\t\t<section class=\"elementor-section elementor-top-section elementor-element elementor-element-4cdbd77 elementor-section-boxed elementor-section-height-default elementor-section-height-default\" data-id=\"4cdbd77\" data-element_type=\"section\">\n\t\t\t\t\t\t<div class=\"elementor-container elementor-column-gap-default\">\n\t\t\t\t\t<div class=\"elementor-column elementor-col-100 elementor-top-column elementor-element elementor-element-e95d9f7 ot-flex-column-vertical\" data-id=\"e95d9f7\" data-element_type=\"column\">\n\t\t\t<div class=\"elementor-widget-wrap\">\n\t\t\t\t\t\t\t<\/div>\n\t\t<\/div>\n\t\t\t\t\t<\/div>\n\t\t<\/section>\n\t\t\t\t<section class=\"elementor-section elementor-top-section elementor-element elementor-element-65f483a elementor-section-boxed elementor-section-height-default elementor-section-height-default\" data-id=\"65f483a\" data-element_type=\"section\">\n\t\t\t\t\t\t<div class=\"elementor-container elementor-column-gap-default\">\n\t\t\t\t\t<div class=\"elementor-column elementor-col-50 elementor-top-column elementor-element elementor-element-0786d73 ot-flex-column-vertical\" data-id=\"0786d73\" data-element_type=\"column\">\n\t\t\t<div class=\"elementor-widget-wrap elementor-element-populated\">\n\t\t\t\t\t\t<div class=\"elementor-element elementor-element-8b08363 elementor-widget elementor-widget-text-editor\" data-id=\"8b08363\" data-element_type=\"widget\" data-widget_type=\"text-editor.default\">\n\t\t\t\t<div class=\"elementor-widget-container\">\n\t\t\t\t\t\t\t\t\t<p><a href=\"https:\/\/erru.al\/doc\/Vendim i arsyetuar UK Lezhe licensim per here te pare si SKP - per shoqerine.pdf\" data-wplink-url-error=\"true\">Vendimi i Shoq\u00ebris\u00eb Rajonale UK Lezh\u00eb sh.a<\/a><br \/><a href=\"https:\/\/erru.al\/wp-content\/uploads\/2026\/02\/UK-Kukes-lincencime.pdf\">Vendimi i Shoq\u00ebris\u00eb Rajonale UK Kuk\u00ebs sh.a<\/a><br \/><a href=\"https:\/\/erru.al\/wp-content\/uploads\/2026\/02\/SHRUK-Korce-licencimi.pdf\">Vendimi i Shoq\u00ebris\u00eb Rajonale UK Kor\u00e7\u00eb sh.a<\/a><br \/><a href=\"https:\/\/erru.al\/wp-content\/uploads\/2025\/12\/licenca-Durres-e-azhornuar.pdf\">Vendimi i Shoq\u00ebris\u00eb Rajonale UK Durr\u00ebs sh.a<\/a><br \/><a href=\"https:\/\/erru.al\/wp-content\/uploads\/2023\/03\/Vendim-UK-Gjirokaster-licencim-per-here-te-pare-si-SKP.pdf\">Vendimi i Shoq\u00ebris\u00eb Rajonale UK Gjirokast\u00ebr sh.a<\/a><br \/><a href=\"https:\/\/erru.al\/wp-content\/uploads\/2026\/02\/Vendim-i-arsyetuar-UK-Berat-licencim-per-here-te-pare-si-SKP-per-shoqerine.pdf\">Vendimi i Shoq\u00ebris\u00eb Rajonale UK Berat sh.a<\/a><br \/><a href=\"https:\/\/erru.al\/wp-content\/uploads\/2026\/02\/SHRUK-Fier-licencimi.pdf\">Vendimi i Shoq\u00ebris\u00eb Rajonale UK Fier sh.a<\/a><br \/><a href=\"https:\/\/erru.al\/wp-content\/uploads\/2026\/02\/SHRUK-Lushnje-merged.pdf\">Vendimi i Shoq\u00ebris\u00eb Rajonale UK Lushnje sh.a<\/a><br \/><a href=\"https:\/\/erru.al\/wp-content\/uploads\/2023\/05\/Vendim-i-arsyetuar-UK-Pogradec-licencim-per-here-te-pare-si-SKP-per-shoqerine.pdf\">Vendimi i Shoq\u00ebris\u00eb Rajonale UK Pogradec sh.a<\/a><br \/><a href=\"https:\/\/erru.al\/wp-content\/uploads\/2023\/05\/Vendim-i-arsyetuar-UK-Elbasan-licencim-per-here-te-pare-si-SKP-per-shoqerine.pdf\">Vendimi i Shoq\u00ebris\u00eb Rajonale UK Elbasan sh.a<\/a><br \/><a href=\"https:\/\/erru.al\/wp-content\/uploads\/2023\/05\/Vendim-i-arsyetuar-UK-Sarande-licencim-per-here-te-pare-si-SKP-per-shoqerine.pdf\">Vendimi i Shoq\u00ebris\u00eb Rajonale UK Sarand\u00eb sh.a<\/a><br \/><a href=\"https:\/\/erru.al\/wp-content\/uploads\/2023\/06\/Vendim-i-arsyetuar-UK-Diber-licencim-per-here-te-pare-si-SKP-per-publikim.pdf\">Vendimi i Shoq\u00ebris\u00eb Rajonale UK Dib\u00ebr sh.a<\/a><br \/><a href=\"https:\/\/erru.al\/wp-content\/uploads\/2026\/02\/UK-Shkoder-licencime.pdf\">Vendimi i Shoq\u00ebris\u00eb Rajonale UK Shkod\u00ebr sh.a<\/a>\u00a0 \u00a0 \u00a0 \u00a0 \u00a0 \u00a0 \u00a0 \u00a0 \u00a0 \u00a0 \u00a0 \u00a0 \u00a0 \u00a0 \u00a0 \u00a0 \u00a0 \u00a0 \u00a0 \u00a0 \u00a0 \u00a0\u00a0 \u00a0\u00a0 <a href=\"https:\/\/erru.al\/wp-content\/uploads\/2026\/02\/UK-Vlore-licencime.pdf\">Vendimi i Shoq\u00ebris\u00eb Rajonale UK Vlor\u00eb sh.a<\/a><\/p>\t\t\t\t\t\t\t\t<\/div>\n\t\t\t\t<\/div>\n\t\t\t\t\t<\/div>\n\t\t<\/div>\n\t\t\t\t<div class=\"elementor-column elementor-col-50 elementor-top-column elementor-element elementor-element-1e66f80 ot-flex-column-vertical\" data-id=\"1e66f80\" data-element_type=\"column\">\n\t\t\t<div class=\"elementor-widget-wrap elementor-element-populated\">\n\t\t\t\t\t\t<div class=\"elementor-element elementor-element-c9ec405 elementor-widget elementor-widget-text-editor\" data-id=\"c9ec405\" data-element_type=\"widget\" data-widget_type=\"text-editor.default\">\n\t\t\t\t<div class=\"elementor-widget-container\">\n\t\t\t\t\t\t\t\t\t<p><a href=\"https:\/\/erru.al\/wp-content\/uploads\/2026\/02\/UK-Tirane-licencime.pdf\">Decision Sha UK Tiran\u00eb<\/a><br \/><a href=\"https:\/\/erru.al\/wp-content\/uploads\/2026\/02\/UK-Vore-licencime.pdf\">Decision Sha UK Vor\u00eb<\/a><br \/><a href=\"https:\/\/erru.al\/wp-content\/uploads\/2026\/03\/Licencim-Kamez-mars-2026.pdf\">Vendimi i Sha UK Kam\u00ebz<\/a><\/p>\t\t\t\t\t\t\t\t<\/div>\n\t\t\t\t<\/div>\n\t\t\t\t\t<\/div>\n\t\t<\/div>\n\t\t\t\t\t<\/div>\n\t\t<\/section>\n\t\t\t\t<section class=\"elementor-section elementor-top-section elementor-element elementor-element-8e191b7 elementor-section-boxed elementor-section-height-default elementor-section-height-default\" data-id=\"8e191b7\" data-element_type=\"section\">\n\t\t\t\t\t\t<div class=\"elementor-container elementor-column-gap-default\">\n\t\t\t\t\t<div class=\"elementor-column elementor-col-100 elementor-top-column elementor-element elementor-element-1e0eb3d ot-flex-column-vertical\" data-id=\"1e0eb3d\" data-element_type=\"column\">\n\t\t\t<div class=\"elementor-widget-wrap elementor-element-populated\">\n\t\t\t\t\t\t<div class=\"elementor-element elementor-element-af9b63c elementor-widget elementor-widget-spacer\" data-id=\"af9b63c\" data-element_type=\"widget\" data-widget_type=\"spacer.default\">\n\t\t\t\t<div class=\"elementor-widget-container\">\n\t\t\t\t\t\t\t<div class=\"elementor-spacer\">\n\t\t\t<div class=\"elementor-spacer-inner\"><\/div>\n\t\t<\/div>\n\t\t\t\t\t\t<\/div>\n\t\t\t\t<\/div>\n\t\t\t\t\t<\/div>\n\t\t<\/div>\n\t\t\t\t\t<\/div>\n\t\t<\/section>\n\t\t\t\t<\/div>","protected":false},"excerpt":{"rendered":"<p>Vendimi i Shoq\u00ebris\u00eb Rajonale UK Lezh\u00eb sh.aVendimi i Shoq\u00ebris\u00eb Rajonale UK Kuk\u00ebs sh.aVendimi i Shoq\u00ebris\u00eb Rajonale UK Kor\u00e7\u00eb sh.aVendimi i Shoq\u00ebris\u00eb Rajonale UK Durr\u00ebs sh.aVendimi i Shoq\u00ebris\u00eb Rajonale UK Gjirokast\u00ebr sh.aVendimi i Shoq\u00ebris\u00eb Rajonale UK Berat sh.aVendimi i Shoq\u00ebris\u00eb Rajonale UK Fier sh.aVendimi i Shoq\u00ebris\u00eb Rajonale UK Lushnje sh.aVendimi i Shoq\u00ebris\u00eb Rajonale UK Pogradec sh.aVendimi [&hellip;]<\/p>\n","protected":false},"author":1,"featured_media":0,"parent":0,"menu_order":0,"comment_status":"closed","ping_status":"closed","template":"","meta":{"footnotes":""},"class_list":["post-2966","page","type-page","status-publish","hentry"],"_links":{"self":[{"href":"https:\/\/erru.al\/an\/wp-json\/wp\/v2\/pages\/2966","targetHints":{"allow":["GET"]}}],"collection":[{"href":"https:\/\/erru.al\/an\/wp-json\/wp\/v2\/pages"}],"about":[{"href":"https:\/\/erru.al\/an\/wp-json\/wp\/v2\/types\/page"}],"author":[{"embeddable":true,"href":"https:\/\/erru.al\/an\/wp-json\/wp\/v2\/users\/1"}],"replies":[{"embeddable":true,"href":"https:\/\/erru.al\/an\/wp-json\/wp\/v2\/comments?post=2966"}],"version-history":[{"count":242,"href":"https:\/\/erru.al\/an\/wp-json\/wp\/v2\/pages\/2966\/revisions"}],"predecessor-version":[{"id":7808,"href":"https:\/\/erru.al\/an\/wp-json\/wp\/v2\/pages\/2966\/revisions\/7808"}],"wp:attachment":[{"href":"https:\/\/erru.al\/an\/wp-json\/wp\/v2\/media?parent=2966"}],"curies":[{"name":"wp","href":"https:\/\/api.w.org\/{rel}","templated":true}]}}