{"id":2824,"date":"2022-03-28T08:29:16","date_gmt":"2022-03-28T08:29:16","guid":{"rendered":"https:\/\/erru.al\/?page_id=2824"},"modified":"2026-03-10T09:30:39","modified_gmt":"2026-03-10T09:30:39","slug":"raportet","status":"publish","type":"page","link":"https:\/\/erru.al\/an\/raportet\/","title":{"rendered":"Raportet"},"content":{"rendered":"<div data-elementor-type=\"wp-page\" data-elementor-id=\"2824\" class=\"elementor elementor-2824\">\n\t\t\t\t\t\t<section class=\"elementor-section elementor-top-section elementor-element elementor-element-56a5533 elementor-section-boxed elementor-section-height-default elementor-section-height-default\" data-id=\"56a5533\" data-element_type=\"section\">\n\t\t\t\t\t\t<div class=\"elementor-container elementor-column-gap-default\">\n\t\t\t\t\t<div class=\"elementor-column elementor-col-100 elementor-top-column elementor-element elementor-element-d43c856 ot-flex-column-vertical\" data-id=\"d43c856\" data-element_type=\"column\">\n\t\t\t<div class=\"elementor-widget-wrap elementor-element-populated\">\n\t\t\t\t\t\t<div class=\"elementor-element elementor-element-52ddb3d elementor-widget elementor-widget-text-editor\" data-id=\"52ddb3d\" data-element_type=\"widget\" data-widget_type=\"text-editor.default\">\n\t\t\t\t<div class=\"elementor-widget-container\">\n\t\t\t\t\t\t\t\t\t<p><strong>ERRU reporting<br \/><\/strong>Reporting is not only a legal obligation to ensure that ERRU is accountable for the decisions we make on behalf of Albanian society. Reporting to the Assembly of Albania and the Council of Ministers also gives us the opportunity to comment on developments and policies in the sector as well as give recommendations. Furthermore, we consider reporting essential to achieving our objective of creating a transparent regulatory environment and keeping the public informed. We believe that placing operators under public scrutiny is a strong incentive for them to provide better services.\u00a0<\/p>\n<p>ERRU regularly publishes the following reports:<\/p>\n<p><strong>Annual Reports<br \/><\/strong>Since the first year of its creation, the Water Regulatory Authority has submitted an Annual Report to the Assembly of Albania and the Council of Ministers. This report summarizes the work done in the past year and activities planned for the next year, as well as the current situation of the Water and Sewerage Sector in Albania and recommendations for necessary actions to be taken by the government.<\/p>\n<ul>\n<li><a href=\"https:\/\/erru.al\/wp-content\/uploads\/2026\/03\/Raporti-vjetor-2025_merged.pdf\">Raporti vjetor 2025<\/a><\/li>\n<li><a href=\"https:\/\/erru.al\/wp-content\/uploads\/2025\/10\/Raporti-Vjetor-2025.pdf\">Raporti vjetor 2024<\/a><\/li>\n<li><a href=\"https:\/\/erru.al\/wp-content\/uploads\/2024\/04\/Raporti-ERRU_2023_06.02.2024-Final.pdf\">Raporti vjetor 2023<\/a><\/li>\n<li><a href=\"https:\/\/erru.al\/wp-content\/uploads\/2023\/08\/Raporti_Vjetor_2022-FINAL.pdf\">Raporti vjetor 2022<\/a><\/li>\n<li><a href=\"https:\/\/erru.al\/doc\/Raporti_Vjetor_2021.pdf\" target=\"_blank\" rel=\"noreferrer noopener\">Annual report 2021<\/a><\/li>\n<li><a href=\"https:\/\/erru.al\/doc\/Raporti_vjetor_2020.pdf\" target=\"_blank\" rel=\"noreferrer noopener\">Annual report 2020<\/a><\/li>\n<li><a href=\"https:\/\/erru.al\/doc\/Annual_Report_2019_eng.pdf\" target=\"_blank\" rel=\"noreferrer noopener\">Annual report 2019<\/a><\/li>\n<li><a href=\"https:\/\/erru.al\/doc\/Raporti_vjetor_2018.pdf\" target=\"_blank\" rel=\"noreferrer noopener\">Annual report 2018<\/a><\/li>\n<li><a href=\"https:\/\/erru.al\/doc\/Raporti_vjetor_2017.pdf\" target=\"_blank\" rel=\"noreferrer noopener\">Annual report 2017<\/a><\/li>\n<li><a href=\"https:\/\/erru.al\/doc\/Raporti_Vjetor_2016.pdf\" target=\"_blank\" rel=\"noreferrer noopener\">Annual report 2016<\/a><\/li>\n<li><a href=\"https:\/\/erru.al\/doc\/ERRU_Raporti_Vjetor_2015.pdf\" target=\"_blank\" rel=\"noreferrer noopener\">Annual report 2015<\/a><\/li>\n<li><a href=\"https:\/\/erru.al\/doc\/Raporti_Vjetor_2014.pdf\" target=\"_blank\" rel=\"noreferrer noopener\">Annual report 2014<\/a><\/li>\n<li><a href=\"https:\/\/erru.al\/doc\/Anual_Report_2013.pdf\" target=\"_blank\" rel=\"noreferrer noopener\">Annual report 2013<\/a><\/li>\n<li><a href=\"https:\/\/erru.al\/doc\/Raporti_vjetor_2012.pdf\" target=\"_blank\" rel=\"noreferrer noopener\">Annual report 2012<\/a><\/li>\n<li><a href=\"https:\/\/erru.al\/doc\/Annual_Report__2011.pdf\" target=\"_blank\" rel=\"noreferrer noopener\">Annual report 2011<\/a><\/li>\n<li><a href=\"https:\/\/erru.al\/doc\/Raporti_Vjetor_Final__7.02.2010.pdf\" target=\"_blank\" rel=\"noreferrer noopener\">Annual report 2010<\/a><\/li>\n<li><a href=\"https:\/\/erru.al\/doc\/Raporti_2009_ERRU_Total.pdf\" target=\"_blank\" rel=\"noreferrer noopener\">Annual report 2009<\/a><\/li>\n<\/ul>\n<p><strong>Performance Report<\/strong><\/p>\n<p><!-- \/wp:paragraph --><!-- wp:paragraph --><\/p>\n<p>Performance reporting was introduced by ERRU in 2011 with the aim of enabling all stakeholders and the general public to understand and compare the performance of each operator. By analyzing the performance of individual operators and comparing them with other operators, we and companies can identify opportunities for further improvement. Public reporting of performance allows us to implement an element of comparative competition in an otherwise entirely monopolistic sector and which incentivizes improved service uptake. The publication of ERRU's Annual Report and Performance Report aims to provide an independent and objective picture as well as an individual analysis of companies' performance measured on the basis of a series of performance indicators selected by ERRU.<\/p>\n<ul>\n<li><a href=\"https:\/\/erru.al\/wp-content\/uploads\/2025\/08\/Raporti_Performances_2024-31.07.2025_compressed.pdf\">Raporti i Performanc\u00ebs 2024<\/a><\/li>\n<li><a href=\"https:\/\/erru.al\/wp-content\/uploads\/2024\/08\/Raporti-i-Performances-ERRU-2023.pdf\">Raporti i Performanc\u00ebs 2023<\/a><\/li>\n<li><a href=\"https:\/\/erru.al\/doc\/Raporti_Performances_2022-05.07.2023-Final.pdf\" target=\"_blank\" rel=\"noreferrer noopener\">Raporti i Performanc\u00ebs 2022<\/a><\/li>\n<li><a href=\"https:\/\/erru.al\/doc\/Raporti_Performances_2021_eng.pdf\" target=\"_blank\" rel=\"noreferrer noopener\">Performance Report 2021<\/a><\/li>\n<li><a href=\"https:\/\/erru.al\/doc\/Raporti_Performances_2020_eng.pdf\" target=\"_blank\" rel=\"noreferrer noopener\">Performance Report 2020<\/a><\/li>\n<li><a href=\"https:\/\/erru.al\/doc\/Raporti_Performances_2019_eng.pdf\" target=\"_blank\" rel=\"noreferrer noopener\">Performance Report 2019<\/a><\/li>\n<li><a href=\"https:\/\/erru.al\/doc\/Raporti_Performances_2018_eng.pdf\" target=\"_blank\" rel=\"noreferrer noopener\">Performance Report 2018<\/a><\/li>\n<li><a href=\"https:\/\/erru.al\/doc\/Raporti_Performances_2017_eng.pdf\" target=\"_blank\" rel=\"noreferrer noopener\">Performance Report 2017<\/a><\/li>\n<li><a href=\"https:\/\/erru.al\/doc\/Raporti_Performances_2016.pdf\" target=\"_blank\" rel=\"noreferrer noopener\">Performance Report 2016<\/a><\/li>\n<li><a href=\"https:\/\/erru.al\/doc\/Raporti_Performances_2015_eng.pdf\" target=\"_blank\" rel=\"noreferrer noopener\">Performance Report 2015<\/a><\/li>\n<li><a href=\"https:\/\/erru.al\/doc\/Performance_Report_2014_P.pdf\" target=\"_blank\" rel=\"noreferrer noopener\">Performance Report 2014<\/a><\/li>\n<li><a href=\"https:\/\/erru.al\/doc\/UK-English_opt.pdf\" target=\"_blank\" rel=\"noreferrer noopener\">Performance Report 2013<\/a><\/li>\n<li><a href=\"https:\/\/erru.al\/doc\/Perfomance_Report_2012.pdf.pdf\" target=\"_blank\" rel=\"noreferrer noopener\">Performance Report 2012<\/a><\/li>\n<li><a href=\"https:\/\/erru.al\/doc\/WRA_Performance_Report_2011.pdf\" target=\"_blank\" rel=\"noreferrer noopener\">Performance Report 2011<\/a><\/li>\n<\/ul>\n<p>More information on our performance monitoring and the key performance indicators we use can be found here <a href=\"https:\/\/erru.al\/an\/mat.php\/?idr=34&amp;idm=129&amp;lang=1\" target=\"_blank\" rel=\"noreferrer noopener\">k\u00ebtu.<\/a><\/p>\n<p><strong>Water balance<\/strong><\/p>\t\t\t\t\t\t\t\t<\/div>\n\t\t\t\t<\/div>\n\t\t\t\t<div class=\"elementor-element elementor-element-23c68bc elementor-widget elementor-widget-toggle\" data-id=\"23c68bc\" data-element_type=\"widget\" data-widget_type=\"toggle.default\">\n\t\t\t\t<div class=\"elementor-widget-container\">\n\t\t\t\t\t\t\t<div class=\"elementor-toggle\">\n\t\t\t\t\t\t\t<div class=\"elementor-toggle-item\">\n\t\t\t\t\t<div id=\"elementor-tab-title-3751\" class=\"elementor-tab-title\" data-tab=\"1\" role=\"button\" aria-controls=\"elementor-tab-content-3751\" aria-expanded=\"false\">\n\t\t\t\t\t\t\t\t\t\t\t\t<span class=\"elementor-toggle-icon elementor-toggle-icon-left\" aria-hidden=\"true\">\n\t\t\t\t\t\t\t\t\t\t\t\t\t\t\t<span class=\"elementor-toggle-icon-closed\"><i class=\"fas fa-caret-right\"><\/i><\/span>\n\t\t\t\t\t\t\t\t<span class=\"elementor-toggle-icon-opened\"><i class=\"elementor-toggle-icon-opened fas fa-caret-up\"><\/i><\/span>\n\t\t\t\t\t\t\t\t\t\t\t\t\t<\/span>\n\t\t\t\t\t\t\t\t\t\t\t\t<a class=\"elementor-toggle-title\" tabindex=\"0\">Enti Rregullator i Ujit publikon raportin e Bilancit Vjetor t\u00eb Ujit t\u00eb shoq\u00ebrive UK p\u00ebr vitin 2024<\/a>\n\t\t\t\t\t<\/div>\n\n\t\t\t\t\t<div id=\"elementor-tab-content-3751\" class=\"elementor-tab-content elementor-clearfix\" data-tab=\"1\" role=\"region\" aria-labelledby=\"elementor-tab-title-3751\"><p><a href=\"https:\/\/erru.al\/wp-content\/uploads\/2026\/01\/Raporti-Bilanci-i-Ujit-2024_final.pdf\">Shiko\/Shkarko<\/a><\/p><\/div>\n\t\t\t\t<\/div>\n\t\t\t\t\t\t\t<div class=\"elementor-toggle-item\">\n\t\t\t\t\t<div id=\"elementor-tab-title-3752\" class=\"elementor-tab-title\" data-tab=\"2\" role=\"button\" aria-controls=\"elementor-tab-content-3752\" aria-expanded=\"false\">\n\t\t\t\t\t\t\t\t\t\t\t\t<span class=\"elementor-toggle-icon elementor-toggle-icon-left\" aria-hidden=\"true\">\n\t\t\t\t\t\t\t\t\t\t\t\t\t\t\t<span class=\"elementor-toggle-icon-closed\"><i class=\"fas fa-caret-right\"><\/i><\/span>\n\t\t\t\t\t\t\t\t<span class=\"elementor-toggle-icon-opened\"><i class=\"elementor-toggle-icon-opened fas fa-caret-up\"><\/i><\/span>\n\t\t\t\t\t\t\t\t\t\t\t\t\t<\/span>\n\t\t\t\t\t\t\t\t\t\t\t\t<a class=\"elementor-toggle-title\" tabindex=\"0\">Enti Rregullator i Ujit publikon raportin e Bilancit Vjetor t\u00eb Ujit t\u00eb shoq\u00ebrive UK p\u00ebr vitin 2023\u00a0<\/a>\n\t\t\t\t\t<\/div>\n\n\t\t\t\t\t<div id=\"elementor-tab-content-3752\" class=\"elementor-tab-content elementor-clearfix\" data-tab=\"2\" role=\"region\" aria-labelledby=\"elementor-tab-title-3752\"><p><a href=\"https:\/\/erru.al\/wp-content\/uploads\/2024\/12\/Raporti-Bilanci-i-Ujit-2023.pdf\">\u00a0Shiko\/Shkarko\u00a0<\/a><\/p>\n<p>\u00a0<\/p><\/div>\n\t\t\t\t<\/div>\n\t\t\t\t\t\t\t<div class=\"elementor-toggle-item\">\n\t\t\t\t\t<div id=\"elementor-tab-title-3753\" class=\"elementor-tab-title\" data-tab=\"3\" role=\"button\" aria-controls=\"elementor-tab-content-3753\" aria-expanded=\"false\">\n\t\t\t\t\t\t\t\t\t\t\t\t<span class=\"elementor-toggle-icon elementor-toggle-icon-left\" aria-hidden=\"true\">\n\t\t\t\t\t\t\t\t\t\t\t\t\t\t\t<span class=\"elementor-toggle-icon-closed\"><i class=\"fas fa-caret-right\"><\/i><\/span>\n\t\t\t\t\t\t\t\t<span class=\"elementor-toggle-icon-opened\"><i class=\"elementor-toggle-icon-opened fas fa-caret-up\"><\/i><\/span>\n\t\t\t\t\t\t\t\t\t\t\t\t\t<\/span>\n\t\t\t\t\t\t\t\t\t\t\t\t<a class=\"elementor-toggle-title\" tabindex=\"0\">Enti Rregullator i Ujit publikon raportin e Bilancit Vjetor t\u00eb Ujit t\u00eb shoq\u00ebrive UK p\u00ebr vitin 2022<\/a>\n\t\t\t\t\t<\/div>\n\n\t\t\t\t\t<div id=\"elementor-tab-content-3753\" class=\"elementor-tab-content elementor-clearfix\" data-tab=\"3\" role=\"region\" aria-labelledby=\"elementor-tab-title-3753\"><ul>\n<li><a href=\"https:\/\/erru.al\/wp-content\/uploads\/2024\/05\/Bilanci-i-Ujit-per-Shoqeria-Rajonale-Fier.pdf\">Bilanci i Ujit p\u00ebr Shoq\u00ebrin\u00eb Rajonale Fier<\/a><\/li>\n<li><a href=\"https:\/\/erru.al\/wp-content\/uploads\/2024\/05\/Bilanci-i-Ujit-per-Shoqeria-Rajonale-Kukes.pdf\">Bilanci i Ujit p\u00ebr Shoq\u00ebrin\u00eb Rajonale Kuk\u00ebs<\/a><\/li>\n<li><a href=\"https:\/\/erru.al\/wp-content\/uploads\/2024\/05\/Bilanci-i-Ujit-per-Shoqerine-Rajonale-Lushnje.pdf\">Bilanci i Ujit p\u00ebr Shoq\u00ebrin\u00eb Rajonale Lushnje<\/a><\/li>\n<li><a href=\"https:\/\/erru.al\/wp-content\/uploads\/2024\/05\/Bilanci-i-Ujit-per-Sh.-R-Sarande_final.pdf\">Bilanci i Ujit p\u00ebr Shoq\u00ebrin\u00eb Rajonale Sarand\u00eb<\/a><\/li>\n<li><a href=\"https:\/\/erru.al\/wp-content\/uploads\/2024\/05\/Bilanci-i-Ujit-per-Shoqerine-Rajonale-Berat.pdf\">Bilanci i Ujit p\u00ebr Shoq\u00ebrin\u00eb Rajonale Berat<\/a><\/li>\n<li><a href=\"https:\/\/erru.al\/wp-content\/uploads\/2024\/05\/Bilanci-i-Ujit-per-Sh.-R-Pogradec_final.pdf\">Bilanci i Ujit p\u00ebr Shoq\u00ebrin\u00eb Rajonale Pogradec<\/a><\/li>\n<li><a href=\"https:\/\/erru.al\/wp-content\/uploads\/2024\/05\/Bilanci-i-Ujit-per-SH.R-Diber_final.pdf\">Bilanci i Ujit p\u00ebr Shoq\u00ebrin\u00eb Rajonale Dib\u00ebr<\/a><\/li>\n<li><a href=\"https:\/\/erru.al\/wp-content\/uploads\/2024\/05\/Bilanci-i-Ujit-per-Sh.R-Elbasan_Final.pdf\">Bilanci i Ujit p\u00ebr Shoq\u00ebrin\u00eb Rajonale Elbasan<\/a><\/li>\n<li><a href=\"https:\/\/erru.al\/wp-content\/uploads\/2024\/05\/Bilanci-i-Ujit-per-Sh.R-Shkoder_Final.pdf\">Bilanci i Ujit p\u00ebr Shoq\u00ebrin\u00eb Rajonale Shkod\u00ebr<\/a><\/li>\n<li><a href=\"https:\/\/erru.al\/wp-content\/uploads\/2024\/05\/Bilanci-i-Ujit-per-Sh.R-UK-Vlore_final.pdf\">Bilanci i Ujit p\u00ebr Shoq\u00ebrin\u00eb Rajonale Vlor\u00eb<\/a><\/li>\n<li><a href=\"https:\/\/erru.al\/wp-content\/uploads\/2024\/05\/Bilanci-i-Ujit-per-Sh.R.-Durres_final.pdf\">Bilanci i Ujit p\u00ebr Shoq\u00ebrin\u00eb Rajonale Durr\u00ebs<\/a><\/li>\n<li><a href=\"https:\/\/erru.al\/wp-content\/uploads\/2024\/05\/Bilanci-i-Ujit-per-Sh.R.-Gjirokaster_final.pdf\">Bilanci i Ujit p\u00ebr Shoq\u00ebrin\u00eb Rajonale Gjirokast\u00ebr<\/a><\/li>\n<li><a href=\"https:\/\/erru.al\/wp-content\/uploads\/2024\/05\/Bilanci-i-Ujit-per-Sh.R.-Korce_final.pdf\">Bilanci i Ujit p\u00ebr Shoq\u00ebrin\u00eb Rajonale Kor\u00e7\u00eb<\/a><\/li>\n<li><a href=\"https:\/\/erru.al\/wp-content\/uploads\/2024\/05\/Bilanci-i-Ujit-per-Sh.R.-Lezhe_final.pdfhttps:\/\/erru.al\/wp-content\/uploads\/2024\/05\/Bilanci-i-Ujit-per-Sh.R.-Lezhe_final.pdf\">Bilanci i Ujit p\u00ebr Shoq\u00ebrin\u00eb Rajonale Lezh\u00eb<\/a><\/li>\n<li><a href=\"https:\/\/erru.al\/wp-content\/uploads\/2024\/05\/Bilanci-i-Ujit-per-Sha-UK-Tirane_final.pdf\">Bilanci i Ujit p\u00ebr UK Tiran\u00eb<\/a><\/li>\n<li><a href=\"https:\/\/erru.al\/wp-content\/uploads\/2024\/05\/Bilanci-i-Ujit-per-Sha-Vore_final.pdf\">Bilanci i Ujit p\u00ebr UK Vor\u00eb<\/a><\/li>\n<li><a href=\"https:\/\/erru.al\/wp-content\/uploads\/2024\/05\/Bilanci-i-Ujit-per-Sh.a-UK-Kamez_final.pdf\">Bilanci i Ujit p\u00ebr UK Kam\u00ebz<\/a><\/li>\n<\/ul><\/div>\n\t\t\t\t<\/div>\n\t\t\t\t\t\t\t<div class=\"elementor-toggle-item\">\n\t\t\t\t\t<div id=\"elementor-tab-title-3754\" class=\"elementor-tab-title\" data-tab=\"4\" role=\"button\" aria-controls=\"elementor-tab-content-3754\" aria-expanded=\"false\">\n\t\t\t\t\t\t\t\t\t\t\t\t<span class=\"elementor-toggle-icon elementor-toggle-icon-left\" aria-hidden=\"true\">\n\t\t\t\t\t\t\t\t\t\t\t\t\t\t\t<span class=\"elementor-toggle-icon-closed\"><i class=\"fas fa-caret-right\"><\/i><\/span>\n\t\t\t\t\t\t\t\t<span class=\"elementor-toggle-icon-opened\"><i class=\"elementor-toggle-icon-opened fas fa-caret-up\"><\/i><\/span>\n\t\t\t\t\t\t\t\t\t\t\t\t\t<\/span>\n\t\t\t\t\t\t\t\t\t\t\t\t<a class=\"elementor-toggle-title\" tabindex=\"0\">Enti Rregullator i Ujit publikon raportin e Bilancit Vjetor t\u00eb Ujit t\u00eb shoq\u00ebrive UK p\u00ebr vitin 2021<\/a>\n\t\t\t\t\t<\/div>\n\n\t\t\t\t\t<div id=\"elementor-tab-content-3754\" class=\"elementor-tab-content elementor-clearfix\" data-tab=\"4\" role=\"region\" aria-labelledby=\"elementor-tab-title-3754\"><p><a href=\"https:\/\/erru.al\/wp-content\/uploads\/2024\/12\/Bilanci-i-Ujit-2021.pdf\">Shiko\/Shkarko\u00a0<\/a><\/p><\/div>\n\t\t\t\t<\/div>\n\t\t\t\t\t\t\t<div class=\"elementor-toggle-item\">\n\t\t\t\t\t<div id=\"elementor-tab-title-3755\" class=\"elementor-tab-title\" data-tab=\"5\" role=\"button\" aria-controls=\"elementor-tab-content-3755\" aria-expanded=\"false\">\n\t\t\t\t\t\t\t\t\t\t\t\t<span class=\"elementor-toggle-icon elementor-toggle-icon-left\" aria-hidden=\"true\">\n\t\t\t\t\t\t\t\t\t\t\t\t\t\t\t<span class=\"elementor-toggle-icon-closed\"><i class=\"fas fa-caret-right\"><\/i><\/span>\n\t\t\t\t\t\t\t\t<span class=\"elementor-toggle-icon-opened\"><i class=\"elementor-toggle-icon-opened fas fa-caret-up\"><\/i><\/span>\n\t\t\t\t\t\t\t\t\t\t\t\t\t<\/span>\n\t\t\t\t\t\t\t\t\t\t\t\t<a class=\"elementor-toggle-title\" tabindex=\"0\">The Water Regulatory Body publishes the report of the Annual Water Balance of UK companies for 2020<\/a>\n\t\t\t\t\t<\/div>\n\n\t\t\t\t\t<div id=\"elementor-tab-content-3755\" class=\"elementor-tab-content elementor-clearfix\" data-tab=\"5\" role=\"region\" aria-labelledby=\"elementor-tab-title-3755\"><p><a href=\"https:\/\/www.erru.al\/doc\/Bilanci_i_Ujit_2020.pdf\">Shiko\/Shkarko<\/a><\/p><\/div>\n\t\t\t\t<\/div>\n\t\t\t\t\t\t\t<div class=\"elementor-toggle-item\">\n\t\t\t\t\t<div id=\"elementor-tab-title-3756\" class=\"elementor-tab-title\" data-tab=\"6\" role=\"button\" aria-controls=\"elementor-tab-content-3756\" aria-expanded=\"false\">\n\t\t\t\t\t\t\t\t\t\t\t\t<span class=\"elementor-toggle-icon elementor-toggle-icon-left\" aria-hidden=\"true\">\n\t\t\t\t\t\t\t\t\t\t\t\t\t\t\t<span class=\"elementor-toggle-icon-closed\"><i class=\"fas fa-caret-right\"><\/i><\/span>\n\t\t\t\t\t\t\t\t<span class=\"elementor-toggle-icon-opened\"><i class=\"elementor-toggle-icon-opened fas fa-caret-up\"><\/i><\/span>\n\t\t\t\t\t\t\t\t\t\t\t\t\t<\/span>\n\t\t\t\t\t\t\t\t\t\t\t\t<a class=\"elementor-toggle-title\" tabindex=\"0\">Enti Rregullator i Ujit publikon raportin e Bilancit Vjetor t\u00eb Ujit t\u00eb shoq\u00ebrive UK p\u00ebr vitin 2019<\/a>\n\t\t\t\t\t<\/div>\n\n\t\t\t\t\t<div id=\"elementor-tab-content-3756\" class=\"elementor-tab-content elementor-clearfix\" data-tab=\"6\" role=\"region\" aria-labelledby=\"elementor-tab-title-3756\"><p><a href=\"https:\/\/www.erru.al\/doc\/Bilanci_i_Ujit_2019.pdf\">Shiko\/Shkarko<\/a><\/p><\/div>\n\t\t\t\t<\/div>\n\t\t\t\t\t\t\t\t<\/div>\n\t\t\t\t\t\t<\/div>\n\t\t\t\t<\/div>\n\t\t\t\t\t<\/div>\n\t\t<\/div>\n\t\t\t\t\t<\/div>\n\t\t<\/section>\n\t\t\t\t<section class=\"elementor-section elementor-top-section elementor-element elementor-element-7e47576 elementor-section-boxed elementor-section-height-default elementor-section-height-default\" data-id=\"7e47576\" data-element_type=\"section\">\n\t\t\t\t\t\t<div class=\"elementor-container elementor-column-gap-default\">\n\t\t\t\t\t<div class=\"elementor-column elementor-col-100 elementor-top-column elementor-element elementor-element-2b685fb ot-flex-column-vertical\" data-id=\"2b685fb\" data-element_type=\"column\">\n\t\t\t<div class=\"elementor-widget-wrap elementor-element-populated\">\n\t\t\t\t\t\t<div class=\"elementor-element elementor-element-2196b1e elementor-widget elementor-widget-spacer\" data-id=\"2196b1e\" data-element_type=\"widget\" data-widget_type=\"spacer.default\">\n\t\t\t\t<div class=\"elementor-widget-container\">\n\t\t\t\t\t\t\t<div class=\"elementor-spacer\">\n\t\t\t<div class=\"elementor-spacer-inner\"><\/div>\n\t\t<\/div>\n\t\t\t\t\t\t<\/div>\n\t\t\t\t<\/div>\n\t\t\t\t\t<\/div>\n\t\t<\/div>\n\t\t\t\t\t<\/div>\n\t\t<\/section>\n\t\t\t\t<\/div>","protected":false},"excerpt":{"rendered":"<p>Raportimi i ERRURaportimi nuk \u00ebsht\u00eb vet\u00ebm nj\u00eb detyrim ligjor p\u00ebr t\u00eb siguruar q\u00eb ERRU \u00ebsht\u00eb i p\u00ebrgjegjsh\u00ebm p\u00ebr vendimet q\u00eb ne marrim n\u00eb em\u00ebr t\u00eb shoq\u00ebris\u00eb shqiptare. Raportimi ndaj Kuvendit t\u00eb Shqip\u00ebris\u00eb dhe K\u00ebshillit t\u00eb Ministrave na jep ne gjithashtu mund\u00ebsin\u00eb t\u00eb japim komente mbi zhvillimet dhe politikat n\u00eb sektor si dhe t\u00eb japim rekomandime. [&hellip;]<\/p>\n","protected":false},"author":1,"featured_media":0,"parent":0,"menu_order":0,"comment_status":"closed","ping_status":"closed","template":"","meta":{"footnotes":""},"class_list":["post-2824","page","type-page","status-publish","hentry"],"_links":{"self":[{"href":"https:\/\/erru.al\/an\/wp-json\/wp\/v2\/pages\/2824","targetHints":{"allow":["GET"]}}],"collection":[{"href":"https:\/\/erru.al\/an\/wp-json\/wp\/v2\/pages"}],"about":[{"href":"https:\/\/erru.al\/an\/wp-json\/wp\/v2\/types\/page"}],"author":[{"embeddable":true,"href":"https:\/\/erru.al\/an\/wp-json\/wp\/v2\/users\/1"}],"replies":[{"embeddable":true,"href":"https:\/\/erru.al\/an\/wp-json\/wp\/v2\/comments?post=2824"}],"version-history":[{"count":135,"href":"https:\/\/erru.al\/an\/wp-json\/wp\/v2\/pages\/2824\/revisions"}],"predecessor-version":[{"id":7816,"href":"https:\/\/erru.al\/an\/wp-json\/wp\/v2\/pages\/2824\/revisions\/7816"}],"wp:attachment":[{"href":"https:\/\/erru.al\/an\/wp-json\/wp\/v2\/media?parent=2824"}],"curies":[{"name":"wp","href":"https:\/\/api.w.org\/{rel}","templated":true}]}}