{"id":2815,"date":"2022-03-24T06:37:25","date_gmt":"2022-03-24T06:37:25","guid":{"rendered":"https:\/\/erru.al\/?page_id=2815"},"modified":"2022-03-24T06:37:27","modified_gmt":"2022-03-24T06:37:27","slug":"kordinatori","status":"publish","type":"page","link":"https:\/\/erru.al\/an\/kordinatori\/","title":{"rendered":"Kordinatori"},"content":{"rendered":"<p>Malvina Zaja<\/p>\n\n\n\n<p>Email:&nbsp;&nbsp;&nbsp;&nbsp; malvina.zaja@erru.al<br>Email:&nbsp;&nbsp;&nbsp;&nbsp; public@erru.al<br>Tel:&nbsp;&nbsp;&nbsp;&nbsp;&nbsp;&nbsp;&nbsp;&nbsp;&nbsp;&nbsp; 04 22 58 046<\/p>\n\n\n\n<p>Adresa:&nbsp;&nbsp;&nbsp; Rr: &#8220;Viktor Eftimiu&#8221;<br>&nbsp;&nbsp;&nbsp;&nbsp;&nbsp;&nbsp;&nbsp;&nbsp;&nbsp;&nbsp;&nbsp;&nbsp;&nbsp;&nbsp;&nbsp;&nbsp;&nbsp; Nd. 1<br>&nbsp;&nbsp;&nbsp;&nbsp;&nbsp;&nbsp;&nbsp;&nbsp;&nbsp;&nbsp;&nbsp;&nbsp;&nbsp;&nbsp;&nbsp;&nbsp;&nbsp; Administrative Unit No. 5, 1022<br>&nbsp;&nbsp;&nbsp;&nbsp;&nbsp;&nbsp;&nbsp;&nbsp;&nbsp;&nbsp;&nbsp;&nbsp;&nbsp;&nbsp;&nbsp;&nbsp;&nbsp; TIRAN\u00cb<\/p>\n\n\n\n<p>Orari:&nbsp;&nbsp;&nbsp;&nbsp;&nbsp;&nbsp;&nbsp; E H\u00ebn\u00eb &#8211; E Enjte&nbsp;&nbsp; 08:00 &#8211; 16:30<br>&nbsp;&nbsp;&nbsp;&nbsp;&nbsp;&nbsp;&nbsp;&nbsp;&nbsp;&nbsp;&nbsp;&nbsp;&nbsp;&nbsp;&nbsp;&nbsp;&nbsp; E Premte&nbsp;&nbsp;&nbsp;&nbsp;&nbsp;&nbsp;&nbsp;&nbsp;&nbsp;&nbsp;&nbsp;&nbsp;&nbsp;&nbsp;&nbsp; 08:00 &#8211; 14:00<\/p>","protected":false},"excerpt":{"rendered":"<p>Malvina Zaja Email:&nbsp;&nbsp;&nbsp;&nbsp; malvina.zaja@erru.alEmail:&nbsp;&nbsp;&nbsp;&nbsp; public@erru.alTel:&nbsp;&nbsp;&nbsp;&nbsp;&nbsp;&nbsp;&nbsp;&nbsp;&nbsp;&nbsp; 04 22 58 046 Adresa:&nbsp;&nbsp;&nbsp; Rr: &#8220;Viktor Eftimiu&#8221;&nbsp;&nbsp;&nbsp;&nbsp;&nbsp;&nbsp;&nbsp;&nbsp;&nbsp;&nbsp;&nbsp;&nbsp;&nbsp;&nbsp;&nbsp;&nbsp;&nbsp; Nd. 1&nbsp;&nbsp;&nbsp;&nbsp;&nbsp;&nbsp;&nbsp;&nbsp;&nbsp;&nbsp;&nbsp;&nbsp;&nbsp;&nbsp;&nbsp;&nbsp;&nbsp; Nj\u00ebsia Administrative Nr.5, 1022&nbsp;&nbsp;&nbsp;&nbsp;&nbsp;&nbsp;&nbsp;&nbsp;&nbsp;&nbsp;&nbsp;&nbsp;&nbsp;&nbsp;&nbsp;&nbsp;&nbsp; TIRAN\u00cb Orari:&nbsp;&nbsp;&nbsp;&nbsp;&nbsp;&nbsp;&nbsp; E H\u00ebn\u00eb &#8211; E Enjte&nbsp;&nbsp; 08:00 &#8211; 16:30&nbsp;&nbsp;&nbsp;&nbsp;&nbsp;&nbsp;&nbsp;&nbsp;&nbsp;&nbsp;&nbsp;&nbsp;&nbsp;&nbsp;&nbsp;&nbsp;&nbsp; E Premte&nbsp;&nbsp;&nbsp;&nbsp;&nbsp;&nbsp;&nbsp;&nbsp;&nbsp;&nbsp;&nbsp;&nbsp;&nbsp;&nbsp;&nbsp; 08:00 &#8211; 14:00<\/p>","protected":false},"author":1,"featured_media":0,"parent":0,"menu_order":0,"comment_status":"closed","ping_status":"closed","template":"","meta":{"footnotes":""},"class_list":["post-2815","page","type-page","status-publish","hentry"],"_links":{"self":[{"href":"https:\/\/erru.al\/an\/wp-json\/wp\/v2\/pages\/2815","targetHints":{"allow":["GET"]}}],"collection":[{"href":"https:\/\/erru.al\/an\/wp-json\/wp\/v2\/pages"}],"about":[{"href":"https:\/\/erru.al\/an\/wp-json\/wp\/v2\/types\/page"}],"author":[{"embeddable":true,"href":"https:\/\/erru.al\/an\/wp-json\/wp\/v2\/users\/1"}],"replies":[{"embeddable":true,"href":"https:\/\/erru.al\/an\/wp-json\/wp\/v2\/comments?post=2815"}],"version-history":[{"count":1,"href":"https:\/\/erru.al\/an\/wp-json\/wp\/v2\/pages\/2815\/revisions"}],"predecessor-version":[{"id":2816,"href":"https:\/\/erru.al\/an\/wp-json\/wp\/v2\/pages\/2815\/revisions\/2816"}],"wp:attachment":[{"href":"https:\/\/erru.al\/an\/wp-json\/wp\/v2\/media?parent=2815"}],"curies":[{"name":"wp","href":"https:\/\/api.w.org\/{rel}","templated":true}]}}