{"id":2811,"date":"2022-03-24T06:36:11","date_gmt":"2022-03-24T06:36:11","guid":{"rendered":"https:\/\/erru.al\/?page_id=2811"},"modified":"2023-04-19T09:01:45","modified_gmt":"2023-04-19T09:01:45","slug":"regjistri-i-kerkesave-dhe-pergjigjeve","status":"publish","type":"page","link":"https:\/\/erru.al\/an\/regjistri-i-kerkesave-dhe-pergjigjeve\/","title":{"rendered":"Regjistri i kerkesave dhe pergjigjeve"},"content":{"rendered":"<div data-elementor-type=\"wp-page\" data-elementor-id=\"2811\" class=\"elementor elementor-2811\">\n\t\t\t\t\t\t<section class=\"elementor-section elementor-top-section elementor-element elementor-element-c20de7e elementor-section-boxed elementor-section-height-default elementor-section-height-default\" data-id=\"c20de7e\" data-element_type=\"section\">\n\t\t\t\t\t\t<div class=\"elementor-container elementor-column-gap-default\">\n\t\t\t\t\t<div class=\"elementor-column elementor-col-100 elementor-top-column elementor-element elementor-element-1bfe639 ot-flex-column-vertical\" data-id=\"1bfe639\" data-element_type=\"column\">\n\t\t\t<div class=\"elementor-widget-wrap elementor-element-populated\">\n\t\t\t\t\t\t<div class=\"elementor-element elementor-element-dff1ea7 elementor-widget elementor-widget-text-editor\" data-id=\"dff1ea7\" data-element_type=\"widget\" data-widget_type=\"text-editor.default\">\n\t\t\t\t<div class=\"elementor-widget-container\">\n\t\t\t\t\t\t\t\t\t<p><\/p>\n<ul>\n<li><a href=\"https:\/\/erru.al\/wp-content\/uploads\/2022\/03\/Format_Kerkese_per_info.pdf\" target=\"_blank\" rel=\"noreferrer noopener\">Format of information request<\/a><\/li>\n<li><a href=\"https:\/\/erru.al\/doc\/Vendim_21_2018_Vendim_per_miratimin_e_tarifave_te_dhenies_se_informacionit.pdf\" target=\"_blank\" rel=\"noreferrer noopener\">Decision on the fees for providing the requested information (documentation).<\/a><\/li>\n<li><a href=\"https:\/\/erru.al\/an\/kerkesa-dhe-pergjigje\/\">Register of Requests and Responses<\/a><\/li>\n<\/ul>\t\t\t\t\t\t\t\t<\/div>\n\t\t\t\t<\/div>\n\t\t\t\t\t<\/div>\n\t\t<\/div>\n\t\t\t\t\t<\/div>\n\t\t<\/section>\n\t\t\t\t<section class=\"elementor-section elementor-top-section elementor-element elementor-element-6555303 elementor-section-boxed elementor-section-height-default elementor-section-height-default\" data-id=\"6555303\" data-element_type=\"section\">\n\t\t\t\t\t\t<div class=\"elementor-container elementor-column-gap-default\">\n\t\t\t\t\t<div class=\"elementor-column elementor-col-100 elementor-top-column elementor-element elementor-element-fe05412 ot-flex-column-vertical\" data-id=\"fe05412\" data-element_type=\"column\">\n\t\t\t<div class=\"elementor-widget-wrap elementor-element-populated\">\n\t\t\t\t\t\t<div class=\"elementor-element elementor-element-7fa74b5 elementor-widget elementor-widget-spacer\" data-id=\"7fa74b5\" data-element_type=\"widget\" data-widget_type=\"spacer.default\">\n\t\t\t\t<div class=\"elementor-widget-container\">\n\t\t\t\t\t\t\t<div class=\"elementor-spacer\">\n\t\t\t<div class=\"elementor-spacer-inner\"><\/div>\n\t\t<\/div>\n\t\t\t\t\t\t<\/div>\n\t\t\t\t<\/div>\n\t\t\t\t\t<\/div>\n\t\t<\/div>\n\t\t\t\t\t<\/div>\n\t\t<\/section>\n\t\t\t\t<\/div>","protected":false},"excerpt":{"rendered":"<p>Formati i k\u00ebrkes\u00ebs p\u00ebr informacion Vendim p\u00ebr tarifat e dh\u00ebnies s\u00eb informacionit (dokumentacionit) t\u00eb k\u00ebrkuar Regjistri i K\u00ebrkesave dhe P\u00ebrgjigjeve<\/p>","protected":false},"author":1,"featured_media":0,"parent":0,"menu_order":0,"comment_status":"closed","ping_status":"closed","template":"","meta":{"footnotes":""},"class_list":["post-2811","page","type-page","status-publish","hentry"],"_links":{"self":[{"href":"https:\/\/erru.al\/an\/wp-json\/wp\/v2\/pages\/2811","targetHints":{"allow":["GET"]}}],"collection":[{"href":"https:\/\/erru.al\/an\/wp-json\/wp\/v2\/pages"}],"about":[{"href":"https:\/\/erru.al\/an\/wp-json\/wp\/v2\/types\/page"}],"author":[{"embeddable":true,"href":"https:\/\/erru.al\/an\/wp-json\/wp\/v2\/users\/1"}],"replies":[{"embeddable":true,"href":"https:\/\/erru.al\/an\/wp-json\/wp\/v2\/comments?post=2811"}],"version-history":[{"count":21,"href":"https:\/\/erru.al\/an\/wp-json\/wp\/v2\/pages\/2811\/revisions"}],"predecessor-version":[{"id":4885,"href":"https:\/\/erru.al\/an\/wp-json\/wp\/v2\/pages\/2811\/revisions\/4885"}],"wp:attachment":[{"href":"https:\/\/erru.al\/an\/wp-json\/wp\/v2\/media?parent=2811"}],"curies":[{"name":"wp","href":"https:\/\/api.w.org\/{rel}","templated":true}]}}