{"id":2809,"date":"2022-05-08T06:00:37","date_gmt":"2022-05-08T06:00:37","guid":{"rendered":"https:\/\/erru.al\/?page_id=2809"},"modified":"2025-01-16T21:09:43","modified_gmt":"2025-01-16T21:09:43","slug":"programi-i-transparences","status":"publish","type":"page","link":"https:\/\/erru.al\/an\/programi-i-transparences\/","title":{"rendered":"Programi i Transparences"},"content":{"rendered":"<div data-elementor-type=\"wp-page\" data-elementor-id=\"2809\" class=\"elementor elementor-2809\">\n\t\t\t\t\t\t<section class=\"elementor-section elementor-top-section elementor-element elementor-element-413c028 elementor-section-boxed elementor-section-height-default elementor-section-height-default\" data-id=\"413c028\" data-element_type=\"section\">\n\t\t\t\t\t\t<div class=\"elementor-container elementor-column-gap-default\">\n\t\t\t\t\t<div class=\"elementor-column elementor-col-33 elementor-top-column elementor-element elementor-element-5b08fcd ot-column-items-center ot-flex-column-vertical\" data-id=\"5b08fcd\" data-element_type=\"column\">\n\t\t\t<div class=\"elementor-widget-wrap\">\n\t\t\t\t\t\t\t<\/div>\n\t\t<\/div>\n\t\t\t\t<div class=\"elementor-column elementor-col-33 elementor-top-column elementor-element elementor-element-35146d3 ot-column-items-center ot-flex-column-vertical\" data-id=\"35146d3\" data-element_type=\"column\">\n\t\t\t<div class=\"elementor-widget-wrap elementor-element-populated\">\n\t\t\t\t\t\t<div class=\"elementor-element elementor-element-45bd666 elementor-align-center elementor-widget__width-initial elementor-widget elementor-widget-ibutton\" data-id=\"45bd666\" data-element_type=\"widget\" data-widget_type=\"ibutton.default\">\n\t\t\t\t<div class=\"elementor-widget-container\">\n\t\t\t\t\t\t\t<div class=\"ot-button\">\r\n\t\t\t<a href=\"https:\/\/erru.al\/an\/programi-i-transparences-hyrje\/\" class=\"octf-btn octf-btn-main\">Transparency Program<\/a>\r\n\t    <\/div>\r\n\t    \t\t\t\t<\/div>\n\t\t\t\t<\/div>\n\t\t\t\t\t<\/div>\n\t\t<\/div>\n\t\t\t\t<div class=\"elementor-column elementor-col-33 elementor-top-column elementor-element elementor-element-9616b83 ot-column-items-center ot-flex-column-vertical\" data-id=\"9616b83\" data-element_type=\"column\">\n\t\t\t<div class=\"elementor-widget-wrap\">\n\t\t\t\t\t\t\t<\/div>\n\t\t<\/div>\n\t\t\t\t\t<\/div>\n\t\t<\/section>\n\t\t\t\t<section class=\"elementor-section elementor-top-section elementor-element elementor-element-c8cc0ae elementor-section-boxed elementor-section-height-default elementor-section-height-default\" data-id=\"c8cc0ae\" data-element_type=\"section\">\n\t\t\t\t\t\t<div class=\"elementor-container elementor-column-gap-default\">\n\t\t\t\t\t<div class=\"elementor-column elementor-col-33 elementor-top-column elementor-element elementor-element-7e71a29 ot-column-items-center ot-flex-column-vertical\" data-id=\"7e71a29\" data-element_type=\"column\">\n\t\t\t<div class=\"elementor-widget-wrap elementor-element-populated\">\n\t\t\t\t\t\t<div class=\"elementor-element elementor-element-504e4e0 elementor-align-center elementor-widget__width-initial elementor-widget elementor-widget-ibutton\" data-id=\"504e4e0\" data-element_type=\"widget\" data-widget_type=\"ibutton.default\">\n\t\t\t\t<div class=\"elementor-widget-container\">\n\t\t\t\t\t\t\t<div class=\"ot-button\">\r\n\t\t\t<a href=\"https:\/\/erru.al\/an\/rreth-autoritetit\/\" class=\"octf-btn octf-btn-main\">\u00a0 \u00a0 \u00a0 \u00a0 \u00a0 \u00a0 \u00a0 \u00a0 \u00a0 \u00a0About authority\u00a0 \u00a0 \u00a0 \u00a0 \u00a0 \u00a0 \u00a0 \u00a0 \u00a0 \u00a0                                                       \n\n<\/a>\r\n\t    <\/div>\r\n\t    \t\t\t\t<\/div>\n\t\t\t\t<\/div>\n\t\t\t\t<div class=\"elementor-element elementor-element-f829155 elementor-align-center elementor-widget__width-initial elementor-widget elementor-widget-ibutton\" data-id=\"f829155\" data-element_type=\"widget\" data-widget_type=\"ibutton.default\">\n\t\t\t\t<div class=\"elementor-widget-container\">\n\t\t\t\t\t\t\t<div class=\"ot-button\">\r\n\t\t\t<a href=\"https:\/\/erru.al\/an\/mekanizmat-monitorues\/\" class=\"octf-btn octf-btn-main\">Mekanizmat monitorues dhe \n<br>kontrollues q\u00eb veprojn\u00eb mbi ERRU<\/a>\r\n\t    <\/div>\r\n\t    \t\t\t\t<\/div>\n\t\t\t\t<\/div>\n\t\t\t\t<div class=\"elementor-element elementor-element-e6dcf24 elementor-align-center elementor-widget__width-initial elementor-widget elementor-widget-ibutton\" data-id=\"e6dcf24\" data-element_type=\"widget\" data-widget_type=\"ibutton.default\">\n\t\t\t\t<div class=\"elementor-widget-container\">\n\t\t\t\t\t\t\t<div class=\"ot-button\">\r\n\t\t\t<a href=\"https:\/\/erru.al\/an\/sherbimet-nga-erru\/\" class=\"octf-btn octf-btn-main\">\u00a0 \u00a0 Services provided by ERRU\u00a0 \u00a0 \u00a0\n<\/a>\r\n\t    <\/div>\r\n\t    \t\t\t\t<\/div>\n\t\t\t\t<\/div>\n\t\t\t\t<div class=\"elementor-element elementor-element-1d16771 elementor-align-center elementor-widget elementor-widget-ibutton\" data-id=\"1d16771\" data-element_type=\"widget\" data-widget_type=\"ibutton.default\">\n\t\t\t\t<div class=\"elementor-widget-container\">\n\t\t\t\t\t\t\t<div class=\"ot-button\">\r\n\t\t\t<a href=\"https:\/\/erru.al\/an\/kerkesa-dhe-pergjigje\/\" class=\"octf-btn octf-btn-main\">Log of requests and responses<\/a>\r\n\t    <\/div>\r\n\t    \t\t\t\t<\/div>\n\t\t\t\t<\/div>\n\t\t\t\t\t<\/div>\n\t\t<\/div>\n\t\t\t\t<div class=\"elementor-column elementor-col-33 elementor-top-column elementor-element elementor-element-62f7fab ot-column-items-center ot-flex-column-vertical\" data-id=\"62f7fab\" data-element_type=\"column\">\n\t\t\t<div class=\"elementor-widget-wrap elementor-element-populated\">\n\t\t\t\t\t\t<div class=\"elementor-element elementor-element-65a8d59 elementor-align-left elementor-widget__width-initial elementor-widget elementor-widget-ibutton\" data-id=\"65a8d59\" data-element_type=\"widget\" data-widget_type=\"ibutton.default\">\n\t\t\t\t<div class=\"elementor-widget-container\">\n\t\t\t\t\t\t\t<div class=\"ot-button\">\r\n\t\t\t<a href=\"https:\/\/erru.al\/an\/kuadri-ligjor\/\" class=\"octf-btn octf-btn-main\">\u00a0 \u00a0 Legal regulatory framework\u00a0\u00a0\u00a0\u00a0\u00a0<\/a>\r\n\t    <\/div>\r\n\t    \t\t\t\t<\/div>\n\t\t\t\t<\/div>\n\t\t\t\t<div class=\"elementor-element elementor-element-bf80c56 elementor-align-left elementor-widget__width-initial elementor-widget elementor-widget-ibutton\" data-id=\"bf80c56\" data-element_type=\"widget\" data-widget_type=\"ibutton.default\">\n\t\t\t\t<div class=\"elementor-widget-container\">\n\t\t\t\t\t\t\t<div class=\"ot-button\">\r\n\t\t\t<a href=\"https:\/\/erru.al\/an\/informacion-mbi-buxhetin\/\" class=\"octf-btn octf-btn-main\">Informacion mbi buxhetin dhe \n<br>dh\u00ebnat financiare t\u00eb ERRU\n<\/a>\r\n\t    <\/div>\r\n\t    \t\t\t\t<\/div>\n\t\t\t\t<\/div>\n\t\t\t\t<div class=\"elementor-element elementor-element-7a7ef02 elementor-align-center elementor-widget__width-initial elementor-widget elementor-widget-ibutton\" data-id=\"7a7ef02\" data-element_type=\"widget\" data-widget_type=\"ibutton.default\">\n\t\t\t\t<div class=\"elementor-widget-container\">\n\t\t\t\t\t\t\t<div class=\"ot-button\">\r\n\t\t\t<a href=\"https:\/\/erru.al\/an\/sistemi-i-mbrojtjes-se-infomacionit\/\" class=\"octf-btn octf-btn-main\">Procedura\/mekanizmat p\u00ebr t\u00eb dh\u00ebn\u00eb <br>mendime lidhur me procesin e hetimit t\u00eb <br>akteve ligjore,politikave publike,apo n\u00eb <br> lidhje me aktivitetin e funksioneve t\u00eb ERRU\n<\/a>\r\n\t    <\/div>\r\n\t    \t\t\t\t<\/div>\n\t\t\t\t<\/div>\n\t\t\t\t<div class=\"elementor-element elementor-element-68ca4e4 elementor-align-left elementor-widget elementor-widget-ibutton\" data-id=\"68ca4e4\" data-element_type=\"widget\" data-widget_type=\"ibutton.default\">\n\t\t\t\t<div class=\"elementor-widget-container\">\n\t\t\t\t\t\t\t<div class=\"ot-button\">\r\n\t\t\t<a href=\"https:\/\/erru.al\/an\/ndihma-dhe-subvencione\/\" class=\"octf-btn octf-btn-main\">Ndihma shoq\u00ebrore\/subvencione \n<br>t\u00eb dh\u00ebna nga ERRU<\/a>\r\n\t    <\/div>\r\n\t    \t\t\t\t<\/div>\n\t\t\t\t<\/div>\n\t\t\t\t\t<\/div>\n\t\t<\/div>\n\t\t\t\t<div class=\"elementor-column elementor-col-33 elementor-top-column elementor-element elementor-element-7ec2517 ot-column-items-center ot-flex-column-vertical\" data-id=\"7ec2517\" data-element_type=\"column\">\n\t\t\t<div class=\"elementor-widget-wrap elementor-element-populated\">\n\t\t\t\t\t\t<div class=\"elementor-element elementor-element-f8596c4 elementor-align-center elementor-widget__width-initial elementor-widget elementor-widget-ibutton\" data-id=\"f8596c4\" data-element_type=\"widget\" data-widget_type=\"ibutton.default\">\n\t\t\t\t<div class=\"elementor-widget-container\">\n\t\t\t\t\t\t\t<div class=\"ot-button\">\r\n\t\t\t<a href=\"https:\/\/erru.al\/an\/e-drejta-per-tu-informuar\/\" class=\"octf-btn octf-btn-main\">E drejta p\u00ebr tu informuar \n<br>dhe p\u00ebr ankuar\n<\/a>\r\n\t    <\/div>\r\n\t    \t\t\t\t<\/div>\n\t\t\t\t<\/div>\n\t\t\t\t<div class=\"elementor-element elementor-element-87e4787 elementor-align-center elementor-widget elementor-widget-ibutton\" data-id=\"87e4787\" data-element_type=\"widget\" data-widget_type=\"ibutton.default\">\n\t\t\t\t<div class=\"elementor-widget-container\">\n\t\t\t\t\t\t\t<div class=\"ot-button\">\r\n\t\t\t<a href=\"https:\/\/erru.al\/an\/informacion-mbi-procedurat\/\" class=\"octf-btn octf-btn-main\">Informacion mbi procedurat \n<br>e prokurimit, procedurat \n<br>konkurruese, koncesionet,PPP\n<\/a>\r\n\t    <\/div>\r\n\t    \t\t\t\t<\/div>\n\t\t\t\t<\/div>\n\t\t\t\t<div class=\"elementor-element elementor-element-feb239c elementor-align-center elementor-widget__width-initial elementor-widget elementor-widget-ibutton\" data-id=\"feb239c\" data-element_type=\"widget\" data-widget_type=\"ibutton.default\">\n\t\t\t\t<div class=\"elementor-widget-container\">\n\t\t\t\t\t\t\t<div class=\"ot-button\">\r\n\t\t\t<a href=\"https:\/\/erru.al\/an\/sistemi-i-mbrojtjes-se-infomacionit\/\" class=\"octf-btn octf-btn-main\">Sistemi i mbajtjes s\u00eb dokumentacionit, \n<br>llojet dhe format e dokumentave\n<\/a>\r\n\t    <\/div>\r\n\t    \t\t\t\t<\/div>\n\t\t\t\t<\/div>\n\t\t\t\t<div class=\"elementor-element elementor-element-0f7ac0e elementor-align-center elementor-widget__width-initial elementor-widget elementor-widget-ibutton\" data-id=\"0f7ac0e\" data-element_type=\"widget\" data-widget_type=\"ibutton.default\">\n\t\t\t\t<div class=\"elementor-widget-container\">\n\t\t\t\t\t\t\t<div class=\"ot-button\">\r\n\t\t\t<a href=\"https:\/\/erru.al\/an\/informacione-dhe-dokumenta\/\" class=\"octf-btn octf-btn-main\">Informacione\/dokumente q\u00eb k\u00ebrkohen m\u00eb <br>shpesh dhe ato q\u00eb gjykohen t\u00eb <br>dobishme p\u00ebr publikun <\/a>\r\n\t    <\/div>\r\n\t    \t\t\t\t<\/div>\n\t\t\t\t<\/div>\n\t\t\t\t\t<\/div>\n\t\t<\/div>\n\t\t\t\t\t<\/div>\n\t\t<\/section>\n\t\t\t\t<section class=\"elementor-section elementor-top-section elementor-element elementor-element-759f447 elementor-section-boxed elementor-section-height-default elementor-section-height-default\" data-id=\"759f447\" data-element_type=\"section\">\n\t\t\t\t\t\t<div class=\"elementor-container elementor-column-gap-default\">\n\t\t\t\t\t<div class=\"elementor-column elementor-col-100 elementor-top-column elementor-element elementor-element-926ba4d ot-flex-column-vertical\" data-id=\"926ba4d\" data-element_type=\"column\">\n\t\t\t<div class=\"elementor-widget-wrap elementor-element-populated\">\n\t\t\t\t\t\t<div class=\"elementor-element elementor-element-9e6e7d6 elementor-widget elementor-widget-spacer\" data-id=\"9e6e7d6\" data-element_type=\"widget\" data-widget_type=\"spacer.default\">\n\t\t\t\t<div class=\"elementor-widget-container\">\n\t\t\t\t\t\t\t<div class=\"elementor-spacer\">\n\t\t\t<div class=\"elementor-spacer-inner\"><\/div>\n\t\t<\/div>\n\t\t\t\t\t\t<\/div>\n\t\t\t\t<\/div>\n\t\t\t\t\t<\/div>\n\t\t<\/div>\n\t\t\t\t\t<\/div>\n\t\t<\/section>\n\t\t\t\t<section class=\"elementor-section elementor-top-section elementor-element elementor-element-6055c61 elementor-section-boxed elementor-section-height-default elementor-section-height-default\" data-id=\"6055c61\" data-element_type=\"section\">\n\t\t\t\t\t\t<div class=\"elementor-container elementor-column-gap-default\">\n\t\t\t\t\t<div class=\"elementor-column elementor-col-100 elementor-top-column elementor-element elementor-element-2cfd88e ot-flex-column-vertical\" data-id=\"2cfd88e\" data-element_type=\"column\">\n\t\t\t<div class=\"elementor-widget-wrap elementor-element-populated\">\n\t\t\t\t\t\t<div class=\"elementor-element elementor-element-009f844 elementor-widget elementor-widget-spacer\" data-id=\"009f844\" data-element_type=\"widget\" data-widget_type=\"spacer.default\">\n\t\t\t\t<div class=\"elementor-widget-container\">\n\t\t\t\t\t\t\t<div class=\"elementor-spacer\">\n\t\t\t<div class=\"elementor-spacer-inner\"><\/div>\n\t\t<\/div>\n\t\t\t\t\t\t<\/div>\n\t\t\t\t<\/div>\n\t\t\t\t\t<\/div>\n\t\t<\/div>\n\t\t\t\t\t<\/div>\n\t\t<\/section>\n\t\t\t\t<\/div>","protected":false},"excerpt":{"rendered":"<p>Programi i Transparenc\u00ebs \u00a0 \u00a0 \u00a0 \u00a0 \u00a0 \u00a0 \u00a0 \u00a0 \u00a0 \u00a0Rreth autoritetit\u00a0 \u00a0 \u00a0 \u00a0 \u00a0 \u00a0 \u00a0 \u00a0 \u00a0 \u00a0 Mekanizmat monitorues dhe kontrollues q\u00eb veprojn\u00eb mbi ERRU \u00a0 \u00a0 Sh\u00ebrbimet q\u00eb ofrohen nga ERRU\u00a0 \u00a0 \u00a0 Regjistri i k\u00ebrkesave dhe p\u00ebrgjigjeve \u00a0 \u00a0 Kuadri ligjor rregullator\u00a0\u00a0\u00a0\u00a0\u00a0 Informacion mbi buxhetin dhe dh\u00ebnat [&hellip;]<\/p>\n","protected":false},"author":1,"featured_media":0,"parent":0,"menu_order":0,"comment_status":"closed","ping_status":"closed","template":"","meta":{"footnotes":""},"class_list":["post-2809","page","type-page","status-publish","hentry"],"_links":{"self":[{"href":"https:\/\/erru.al\/an\/wp-json\/wp\/v2\/pages\/2809","targetHints":{"allow":["GET"]}}],"collection":[{"href":"https:\/\/erru.al\/an\/wp-json\/wp\/v2\/pages"}],"about":[{"href":"https:\/\/erru.al\/an\/wp-json\/wp\/v2\/types\/page"}],"author":[{"embeddable":true,"href":"https:\/\/erru.al\/an\/wp-json\/wp\/v2\/users\/1"}],"replies":[{"embeddable":true,"href":"https:\/\/erru.al\/an\/wp-json\/wp\/v2\/comments?post=2809"}],"version-history":[{"count":112,"href":"https:\/\/erru.al\/an\/wp-json\/wp\/v2\/pages\/2809\/revisions"}],"predecessor-version":[{"id":6754,"href":"https:\/\/erru.al\/an\/wp-json\/wp\/v2\/pages\/2809\/revisions\/6754"}],"wp:attachment":[{"href":"https:\/\/erru.al\/an\/wp-json\/wp\/v2\/media?parent=2809"}],"curies":[{"name":"wp","href":"https:\/\/api.w.org\/{rel}","templated":true}]}}