{"id":2806,"date":"2022-03-24T06:30:48","date_gmt":"2022-03-24T06:30:48","guid":{"rendered":"https:\/\/erru.al\/?page_id=2806"},"modified":"2025-11-04T08:41:04","modified_gmt":"2025-11-04T08:41:04","slug":"ankesat","status":"publish","type":"page","link":"https:\/\/erru.al\/an\/ankesat\/","title":{"rendered":"Complaints"},"content":{"rendered":"<div data-elementor-type=\"wp-page\" data-elementor-id=\"2806\" class=\"elementor elementor-2806\">\n\t\t\t\t\t\t<section class=\"elementor-section elementor-top-section elementor-element elementor-element-f4e7a21 elementor-section-boxed elementor-section-height-default elementor-section-height-default\" data-id=\"f4e7a21\" data-element_type=\"section\">\n\t\t\t\t\t\t<div class=\"elementor-container elementor-column-gap-default\">\n\t\t\t\t\t<div class=\"elementor-column elementor-col-100 elementor-top-column elementor-element elementor-element-38d6244 ot-flex-column-vertical\" data-id=\"38d6244\" data-element_type=\"column\">\n\t\t\t<div class=\"elementor-widget-wrap\">\n\t\t\t\t\t\t\t<\/div>\n\t\t<\/div>\n\t\t\t\t\t<\/div>\n\t\t<\/section>\n\t\t\t\t<section class=\"elementor-section elementor-top-section elementor-element elementor-element-4ad9d95 elementor-section-boxed elementor-section-height-default elementor-section-height-default\" data-id=\"4ad9d95\" data-element_type=\"section\">\n\t\t\t\t\t\t<div class=\"elementor-container elementor-column-gap-default\">\n\t\t\t\t\t<div class=\"elementor-column elementor-col-100 elementor-top-column elementor-element elementor-element-5bd52f0 ot-flex-column-vertical\" data-id=\"5bd52f0\" data-element_type=\"column\">\n\t\t\t<div class=\"elementor-widget-wrap elementor-element-populated\">\n\t\t\t\t\t\t<div class=\"elementor-element elementor-element-ff8ae1f elementor-widget elementor-widget-text-editor\" data-id=\"ff8ae1f\" data-element_type=\"widget\" data-widget_type=\"text-editor.default\">\n\t\t\t\t<div class=\"elementor-widget-container\">\n\t\t\t\t\t\t\t\t\t<p>Any interested person can submit a written complaint to ERRU if he\/she is of the opinion that his\/her operator does not fulfill legal and\/or contractual obligations. As a first instance, any complaint must be submitted to the operator so that it can be followed through the operator's procedures for resolving complaints. In case the customer remains unsatisfied and the problem continues, a written complaint can be submitted to ERRU. ERRU will analyze the matter, informing the licensed operator of the alleged breach of contract or contravention of the law and requesting a written statement.<\/p>\n<p><a href=\"https:\/\/erru.al\/wp-content\/uploads\/2022\/03\/Rregullorja_per_Proceduren_e_Ankimimit_2019.pdf\" target=\"_blank\" rel=\"noreferrer noopener\">Regulation on the appeal procedure to the national regulatory commission of the water supply and waste water treatment sector, for a licensee, dated 19.04.2019<\/a><br \/><strong><br \/><\/strong><br \/>JU MUND TE DEPOZITONI ANKES\u00cbN TUAJ P\u00cbRMES P\u00cbRMES<span style=\"font-weight: var( --e-global-typography-text-font-weight );\">:<\/span><\/p>\n<p><strong>1. <\/strong><b>Adres\u00ebs postare<\/b><\/p>\n<p><!-- \/wp:paragraph --><\/p>\n<p><!-- wp:paragraph --><\/p>\n<p>Rr: &#8220;Viktor Eftimiu&#8221;,<br \/>Building 1, Floor IV<br \/>Administrative Unit No. 5, 1022,<br \/>Tiran\u00eb, Shqip\u00ebri<br \/>+355 42 258 046<br \/><br \/><\/p>\n<p><strong>2. Dor\u00ebzimit fizik pran\u00eb ambienteve t\u00eb ERRU<\/strong><\/p>\n<p><!-- \/wp:paragraph --><\/p>\n<p><!-- wp:table --><\/p>\n<figure>\n<table>\n<tbody>\n<tr>\n<td>Hours:<\/td>\n<td>Monday \u2013 Thursday<\/td>\n<td>08:00 &#8211; 16:30<\/td>\n<\/tr>\n<tr>\n<td>\u00a0<\/td>\n<td>Friday<\/td>\n<td>08:00 &#8211; 14:00<\/td>\n<\/tr>\n<\/tbody>\n<\/table>\n<\/figure>\n<p><!-- \/wp:table --><\/p>\t\t\t\t\t\t\t\t<\/div>\n\t\t\t\t<\/div>\n\t\t\t\t\t<\/div>\n\t\t<\/div>\n\t\t\t\t\t<\/div>\n\t\t<\/section>\n\t\t\t\t<section class=\"elementor-section elementor-top-section elementor-element elementor-element-556faeb elementor-section-boxed elementor-section-height-default elementor-section-height-default\" data-id=\"556faeb\" data-element_type=\"section\">\n\t\t\t\t\t\t<div class=\"elementor-container elementor-column-gap-default\">\n\t\t\t\t\t<div class=\"elementor-column elementor-col-100 elementor-top-column elementor-element elementor-element-164bfa2 ot-flex-column-vertical\" data-id=\"164bfa2\" data-element_type=\"column\">\n\t\t\t<div class=\"elementor-widget-wrap elementor-element-populated\">\n\t\t\t\t\t\t<div class=\"elementor-element elementor-element-b8e8832 elementor-widget elementor-widget-text-editor\" data-id=\"b8e8832\" data-element_type=\"widget\" data-widget_type=\"text-editor.default\">\n\t\t\t\t<div class=\"elementor-widget-container\">\n\t\t\t\t\t\t\t\t\t<p><strong>3. N\u00eb<\/strong> <strong>rrug\u00eb elektronike duke plot\u00ebsuar formularin e m\u00ebposht\u00ebm<\/strong><\/p>\n<p><a href=\"https:\/\/erru.al\/an\/formular-ankese\/\"><strong>FORMULARI I ANKESES\u00a0<\/strong><\/a><\/p>\t\t\t\t\t\t\t\t<\/div>\n\t\t\t\t<\/div>\n\t\t\t\t\t<\/div>\n\t\t<\/div>\n\t\t\t\t\t<\/div>\n\t\t<\/section>\n\t\t\t\t<section class=\"elementor-section elementor-top-section elementor-element elementor-element-eef1f4b elementor-section-boxed elementor-section-height-default elementor-section-height-default\" data-id=\"eef1f4b\" data-element_type=\"section\">\n\t\t\t\t\t\t<div class=\"elementor-container elementor-column-gap-default\">\n\t\t\t\t\t<div class=\"elementor-column elementor-col-100 elementor-top-column elementor-element elementor-element-a663b6f ot-flex-column-vertical\" data-id=\"a663b6f\" data-element_type=\"column\">\n\t\t\t<div class=\"elementor-widget-wrap elementor-element-populated\">\n\t\t\t\t\t\t<div class=\"elementor-element elementor-element-fb3e81f elementor-widget elementor-widget-spacer\" data-id=\"fb3e81f\" data-element_type=\"widget\" data-widget_type=\"spacer.default\">\n\t\t\t\t<div class=\"elementor-widget-container\">\n\t\t\t\t\t\t\t<div class=\"elementor-spacer\">\n\t\t\t<div class=\"elementor-spacer-inner\"><\/div>\n\t\t<\/div>\n\t\t\t\t\t\t<\/div>\n\t\t\t\t<\/div>\n\t\t\t\t\t<\/div>\n\t\t<\/div>\n\t\t\t\t\t<\/div>\n\t\t<\/section>\n\t\t\t\t<\/div>","protected":false},"excerpt":{"rendered":"<p>\u00c7do person i interesuar mund t\u00eb paraqes\u00eb nj\u00eb ankes\u00eb me shkrim n\u00eb ERRU nqs ai\/ajo \u00ebsht\u00eb i mendimit q\u00eb operatori i tij\/saj nuk p\u00ebrmbush detyrimet ligjore ose\/dhe kontraktuale. Si instanc\u00eb e par\u00eb \u00e7do ankes\u00eb duhet t\u00eb paraqitet tek operatori q\u00eb t\u00eb mund t\u00eb ndiqet p\u00ebrmes pro\u00e7edurave t\u00eb operatorit p\u00ebr zgjidhjen e ankesave. N\u00eb rast se [&hellip;]<\/p>\n","protected":false},"author":1,"featured_media":0,"parent":0,"menu_order":0,"comment_status":"closed","ping_status":"closed","template":"","meta":{"footnotes":""},"class_list":["post-2806","page","type-page","status-publish","hentry"],"_links":{"self":[{"href":"https:\/\/erru.al\/an\/wp-json\/wp\/v2\/pages\/2806","targetHints":{"allow":["GET"]}}],"collection":[{"href":"https:\/\/erru.al\/an\/wp-json\/wp\/v2\/pages"}],"about":[{"href":"https:\/\/erru.al\/an\/wp-json\/wp\/v2\/types\/page"}],"author":[{"embeddable":true,"href":"https:\/\/erru.al\/an\/wp-json\/wp\/v2\/users\/1"}],"replies":[{"embeddable":true,"href":"https:\/\/erru.al\/an\/wp-json\/wp\/v2\/comments?post=2806"}],"version-history":[{"count":32,"href":"https:\/\/erru.al\/an\/wp-json\/wp\/v2\/pages\/2806\/revisions"}],"predecessor-version":[{"id":7509,"href":"https:\/\/erru.al\/an\/wp-json\/wp\/v2\/pages\/2806\/revisions\/7509"}],"wp:attachment":[{"href":"https:\/\/erru.al\/an\/wp-json\/wp\/v2\/media?parent=2806"}],"curies":[{"name":"wp","href":"https:\/\/api.w.org\/{rel}","templated":true}]}}