{"id":2804,"date":"2022-03-24T06:28:47","date_gmt":"2022-03-24T06:28:47","guid":{"rendered":"https:\/\/erru.al\/?page_id=2804"},"modified":"2022-04-07T08:21:46","modified_gmt":"2022-04-07T08:21:46","slug":"kontrata-e-sherbimeve","status":"publish","type":"page","link":"https:\/\/erru.al\/an\/kontrata-e-sherbimeve\/","title":{"rendered":"Services Contract"},"content":{"rendered":"<div data-elementor-type=\"wp-page\" data-elementor-id=\"2804\" class=\"elementor elementor-2804\">\n\t\t\t\t\t\t<section class=\"elementor-section elementor-top-section elementor-element elementor-element-d032bf1 elementor-section-boxed elementor-section-height-default elementor-section-height-default\" data-id=\"d032bf1\" data-element_type=\"section\">\n\t\t\t\t\t\t<div class=\"elementor-container elementor-column-gap-default\">\n\t\t\t\t\t<div class=\"elementor-column elementor-col-100 elementor-top-column elementor-element elementor-element-ed91a85 ot-flex-column-vertical\" data-id=\"ed91a85\" data-element_type=\"column\">\n\t\t\t<div class=\"elementor-widget-wrap elementor-element-populated\">\n\t\t\t\t\t\t<div class=\"elementor-element elementor-element-0d78d48 elementor-widget elementor-widget-text-editor\" data-id=\"0d78d48\" data-element_type=\"widget\" data-widget_type=\"text-editor.default\">\n\t\t\t\t<div class=\"elementor-widget-container\">\n\t\t\t\t\t\t\t\t\t<p>The Model Contract for Water Supply and Sewerage Services has been approved by the National Regulatory Commission with decision no. 8, dated 04.02.2011 and regulates the relationship between customers (family, private and public) and the operator that provides water supply and wastewater treatment removal services. The contract defines rights and obligations for both parties and is applicable to all customers in the water supply and sewerage sector.<\/p>\n<p>In 2015, there was a need to revise this document and with decision No. 25, dated 07.08.2015 KKRR approved some additions and changes to the Model Contract for water and sewerage services.<\/p>\n<p>To download the Model Contract click\u00a0<a href=\"https:\/\/erru.al\/doc\/Consumers_Contract.pdf\" target=\"_blank\" rel=\"noreferrer noopener\">here<\/a>.<\/p>\t\t\t\t\t\t\t\t<\/div>\n\t\t\t\t<\/div>\n\t\t\t\t\t<\/div>\n\t\t<\/div>\n\t\t\t\t\t<\/div>\n\t\t<\/section>\n\t\t\t\t<section class=\"elementor-section elementor-top-section elementor-element elementor-element-c88d074 elementor-section-boxed elementor-section-height-default elementor-section-height-default\" data-id=\"c88d074\" data-element_type=\"section\">\n\t\t\t\t\t\t<div class=\"elementor-container elementor-column-gap-default\">\n\t\t\t\t\t<div class=\"elementor-column elementor-col-100 elementor-top-column elementor-element elementor-element-4abb3a1 ot-flex-column-vertical\" data-id=\"4abb3a1\" data-element_type=\"column\">\n\t\t\t<div class=\"elementor-widget-wrap elementor-element-populated\">\n\t\t\t\t\t\t<div class=\"elementor-element elementor-element-b7caf74 elementor-widget elementor-widget-spacer\" data-id=\"b7caf74\" data-element_type=\"widget\" data-widget_type=\"spacer.default\">\n\t\t\t\t<div class=\"elementor-widget-container\">\n\t\t\t\t\t\t\t<div class=\"elementor-spacer\">\n\t\t\t<div class=\"elementor-spacer-inner\"><\/div>\n\t\t<\/div>\n\t\t\t\t\t\t<\/div>\n\t\t\t\t<\/div>\n\t\t\t\t\t<\/div>\n\t\t<\/div>\n\t\t\t\t\t<\/div>\n\t\t<\/section>\n\t\t\t\t<\/div>","protected":false},"excerpt":{"rendered":"<p>Kontrata Model e Sh\u00ebrbimeve Uj\u00ebsjell\u00ebs Kanalizime \u00ebsht\u00eb miratuar nga Komisioni Komb\u00ebtar Rregullator me vendimin nr. 8, dat\u00eb 04.02.2011 dhe rregullon marr\u00ebdh\u00ebnien mes klient\u00ebve (familjare, private e publike) dhe operatorit q\u00eb i ofron sh\u00ebrbimet e furnizimit me uj\u00eb dhe largimit e trajtimit t\u00eb uj\u00ebrave t\u00eb ndotur. Kontrata p\u00ebrcakton t\u00eb drejta dhe detyrime p\u00ebr t\u00eb dyja pal\u00ebt [&hellip;]<\/p>\n","protected":false},"author":1,"featured_media":0,"parent":0,"menu_order":0,"comment_status":"closed","ping_status":"closed","template":"","meta":{"footnotes":""},"class_list":["post-2804","page","type-page","status-publish","hentry"],"_links":{"self":[{"href":"https:\/\/erru.al\/an\/wp-json\/wp\/v2\/pages\/2804","targetHints":{"allow":["GET"]}}],"collection":[{"href":"https:\/\/erru.al\/an\/wp-json\/wp\/v2\/pages"}],"about":[{"href":"https:\/\/erru.al\/an\/wp-json\/wp\/v2\/types\/page"}],"author":[{"embeddable":true,"href":"https:\/\/erru.al\/an\/wp-json\/wp\/v2\/users\/1"}],"replies":[{"embeddable":true,"href":"https:\/\/erru.al\/an\/wp-json\/wp\/v2\/comments?post=2804"}],"version-history":[{"count":4,"href":"https:\/\/erru.al\/an\/wp-json\/wp\/v2\/pages\/2804\/revisions"}],"predecessor-version":[{"id":2943,"href":"https:\/\/erru.al\/an\/wp-json\/wp\/v2\/pages\/2804\/revisions\/2943"}],"wp:attachment":[{"href":"https:\/\/erru.al\/an\/wp-json\/wp\/v2\/media?parent=2804"}],"curies":[{"name":"wp","href":"https:\/\/api.w.org\/{rel}","templated":true}]}}