{"id":2800,"date":"2022-03-24T06:26:58","date_gmt":"2022-03-24T06:26:58","guid":{"rendered":"https:\/\/erru.al\/?page_id=2800"},"modified":"2023-06-30T09:13:29","modified_gmt":"2023-06-30T09:13:29","slug":"vemendja-ndaj-konsumatorit","status":"publish","type":"page","link":"https:\/\/erru.al\/an\/vemendja-ndaj-konsumatorit\/","title":{"rendered":"Attention to the Customer"},"content":{"rendered":"<div data-elementor-type=\"wp-page\" data-elementor-id=\"2800\" class=\"elementor elementor-2800\">\n\t\t\t\t\t\t<section class=\"elementor-section elementor-top-section elementor-element elementor-element-9e17d35 elementor-section-boxed elementor-section-height-default elementor-section-height-default\" data-id=\"9e17d35\" data-element_type=\"section\">\n\t\t\t\t\t\t<div class=\"elementor-container elementor-column-gap-default\">\n\t\t\t\t\t<div class=\"elementor-column elementor-col-100 elementor-top-column elementor-element elementor-element-1032e91 ot-flex-column-vertical\" data-id=\"1032e91\" data-element_type=\"column\">\n\t\t\t<div class=\"elementor-widget-wrap elementor-element-populated\">\n\t\t\t\t\t\t<div class=\"elementor-element elementor-element-753ad57 elementor-widget elementor-widget-text-editor\" data-id=\"753ad57\" data-element_type=\"widget\" data-widget_type=\"text-editor.default\">\n\t\t\t\t<div class=\"elementor-widget-container\">\n\t\t\t\t\t\t\t\t\t<p><\/p>\n<p>The protection of the consumer's interest is at the center of the work of the Water Regulatory Entity. According to the provisions of Law 8102, as amended, ERRU is tasked with protecting consumers from monopoly prices and finding a fair balance between their interests and those of operators in the water supply sector.<\/p>\n<p><\/p>\n<p>ERRU also acts in such a way as to guarantee that the licensees act in accordance with the conditions of their license and in this way to protect the consumers in relation to the quality, efficiency, continuity and guarantee of the service.<\/p>\n<p><\/p>\n<p>ERRU interprets consumer protection as a duty to take any regulatory decision in the long-term interest and for the good of society as a whole.<\/p>\n<p><\/p>\n<p>In order to better perform its functions in consumer protection, ERRU has approved the following documents:<\/p>\n<p><\/p>\n<p><a href=\"https:\/\/erru.al\/doc\/Consumers_Contract.pdf\">Model Contract for Water Supply and Sewerage Services<\/a><\/p>\n<p><\/p>\n<p><a href=\"https:\/\/erru.al\/wp-content\/uploads\/2023\/06\/Rregullore-per-Seancen-Degjimore-e-Rishikuar-23-06-2023.pdf\" target=\"_blank\" rel=\"noreferrer noopener\">Regulations for the organization of the hearing with the public in the process of approving tariffs<\/a><\/p>\n<p><\/p>\t\t\t\t\t\t\t\t<\/div>\n\t\t\t\t<\/div>\n\t\t\t\t\t<\/div>\n\t\t<\/div>\n\t\t\t\t\t<\/div>\n\t\t<\/section>\n\t\t\t\t<section class=\"elementor-section elementor-top-section elementor-element elementor-element-582fe10 elementor-section-boxed elementor-section-height-default elementor-section-height-default\" data-id=\"582fe10\" data-element_type=\"section\">\n\t\t\t\t\t\t<div class=\"elementor-container elementor-column-gap-default\">\n\t\t\t\t\t<div class=\"elementor-column elementor-col-100 elementor-top-column elementor-element elementor-element-3c61ffc ot-flex-column-vertical\" data-id=\"3c61ffc\" data-element_type=\"column\">\n\t\t\t<div class=\"elementor-widget-wrap elementor-element-populated\">\n\t\t\t\t\t\t<div class=\"elementor-element elementor-element-f30c242 elementor-widget elementor-widget-spacer\" data-id=\"f30c242\" data-element_type=\"widget\" data-widget_type=\"spacer.default\">\n\t\t\t\t<div class=\"elementor-widget-container\">\n\t\t\t\t\t\t\t<div class=\"elementor-spacer\">\n\t\t\t<div class=\"elementor-spacer-inner\"><\/div>\n\t\t<\/div>\n\t\t\t\t\t\t<\/div>\n\t\t\t\t<\/div>\n\t\t\t\t\t<\/div>\n\t\t<\/div>\n\t\t\t\t\t<\/div>\n\t\t<\/section>\n\t\t\t\t<\/div>","protected":false},"excerpt":{"rendered":"<p>Mbrojtja e interesit t\u00eb konsumatorit \u00ebsht\u00eb n\u00eb qend\u00ebr t\u00eb pun\u00ebs s\u00eb Entit Rregullator t\u00eb Ujit. Sipas parashikimeve t\u00eb ligjit 8102, i ndryshuar, ERRU ka p\u00ebr detyr\u00eb t\u00eb mbroj\u00eb konsumator\u00ebt nga \u00e7mimet monopol dhe t\u00eb gjej\u00eb nj\u00eb ekuilib\u00ebr t\u00eb drejt\u00eb midis interesave t\u00eb tyre dhe operator\u00ebve n\u00eb sektorin e furnizimit me uj\u00eb. Gjithashtu ERRU vepron n\u00eb [&hellip;]<\/p>\n","protected":false},"author":1,"featured_media":0,"parent":0,"menu_order":0,"comment_status":"closed","ping_status":"closed","template":"","meta":{"footnotes":""},"class_list":["post-2800","page","type-page","status-publish","hentry"],"_links":{"self":[{"href":"https:\/\/erru.al\/an\/wp-json\/wp\/v2\/pages\/2800","targetHints":{"allow":["GET"]}}],"collection":[{"href":"https:\/\/erru.al\/an\/wp-json\/wp\/v2\/pages"}],"about":[{"href":"https:\/\/erru.al\/an\/wp-json\/wp\/v2\/types\/page"}],"author":[{"embeddable":true,"href":"https:\/\/erru.al\/an\/wp-json\/wp\/v2\/users\/1"}],"replies":[{"embeddable":true,"href":"https:\/\/erru.al\/an\/wp-json\/wp\/v2\/comments?post=2800"}],"version-history":[{"count":10,"href":"https:\/\/erru.al\/an\/wp-json\/wp\/v2\/pages\/2800\/revisions"}],"predecessor-version":[{"id":5035,"href":"https:\/\/erru.al\/an\/wp-json\/wp\/v2\/pages\/2800\/revisions\/5035"}],"wp:attachment":[{"href":"https:\/\/erru.al\/an\/wp-json\/wp\/v2\/media?parent=2800"}],"curies":[{"name":"wp","href":"https:\/\/api.w.org\/{rel}","templated":true}]}}