{"id":2784,"date":"2022-03-24T06:21:51","date_gmt":"2022-03-24T06:21:51","guid":{"rendered":"https:\/\/erru.al\/?page_id=2784"},"modified":"2022-12-16T10:33:14","modified_gmt":"2022-12-16T10:33:14","slug":"sektori-uk","status":"publish","type":"page","link":"https:\/\/erru.al\/an\/sektori-uk\/","title":{"rendered":"WSS Sector"},"content":{"rendered":"<div data-elementor-type=\"wp-page\" data-elementor-id=\"2784\" class=\"elementor elementor-2784\">\n\t\t\t\t\t\t<section class=\"elementor-section elementor-top-section elementor-element elementor-element-2f56777 elementor-section-boxed elementor-section-height-default elementor-section-height-default\" data-id=\"2f56777\" data-element_type=\"section\">\n\t\t\t\t\t\t<div class=\"elementor-container elementor-column-gap-default\">\n\t\t\t\t\t<div class=\"elementor-column elementor-col-50 elementor-top-column elementor-element elementor-element-b0d225e ot-flex-column-vertical\" data-id=\"b0d225e\" data-element_type=\"column\">\n\t\t\t<div class=\"elementor-widget-wrap elementor-element-populated\">\n\t\t\t\t\t\t<div class=\"elementor-element elementor-element-639bd86 elementor-widget elementor-widget-text-editor\" data-id=\"639bd86\" data-element_type=\"widget\" data-widget_type=\"text-editor.default\">\n\t\t\t\t<div class=\"elementor-widget-container\">\n\t\t\t\t\t\t\t\t\t<p>The situation in the water supply and sewerage sector The UK services sector operates mainly through operators organized as joint stock companies with local government ownership. Currently, 57 operators operate in the sector, 53 of them are equipped with a license to exercise the activity and 48 operate with rates approved by ERRU. Sewage service is not provided by all operators. This service in the sector is provided by 32 operators, 5 of which also carry out the treatment of polluted water. ERRU finds that the companies have the will to fulfill and support the regulator's efforts to create a stable and transparent regulatory environment in the sector.<\/p><p>The Albanian government drafted and is implementing the administrative-territorial reform, a reform which marks an important step also in the way of organizing water supply services and the removal of polluted water.&nbsp; The reorganization of these services according to the new territorial division in the Republic of Albania is necessary to realize an optimal situation in guaranteeing continuous supply of drinking water and significantly improving the functioning of the sewage system.<\/p><p>Within this reform, the Decision of the Council of Ministers no. 63, dated 27.01.2016 \"On the reorganization of operators that provide the service of drinking water supply, collection, removal and treatment of polluted water\", defines all the necessary legal steps that must be followed by new municipalities for the reorganization of operators of UK services, the transfer of UK systems that are newly included in the administrative area of municipalities, their inventory and accounting, up to the licensing and approval of tariffs for reorganized operators. Further, the operators must apply for a license and tariff approval at ERRU, which may be differentiated for urban and rural areas.<\/p><p>The sector has developed in a stable manner, although the levels and progress of the indicators are not appropriate compared to the strategic objectives for the sector and those of ERRU's good performance.<\/p><p>The main concern in the sector is the high level of losses, an indicator which has not seen a significant improvement. ERRU has consistently emphasized that reducing losses should be the priority of operators' work, even though controlling and reducing losses requires time and investment.<\/p><p>Coverage with the water supply service has had a positive trend, but the sewerage service continues to lag behind both in terms of coverage and the required level of service to enable the protection of water and the environment.<\/p><p>The main sources of financing for companies have been the state budget and financing from foreign donors in the form of loans or grants in approximately equal ratios. These investments are mainly focused on the rehabilitation of water and sewerage supply systems as well as on the construction of wastewater treatment plants.<\/p>\t\t\t\t\t\t\t\t<\/div>\n\t\t\t\t<\/div>\n\t\t\t\t\t<\/div>\n\t\t<\/div>\n\t\t\t\t<div class=\"elementor-column elementor-col-50 elementor-top-column elementor-element elementor-element-8f68233 ot-flex-column-vertical\" data-id=\"8f68233\" data-element_type=\"column\">\n\t\t\t<div class=\"elementor-widget-wrap elementor-element-populated\">\n\t\t\t\t\t\t<div class=\"elementor-element elementor-element-82bb7b0 elementor-widget elementor-widget-shortcode\" data-id=\"82bb7b0\" data-element_type=\"widget\" data-widget_type=\"shortcode.default\">\n\t\t\t\t<div class=\"elementor-widget-container\">\n\t\t\t\t\t\t\t<div class=\"elementor-shortcode\"><div id=\"mapsvg-2\" class=\"mapsvg\"><\/div><\/div>\n\t\t\t\t\t\t<\/div>\n\t\t\t\t<\/div>\n\t\t\t\t\t<\/div>\n\t\t<\/div>\n\t\t\t\t\t<\/div>\n\t\t<\/section>\n\t\t\t\t<section class=\"elementor-section elementor-top-section elementor-element elementor-element-1df34a0 elementor-section-boxed elementor-section-height-default elementor-section-height-default\" data-id=\"1df34a0\" data-element_type=\"section\">\n\t\t\t\t\t\t<div class=\"elementor-container elementor-column-gap-default\">\n\t\t\t\t\t<div class=\"elementor-column elementor-col-100 elementor-top-column elementor-element elementor-element-2ad485f ot-flex-column-vertical\" data-id=\"2ad485f\" data-element_type=\"column\">\n\t\t\t<div class=\"elementor-widget-wrap\">\n\t\t\t\t\t\t\t<\/div>\n\t\t<\/div>\n\t\t\t\t\t<\/div>\n\t\t<\/section>\n\t\t\t\t<\/div>","protected":false},"excerpt":{"rendered":"<p>Gjendja n\u00eb sektorin uj\u00ebsjell\u00ebs kanalizimeSektori i sh\u00ebrbimeve UK funksionon kryesisht n\u00ebp\u00ebrmjet operator\u00ebve t\u00eb organizuar si shoq\u00ebri aksionare me pronar pushtetin vendor. Aktualisht n\u00eb sektor operojn\u00eb 57 operator\u00eb, 53 prej tyre jan\u00eb t\u00eb pajisur me licenc\u00eb p\u00ebr ushtrimin e aktivitetit dhe 48 operojn\u00eb me tarifa t\u00eb miratuara nga ERRU. Sh\u00ebrbimi me kanalizime nuk ofrohet nga t\u00eb [&hellip;]<\/p>\n","protected":false},"author":1,"featured_media":0,"parent":0,"menu_order":0,"comment_status":"closed","ping_status":"closed","template":"","meta":{"footnotes":""},"class_list":["post-2784","page","type-page","status-publish","hentry"],"_links":{"self":[{"href":"https:\/\/erru.al\/an\/wp-json\/wp\/v2\/pages\/2784","targetHints":{"allow":["GET"]}}],"collection":[{"href":"https:\/\/erru.al\/an\/wp-json\/wp\/v2\/pages"}],"about":[{"href":"https:\/\/erru.al\/an\/wp-json\/wp\/v2\/types\/page"}],"author":[{"embeddable":true,"href":"https:\/\/erru.al\/an\/wp-json\/wp\/v2\/users\/1"}],"replies":[{"embeddable":true,"href":"https:\/\/erru.al\/an\/wp-json\/wp\/v2\/comments?post=2784"}],"version-history":[{"count":21,"href":"https:\/\/erru.al\/an\/wp-json\/wp\/v2\/pages\/2784\/revisions"}],"predecessor-version":[{"id":7705,"href":"https:\/\/erru.al\/an\/wp-json\/wp\/v2\/pages\/2784\/revisions\/7705"}],"wp:attachment":[{"href":"https:\/\/erru.al\/an\/wp-json\/wp\/v2\/media?parent=2784"}],"curies":[{"name":"wp","href":"https:\/\/api.w.org\/{rel}","templated":true}]}}