{"id":2748,"date":"2022-03-03T21:48:56","date_gmt":"2022-03-03T21:48:56","guid":{"rendered":"https:\/\/erru.al\/?page_id=2748"},"modified":"2025-05-14T09:47:39","modified_gmt":"2025-05-14T09:47:39","slug":"procedurat-per-aplikim","status":"publish","type":"page","link":"https:\/\/erru.al\/an\/procedurat-per-aplikim\/","title":{"rendered":"Procedurat per aplikim"},"content":{"rendered":"<div data-elementor-type=\"wp-page\" data-elementor-id=\"2748\" class=\"elementor elementor-2748\">\n\t\t\t\t\t\t<section class=\"elementor-section elementor-top-section elementor-element elementor-element-926b000 elementor-section-boxed elementor-section-height-default elementor-section-height-default\" data-id=\"926b000\" data-element_type=\"section\">\n\t\t\t\t\t\t<div class=\"elementor-container elementor-column-gap-default\">\n\t\t\t\t\t<div class=\"elementor-column elementor-col-100 elementor-top-column elementor-element elementor-element-ddcd348 ot-flex-column-vertical\" data-id=\"ddcd348\" data-element_type=\"column\">\n\t\t\t<div class=\"elementor-widget-wrap elementor-element-populated\">\n\t\t\t\t\t\t<div class=\"elementor-element elementor-element-a2bcd02 elementor-widget elementor-widget-text-editor\" data-id=\"a2bcd02\" data-element_type=\"widget\" data-widget_type=\"text-editor.default\">\n\t\t\t\t<div class=\"elementor-widget-container\">\n\t\t\t\t\t\t\t\t\t<p>The application procedure for a new license or renewal\/or addition to an existing license is as follows:<\/p>\t\t\t\t\t\t\t\t<\/div>\n\t\t\t\t<\/div>\n\t\t\t\t\t<\/div>\n\t\t<\/div>\n\t\t\t\t\t<\/div>\n\t\t<\/section>\n\t\t\t\t<section class=\"elementor-section elementor-top-section elementor-element elementor-element-99a0f41 elementor-section-boxed elementor-section-height-default elementor-section-height-default\" data-id=\"99a0f41\" data-element_type=\"section\">\n\t\t\t\t\t\t<div class=\"elementor-container elementor-column-gap-default\">\n\t\t\t\t\t<div class=\"elementor-column elementor-col-50 elementor-top-column elementor-element elementor-element-e42cbed ot-flex-column-vertical\" data-id=\"e42cbed\" data-element_type=\"column\">\n\t\t\t<div class=\"elementor-widget-wrap elementor-element-populated\">\n\t\t\t\t\t\t<div class=\"elementor-element elementor-element-1caa1b7 number-left elementor-widget elementor-widget-icounter\" data-id=\"1caa1b7\" data-element_type=\"widget\" data-widget_type=\"icounter.default\">\n\t\t\t\t<div class=\"elementor-widget-container\">\n\t\t\t\t\t    \t<div class=\"ot-counter icounter\" data-counter=\"1\">\r\n        \t<div class=\"c-number\">\r\n        \t\t<span class=\"num\" data-to=\"1\" data-time= \"2000\"><\/span>        \t<\/div>\r\n        \t      \t\t\t\t        \r\n\t    <\/div>\r\n\t    \t\t\t\t<\/div>\n\t\t\t\t<\/div>\n\t\t\t\t\t<\/div>\n\t\t<\/div>\n\t\t\t\t<div class=\"elementor-column elementor-col-50 elementor-top-column elementor-element elementor-element-a80d2dd ot-flex-column-vertical\" data-id=\"a80d2dd\" data-element_type=\"column\">\n\t\t\t<div class=\"elementor-widget-wrap elementor-element-populated\">\n\t\t\t\t\t\t<div class=\"elementor-element elementor-element-ace2fb4 elementor-widget elementor-widget-text-editor\" data-id=\"ace2fb4\" data-element_type=\"widget\" data-widget_type=\"text-editor.default\">\n\t\t\t\t<div class=\"elementor-widget-container\">\n\t\t\t\t\t\t\t\t\t<p>Personat fizik\u00eb apo juridik\u00eb, q\u00eb k\u00ebrkojn\u00eb t\u00eb pajisen me licenc\u00eb p\u00ebr nj\u00ebr\u00ebn ose m\u00eb shum\u00eb kategori duhet t\u00eb dor\u00ebzojn\u00eb pran\u00eb ERRU, n\u00ebp\u00ebrmjet post\u00ebs ose dorazi (personalisht) t\u00eb gjith\u00eb dokumentacionin e nevojsh\u00ebm sipas\u00a0<a href=\"https:\/\/www.erru.al\/doc\/vkm_958_dt._6.5.2009_per_licensat.pdf\" target=\"_blank\" rel=\"noopener\">VKM nr. 958 dat\u00eb 06.05.2009<\/a>\u00a0dhe\u00a0<a href=\"https:\/\/erru.al\/wp-content\/uploads\/2025\/05\/Rregullorja-e-Licencimit_compressed.pdf\">Rregullores s\u00eb Licencimit<\/a> (t\u00eb miratuar me vendim t\u00eb KKRR nr.29 dat\u00eb 08.12.2009, e ndryshuar).<\/p>\t\t\t\t\t\t\t\t<\/div>\n\t\t\t\t<\/div>\n\t\t\t\t\t<\/div>\n\t\t<\/div>\n\t\t\t\t\t<\/div>\n\t\t<\/section>\n\t\t\t\t<section class=\"elementor-section elementor-top-section elementor-element elementor-element-a3f7acb elementor-section-boxed elementor-section-height-default elementor-section-height-default\" data-id=\"a3f7acb\" data-element_type=\"section\">\n\t\t\t\t\t\t<div class=\"elementor-container elementor-column-gap-default\">\n\t\t\t\t\t<div class=\"elementor-column elementor-col-50 elementor-top-column elementor-element elementor-element-b7073aa ot-flex-column-vertical\" data-id=\"b7073aa\" data-element_type=\"column\">\n\t\t\t<div class=\"elementor-widget-wrap elementor-element-populated\">\n\t\t\t\t\t\t<div class=\"elementor-element elementor-element-776516c number-left elementor-widget elementor-widget-icounter\" data-id=\"776516c\" data-element_type=\"widget\" data-widget_type=\"icounter.default\">\n\t\t\t\t<div class=\"elementor-widget-container\">\n\t\t\t\t\t    \t<div class=\"ot-counter icounter\" data-counter=\"2\">\r\n        \t<div class=\"c-number\">\r\n        \t\t<span class=\"num\" data-to=\"2\" data-time= \"1000\"><\/span>        \t<\/div>\r\n        \t      \t\t\t\t        \r\n\t    <\/div>\r\n\t    \t\t\t\t<\/div>\n\t\t\t\t<\/div>\n\t\t\t\t\t<\/div>\n\t\t<\/div>\n\t\t\t\t<div class=\"elementor-column elementor-col-50 elementor-top-column elementor-element elementor-element-189ac7b ot-flex-column-vertical\" data-id=\"189ac7b\" data-element_type=\"column\">\n\t\t\t<div class=\"elementor-widget-wrap elementor-element-populated\">\n\t\t\t\t\t\t<div class=\"elementor-element elementor-element-6e684f5 elementor-widget elementor-widget-text-editor\" data-id=\"6e684f5\" data-element_type=\"widget\" data-widget_type=\"text-editor.default\">\n\t\t\t\t<div class=\"elementor-widget-container\">\n\t\t\t\t\t\t\t\t\t<p>If there are deficiencies in the documentation brought by the subject, then ERRU notifies the applicant by means of a letter, telephone or email to complete the documentation.<\/p>\t\t\t\t\t\t\t\t<\/div>\n\t\t\t\t<\/div>\n\t\t\t\t\t<\/div>\n\t\t<\/div>\n\t\t\t\t\t<\/div>\n\t\t<\/section>\n\t\t\t\t<section class=\"elementor-section elementor-top-section elementor-element elementor-element-ff7439d elementor-section-boxed elementor-section-height-default elementor-section-height-default\" data-id=\"ff7439d\" data-element_type=\"section\">\n\t\t\t\t\t\t<div class=\"elementor-container elementor-column-gap-default\">\n\t\t\t\t\t<div class=\"elementor-column elementor-col-50 elementor-top-column elementor-element elementor-element-995710d ot-flex-column-vertical\" data-id=\"995710d\" data-element_type=\"column\">\n\t\t\t<div class=\"elementor-widget-wrap elementor-element-populated\">\n\t\t\t\t\t\t<div class=\"elementor-element elementor-element-a9c7119 number-left elementor-widget elementor-widget-icounter\" data-id=\"a9c7119\" data-element_type=\"widget\" data-widget_type=\"icounter.default\">\n\t\t\t\t<div class=\"elementor-widget-container\">\n\t\t\t\t\t    \t<div class=\"ot-counter icounter\" data-counter=\"3\">\r\n        \t<div class=\"c-number\">\r\n        \t\t<span class=\"num\" data-to=\"3\" data-time= \"2000\"><\/span>        \t<\/div>\r\n        \t      \t\t\t\t        \r\n\t    <\/div>\r\n\t    \t\t\t\t<\/div>\n\t\t\t\t<\/div>\n\t\t\t\t\t<\/div>\n\t\t<\/div>\n\t\t\t\t<div class=\"elementor-column elementor-col-50 elementor-top-column elementor-element elementor-element-76e0768 ot-flex-column-vertical\" data-id=\"76e0768\" data-element_type=\"column\">\n\t\t\t<div class=\"elementor-widget-wrap elementor-element-populated\">\n\t\t\t\t\t\t<div class=\"elementor-element elementor-element-7b62c5e elementor-widget elementor-widget-text-editor\" data-id=\"7b62c5e\" data-element_type=\"widget\" data-widget_type=\"text-editor.default\">\n\t\t\t\t<div class=\"elementor-widget-container\">\n\t\t\t\t\t\t\t\t\t<p>The application procedure starts after the complete documentation has been submitted, after this moment the technical sector of ERRU prepares a report which it submits to the National Regulatory Commission.<\/p>\t\t\t\t\t\t\t\t<\/div>\n\t\t\t\t<\/div>\n\t\t\t\t\t<\/div>\n\t\t<\/div>\n\t\t\t\t\t<\/div>\n\t\t<\/section>\n\t\t\t\t<section class=\"elementor-section elementor-top-section elementor-element elementor-element-0a96744 elementor-section-boxed elementor-section-height-default elementor-section-height-default\" data-id=\"0a96744\" data-element_type=\"section\">\n\t\t\t\t\t\t<div class=\"elementor-container elementor-column-gap-default\">\n\t\t\t\t\t<div class=\"elementor-column elementor-col-50 elementor-top-column elementor-element elementor-element-fb76e35 ot-flex-column-vertical\" data-id=\"fb76e35\" data-element_type=\"column\">\n\t\t\t<div class=\"elementor-widget-wrap elementor-element-populated\">\n\t\t\t\t\t\t<div class=\"elementor-element elementor-element-65ebed2 number-left elementor-widget elementor-widget-icounter\" data-id=\"65ebed2\" data-element_type=\"widget\" data-widget_type=\"icounter.default\">\n\t\t\t\t<div class=\"elementor-widget-container\">\n\t\t\t\t\t    \t<div class=\"ot-counter icounter\" data-counter=\"4\">\r\n        \t<div class=\"c-number\">\r\n        \t\t<span class=\"num\" data-to=\"4\" data-time= \"2000\"><\/span>        \t<\/div>\r\n        \t      \t\t\t\t        \r\n\t    <\/div>\r\n\t    \t\t\t\t<\/div>\n\t\t\t\t<\/div>\n\t\t\t\t\t<\/div>\n\t\t<\/div>\n\t\t\t\t<div class=\"elementor-column elementor-col-50 elementor-top-column elementor-element elementor-element-8b04ce2 ot-flex-column-vertical\" data-id=\"8b04ce2\" data-element_type=\"column\">\n\t\t\t<div class=\"elementor-widget-wrap elementor-element-populated\">\n\t\t\t\t\t\t<div class=\"elementor-element elementor-element-6669b5f elementor-widget elementor-widget-text-editor\" data-id=\"6669b5f\" data-element_type=\"widget\" data-widget_type=\"text-editor.default\">\n\t\t\t\t<div class=\"elementor-widget-container\">\n\t\t\t\t\t\t\t\t\t<p class=\"translation-block\">The National Regulatory Commission examines the documents according to<\/p>\t\t\t\t\t\t\t\t<\/div>\n\t\t\t\t<\/div>\n\t\t\t\t\t<\/div>\n\t\t<\/div>\n\t\t\t\t\t<\/div>\n\t\t<\/section>\n\t\t\t\t<section class=\"elementor-section elementor-top-section elementor-element elementor-element-f04e68d elementor-section-boxed elementor-section-height-default elementor-section-height-default\" data-id=\"f04e68d\" data-element_type=\"section\">\n\t\t\t\t\t\t<div class=\"elementor-container elementor-column-gap-default\">\n\t\t\t\t\t<div class=\"elementor-column elementor-col-50 elementor-top-column elementor-element elementor-element-3013a5a ot-flex-column-vertical\" data-id=\"3013a5a\" data-element_type=\"column\">\n\t\t\t<div class=\"elementor-widget-wrap elementor-element-populated\">\n\t\t\t\t\t\t<div class=\"elementor-element elementor-element-a46b1ac number-left elementor-widget elementor-widget-icounter\" data-id=\"a46b1ac\" data-element_type=\"widget\" data-widget_type=\"icounter.default\">\n\t\t\t\t<div class=\"elementor-widget-container\">\n\t\t\t\t\t    \t<div class=\"ot-counter icounter\" data-counter=\"5\">\r\n        \t<div class=\"c-number\">\r\n        \t\t<span class=\"num\" data-to=\"5\" data-time= \"2000\"><\/span>        \t<\/div>\r\n        \t      \t\t\t\t        \r\n\t    <\/div>\r\n\t    \t\t\t\t<\/div>\n\t\t\t\t<\/div>\n\t\t\t\t\t<\/div>\n\t\t<\/div>\n\t\t\t\t<div class=\"elementor-column elementor-col-50 elementor-top-column elementor-element elementor-element-b6d7964 ot-flex-column-vertical\" data-id=\"b6d7964\" data-element_type=\"column\">\n\t\t\t<div class=\"elementor-widget-wrap elementor-element-populated\">\n\t\t\t\t\t\t<div class=\"elementor-element elementor-element-f26e9a5 elementor-widget elementor-widget-text-editor\" data-id=\"f26e9a5\" data-element_type=\"widget\" data-widget_type=\"text-editor.default\">\n\t\t\t\t<div class=\"elementor-widget-container\">\n\t\t\t\t\t\t\t\t\t<p>Aplikuesi i cili \u00ebsht\u00eb pajisur me licenc\u00eb duhet t\u00eb zbatoj\u00eb kushtet e licenc\u00ebs t\u00eb miratuara me\u00a0<a href=\"https:\/\/erru.al\/wp-content\/uploads\/2025\/05\/Licenca_dhe_kushtet_e_licences.pdf\">Vendimin Nr.50, dat\u00eb 30.12.2013<\/a><\/p>\t\t\t\t\t\t\t\t<\/div>\n\t\t\t\t<\/div>\n\t\t\t\t\t<\/div>\n\t\t<\/div>\n\t\t\t\t\t<\/div>\n\t\t<\/section>\n\t\t\t\t<section class=\"elementor-section elementor-top-section elementor-element elementor-element-aa8c7c9 elementor-section-boxed elementor-section-height-default elementor-section-height-default\" data-id=\"aa8c7c9\" data-element_type=\"section\">\n\t\t\t\t\t\t<div class=\"elementor-container elementor-column-gap-default\">\n\t\t\t\t\t<div class=\"elementor-column elementor-col-100 elementor-top-column elementor-element elementor-element-1e64141 ot-flex-column-vertical\" data-id=\"1e64141\" data-element_type=\"column\">\n\t\t\t<div class=\"elementor-widget-wrap elementor-element-populated\">\n\t\t\t\t\t\t<div class=\"elementor-element elementor-element-4e8328b elementor-widget elementor-widget-text-editor\" data-id=\"4e8328b\" data-element_type=\"widget\" data-widget_type=\"text-editor.default\">\n\t\t\t\t<div class=\"elementor-widget-container\">\n\t\t\t\t\t\t\t\t\t<p>ERRU i shqyrton k\u00ebto dokumenta brenda 30 dit\u00ebve nga protokollimi i dokumentacionit<\/p>\t\t\t\t\t\t\t\t<\/div>\n\t\t\t\t<\/div>\n\t\t\t\t\t<\/div>\n\t\t<\/div>\n\t\t\t\t\t<\/div>\n\t\t<\/section>\n\t\t\t\t<section class=\"elementor-section elementor-top-section elementor-element elementor-element-a997ca9 elementor-section-boxed elementor-section-height-default elementor-section-height-default\" data-id=\"a997ca9\" data-element_type=\"section\">\n\t\t\t\t\t\t<div class=\"elementor-container elementor-column-gap-default\">\n\t\t\t\t\t<div class=\"elementor-column elementor-col-100 elementor-top-column elementor-element elementor-element-011a57f ot-flex-column-vertical\" data-id=\"011a57f\" data-element_type=\"column\">\n\t\t\t<div class=\"elementor-widget-wrap elementor-element-populated\">\n\t\t\t\t\t\t<div class=\"elementor-element elementor-element-4aaa38e elementor-widget elementor-widget-spacer\" data-id=\"4aaa38e\" data-element_type=\"widget\" data-widget_type=\"spacer.default\">\n\t\t\t\t<div class=\"elementor-widget-container\">\n\t\t\t\t\t\t\t<div class=\"elementor-spacer\">\n\t\t\t<div class=\"elementor-spacer-inner\"><\/div>\n\t\t<\/div>\n\t\t\t\t\t\t<\/div>\n\t\t\t\t<\/div>\n\t\t\t\t\t<\/div>\n\t\t<\/div>\n\t\t\t\t\t<\/div>\n\t\t<\/section>\n\t\t\t\t<\/div>","protected":false},"excerpt":{"rendered":"<p>Procedura e aplikimit p\u00ebr nj\u00eb licenc\u00eb t\u00eb re ose rinovim\/ose shtes\u00eb e nj\u00eb licence ekzistuese \u00ebsht\u00eb si m\u00eb posht\u00eb: Personat fizik\u00eb apo juridik\u00eb, q\u00eb k\u00ebrkojn\u00eb t\u00eb pajisen me licenc\u00eb p\u00ebr nj\u00ebr\u00ebn ose m\u00eb shum\u00eb kategori duhet t\u00eb dor\u00ebzojn\u00eb pran\u00eb ERRU, n\u00ebp\u00ebrmjet post\u00ebs ose dorazi (personalisht) t\u00eb gjith\u00eb dokumentacionin e nevojsh\u00ebm sipas\u00a0VKM nr. 958 dat\u00eb 06.05.2009\u00a0dhe\u00a0Rregullores [&hellip;]<\/p>\n","protected":false},"author":1,"featured_media":0,"parent":0,"menu_order":0,"comment_status":"closed","ping_status":"closed","template":"","meta":{"footnotes":""},"class_list":["post-2748","page","type-page","status-publish","hentry"],"_links":{"self":[{"href":"https:\/\/erru.al\/an\/wp-json\/wp\/v2\/pages\/2748","targetHints":{"allow":["GET"]}}],"collection":[{"href":"https:\/\/erru.al\/an\/wp-json\/wp\/v2\/pages"}],"about":[{"href":"https:\/\/erru.al\/an\/wp-json\/wp\/v2\/types\/page"}],"author":[{"embeddable":true,"href":"https:\/\/erru.al\/an\/wp-json\/wp\/v2\/users\/1"}],"replies":[{"embeddable":true,"href":"https:\/\/erru.al\/an\/wp-json\/wp\/v2\/comments?post=2748"}],"version-history":[{"count":28,"href":"https:\/\/erru.al\/an\/wp-json\/wp\/v2\/pages\/2748\/revisions"}],"predecessor-version":[{"id":7173,"href":"https:\/\/erru.al\/an\/wp-json\/wp\/v2\/pages\/2748\/revisions\/7173"}],"wp:attachment":[{"href":"https:\/\/erru.al\/an\/wp-json\/wp\/v2\/media?parent=2748"}],"curies":[{"name":"wp","href":"https:\/\/api.w.org\/{rel}","templated":true}]}}