{"id":2737,"date":"2022-03-03T21:45:05","date_gmt":"2022-03-03T21:45:05","guid":{"rendered":"https:\/\/erru.al\/?page_id=2737"},"modified":"2023-10-18T13:31:54","modified_gmt":"2023-10-18T13:31:54","slug":"licencimi","status":"publish","type":"page","link":"https:\/\/erru.al\/an\/licencimi\/","title":{"rendered":"Licensing"},"content":{"rendered":"<div data-elementor-type=\"wp-page\" data-elementor-id=\"2737\" class=\"elementor elementor-2737\">\n\t\t\t\t\t\t<section class=\"elementor-section elementor-top-section elementor-element elementor-element-a8a547a elementor-section-boxed elementor-section-height-default elementor-section-height-default\" data-id=\"a8a547a\" data-element_type=\"section\">\n\t\t\t\t\t\t<div class=\"elementor-container elementor-column-gap-default\">\n\t\t\t\t\t<div class=\"elementor-column elementor-col-50 elementor-top-column elementor-element elementor-element-1d7a175 ot-flex-column-vertical\" data-id=\"1d7a175\" data-element_type=\"column\">\n\t\t\t<div class=\"elementor-widget-wrap elementor-element-populated\">\n\t\t\t\t\t\t<div class=\"elementor-element elementor-element-176e4ee elementor-widget elementor-widget-text-editor\" data-id=\"176e4ee\" data-element_type=\"widget\" data-widget_type=\"text-editor.default\">\n\t\t\t\t<div class=\"elementor-widget-container\">\n\t\t\t\t\t\t\t\t\t<p class=\"translation-block\">One of the main activities of ERRU, as the responsible regulatory authority, is the licensing of physical and legal persons who exercise or will exercise their activity in the management of water supply systems and the removal of waste water processing, in accordance with the law no. 8102 dated 28.03.1996, amended.<\/p><p><br><\/p>\t\t\t\t\t\t\t\t<\/div>\n\t\t\t\t<\/div>\n\t\t\t\t<div class=\"elementor-element elementor-element-64526aa elementor-widget elementor-widget-text-editor\" data-id=\"64526aa\" data-element_type=\"widget\" data-widget_type=\"text-editor.default\">\n\t\t\t\t<div class=\"elementor-widget-container\">\n\t\t\t\t\t\t\t\t\t<p>Sipas\u00a0<a href=\"https:\/\/erru.al\/wp-content\/uploads\/2022\/03\/vkm_958_dt._6.5.2009_per_licensat.pdf\" target=\"_blank\" rel=\"noopener\">VKM nr. 958, dat\u00eb 06.05.2009<\/a>, aktualisht jan\u00eb kat\u00ebr kategori licensimi p\u00ebr kategorit\u00eb e m\u00ebposhtme;<\/p><p><strong>Kategoria A<\/strong>, p\u00ebr grumbullimin dhe shp\u00ebrndarjen e ujit p\u00ebr konsum publik<br \/><strong>Kategoria B<\/strong>, p\u00ebr p\u00ebrpunimin e ujit p\u00ebr konsum publik<br \/><strong>Kategoria C<\/strong>, p\u00ebr largimin e uj\u00ebrave t\u00eb ndotura<br \/><strong>Kategoria D<\/strong>, p\u00ebr p\u00ebrpunimin e uj\u00ebrave t\u00eb ndotura<\/p><p>Informacion mbi procesin e licensimit dhe proceduren e aplikimit mund t\u00eb gjeni\u00a0<a href=\"https:\/\/erru.al\/an\/procedurat-per-aplikim\/\">here<\/a>.<\/p>\t\t\t\t\t\t\t\t<\/div>\n\t\t\t\t<\/div>\n\t\t\t\t\t<\/div>\n\t\t<\/div>\n\t\t\t\t<div class=\"elementor-column elementor-col-50 elementor-top-column elementor-element elementor-element-424a70b ot-flex-column-vertical\" data-id=\"424a70b\" data-element_type=\"column\">\n\t\t\t<div class=\"elementor-widget-wrap elementor-element-populated\">\n\t\t\t\t\t\t<div class=\"elementor-element elementor-element-8e00532 elementor-widget elementor-widget-image\" data-id=\"8e00532\" data-element_type=\"widget\" data-widget_type=\"image.default\">\n\t\t\t\t<div class=\"elementor-widget-container\">\n\t\t\t\t\t\t\t\t\t\t\t\t\t\t\t<img fetchpriority=\"high\" decoding=\"async\" width=\"309\" height=\"232\" src=\"https:\/\/erru.al\/wp-content\/uploads\/2022\/03\/licenca.jpg\" class=\"attachment-large size-large wp-image-2744\" alt=\"\" srcset=\"https:\/\/erru.al\/wp-content\/uploads\/2022\/03\/licenca.jpg 309w, https:\/\/erru.al\/wp-content\/uploads\/2022\/03\/licenca-300x225.jpg 300w, https:\/\/erru.al\/wp-content\/uploads\/2022\/03\/licenca-16x12.jpg 16w\" sizes=\"(max-width: 309px) 100vw, 309px\" \/>\t\t\t\t\t\t\t\t\t\t\t\t\t\t\t<\/div>\n\t\t\t\t<\/div>\n\t\t\t\t\t<\/div>\n\t\t<\/div>\n\t\t\t\t\t<\/div>\n\t\t<\/section>\n\t\t\t\t<\/div>","protected":false},"excerpt":{"rendered":"<p>Nj\u00eb nd\u00ebr aktivitetet kryesore t\u00eb ERRU, si autoriteti p\u00ebrgjegj\u00ebs rregullator, \u00ebsht\u00eb licencimi i personave fizik\u00eb dhe juridik\u00eb q\u00eb ushtrojn\u00eb apo do t\u00eb ushtrojn\u00eb veprimtarin\u00eb e tyre n\u00eb menaxhimin e sistemeve t\u00eb furnizimit me uj\u00eb dhe t\u00eb largimit e p\u00ebrpunimit t\u00eb uj\u00ebrave t\u00eb ndotura, n\u00eb p\u00ebrputhje me ligjin nr. 8102 dat\u00eb 28.03.1996, i ndryshuar. Sipas\u00a0VKM nr. [&hellip;]<\/p>\n","protected":false},"author":1,"featured_media":0,"parent":0,"menu_order":0,"comment_status":"closed","ping_status":"closed","template":"","meta":{"footnotes":""},"class_list":["post-2737","page","type-page","status-publish","hentry"],"_links":{"self":[{"href":"https:\/\/erru.al\/an\/wp-json\/wp\/v2\/pages\/2737","targetHints":{"allow":["GET"]}}],"collection":[{"href":"https:\/\/erru.al\/an\/wp-json\/wp\/v2\/pages"}],"about":[{"href":"https:\/\/erru.al\/an\/wp-json\/wp\/v2\/types\/page"}],"author":[{"embeddable":true,"href":"https:\/\/erru.al\/an\/wp-json\/wp\/v2\/users\/1"}],"replies":[{"embeddable":true,"href":"https:\/\/erru.al\/an\/wp-json\/wp\/v2\/comments?post=2737"}],"version-history":[{"count":16,"href":"https:\/\/erru.al\/an\/wp-json\/wp\/v2\/pages\/2737\/revisions"}],"predecessor-version":[{"id":5405,"href":"https:\/\/erru.al\/an\/wp-json\/wp\/v2\/pages\/2737\/revisions\/5405"}],"wp:attachment":[{"href":"https:\/\/erru.al\/an\/wp-json\/wp\/v2\/media?parent=2737"}],"curies":[{"name":"wp","href":"https:\/\/api.w.org\/{rel}","templated":true}]}}