{"id":2130,"date":"2021-12-14T20:36:12","date_gmt":"2021-12-14T20:36:12","guid":{"rendered":"https:\/\/erru.al\/?page_id=2130"},"modified":"2025-12-16T10:59:33","modified_gmt":"2025-12-16T10:59:33","slug":"rregullore-te-erru","status":"publish","type":"page","link":"https:\/\/erru.al\/an\/rregullore-te-erru\/","title":{"rendered":"Regulations of ERRU"},"content":{"rendered":"<div data-elementor-type=\"wp-page\" data-elementor-id=\"2130\" class=\"elementor elementor-2130\">\n\t\t\t\t\t\t<section class=\"elementor-section elementor-top-section elementor-element elementor-element-4dce4d4 elementor-section-boxed elementor-section-height-default elementor-section-height-default\" data-id=\"4dce4d4\" data-element_type=\"section\">\n\t\t\t\t\t\t<div class=\"elementor-container elementor-column-gap-default\">\n\t\t\t\t\t<div class=\"elementor-column elementor-col-100 elementor-top-column elementor-element elementor-element-47f0ca7 ot-flex-column-vertical\" data-id=\"47f0ca7\" data-element_type=\"column\">\n\t\t\t<div class=\"elementor-widget-wrap elementor-element-populated\">\n\t\t\t\t\t\t<div class=\"elementor-element elementor-element-3a126a6 elementor-widget elementor-widget-text-editor\" data-id=\"3a126a6\" data-element_type=\"widget\" data-widget_type=\"text-editor.default\">\n\t\t\t\t<div class=\"elementor-widget-container\">\n\t\t\t\t\t\t\t\t\t<p>Based on the law no. 8102, dated 28.03.1996, amended, ERRU has the right to issue regulations and guidelines to exercise its functions and powers. The most important regulations issued by ERRU are the Licensing Regulation, Tariff Setting Methodology and Model Contract, Integrity Code which can be found in the following links as well as the Regulation on the Organization and Operation of the Water Regulatory Body:<\/p>\t\t\t\t\t\t\t\t<\/div>\n\t\t\t\t<\/div>\n\t\t\t\t\t<\/div>\n\t\t<\/div>\n\t\t\t\t\t<\/div>\n\t\t<\/section>\n\t\t\t\t<section class=\"elementor-section elementor-top-section elementor-element elementor-element-fbec5c5 elementor-section-boxed elementor-section-height-default elementor-section-height-default\" data-id=\"fbec5c5\" data-element_type=\"section\">\n\t\t\t\t\t\t<div class=\"elementor-container elementor-column-gap-default\">\n\t\t\t\t\t<div class=\"elementor-column elementor-col-100 elementor-top-column elementor-element elementor-element-e08b875 ot-flex-column-vertical\" data-id=\"e08b875\" data-element_type=\"column\">\n\t\t\t<div class=\"elementor-widget-wrap elementor-element-populated\">\n\t\t\t\t\t\t<div class=\"elementor-element elementor-element-3114665 elementor-widget elementor-widget-text-editor\" data-id=\"3114665\" data-element_type=\"widget\" data-widget_type=\"text-editor.default\">\n\t\t\t\t<div class=\"elementor-widget-container\">\n\t\t\t\t\t\t\t\t\t<ul><li><p><a href=\"https:\/\/erru.al\/wp-content\/uploads\/2025\/12\/Vendim-mbi-nje-shtese-ne-rregulloren-e-licencimit.pdf\">Vendim Nr .35, dat\u00eb 14.11.2025 \u201cP\u00ebr nj\u00eb shtes\u00eb n\u00eb Rregulloren e Licencimit p\u00ebr &#8216;Procedurat e Dh\u00ebnies dhe Rinovimit t\u00eb Licencave Profesionale p\u00ebr Subjektet Juridike dhe Fizike q\u00eb ushtrojn\u00eb veprimtari n\u00eb Sektorin e Furnizimit me Uj\u00eb dhe Largimit e P\u00ebrpunimit t\u00eb Uj\u00ebrave t\u00eb Ndotura&#8217;, i ndryshuar\u201d<\/a><\/p><\/li><li><p><a href=\"http:\/\/Modeli dhe udh\u00ebzuesi i plan biznesit 5-vje\u00e7ar nga shoq\u00ebrit\u00eb uj\u00ebsjell\u00ebs kanalizime\" data-wplink-url-error=\"true\">Modeli dhe udh\u00ebzuesi i plan biznesit 5-vje\u00e7ar nga shoq\u00ebrit\u00eb uj\u00ebsjell\u00ebs kanalizime<\/a><\/p><\/li><li><p><a href=\"https:\/\/erru.al\/doc\/RREGULLOR_E_BRENDSHME_FINALE.pdf\">Rregullore p\u00ebr Organizimin dhe Funksionimin e Brendsh\u00ebm t\u00eb Entit Rregullator t\u00eb Sektorit t\u00eb Furnizimit me Uj\u00eb dhe t\u00eb Largimit dhe P\u00ebrpunimit t\u00eb Uj\u00ebrave t\u00eb Ndotura<\/a><\/p><\/li><li><a href=\"https:\/\/erru.al\/wp-content\/uploads\/2024\/09\/RREGULLORE-REKRUTIMI-FINAL-12.09.2024-PA-ANEKSE.pdf\">Rregullore p\u00ebr Rekrutimin, Vler\u00ebsimin dhe Nd\u00ebrprerjen e Marr\u00ebdh\u00ebnieve t\u00eb Pun\u00ebs n\u00eb Entin Rregullator t\u00eb Ujit.<\/a><\/li><li><a href=\"https:\/\/www.erru.al\/doc\/RREGULLORE ARKIVI FINAL.pdf\" data-wplink-url-error=\"true\">Rregullore e Arkivit &#8211; Rregullore p\u00ebr Dokumentet Zyrtare, Administrimin e Dokumentacionit, Rregullat e Arkivimit, Korrespondenca dhe Format e Komunikimit Zyrtar brenda dhe jasht\u00eb Entit Rregullator t\u00eb Ujit.<\/a><\/li><li><a href=\"https:\/\/erru.al\/an\/doc\/Rregullore%20per%20procedurat%20e%20zgjidhjes%20alternative%20te%20mosmarreveshjes.pdf\/\" data-wplink-url-error=\"true\">Rregullore p\u00ebr Procedurat e Zgjidhjes Alternative t\u00eb Mosmarr\u00ebveshjes midis Konsumatorit dhe Operatorit Uj\u00ebsjell\u00ebs Kanalizime nga Struktura Zgjidhjes Alternative t\u00eb Mosmarr\u00ebveshjes<\/a>\u00a0<\/li><li><a style=\"background-color: #ffffff; color: #29adf9; outline: 0px; outline-offset: -2px;\" href=\"https:\/\/erru.al\/an\/doc\/Vendim_539_2021_per_metodologjine_e_llogaritjes_se_tarifave.pdf\/?_gl=1*cf34fb*_ga*MTgyMjMwNDY3MS4xNjk4MDYzNzMy*_ga_N9V3BX6CQJ*MTY5ODc0MTc0NC43LjEuMTY5ODc0MTk4NC4wLjAuMA..\">Metodologjia dhe Procedura p\u00ebr Miratimin e Tarifave t\u00eb Sh\u00ebrbimeve Uj\u00ebsjell\u00ebs Kanalizime<\/a>\u00a0 \u00a0 \u00a0<\/li><li><a href=\"https:\/\/erru.al\/wp-content\/uploads\/2021\/12\/Rregullore_per_seancen_degjimore_2020.pdf\">Rregullore p\u00ebr Organizimin dhe Zhvillimin e Seanc\u00ebs D\u00ebgjimore me Publikun n\u00eb Procesin e Miratimit t\u00eb Tarifave, dat\u00eb 14.04.2020<\/a><\/li><li><a href=\"https:\/\/erru.al\/wp-content\/uploads\/2021\/12\/Rregullore_per_parandalimin_e_konfliktit_te_interesave.pdf\">Rregullore p\u00ebr Parandalimin e Konfliktit t\u00eb Interesave n\u00eb Ushtrimin e Funksioneve Publike n\u00eb ERR<\/a><\/li><li><a href=\"https:\/\/erru.al\/wp-content\/uploads\/2021\/12\/Rregullorja_per_Proceduren_e_Ankimimit_2019.pdf\">Rregullore mbi Procedur\u00ebn e Ankimit n\u00eb Komisionin Komb\u00ebtar Rregullator t\u00eb Sektorit t\u00eb Furnizimit me Uj\u00eb dhe Largimit e P\u00ebrpunimit t\u00eb Uj\u00ebrave t\u00eb Ndotura, p\u00ebr nj\u00eb t\u00eb licencuar, dat\u00eb 19.04.2019<\/a><\/li><li><a href=\"https:\/\/erru.al\/wp-content\/uploads\/2021\/12\/Rregullore_inspektimi_2017.pdf\">Rregullore e Inspektimit dhe Monitorimit t\u00eb Veprimtaris\u00eb s\u00eb Ofruesve t\u00eb Sh\u00ebrbimit n\u00eb Sektorin Uj\u00ebsjell\u00ebs Kanalizime (UK), miratuar me vendim t\u00eb KKRR Nr. 58 dat\u00eb 29.12.2017<\/a><\/li><li>Formati p\u00ebr Bilancin e Ujit<a href=\"https:\/\/erru.al\/wp-content\/uploads\/2025\/11\/Formati-per-Bilancin-e-Ujit.pdf\">, miratuar me vendimin Nr. 46, dat\u00eb 27.12.2013<\/a><\/li><li><a href=\"https:\/\/erru.al\/wp-content\/uploads\/2021\/12\/Kontrata_Model_vendim_KKRR_date_08_07_2015.pdf\">Kontrata e Sh\u00ebrbimeve Uj\u00ebsjell\u00ebs Kanalizime, miratuar me vendim t\u00eb KKRR Nr. 25, dat\u00eb 08.07.2015<\/a><\/li><li><a href=\"https:\/\/erru.al\/wp-content\/uploads\/2021\/12\/Licenca_dhe_kushtet_e_licences.pdf\">Kushtet e Licenc\u00ebs, miratuar me vendim t\u00eb KKRR Nr. 50, dat\u00eb 30.12.2013 t\u00eb KKRR<\/a><\/li><li><a href=\"https:\/\/erru.al\/doc\/WRA_Integrity_Code.pdf\">Kodi i Integritetit t\u00eb Entit Rregullator t\u00eb Ujit miratuar nga Komisioni Komb\u00ebtar Rregullator me vendim Nr. 18 dat\u00eb 04.07.2012<\/a><\/li><li><a href=\"https:\/\/erru.al\/wp-content\/uploads\/2023\/10\/Rregullorja-e-Licencimit-tetor-2023.pdf\">Rregullore e Licencimit &#8221; P\u00ebr Pro\u00e7edurat e Dh\u00ebnies dhe Rinovimit t\u00eb Licencave Profesionale p\u00ebr Subjektet Juridike e Fizike q\u00eb ushtrojn\u00eb Veprimtari n\u00eb Sektorin e Furnizimit me Uj\u00eb dhe Largimit e P\u00ebrpunimit t\u00eb Uj\u00ebrave t\u00eb Ndotura&#8221;, miratuar me vendim t\u00eb KKRR Nr. 29, dat\u00eb 08.12.2009, e ndryshuar.<\/a><\/li><\/ul>\t\t\t\t\t\t\t\t<\/div>\n\t\t\t\t<\/div>\n\t\t\t\t\t<\/div>\n\t\t<\/div>\n\t\t\t\t\t<\/div>\n\t\t<\/section>\n\t\t\t\t<\/div>","protected":false},"excerpt":{"rendered":"<p>N\u00eb baz\u00eb t\u00eb ligjit nr. 8102, dat\u00eb 28.03.1996, i ndryshuar, ERRU ka t\u00eb drejt\u00eb t\u00eb nxjerr\u00eb rregullore dhe udh\u00ebzues p\u00ebr t\u00eb ushtruar funksionet dhe kompetencat e tij. Rregulloret m\u00eb t\u00eb r\u00ebnd\u00ebsishme t\u00eb nxjerra nga ERRU jan\u00eb Rregullorja e Licensimit, Metodologjia e Vendosjes s\u00eb Tarifave dhe Kontrata Tip, Kodi i Integritetit t\u00eb cilat mund t\u00eb gjenden [&hellip;]<\/p>\n","protected":false},"author":1,"featured_media":0,"parent":0,"menu_order":0,"comment_status":"closed","ping_status":"closed","template":"","meta":{"footnotes":""},"class_list":["post-2130","page","type-page","status-publish","hentry"],"_links":{"self":[{"href":"https:\/\/erru.al\/an\/wp-json\/wp\/v2\/pages\/2130","targetHints":{"allow":["GET"]}}],"collection":[{"href":"https:\/\/erru.al\/an\/wp-json\/wp\/v2\/pages"}],"about":[{"href":"https:\/\/erru.al\/an\/wp-json\/wp\/v2\/types\/page"}],"author":[{"embeddable":true,"href":"https:\/\/erru.al\/an\/wp-json\/wp\/v2\/users\/1"}],"replies":[{"embeddable":true,"href":"https:\/\/erru.al\/an\/wp-json\/wp\/v2\/comments?post=2130"}],"version-history":[{"count":151,"href":"https:\/\/erru.al\/an\/wp-json\/wp\/v2\/pages\/2130\/revisions"}],"predecessor-version":[{"id":7583,"href":"https:\/\/erru.al\/an\/wp-json\/wp\/v2\/pages\/2130\/revisions\/7583"}],"wp:attachment":[{"href":"https:\/\/erru.al\/an\/wp-json\/wp\/v2\/media?parent=2130"}],"curies":[{"name":"wp","href":"https:\/\/api.w.org\/{rel}","templated":true}]}}