{"id":2095,"date":"2021-12-14T20:12:39","date_gmt":"2021-12-14T20:12:39","guid":{"rendered":"https:\/\/erru.al\/?page_id=2095"},"modified":"2025-10-20T09:39:16","modified_gmt":"2025-10-20T09:39:16","slug":"rezoluta-e-kuvendit","status":"publish","type":"page","link":"https:\/\/erru.al\/an\/rezoluta-e-kuvendit\/","title":{"rendered":"Rezoluta e Kuvendit"},"content":{"rendered":"<div data-elementor-type=\"wp-page\" data-elementor-id=\"2095\" class=\"elementor elementor-2095\">\n\t\t\t\t\t\t<section class=\"elementor-section elementor-top-section elementor-element elementor-element-68e7150 elementor-section-boxed elementor-section-height-default elementor-section-height-default\" data-id=\"68e7150\" data-element_type=\"section\">\n\t\t\t\t\t\t<div class=\"elementor-container elementor-column-gap-default\">\n\t\t\t\t\t<div class=\"elementor-column elementor-col-100 elementor-top-column elementor-element elementor-element-120018e ot-flex-column-vertical\" data-id=\"120018e\" data-element_type=\"column\">\n\t\t\t<div class=\"elementor-widget-wrap elementor-element-populated\">\n\t\t\t\t\t\t<div class=\"elementor-element elementor-element-f638031 elementor-widget elementor-widget-spacer\" data-id=\"f638031\" data-element_type=\"widget\" data-widget_type=\"spacer.default\">\n\t\t\t\t<div class=\"elementor-widget-container\">\n\t\t\t\t\t\t\t<div class=\"elementor-spacer\">\n\t\t\t<div class=\"elementor-spacer-inner\"><\/div>\n\t\t<\/div>\n\t\t\t\t\t\t<\/div>\n\t\t\t\t<\/div>\n\t\t\t\t\t<\/div>\n\t\t<\/div>\n\t\t\t\t\t<\/div>\n\t\t<\/section>\n\t\t\t\t<section class=\"elementor-section elementor-top-section elementor-element elementor-element-7f29e53 elementor-section-boxed elementor-section-height-default elementor-section-height-default\" data-id=\"7f29e53\" data-element_type=\"section\">\n\t\t\t\t\t\t<div class=\"elementor-container elementor-column-gap-default\">\n\t\t\t\t\t<div class=\"elementor-column elementor-col-100 elementor-top-column elementor-element elementor-element-26774f5 ot-flex-column-vertical\" data-id=\"26774f5\" data-element_type=\"column\">\n\t\t\t<div class=\"elementor-widget-wrap elementor-element-populated\">\n\t\t\t\t\t\t<div class=\"elementor-element elementor-element-8eb53da elementor-widget elementor-widget-text-editor\" data-id=\"8eb53da\" data-element_type=\"widget\" data-widget_type=\"text-editor.default\">\n\t\t\t\t<div class=\"elementor-widget-container\">\n\t\t\t\t\t\t\t\t\t<p>N\u00eb baz\u00eb t\u00eb ligjit nr. 8102, dat\u00eb 28.03.1996, \u201cP\u00ebr kuadrin rregullator t\u00eb sektorit t\u00eb furnizimit me uj\u00eb dhe t\u00eb largimit dhe p\u00ebrpunimit te uj\u00ebrave t\u00eb ndotura\u201d, i ndryshuar, Enti Rregullator i Ujit raporton \u00e7do vit n\u00eb Kuvendin e Shqip\u00ebris\u00eb mbi veprimtarin\u00eb nj\u00eb vje\u00e7are t\u00eb institucionit, si dhe gjendjen e sektorit t\u00eb furnizimit me uj\u00eb dhe kanalizime. M\u00eb posht\u00eb do t\u00eb gjeni Rezolutat e Kuvendit p\u00ebr miratimin e veprimtaris\u00eb s\u00eb Entit Rregullator t\u00eb Ujit n\u00eb vite.<\/p>\t\t\t\t\t\t\t\t<\/div>\n\t\t\t\t<\/div>\n\t\t\t\t\t<\/div>\n\t\t<\/div>\n\t\t\t\t\t<\/div>\n\t\t<\/section>\n\t\t\t\t<section class=\"elementor-section elementor-top-section elementor-element elementor-element-1cac3b6 elementor-section-boxed elementor-section-height-default elementor-section-height-default\" data-id=\"1cac3b6\" data-element_type=\"section\">\n\t\t\t\t\t\t<div class=\"elementor-container elementor-column-gap-default\">\n\t\t\t\t\t<div class=\"elementor-column elementor-col-33 elementor-top-column elementor-element elementor-element-0f6c1d3 ot-flex-column-vertical\" data-id=\"0f6c1d3\" data-element_type=\"column\">\n\t\t\t<div class=\"elementor-widget-wrap\">\n\t\t\t\t\t\t\t<\/div>\n\t\t<\/div>\n\t\t\t\t<div class=\"elementor-column elementor-col-33 elementor-top-column elementor-element elementor-element-b1514f4 ot-flex-column-vertical\" data-id=\"b1514f4\" data-element_type=\"column\">\n\t\t\t<div class=\"elementor-widget-wrap elementor-element-populated\">\n\t\t\t\t\t\t<div class=\"elementor-element elementor-element-6559973 elementor-widget elementor-widget-text-editor\" data-id=\"6559973\" data-element_type=\"widget\" data-widget_type=\"text-editor.default\">\n\t\t\t\t<div class=\"elementor-widget-container\">\n\t\t\t\t\t\t\t\t\t<ul><li><a href=\"https:\/\/erru.al\/wp-content\/uploads\/2025\/10\/Rezoluta-per-2024.pdf\">REZOLUT\u00cb P\u00cbR VLER\u00cbSIMIN E VEPRIMTARIS\u00cb S\u00cb ENTIT RREGULLATOR T\u00cb UJIT (ERRU) P\u00cbR VITIN 2024<\/a><\/li><li><a href=\"https:\/\/erru.al\/wp-content\/uploads\/2024\/06\/Rezoluta-e-Kuvendit-per-2024.pdf\">REZOLUT\u00cb P\u00cbR VLER\u00cbSIMIN E VEPRIMTARIS\u00cb S\u00cb ENTIT RREGULLATOR T\u00cb UJIT (ERRU) P\u00cbR VITIN 2023<\/a><\/li><li><a href=\"https:\/\/erru.al\/wp-content\/uploads\/2023\/05\/REZOLUTE-PER-VLERESIMIN-E-VEPRIMTARISE-SE-ENTIT-RREGULLATOR-TE-UJIT-ERRU-PER-VITIN-2022-2-5.pdf\">REZOLUT\u00cb P\u00cbR VLER\u00cbSIMIN E VEPRIMTARIS\u00cb S\u00cb ENTIT RREGULLATOR T\u00cb UJIT (ERRU) P\u00cbR VITIN 2022<\/a><\/li><li><a href=\"https:\/\/erru.al\/doc\/Rezoluta_mbi_Raportin_Vjetor_2021.pdf\" target=\"_blank\" rel=\"noopener\">RESOLUTION FOR THE EVALUATION OF THE ACTIVITY OF THE WATER REGULATORY ENTITY (ERRU) FOR THE YEAR 2021<\/a><\/li><li><a href=\"https:\/\/erru.al\/wp-content\/uploads\/2021\/12\/Rezoluta_mbi_Raportin_Vjetor_2020.pdf\" target=\"_blank\" rel=\"noopener\">RESOLUTION FOR THE EVALUATION OF THE ACTIVITY OF THE WATER REGULATORY ENTITY (ERRU) FOR THE YEAR 2020<\/a><\/li><li><a href=\"https:\/\/erru.al\/wp-content\/uploads\/2021\/12\/Rezoluta_e_ERRU-se_dt_21.3.2019.pdf\" target=\"_blank\" rel=\"noopener\">RESOLUTION FOR THE EVALUATION OF THE ACTIVITY OF THE WATER REGULATORY ENTITY (ERRU) FOR THE YEAR 2019<\/a><\/li><li><a href=\"https:\/\/erru.al\/wp-content\/uploads\/2021\/12\/Rezoluta-e-ERRU-se-dt.-19.4.2018.pdf\" target=\"_blank\" rel=\"noopener\">RESOLUTION FOR THE EVALUATION OF THE ACTIVITY OF THE WATER REGULATORY ENTITY (ERRU) FOR THE YEAR 2018<\/a><\/li><li><a href=\"https:\/\/erru.al\/wp-content\/uploads\/2021\/12\/Rezoluta-e-ERRU-se-dt-9-3-2017.pdf\" target=\"_blank\" rel=\"noopener\">RESOLUTION FOR THE EVALUATION OF THE ACTIVITY OF THE WATER REGULATORY ENTITY (ERRU) FOR THE YEAR 2017<\/a><\/li><li><a href=\"https:\/\/www.erru.al\/doc\/Rezoluta-e-ERRU-se-dt-9-3-2017.pdf\" target=\"_blank\" rel=\"noopener\">RESOLUTION FOR THE EVALUATION OF THE ACTIVITY OF THE WATER REGULATORY ENTITY (ERRU) FOR THE YEAR 2016<\/a><\/li><li><a href=\"https:\/\/www.erru.al\/doc\/Rezoluta_e_Kuvendit_per_vleresimin_e_ERRU_2015.pdf\" target=\"_blank\" rel=\"noopener\">RESOLUTION FOR THE EVALUATION OF THE ACTIVITY OF THE WATER REGULATORY ENTITY (ERRU) FOR THE YEAR 2015<\/a><\/li><li><a href=\"https:\/\/www.erru.al\/doc\/Rezoluta_e_Kuvendit_per_vleresimin_e_ERRU_2014.pdf\" target=\"_blank\" rel=\"noopener\">RESOLUTION FOR THE EVALUATION OF THE ACTIVITY OF THE WATER REGULATORY ENTITY (ERRU) FOR THE YEAR 2014<\/a><\/li><li><a href=\"https:\/\/www.erru.al\/doc\/Rezoluta_e_Kuvendit_per_vleresimin_e_ERRU_2013.pdf\" target=\"_blank\" rel=\"noopener\">RESOLUTION FOR THE EVALUATION OF THE ACTIVITY OF THE WATER REGULATORY ENTITY (ERRU) FOR THE YEAR 2013<\/a><\/li><\/ul>\t\t\t\t\t\t\t\t<\/div>\n\t\t\t\t<\/div>\n\t\t\t\t\t<\/div>\n\t\t<\/div>\n\t\t\t\t<div class=\"elementor-column elementor-col-33 elementor-top-column elementor-element elementor-element-4eea85e ot-flex-column-vertical\" data-id=\"4eea85e\" data-element_type=\"column\">\n\t\t\t<div class=\"elementor-widget-wrap\">\n\t\t\t\t\t\t\t<\/div>\n\t\t<\/div>\n\t\t\t\t\t<\/div>\n\t\t<\/section>\n\t\t\t\t<\/div>","protected":false},"excerpt":{"rendered":"<p>N\u00eb baz\u00eb t\u00eb ligjit nr. 8102, dat\u00eb 28.03.1996, \u201cP\u00ebr kuadrin rregullator t\u00eb sektorit t\u00eb furnizimit me uj\u00eb dhe t\u00eb largimit dhe p\u00ebrpunimit te uj\u00ebrave t\u00eb ndotura\u201d, i ndryshuar, Enti Rregullator i Ujit raporton \u00e7do vit n\u00eb Kuvendin e Shqip\u00ebris\u00eb mbi veprimtarin\u00eb nj\u00eb vje\u00e7are t\u00eb institucionit, si dhe gjendjen e sektorit t\u00eb furnizimit me uj\u00eb dhe [&hellip;]<\/p>\n","protected":false},"author":1,"featured_media":0,"parent":0,"menu_order":0,"comment_status":"closed","ping_status":"closed","template":"","meta":{"footnotes":""},"class_list":["post-2095","page","type-page","status-publish","hentry"],"_links":{"self":[{"href":"https:\/\/erru.al\/an\/wp-json\/wp\/v2\/pages\/2095","targetHints":{"allow":["GET"]}}],"collection":[{"href":"https:\/\/erru.al\/an\/wp-json\/wp\/v2\/pages"}],"about":[{"href":"https:\/\/erru.al\/an\/wp-json\/wp\/v2\/types\/page"}],"author":[{"embeddable":true,"href":"https:\/\/erru.al\/an\/wp-json\/wp\/v2\/users\/1"}],"replies":[{"embeddable":true,"href":"https:\/\/erru.al\/an\/wp-json\/wp\/v2\/comments?post=2095"}],"version-history":[{"count":37,"href":"https:\/\/erru.al\/an\/wp-json\/wp\/v2\/pages\/2095\/revisions"}],"predecessor-version":[{"id":7467,"href":"https:\/\/erru.al\/an\/wp-json\/wp\/v2\/pages\/2095\/revisions\/7467"}],"wp:attachment":[{"href":"https:\/\/erru.al\/an\/wp-json\/wp\/v2\/media?parent=2095"}],"curies":[{"name":"wp","href":"https:\/\/api.w.org\/{rel}","templated":true}]}}