{"id":2054,"date":"2021-12-14T20:04:21","date_gmt":"2021-12-14T20:04:21","guid":{"rendered":"https:\/\/erru.al\/?page_id=2054"},"modified":"2025-03-04T09:06:20","modified_gmt":"2025-03-04T09:06:20","slug":"vkm","status":"publish","type":"page","link":"https:\/\/erru.al\/an\/vkm\/","title":{"rendered":"CMC"},"content":{"rendered":"<div data-elementor-type=\"wp-page\" data-elementor-id=\"2054\" class=\"elementor elementor-2054\">\n\t\t\t\t\t\t<section class=\"elementor-section elementor-top-section elementor-element elementor-element-0127866 elementor-section-boxed elementor-section-height-default elementor-section-height-default\" data-id=\"0127866\" data-element_type=\"section\">\n\t\t\t\t\t\t<div class=\"elementor-container elementor-column-gap-default\">\n\t\t\t\t\t<div class=\"elementor-column elementor-col-100 elementor-top-column elementor-element elementor-element-dad9162 ot-flex-column-vertical\" data-id=\"dad9162\" data-element_type=\"column\">\n\t\t\t<div class=\"elementor-widget-wrap elementor-element-populated\">\n\t\t\t\t\t\t<div class=\"elementor-element elementor-element-f069f85 elementor-widget elementor-widget-text-editor\" data-id=\"f069f85\" data-element_type=\"widget\" data-widget_type=\"text-editor.default\">\n\t\t\t\t<div class=\"elementor-widget-container\">\n\t\t\t\t\t\t\t\t\t<p><strong>Vendimet e K\u00ebshillit t\u00eb Ministrave jan\u00eb aktet n\u00ebnligjore q\u00eb plot\u00ebsojn\u00eb kuadrin ligjor t\u00eb sektorit uj\u00ebsjell\u00ebs kanalizime n\u00eb Shqip\u00ebri . M\u00eb posht\u00eb mund t\u00eb gjeni ligjet p\u00ebrkat\u00ebse: <\/strong><\/p>\t\t\t\t\t\t\t\t<\/div>\n\t\t\t\t<\/div>\n\t\t\t\t\t<\/div>\n\t\t<\/div>\n\t\t\t\t\t<\/div>\n\t\t<\/section>\n\t\t\t\t<section class=\"elementor-section elementor-top-section elementor-element elementor-element-19f0940 elementor-section-boxed elementor-section-height-default elementor-section-height-default\" data-id=\"19f0940\" data-element_type=\"section\">\n\t\t\t\t\t\t<div class=\"elementor-container elementor-column-gap-default\">\n\t\t\t\t\t<div class=\"elementor-column elementor-col-100 elementor-top-column elementor-element elementor-element-0d372d3 ot-flex-column-vertical\" data-id=\"0d372d3\" data-element_type=\"column\">\n\t\t\t<div class=\"elementor-widget-wrap elementor-element-populated\">\n\t\t\t\t\t\t<div class=\"elementor-element elementor-element-46e60e1 elementor-widget elementor-widget-text-editor\" data-id=\"46e60e1\" data-element_type=\"widget\" data-widget_type=\"text-editor.default\">\n\t\t\t\t<div class=\"elementor-widget-container\">\n\t\t\t\t\t\t\t\t\t<ul><li><a href=\"https:\/\/erru.al\/wp-content\/uploads\/2021\/12\/Kodi_i_Furnizimit_me_Uje_dhe_Kanalizimeve.pdf\" target=\"_blank\" rel=\"noopener\">Kodi i Furnizimit me Uj\u00eb dhe Kanalizimeve<\/a><\/li><li><a href=\"https:\/\/erru.al\/doc\/DCoM_958,_6_5_2009_On_Licenses.pdf\" target=\"_blank\" rel=\"noopener\">VKM no. 958, dated 06.05.2009 \"On the Approval of Categories of Licenses and Procedures for the Application for Licenses of Individuals and Legal Entities, Who Exercise Activity in Water Supply and Wastewater Treatment Removal Systems\"<\/a><\/li><li><a href=\"https:\/\/erru.al\/an\/doc\/Strategjia%20Komb%C3%ABtare%20e%20Sektorit%20p%C3%ABr%20Furnizimin%20me%20Uj%C3%AB%20t%C3%AB%20Pijsh%C3%ABm.pdf\/\">VKM nr 448,dat\u00eb 26.07.2023 &#8220;P\u00ebr miratimin e Strategjis\u00eb Komb\u00ebtare e Sektorit p\u00ebr Furnizimin me Uj\u00eb t\u00eb Pijsh\u00ebm, Largimin, Grumbullimin e Trajtimit t\u00eb Uj\u00ebrave t\u00eb Ndotura Urbane 2023\u20132030&#8221;<\/a><\/li><li><a title=\"\" href=\"https:\/\/erru.al\/wp-content\/uploads\/2021\/12\/VKM_63.pdf\" target=\"_blank\" rel=\"noopener\">VKM nr. 63, dat\u00eb 27.01.2016, &#8220;P\u00ebr Riorganizimin e Operator\u00ebve q\u00eb ofrojn\u00eb Sh\u00ebrbimin UK<\/a><\/li><li><a title=\"\" href=\"https:\/\/erru.al\/wp-content\/uploads\/2021\/12\/Strategjia_Kombetare_e_Menaxhimit_te_Burimeve_Ujore.pdf\" target=\"_blank\" rel=\"noopener\">VKM nr. 73, dat\u00eb 7.2.2018 &#8220;P\u00ebr Miratimin e Strategjis\u00eb Komb\u00ebtare t\u00eb Menaxhimit t\u00eb Integruar t\u00eb Burimeve Ujore, 2018 &#8211; 2027&#8221;<\/a><\/li><li><a href=\"https:\/\/erru.al\/wp-content\/uploads\/2023\/04\/FZ-2022-70-38-40.pdf\">VKM nr. 302, dat\u00eb 11.5.2022 &#8220;P\u00ebr Politikat Komb\u00ebtare p\u00ebr Riorganizimin e Sektorit t\u00eb Furnizimit me Uj\u00eb dhe t\u00eb Largimit, Trajtimit dhe P\u00ebrpunimit t\u00eb Uj\u00ebrave t\u00eb Ndotura&#8221;<\/a><\/li><li><a href=\"https:\/\/erru.al\/wp-content\/uploads\/2025\/01\/Strategjia-per-mbrojtjen-e-konsumatorit.pdf\">Vendim nr. 326, dat\u00eb 29.5.2024 \u201cP\u00ebr Miratimin e Strategjis\u00eb Nd\u00ebrsektoriale p\u00ebr Mbrojtjen \u00a0e Konsumator\u00ebve dhe Mbik\u00ebqyrjen e Tregut 2024\u20132030\u201d<\/a><\/li><\/ul>\t\t\t\t\t\t\t\t<\/div>\n\t\t\t\t<\/div>\n\t\t\t\t\t<\/div>\n\t\t<\/div>\n\t\t\t\t\t<\/div>\n\t\t<\/section>\n\t\t\t\t<section class=\"elementor-section elementor-top-section elementor-element elementor-element-38506c0 elementor-section-boxed elementor-section-height-default elementor-section-height-default\" data-id=\"38506c0\" data-element_type=\"section\">\n\t\t\t\t\t\t<div class=\"elementor-container elementor-column-gap-default\">\n\t\t\t\t\t<div class=\"elementor-column elementor-col-100 elementor-top-column elementor-element elementor-element-a01296f ot-flex-column-vertical\" data-id=\"a01296f\" data-element_type=\"column\">\n\t\t\t<div class=\"elementor-widget-wrap\">\n\t\t\t\t\t\t\t<\/div>\n\t\t<\/div>\n\t\t\t\t\t<\/div>\n\t\t<\/section>\n\t\t\t\t<\/div>","protected":false},"excerpt":{"rendered":"<p>Vendimet e K\u00ebshillit t\u00eb Ministrave jan\u00eb aktet n\u00ebnligjore q\u00eb plot\u00ebsojn\u00eb kuadrin ligjor t\u00eb sektorit uj\u00ebsjell\u00ebs kanalizime n\u00eb Shqip\u00ebri . M\u00eb posht\u00eb mund t\u00eb gjeni ligjet p\u00ebrkat\u00ebse: Kodi i Furnizimit me Uj\u00eb dhe Kanalizimeve VKM nr. 958, dat\u00eb 06.05.2009 &#8220;P\u00ebr Miratimin e Kategorive t\u00eb Licencave dhe t\u00eb Pro\u00e7edurave t\u00eb Aplikimit p\u00ebr Licenc\u00eb t\u00eb Personave Fizik\u00eb dhe [&hellip;]<\/p>\n","protected":false},"author":1,"featured_media":0,"parent":0,"menu_order":0,"comment_status":"closed","ping_status":"closed","template":"","meta":{"footnotes":""},"class_list":["post-2054","page","type-page","status-publish","hentry"],"_links":{"self":[{"href":"https:\/\/erru.al\/an\/wp-json\/wp\/v2\/pages\/2054","targetHints":{"allow":["GET"]}}],"collection":[{"href":"https:\/\/erru.al\/an\/wp-json\/wp\/v2\/pages"}],"about":[{"href":"https:\/\/erru.al\/an\/wp-json\/wp\/v2\/types\/page"}],"author":[{"embeddable":true,"href":"https:\/\/erru.al\/an\/wp-json\/wp\/v2\/users\/1"}],"replies":[{"embeddable":true,"href":"https:\/\/erru.al\/an\/wp-json\/wp\/v2\/comments?post=2054"}],"version-history":[{"count":133,"href":"https:\/\/erru.al\/an\/wp-json\/wp\/v2\/pages\/2054\/revisions"}],"predecessor-version":[{"id":6977,"href":"https:\/\/erru.al\/an\/wp-json\/wp\/v2\/pages\/2054\/revisions\/6977"}],"wp:attachment":[{"href":"https:\/\/erru.al\/an\/wp-json\/wp\/v2\/media?parent=2054"}],"curies":[{"name":"wp","href":"https:\/\/api.w.org\/{rel}","templated":true}]}}