{"id":1993,"date":"2021-12-14T19:51:02","date_gmt":"2021-12-14T19:51:02","guid":{"rendered":"https:\/\/erru.al\/?page_id=1993"},"modified":"2025-03-04T09:03:59","modified_gmt":"2025-03-04T09:03:59","slug":"ligje","status":"publish","type":"page","link":"https:\/\/erru.al\/an\/ligje\/","title":{"rendered":"Laws"},"content":{"rendered":"<div data-elementor-type=\"wp-page\" data-elementor-id=\"1993\" class=\"elementor elementor-1993\">\n\t\t\t\t\t\t<section class=\"elementor-section elementor-top-section elementor-element elementor-element-3ed091c elementor-section-boxed elementor-section-height-default elementor-section-height-default\" data-id=\"3ed091c\" data-element_type=\"section\">\n\t\t\t\t\t\t<div class=\"elementor-container elementor-column-gap-default\">\n\t\t\t\t\t<div class=\"elementor-column elementor-col-100 elementor-top-column elementor-element elementor-element-d58433e ot-flex-column-vertical\" data-id=\"d58433e\" data-element_type=\"column\">\n\t\t\t<div class=\"elementor-widget-wrap\">\n\t\t\t\t\t\t\t<\/div>\n\t\t<\/div>\n\t\t\t\t\t<\/div>\n\t\t<\/section>\n\t\t\t\t<section class=\"elementor-section elementor-top-section elementor-element elementor-element-1afe038 elementor-section-boxed elementor-section-height-default elementor-section-height-default\" data-id=\"1afe038\" data-element_type=\"section\">\n\t\t\t\t\t\t<div class=\"elementor-container elementor-column-gap-default\">\n\t\t\t\t\t<div class=\"elementor-column elementor-col-100 elementor-top-column elementor-element elementor-element-5c525ee ot-flex-column-vertical\" data-id=\"5c525ee\" data-element_type=\"column\">\n\t\t\t<div class=\"elementor-widget-wrap elementor-element-populated\">\n\t\t\t\t\t\t<div class=\"elementor-element elementor-element-ce61e31 elementor-widget elementor-widget-text-editor\" data-id=\"ce61e31\" data-element_type=\"widget\" data-widget_type=\"text-editor.default\">\n\t\t\t\t<div class=\"elementor-widget-container\">\n\t\t\t\t\t\t\t\t\t<p>The Water Regulatory Body was created and operates based on law no. 8102, dated 28.03.1996, amended. The powers, procedures and standards under which ERRU operates derive from this law:<\/p><ul><li><a href=\"https:\/\/erru.al\/doc\/Law_8102_with__amendements.pdf\" target=\"_blank\" rel=\"noopener\">Law no. 8102, dated 28.03.1996, \"On the Regulatory Framework of the Water Supply and Wastewater Removal and Treatment Sector\", amended<\/a><\/li><\/ul>\t\t\t\t\t\t\t\t<\/div>\n\t\t\t\t<\/div>\n\t\t\t\t\t<\/div>\n\t\t<\/div>\n\t\t\t\t\t<\/div>\n\t\t<\/section>\n\t\t\t\t<section class=\"elementor-section elementor-top-section elementor-element elementor-element-9c3969d elementor-section-boxed elementor-section-height-default elementor-section-height-default\" data-id=\"9c3969d\" data-element_type=\"section\">\n\t\t\t\t\t\t<div class=\"elementor-container elementor-column-gap-default\">\n\t\t\t\t\t<div class=\"elementor-column elementor-col-100 elementor-top-column elementor-element elementor-element-536d2ff ot-flex-column-vertical\" data-id=\"536d2ff\" data-element_type=\"column\">\n\t\t\t<div class=\"elementor-widget-wrap elementor-element-populated\">\n\t\t\t\t\t\t<div class=\"elementor-element elementor-element-cdb49c0 elementor-widget elementor-widget-text-editor\" data-id=\"cdb49c0\" data-element_type=\"widget\" data-widget_type=\"text-editor.default\">\n\t\t\t\t<div class=\"elementor-widget-container\">\n\t\t\t\t\t\t\t\t\t<p>A number of other laws of the Republic of Albania have an impact on the exercise of ERRU's functions, such as the Law on Consumer Protection, the Law on the Functioning of Collegial Bodies of State Administration and Public Entities, etc. These can be found at the following links:<\/p>\t\t\t\t\t\t\t\t<\/div>\n\t\t\t\t<\/div>\n\t\t\t\t\t<\/div>\n\t\t<\/div>\n\t\t\t\t\t<\/div>\n\t\t<\/section>\n\t\t\t\t<section class=\"elementor-section elementor-top-section elementor-element elementor-element-29c67e3 elementor-section-boxed elementor-section-height-default elementor-section-height-default\" data-id=\"29c67e3\" data-element_type=\"section\">\n\t\t\t\t\t\t<div class=\"elementor-container elementor-column-gap-default\">\n\t\t\t\t\t<div class=\"elementor-column elementor-col-100 elementor-top-column elementor-element elementor-element-a421d4a ot-flex-column-vertical\" data-id=\"a421d4a\" data-element_type=\"column\">\n\t\t\t<div class=\"elementor-widget-wrap elementor-element-populated\">\n\t\t\t\t\t\t<div class=\"elementor-element elementor-element-3849d56 elementor-widget elementor-widget-text-editor\" data-id=\"3849d56\" data-element_type=\"widget\" data-widget_type=\"text-editor.default\">\n\t\t\t\t<div class=\"elementor-widget-container\">\n\t\t\t\t\t\t\t\t\t<ul><li><a style=\"color: #29adf9; outline: 0px;\" href=\"https:\/\/erru.al\/wp-content\/uploads\/2021\/12\/ligji_per_funksionimin_e_enteve_publike.pdf\" target=\"_blank\" rel=\"noopener\">Law no. 8480, dated 27.05.1999 \"On the Functioning of Collegial Bodies of State Administration and Public Entities\"<\/a><\/li><li><a href=\"https:\/\/erru.al\/doc\/Code_of_Ethics_Law_9131.pdf\" target=\"_blank\" rel=\"noopener\">Ligji nr. 9131 &#8220;P\u00ebr Rregullat e Etik\u00ebs n\u00eb Administrat\u00ebn Publike&#8221;<\/a><\/li><li><a href=\"https:\/\/erru.al\/wp-content\/uploads\/2023\/10\/Ligj-nr.-9584-date-17.07.2006-Per-pagat-shperblimet-dhe-strukturat-e-instiucioneve-te-pavarura-i-ndryshuar.pdf\" target=\"_blank\" rel=\"noopener\">Ligji nr. 9584 &#8220;P\u00ebr Pagat, Shp\u00ebrblimet dhe Strukturat e Institucioneve t\u00eb Pavaruara dhe Institucioneve t\u00eb tjera Kushtetuese&#8221;, i ndryshuar<\/a><\/li><li><a href=\"https:\/\/erru.al\/doc\/Consumer_Protection_Law_No.9902,_17.04.2008_English_version.pdf\" target=\"_blank\" rel=\"noopener\">Ligji nr. 9902 &#8220;P\u00ebr Mbrojtjen e Konsumator\u00ebve&#8221;, i ndryshuar<\/a><\/li><li><a href=\"https:\/\/erru.al\/wp-content\/uploads\/2024\/07\/Ligji-nr.-29_2024-Per-burimet-ujore.pdf\">Ligji nr. 29\/2024 &#8220;P\u00ebr Burimet Ujore&#8221;<\/a><\/li><li><a href=\"https:\/\/erru.al\/wp-content\/uploads\/2024\/01\/Ligj-nr.-119_2014-Per-te-drejten-e-informimit-i-ndryshuar.pdf\" target=\"_blank\" rel=\"noopener\">Ligji nr. 119\/2014 &#8220;P\u00ebr t\u00eb Drejt\u00ebn e Informimit&#8221;<\/a><\/li><li><a href=\"https:\/\/erru.al\/wp-content\/uploads\/2021\/12\/Kodi_i_Procedurave_Administrative_2015.pdf\">Law no. 44\/2015 \"Code of Administrative Procedures of the Republic of Albania\"<\/a><\/li><li><a href=\"https:\/\/erru.al\/wp-content\/uploads\/2024\/01\/Ligj_139-2015-Per-vetqeverisjen-vendore-i-ndryshuar.pdf\" target=\"_blank\" rel=\"noopener\">Law no. 139\/2015 \"On Local Self-Government\"<\/a><\/li><li><a href=\"https:\/\/erru.al\/wp-content\/uploads\/2023\/10\/Ligj-nr.-120_2016-Per-zhvillimin-e-rrjeteve-te-komunikimeve-elektronike-te-shpejtesise-se-larte-dhe-te-drejtes-se-kalimit.pdf\">Ligj nr. 120\/2016, &#8220;P\u00ebr Zhvillimin e Rrjeteve t\u00eb Komunikimeve Elektronike t\u00eb Shpejt\u00ebsis\u00eb s\u00eb Lart\u00eb dhe t\u00eb Drejt\u00ebs s\u00eb Kalimit&#8221;<\/a><\/li><li><a href=\"https:\/\/erru.al\/wp-content\/uploads\/2021\/12\/Ligji_Nr_126_2020_date_15.10.2020_Per_metrologjine.pdf\" target=\"_blank\" rel=\"noopener\">Ligji nr. 126\/2020 &#8220;P\u00ebr Metrologjin\u00eb&#8221;<\/a><\/li><\/ul>\t\t\t\t\t\t\t\t<\/div>\n\t\t\t\t<\/div>\n\t\t\t\t\t<\/div>\n\t\t<\/div>\n\t\t\t\t\t<\/div>\n\t\t<\/section>\n\t\t\t\t<\/div>","protected":false},"excerpt":{"rendered":"<p>Enti Rregullator i Ujit \u00ebsht\u00eb krijuar dhe funksionon n\u00eb baz\u00eb t\u00eb ligjit nr. 8102, dat\u00eb 28.03.1996, i ndryshuar. Kompetencat, pro\u00e7edurat dhe standartet n\u00ebn t\u00eb cilat ERRU operon burojn\u00eb nga ky ligj: Ligji nr. 8102, dat\u00eb 28.03.1996, &#8220;P\u00ebr Kuadrin Rregullator t\u00eb Sektorit t\u00eb Furnizimit me Uj\u00eb dhe t\u00eb Largimit dhe P\u00ebrpunimit t\u00eb Uj\u00ebrave t\u00eb Ndotura&#8221;, i [&hellip;]<\/p>\n","protected":false},"author":1,"featured_media":0,"parent":0,"menu_order":0,"comment_status":"closed","ping_status":"closed","template":"","meta":{"footnotes":""},"class_list":["post-1993","page","type-page","status-publish","hentry"],"_links":{"self":[{"href":"https:\/\/erru.al\/an\/wp-json\/wp\/v2\/pages\/1993","targetHints":{"allow":["GET"]}}],"collection":[{"href":"https:\/\/erru.al\/an\/wp-json\/wp\/v2\/pages"}],"about":[{"href":"https:\/\/erru.al\/an\/wp-json\/wp\/v2\/types\/page"}],"author":[{"embeddable":true,"href":"https:\/\/erru.al\/an\/wp-json\/wp\/v2\/users\/1"}],"replies":[{"embeddable":true,"href":"https:\/\/erru.al\/an\/wp-json\/wp\/v2\/comments?post=1993"}],"version-history":[{"count":67,"href":"https:\/\/erru.al\/an\/wp-json\/wp\/v2\/pages\/1993\/revisions"}],"predecessor-version":[{"id":6971,"href":"https:\/\/erru.al\/an\/wp-json\/wp\/v2\/pages\/1993\/revisions\/6971"}],"wp:attachment":[{"href":"https:\/\/erru.al\/an\/wp-json\/wp\/v2\/media?parent=1993"}],"curies":[{"name":"wp","href":"https:\/\/api.w.org\/{rel}","templated":true}]}}