{"id":1957,"date":"2021-12-14T19:41:10","date_gmt":"2021-12-14T19:41:10","guid":{"rendered":"https:\/\/erru.al\/?page_id=1957"},"modified":"2021-12-14T19:49:29","modified_gmt":"2021-12-14T19:49:29","slug":"koordinatori","status":"publish","type":"page","link":"https:\/\/erru.al\/an\/koordinatori\/","title":{"rendered":"Coordinator"},"content":{"rendered":"<div data-elementor-type=\"wp-page\" data-elementor-id=\"1957\" class=\"elementor elementor-1957\">\n\t\t\t\t\t\t<section class=\"elementor-section elementor-top-section elementor-element elementor-element-cb04db3 elementor-section-boxed elementor-section-height-default elementor-section-height-default\" data-id=\"cb04db3\" data-element_type=\"section\">\n\t\t\t\t\t\t<div class=\"elementor-container elementor-column-gap-default\">\n\t\t\t\t\t<div class=\"elementor-column elementor-col-100 elementor-top-column elementor-element elementor-element-0960c95 ot-flex-column-vertical\" data-id=\"0960c95\" data-element_type=\"column\">\n\t\t\t<div class=\"elementor-widget-wrap elementor-element-populated\">\n\t\t\t\t\t\t<div class=\"elementor-element elementor-element-759b9f6 elementor-widget elementor-widget-text-editor\" data-id=\"759b9f6\" data-element_type=\"widget\" data-widget_type=\"text-editor.default\">\n\t\t\t\t<div class=\"elementor-widget-container\">\n\t\t\t\t\t\t\t\t\t<h5>Coordinator for the right to information:<\/h5>\t\t\t\t\t\t\t\t<\/div>\n\t\t\t\t<\/div>\n\t\t\t\t\t<\/div>\n\t\t<\/div>\n\t\t\t\t\t<\/div>\n\t\t<\/section>\n\t\t\t\t<section class=\"elementor-section elementor-top-section elementor-element elementor-element-7911ac3 elementor-section-boxed elementor-section-height-default elementor-section-height-default\" data-id=\"7911ac3\" data-element_type=\"section\">\n\t\t\t\t\t\t<div class=\"elementor-container elementor-column-gap-default\">\n\t\t\t\t\t<div class=\"elementor-column elementor-col-33 elementor-top-column elementor-element elementor-element-e094bde ot-flex-column-vertical\" data-id=\"e094bde\" data-element_type=\"column\">\n\t\t\t<div class=\"elementor-widget-wrap elementor-element-populated\">\n\t\t\t\t\t\t<div class=\"elementor-element elementor-element-9ba60bc elementor-widget elementor-widget-text-editor\" data-id=\"9ba60bc\" data-element_type=\"widget\" data-widget_type=\"text-editor.default\">\n\t\t\t\t<div class=\"elementor-widget-container\">\n\t\t\t\t\t\t\t\t\t<p><strong>Malvina Zaja<\/strong><\/p><p>Email: <a href=\"mailto:malvina.zaja@erru.al\">malvina.zaja@erru.al<\/a><br \/>Email: <a href=\"mailto:public@erru.al\">public@erru.al<\/a><br \/>Phone: <a href=\"tel:042258046\">04 22 58 046<\/a><\/p>\t\t\t\t\t\t\t\t<\/div>\n\t\t\t\t<\/div>\n\t\t\t\t\t<\/div>\n\t\t<\/div>\n\t\t\t\t<div class=\"elementor-column elementor-col-33 elementor-top-column elementor-element elementor-element-3ffb114 ot-flex-column-vertical\" data-id=\"3ffb114\" data-element_type=\"column\">\n\t\t\t<div class=\"elementor-widget-wrap elementor-element-populated\">\n\t\t\t\t\t\t<div class=\"elementor-element elementor-element-2ad39d8 elementor-widget elementor-widget-text-editor\" data-id=\"2ad39d8\" data-element_type=\"widget\" data-widget_type=\"text-editor.default\">\n\t\t\t\t<div class=\"elementor-widget-container\">\n\t\t\t\t\t\t\t\t\t<p>Adresa: Rr: \u201cViktor Eftimiu\u201d<br \/>Nd. 1<br \/>Administrative Unit No. 5, 1022<br \/>TIRAN\u00cb<\/p>\t\t\t\t\t\t\t\t<\/div>\n\t\t\t\t<\/div>\n\t\t\t\t\t<\/div>\n\t\t<\/div>\n\t\t\t\t<div class=\"elementor-column elementor-col-33 elementor-top-column elementor-element elementor-element-6955a96 ot-flex-column-vertical\" data-id=\"6955a96\" data-element_type=\"column\">\n\t\t\t<div class=\"elementor-widget-wrap elementor-element-populated\">\n\t\t\t\t\t\t<div class=\"elementor-element elementor-element-8679224 elementor-widget elementor-widget-text-editor\" data-id=\"8679224\" data-element_type=\"widget\" data-widget_type=\"text-editor.default\">\n\t\t\t\t<div class=\"elementor-widget-container\">\n\t\t\t\t\t\t\t\t\t<p>Orari: E H\u00ebn\u00eb \u2013 E Enjte 08:00 \u2013 16:30<br \/>\u00a0 \u00a0 \u00a0 \u00a0 \u00a0 \u00a0E Premte 08:00 \u2013 14:00<\/p>\t\t\t\t\t\t\t\t<\/div>\n\t\t\t\t<\/div>\n\t\t\t\t\t<\/div>\n\t\t<\/div>\n\t\t\t\t\t<\/div>\n\t\t<\/section>\n\t\t\t\t<\/div>","protected":false},"excerpt":{"rendered":"<p>Koordinatori p\u00ebr t\u00eb drejt\u00ebn e informimit: Malvina Zaja Email: malvina.zaja@erru.alEmail: public@erru.alTel: 04 22 58 046 Adresa: Rr: \u201cViktor Eftimiu\u201dNd. 1Nj\u00ebsia Administrative Nr.5, 1022TIRAN\u00cb Orari: E H\u00ebn\u00eb \u2013 E Enjte 08:00 \u2013 16:30\u00a0 \u00a0 \u00a0 \u00a0 \u00a0 \u00a0E Premte 08:00 \u2013 14:00<\/p>","protected":false},"author":1,"featured_media":0,"parent":0,"menu_order":0,"comment_status":"closed","ping_status":"closed","template":"","meta":{"footnotes":""},"class_list":["post-1957","page","type-page","status-publish","hentry"],"_links":{"self":[{"href":"https:\/\/erru.al\/an\/wp-json\/wp\/v2\/pages\/1957","targetHints":{"allow":["GET"]}}],"collection":[{"href":"https:\/\/erru.al\/an\/wp-json\/wp\/v2\/pages"}],"about":[{"href":"https:\/\/erru.al\/an\/wp-json\/wp\/v2\/types\/page"}],"author":[{"embeddable":true,"href":"https:\/\/erru.al\/an\/wp-json\/wp\/v2\/users\/1"}],"replies":[{"embeddable":true,"href":"https:\/\/erru.al\/an\/wp-json\/wp\/v2\/comments?post=1957"}],"version-history":[{"count":19,"href":"https:\/\/erru.al\/an\/wp-json\/wp\/v2\/pages\/1957\/revisions"}],"predecessor-version":[{"id":1987,"href":"https:\/\/erru.al\/an\/wp-json\/wp\/v2\/pages\/1957\/revisions\/1987"}],"wp:attachment":[{"href":"https:\/\/erru.al\/an\/wp-json\/wp\/v2\/media?parent=1957"}],"curies":[{"name":"wp","href":"https:\/\/api.w.org\/{rel}","templated":true}]}}